{"id":75878,"date":"2022-05-15T10:40:07","date_gmt":"2022-05-15T08:40:07","guid":{"rendered":"https:\/\/www.comprarmejor.es\/?post_type=product&#038;p=75878"},"modified":"2022-05-15T10:50:20","modified_gmt":"2022-05-15T08:50:20","slug":"history-of-new-spain-hernan-cortes-circle-of-the-bibliophile-1981","status":"publish","type":"product","link":"https:\/\/www.comprarmejor.es\/en\/product\/history-of-new-spain-hernan-cortes-circle-of-the-bibliophile-1981\/","title":{"rendered":"History of New Spain. Hernan Cortes. Circle of the Bibliophile, 1981"},"content":{"rendered":"<p style=\"text-align: justify;\">Facsimile edition of the History of New Spain, the Conquest of Mexico, by Hern\u00e1n Cort\u00e9s (1485-1547), according to the Mexican edition in the printing house of the Superior Government, year 1770, preserved in the Library of the National Library of Spain. Editor of the Friends of the Bibliophile Circle, 1981.<\/p>\n<p style=\"text-align: justify;\">This volume contains the facsimile edition of the History of New Spain, written by its enlightened conqueror Hern\u00e1n Cort\u00e9s, augmented with other documents and notes by the Illustrious Lord Don Francisco Antonio Lorenzana, Archbishop of Mexico; as well as his Testament and his Last Will, with a preliminary study by Francisco Luis Cardona. Reproduces the second, third and fourth &#8220;Letters of relationship&#8221; of Cort\u00e9s, along with other documents of great interest. As the first one is known, if it was printed, it has been totally lost.<\/p>\n<p style=\"text-align: justify;\">Manufacturing references:<br \/>\nFormat: in-quarto (21 x 27 cm).<br \/>\nIllustrations: 31 plates, a frontispiece and 3 maps folded in triptych.<br \/>\nCover pages: two colors.<br \/>\nPages: 594 pages with illustrations and fold-out maps out of pagination.<br \/>\nPaper: 90-gram laid paper watermarked with the Bibliophile&#8217;s Circle mark, made &#8220;in a round shape&#8221; according to ancient methods.<br \/>\nBinding: genuine full lamb leather without sawing, without additions or cuts, green color.<br \/>\nStamping: covers and spines sumptuously decorated in 22-carat fine gold with the bust of Hern\u00e1n Cort\u00e9s in the center. Top cut in fine gold.<br \/>\nguide tape<\/p>\n<p style=\"text-align: justify;\">Beautiful edition in high bibliophile numbered and limited to 1,499 copies. Volume in perfect condition, new, unused.<\/p>\n<p style=\"text-align: justify;\">The publishing project that from 1975 to 1983, under the publishing labels Libros Raros y Antiguos (with 18 titles), C\u00edrculo de Amigos de la Historia (with 27 collections and 918 titles) and Editora de los Amigos del C\u00edrculo del Bibliofilo (with 157 titles ), represented the most interesting achievement ever made in Bibliophilia. Books with own editions and facsimiles of great quality with bindings that embellish and distinguish any library at very affordable prices.<\/p>\n<p style=\"text-align: justify;\"><span id=\"result_box\" lang=\"en\" xml:lang=\"en\"><span title=\"Gastos de env\u00edo por cuenta del comprador, seg\u00fan pedido y destino.\"><span class=\"VIiyi\" lang=\"en\"><span class=\"JLqJ4b\" data-language-for-alternatives=\"en\" data-language-to-translate-into=\"es\" data-phrase-index=\"0\" data-number-of-phrases=\"1\"><span class=\"Q4iAWc\">Shipping costs paid by the buyer, according to order and destination<\/span><\/span><\/span>. <\/span><span title=\"Cons\u00faltenos cualquier duda, as\u00ed como por cualquier otro Beato o facs\u00edmile que est\u00e9 buscando.\"><a class=\"btn btn-default\" href=\"https:\/\/www.comprarmejor.es\/en\/contact\">Ask us<\/a> <span class=\"VIiyi\" lang=\"en\"><span class=\"JLqJ4b\" data-language-for-alternatives=\"en\" data-language-to-translate-into=\"es\" data-phrase-index=\"0\" data-number-of-phrases=\"1\"><span class=\"Q4iAWc\">any questions you may have, indicating the article reference.<\/span><\/span><\/span><br \/>\n<\/span><\/span><\/p>\n","protected":false},"excerpt":{"rendered":"<p style=\"text-align: justify;\"><span id=\"result_box\" lang=\"en\" xml:lang=\"en\"><span title=\"Original conservado en la Biblioteca del Colegio de Santa Cruz de la Universidad de Valladolid.\"><span class=\"VIiyi\" lang=\"en\"><span class=\"JLqJ4b\" data-language-for-alternatives=\"en\" data-language-to-translate-into=\"es\" data-phrase-index=\"0\" data-number-of-phrases=\"1\"><span class=\"Q4iAWc\">Facsimile edition of the History of New Spain, the Conquest of Mexico, by Hern\u00e1n Cort\u00e9s, Circle of the Bibliophile,<\/span><\/span><\/span><\/span><\/span><\/p>\n","protected":false},"featured_media":75880,"template":"","meta":[],"product_brand":[],"product_cat":[2210,5118],"product_tag":[5822,4029,5120],"class_list":{"0":"post-75878","1":"product","2":"type-product","3":"status-publish","4":"has-post-thumbnail","6":"product_cat-bibliophilia","7":"product_cat-bindings","8":"product_tag-bibliofilia-en","9":"product_tag-amigos-en","10":"product_tag-history-en","11":"product_shipping_class-from-2-to-5-kg","12":"description-off","14":"first","15":"instock","16":"taxable","17":"shipping-taxable","18":"purchasable","19":"product-type-simple"},"yoast_head":"<!-- This site is optimized with the Yoast SEO plugin v27.3 - https:\/\/yoast.com\/product\/yoast-seo-wordpress\/ -->\n<title>History of New Spain. Hernan Cortes. Circle of the Bibliophile, 1981<\/title>\n<meta name=\"description\" content=\"Facsimile edition of the History of New Spain, the Conquest of Mexico, by Hern\u00e1n Cort\u00e9s, Circle of the Bibliophile,\" \/>\n<meta name=\"robots\" content=\"index, follow, max-snippet:-1, max-image-preview:large, max-video-preview:-1\" \/>\n<link rel=\"canonical\" href=\"https:\/\/www.comprarmejor.es\/en\/product\/history-of-new-spain-hernan-cortes-circle-of-the-bibliophile-1981\/\" \/>\n<meta property=\"og:locale\" content=\"en_US\" \/>\n<meta property=\"og:type\" content=\"article\" \/>\n<meta property=\"og:title\" content=\"History of New Spain. Hernan Cortes. Circle of the Bibliophile, 1981\" \/>\n<meta property=\"og:description\" content=\"Facsimile edition of the History of New Spain, the Conquest of Mexico, by Hern\u00e1n Cort\u00e9s, Circle of the Bibliophile,\" \/>\n<meta property=\"og:url\" content=\"https:\/\/www.comprarmejor.es\/en\/product\/history-of-new-spain-hernan-cortes-circle-of-the-bibliophile-1981\/\" \/>\n<meta property=\"og:site_name\" content=\"ComprarMejor\" \/>\n<meta property=\"article:modified_time\" content=\"2022-05-15T08:50:20+00:00\" \/>\n<meta property=\"og:image\" content=\"https:\/\/www.comprarmejor.es\/wp-content\/uploads\/2022\/05\/DSC03863.jpg\" \/>\n\t<meta property=\"og:image:width\" content=\"461\" \/>\n\t<meta property=\"og:image:height\" content=\"600\" \/>\n\t<meta property=\"og:image:type\" content=\"image\/jpeg\" \/>\n<meta name=\"twitter:card\" content=\"summary_large_image\" \/>\n<meta name=\"twitter:label1\" content=\"Est. reading time\" \/>\n\t<meta name=\"twitter:data1\" content=\"2 minutes\" \/>\n<script type=\"application\/ld+json\" class=\"yoast-schema-graph\">{\"@context\":\"https:\\\/\\\/schema.org\",\"@graph\":[{\"@type\":\"WebPage\",\"@id\":\"https:\\\/\\\/www.comprarmejor.es\\\/en\\\/product\\\/history-of-new-spain-hernan-cortes-circle-of-the-bibliophile-1981\\\/\",\"url\":\"https:\\\/\\\/www.comprarmejor.es\\\/en\\\/product\\\/history-of-new-spain-hernan-cortes-circle-of-the-bibliophile-1981\\\/\",\"name\":\"History of New Spain. Hernan Cortes. Circle of the Bibliophile, 1981\",\"isPartOf\":{\"@id\":\"https:\\\/\\\/www.comprarmejor.es\\\/en\\\/#website\"},\"primaryImageOfPage\":{\"@id\":\"https:\\\/\\\/www.comprarmejor.es\\\/en\\\/product\\\/history-of-new-spain-hernan-cortes-circle-of-the-bibliophile-1981\\\/#primaryimage\"},\"image\":{\"@id\":\"https:\\\/\\\/www.comprarmejor.es\\\/en\\\/product\\\/history-of-new-spain-hernan-cortes-circle-of-the-bibliophile-1981\\\/#primaryimage\"},\"thumbnailUrl\":\"https:\\\/\\\/www.comprarmejor.es\\\/wp-content\\\/uploads\\\/2022\\\/05\\\/DSC03863.jpg\",\"datePublished\":\"2022-05-15T08:40:07+00:00\",\"dateModified\":\"2022-05-15T08:50:20+00:00\",\"description\":\"Facsimile edition of the History of New Spain, the Conquest of Mexico, by Hern\u00e1n Cort\u00e9s, Circle of the Bibliophile,\",\"breadcrumb\":{\"@id\":\"https:\\\/\\\/www.comprarmejor.es\\\/en\\\/product\\\/history-of-new-spain-hernan-cortes-circle-of-the-bibliophile-1981\\\/#breadcrumb\"},\"inLanguage\":\"en-US\",\"potentialAction\":[{\"@type\":\"ReadAction\",\"target\":[\"https:\\\/\\\/www.comprarmejor.es\\\/en\\\/product\\\/history-of-new-spain-hernan-cortes-circle-of-the-bibliophile-1981\\\/\"]}]},{\"@type\":\"ImageObject\",\"inLanguage\":\"en-US\",\"@id\":\"https:\\\/\\\/www.comprarmejor.es\\\/en\\\/product\\\/history-of-new-spain-hernan-cortes-circle-of-the-bibliophile-1981\\\/#primaryimage\",\"url\":\"https:\\\/\\\/www.comprarmejor.es\\\/wp-content\\\/uploads\\\/2022\\\/05\\\/DSC03863.jpg\",\"contentUrl\":\"https:\\\/\\\/www.comprarmejor.es\\\/wp-content\\\/uploads\\\/2022\\\/05\\\/DSC03863.jpg\",\"width\":461,\"height\":600},{\"@type\":\"BreadcrumbList\",\"@id\":\"https:\\\/\\\/www.comprarmejor.es\\\/en\\\/product\\\/history-of-new-spain-hernan-cortes-circle-of-the-bibliophile-1981\\\/#breadcrumb\",\"itemListElement\":[{\"@type\":\"ListItem\",\"position\":1,\"name\":\"Portada\",\"item\":\"https:\\\/\\\/www.comprarmejor.es\\\/en\\\/\"},{\"@type\":\"ListItem\",\"position\":2,\"name\":\"Shop\",\"item\":\"https:\\\/\\\/www.comprarmejor.es\\\/en\\\/shop\\\/\"},{\"@type\":\"ListItem\",\"position\":3,\"name\":\"History of New Spain. Hernan Cortes. Circle of the Bibliophile, 1981\"}]},{\"@type\":\"WebSite\",\"@id\":\"https:\\\/\\\/www.comprarmejor.es\\\/en\\\/#website\",\"url\":\"https:\\\/\\\/www.comprarmejor.es\\\/en\\\/\",\"name\":\"ComprarMejor\",\"description\":\"ComprarMejor\",\"publisher\":{\"@id\":\"https:\\\/\\\/www.comprarmejor.es\\\/en\\\/#organization\"},\"potentialAction\":[{\"@type\":\"SearchAction\",\"target\":{\"@type\":\"EntryPoint\",\"urlTemplate\":\"https:\\\/\\\/www.comprarmejor.es\\\/en\\\/?s={search_term_string}\"},\"query-input\":{\"@type\":\"PropertyValueSpecification\",\"valueRequired\":true,\"valueName\":\"search_term_string\"}}],\"inLanguage\":\"en-US\"},{\"@type\":\"Organization\",\"@id\":\"https:\\\/\\\/www.comprarmejor.es\\\/en\\\/#organization\",\"name\":\"COMPRAR MEJOR\",\"url\":\"https:\\\/\\\/www.comprarmejor.es\\\/en\\\/\",\"logo\":{\"@type\":\"ImageObject\",\"inLanguage\":\"en-US\",\"@id\":\"https:\\\/\\\/www.comprarmejor.es\\\/en\\\/#\\\/schema\\\/logo\\\/image\\\/\",\"url\":\"https:\\\/\\\/www.comprarmejor.es\\\/wp-content\\\/uploads\\\/2025\\\/09\\\/comprarmejortrinidad.jpg\",\"contentUrl\":\"https:\\\/\\\/www.comprarmejor.es\\\/wp-content\\\/uploads\\\/2025\\\/09\\\/comprarmejortrinidad.jpg\",\"width\":1022,\"height\":1380,\"caption\":\"COMPRAR MEJOR\"},\"image\":{\"@id\":\"https:\\\/\\\/www.comprarmejor.es\\\/en\\\/#\\\/schema\\\/logo\\\/image\\\/\"},\"sameAs\":[\"https:\\\/\\\/www.instagram.com\\\/amigosdelcodice\"]}]}<\/script>\n<!-- \/ Yoast SEO plugin. -->","yoast_head_json":{"title":"History of New Spain. Hernan Cortes. Circle of the Bibliophile, 1981","description":"Facsimile edition of the History of New Spain, the Conquest of Mexico, by Hern\u00e1n Cort\u00e9s, Circle of the Bibliophile,","robots":{"index":"index","follow":"follow","max-snippet":"max-snippet:-1","max-image-preview":"max-image-preview:large","max-video-preview":"max-video-preview:-1"},"canonical":"https:\/\/www.comprarmejor.es\/en\/product\/history-of-new-spain-hernan-cortes-circle-of-the-bibliophile-1981\/","og_locale":"en_US","og_type":"article","og_title":"History of New Spain. Hernan Cortes. Circle of the Bibliophile, 1981","og_description":"Facsimile edition of the History of New Spain, the Conquest of Mexico, by Hern\u00e1n Cort\u00e9s, Circle of the Bibliophile,","og_url":"https:\/\/www.comprarmejor.es\/en\/product\/history-of-new-spain-hernan-cortes-circle-of-the-bibliophile-1981\/","og_site_name":"ComprarMejor","article_modified_time":"2022-05-15T08:50:20+00:00","og_image":[{"width":461,"height":600,"url":"https:\/\/www.comprarmejor.es\/wp-content\/uploads\/2022\/05\/DSC03863.jpg","type":"image\/jpeg"}],"twitter_card":"summary_large_image","twitter_misc":{"Est. reading time":"2 minutes"},"schema":{"@context":"https:\/\/schema.org","@graph":[{"@type":"WebPage","@id":"https:\/\/www.comprarmejor.es\/en\/product\/history-of-new-spain-hernan-cortes-circle-of-the-bibliophile-1981\/","url":"https:\/\/www.comprarmejor.es\/en\/product\/history-of-new-spain-hernan-cortes-circle-of-the-bibliophile-1981\/","name":"History of New Spain. Hernan Cortes. Circle of the Bibliophile, 1981","isPartOf":{"@id":"https:\/\/www.comprarmejor.es\/en\/#website"},"primaryImageOfPage":{"@id":"https:\/\/www.comprarmejor.es\/en\/product\/history-of-new-spain-hernan-cortes-circle-of-the-bibliophile-1981\/#primaryimage"},"image":{"@id":"https:\/\/www.comprarmejor.es\/en\/product\/history-of-new-spain-hernan-cortes-circle-of-the-bibliophile-1981\/#primaryimage"},"thumbnailUrl":"https:\/\/www.comprarmejor.es\/wp-content\/uploads\/2022\/05\/DSC03863.jpg","datePublished":"2022-05-15T08:40:07+00:00","dateModified":"2022-05-15T08:50:20+00:00","description":"Facsimile edition of the History of New Spain, the Conquest of Mexico, by Hern\u00e1n Cort\u00e9s, Circle of the Bibliophile,","breadcrumb":{"@id":"https:\/\/www.comprarmejor.es\/en\/product\/history-of-new-spain-hernan-cortes-circle-of-the-bibliophile-1981\/#breadcrumb"},"inLanguage":"en-US","potentialAction":[{"@type":"ReadAction","target":["https:\/\/www.comprarmejor.es\/en\/product\/history-of-new-spain-hernan-cortes-circle-of-the-bibliophile-1981\/"]}]},{"@type":"ImageObject","inLanguage":"en-US","@id":"https:\/\/www.comprarmejor.es\/en\/product\/history-of-new-spain-hernan-cortes-circle-of-the-bibliophile-1981\/#primaryimage","url":"https:\/\/www.comprarmejor.es\/wp-content\/uploads\/2022\/05\/DSC03863.jpg","contentUrl":"https:\/\/www.comprarmejor.es\/wp-content\/uploads\/2022\/05\/DSC03863.jpg","width":461,"height":600},{"@type":"BreadcrumbList","@id":"https:\/\/www.comprarmejor.es\/en\/product\/history-of-new-spain-hernan-cortes-circle-of-the-bibliophile-1981\/#breadcrumb","itemListElement":[{"@type":"ListItem","position":1,"name":"Portada","item":"https:\/\/www.comprarmejor.es\/en\/"},{"@type":"ListItem","position":2,"name":"Shop","item":"https:\/\/www.comprarmejor.es\/en\/shop\/"},{"@type":"ListItem","position":3,"name":"History of New Spain. Hernan Cortes. Circle of the Bibliophile, 1981"}]},{"@type":"WebSite","@id":"https:\/\/www.comprarmejor.es\/en\/#website","url":"https:\/\/www.comprarmejor.es\/en\/","name":"ComprarMejor","description":"ComprarMejor","publisher":{"@id":"https:\/\/www.comprarmejor.es\/en\/#organization"},"potentialAction":[{"@type":"SearchAction","target":{"@type":"EntryPoint","urlTemplate":"https:\/\/www.comprarmejor.es\/en\/?s={search_term_string}"},"query-input":{"@type":"PropertyValueSpecification","valueRequired":true,"valueName":"search_term_string"}}],"inLanguage":"en-US"},{"@type":"Organization","@id":"https:\/\/www.comprarmejor.es\/en\/#organization","name":"COMPRAR MEJOR","url":"https:\/\/www.comprarmejor.es\/en\/","logo":{"@type":"ImageObject","inLanguage":"en-US","@id":"https:\/\/www.comprarmejor.es\/en\/#\/schema\/logo\/image\/","url":"https:\/\/www.comprarmejor.es\/wp-content\/uploads\/2025\/09\/comprarmejortrinidad.jpg","contentUrl":"https:\/\/www.comprarmejor.es\/wp-content\/uploads\/2025\/09\/comprarmejortrinidad.jpg","width":1022,"height":1380,"caption":"COMPRAR MEJOR"},"image":{"@id":"https:\/\/www.comprarmejor.es\/en\/#\/schema\/logo\/image\/"},"sameAs":["https:\/\/www.instagram.com\/amigosdelcodice"]}]}},"_links":{"self":[{"href":"https:\/\/www.comprarmejor.es\/en\/wp-json\/wp\/v2\/product\/75878","targetHints":{"allow":["GET"]}}],"collection":[{"href":"https:\/\/www.comprarmejor.es\/en\/wp-json\/wp\/v2\/product"}],"about":[{"href":"https:\/\/www.comprarmejor.es\/en\/wp-json\/wp\/v2\/types\/product"}],"wp:featuredmedia":[{"embeddable":true,"href":"https:\/\/www.comprarmejor.es\/en\/wp-json\/wp\/v2\/media\/75880"}],"wp:attachment":[{"href":"https:\/\/www.comprarmejor.es\/en\/wp-json\/wp\/v2\/media?parent=75878"}],"wp:term":[{"taxonomy":"product_brand","embeddable":true,"href":"https:\/\/www.comprarmejor.es\/en\/wp-json\/wp\/v2\/product_brand?post=75878"},{"taxonomy":"product_cat","embeddable":true,"href":"https:\/\/www.comprarmejor.es\/en\/wp-json\/wp\/v2\/product_cat?post=75878"},{"taxonomy":"product_tag","embeddable":true,"href":"https:\/\/www.comprarmejor.es\/en\/wp-json\/wp\/v2\/product_tag?post=75878"}],"curies":[{"name":"wp","href":"https:\/\/api.w.org\/{rel}","templated":true}]}}