{"id":76290,"date":"2022-05-26T12:17:26","date_gmt":"2022-05-26T10:17:29","guid":{"rendered":"https:\/\/www.comprarmejor.es\/?post_type=product&#038;p=76290"},"modified":"2024-04-08T12:18:39","modified_gmt":"2024-04-08T10:18:39","slug":"franco-40-years-of-the-history-of-spain-with-sound-document","status":"publish","type":"product","link":"https:\/\/www.comprarmejor.es\/en\/product\/franco-40-years-of-the-history-of-spain-with-sound-document\/","title":{"rendered":"Franco, 40 years of the History of Spain, with sound document"},"content":{"rendered":"<p style=\"text-align: justify;\">Out of Series issue of the magazine \u201cLa Actualidad Espa\u00f1ola\u201d about FRANCO, 40 years of the History of Spain, with sound document of his voice. Published at the end of 1975 on the occasion of his death on November 20, 1975.<\/p>\n<p style=\"text-align: justify;\">Graphic and sound document of 40 years of the History of Spain, with its shadows and its lights, as they occur in all historical periods, including the present.<\/p>\n<p style=\"text-align: justify;\">Illustrated paperback binding, 24 x 31 cm format. 180 pages lavishly illustrated in black and white and full color. Includes a disc with sound documents with Franco&#8217;s voice. Copy in perfect condition.<\/p>\n<p style=\"text-align: justify;\">Shipping costs according to order and destination<span class=\"VIiyi\" lang=\"en\"><span class=\"JLqJ4b ChMk0b C1N51c\" data-language-for-alternatives=\"en\" data-language-to-translate-into=\"es\" data-phrase-index=\"0\" data-number-of-phrases=\"2\"><span class=\"Q4iAWc\">. <\/span><\/span><\/span><span id=\"result_box\" lang=\"en\" xml:lang=\"en\"><span title=\"Cons\u00faltenos cualquier duda, as\u00ed como por cualquier otro Beato o facs\u00edmile que est\u00e9 buscando.\"><a class=\"btn btn-default\" href=\"https:\/\/www.comprarmejor.es\/en\/contact\">Ask us<\/a> <span class=\"VIiyi\" lang=\"en\"><span class=\"JLqJ4b\" data-language-for-alternatives=\"en\" data-language-to-translate-into=\"es\" data-phrase-index=\"0\" data-number-of-phrases=\"1\"><span class=\"Q4iAWc\">any questions you may have, indicating the article reference.<\/span><\/span><\/span><br \/>\n<\/span><\/span><\/p>\n","protected":false},"excerpt":{"rendered":"<p style=\"text-align: justify;\"><span id=\"result_box\" lang=\"en\" xml:lang=\"en\"><span title=\"Original conservado en la Biblioteca del Colegio de Santa Cruz de la Universidad de Valladolid.\"><span class=\"VIiyi\" lang=\"en\"><span class=\"JLqJ4b\" data-language-for-alternatives=\"en\" data-language-to-translate-into=\"es\" data-phrase-index=\"0\" data-number-of-phrases=\"1\"><span class=\"Q4iAWc\"><span class=\"HwtZe\" lang=\"en\"><span class=\"jCAhz ChMk0b\"><span class=\"ryNqvb\">Out of Series issue of the magazine \u201cLa Actualidad Espa\u00f1ola\u201d about FRANCO, 40 years of the History of Spain, with sound document of his voice<\/span><\/span><\/span>.<\/span><\/span><\/span><\/span><\/span><\/p>\n","protected":false},"featured_media":93882,"template":"","meta":[],"product_brand":[],"product_cat":[2256],"product_tag":[5060,5120],"class_list":{"0":"post-76290","1":"product","2":"type-product","3":"status-publish","4":"has-post-thumbnail","6":"product_cat-books-in-general","7":"product_tag-franco-en-2","8":"product_tag-history-en","9":"product_shipping_class-from-2-to-5-kg","10":"description-off","12":"first","13":"instock","14":"taxable","15":"shipping-taxable","16":"purchasable","17":"product-type-simple"},"yoast_head":"<!-- This site is optimized with the Yoast SEO plugin v27.3 - https:\/\/yoast.com\/product\/yoast-seo-wordpress\/ -->\n<title>Franco, 40 years of the History of Spain, with sound document<\/title>\n<meta name=\"description\" content=\"Out of Series issue of the magazine \u201cLa Actualidad Espa\u00f1ola\u201d about FRANCO, 40 years of the History of Spain, with sound document of his voice.\" \/>\n<meta name=\"robots\" content=\"index, follow, max-snippet:-1, max-image-preview:large, max-video-preview:-1\" \/>\n<link rel=\"canonical\" href=\"https:\/\/www.comprarmejor.es\/en\/product\/franco-40-years-of-the-history-of-spain-with-sound-document\/\" \/>\n<meta property=\"og:locale\" content=\"en_US\" \/>\n<meta property=\"og:type\" content=\"article\" \/>\n<meta property=\"og:title\" content=\"Franco, 40 years of the History of Spain, with sound document\" \/>\n<meta property=\"og:description\" content=\"Out of Series issue of the magazine \u201cLa Actualidad Espa\u00f1ola\u201d about FRANCO, 40 years of the History of Spain, with sound document of his voice.\" \/>\n<meta property=\"og:url\" content=\"https:\/\/www.comprarmejor.es\/en\/product\/franco-40-years-of-the-history-of-spain-with-sound-document\/\" \/>\n<meta property=\"og:site_name\" content=\"ComprarMejor\" \/>\n<meta property=\"article:modified_time\" content=\"2024-04-08T10:18:39+00:00\" \/>\n<meta property=\"og:image\" content=\"https:\/\/www.comprarmejor.es\/wp-content\/uploads\/2022\/05\/F40HE-1.jpg\" \/>\n\t<meta property=\"og:image:width\" content=\"634\" \/>\n\t<meta property=\"og:image:height\" content=\"758\" \/>\n\t<meta property=\"og:image:type\" content=\"image\/jpeg\" \/>\n<meta name=\"twitter:card\" content=\"summary_large_image\" \/>\n<meta name=\"twitter:label1\" content=\"Est. reading time\" \/>\n\t<meta name=\"twitter:data1\" content=\"1 minute\" \/>\n<script type=\"application\/ld+json\" class=\"yoast-schema-graph\">{\"@context\":\"https:\\\/\\\/schema.org\",\"@graph\":[{\"@type\":\"WebPage\",\"@id\":\"https:\\\/\\\/www.comprarmejor.es\\\/en\\\/product\\\/franco-40-years-of-the-history-of-spain-with-sound-document\\\/\",\"url\":\"https:\\\/\\\/www.comprarmejor.es\\\/en\\\/product\\\/franco-40-years-of-the-history-of-spain-with-sound-document\\\/\",\"name\":\"Franco, 40 years of the History of Spain, with sound document\",\"isPartOf\":{\"@id\":\"https:\\\/\\\/www.comprarmejor.es\\\/en\\\/#website\"},\"primaryImageOfPage\":{\"@id\":\"https:\\\/\\\/www.comprarmejor.es\\\/en\\\/product\\\/franco-40-years-of-the-history-of-spain-with-sound-document\\\/#primaryimage\"},\"image\":{\"@id\":\"https:\\\/\\\/www.comprarmejor.es\\\/en\\\/product\\\/franco-40-years-of-the-history-of-spain-with-sound-document\\\/#primaryimage\"},\"thumbnailUrl\":\"https:\\\/\\\/www.comprarmejor.es\\\/wp-content\\\/uploads\\\/2022\\\/05\\\/F40HE-1.jpg\",\"datePublished\":\"2022-05-26T10:17:29+00:00\",\"dateModified\":\"2024-04-08T10:18:39+00:00\",\"description\":\"Out of Series issue of the magazine \u201cLa Actualidad Espa\u00f1ola\u201d about FRANCO, 40 years of the History of Spain, with sound document of his voice.\",\"breadcrumb\":{\"@id\":\"https:\\\/\\\/www.comprarmejor.es\\\/en\\\/product\\\/franco-40-years-of-the-history-of-spain-with-sound-document\\\/#breadcrumb\"},\"inLanguage\":\"en-US\",\"potentialAction\":[{\"@type\":\"ReadAction\",\"target\":[\"https:\\\/\\\/www.comprarmejor.es\\\/en\\\/product\\\/franco-40-years-of-the-history-of-spain-with-sound-document\\\/\"]}]},{\"@type\":\"ImageObject\",\"inLanguage\":\"en-US\",\"@id\":\"https:\\\/\\\/www.comprarmejor.es\\\/en\\\/product\\\/franco-40-years-of-the-history-of-spain-with-sound-document\\\/#primaryimage\",\"url\":\"https:\\\/\\\/www.comprarmejor.es\\\/wp-content\\\/uploads\\\/2022\\\/05\\\/F40HE-1.jpg\",\"contentUrl\":\"https:\\\/\\\/www.comprarmejor.es\\\/wp-content\\\/uploads\\\/2022\\\/05\\\/F40HE-1.jpg\",\"width\":634,\"height\":758},{\"@type\":\"BreadcrumbList\",\"@id\":\"https:\\\/\\\/www.comprarmejor.es\\\/en\\\/product\\\/franco-40-years-of-the-history-of-spain-with-sound-document\\\/#breadcrumb\",\"itemListElement\":[{\"@type\":\"ListItem\",\"position\":1,\"name\":\"Portada\",\"item\":\"https:\\\/\\\/www.comprarmejor.es\\\/en\\\/\"},{\"@type\":\"ListItem\",\"position\":2,\"name\":\"Shop\",\"item\":\"https:\\\/\\\/www.comprarmejor.es\\\/en\\\/shop\\\/\"},{\"@type\":\"ListItem\",\"position\":3,\"name\":\"Franco, 40 years of the History of Spain, with sound document\"}]},{\"@type\":\"WebSite\",\"@id\":\"https:\\\/\\\/www.comprarmejor.es\\\/en\\\/#website\",\"url\":\"https:\\\/\\\/www.comprarmejor.es\\\/en\\\/\",\"name\":\"ComprarMejor\",\"description\":\"ComprarMejor\",\"publisher\":{\"@id\":\"https:\\\/\\\/www.comprarmejor.es\\\/en\\\/#organization\"},\"potentialAction\":[{\"@type\":\"SearchAction\",\"target\":{\"@type\":\"EntryPoint\",\"urlTemplate\":\"https:\\\/\\\/www.comprarmejor.es\\\/en\\\/?s={search_term_string}\"},\"query-input\":{\"@type\":\"PropertyValueSpecification\",\"valueRequired\":true,\"valueName\":\"search_term_string\"}}],\"inLanguage\":\"en-US\"},{\"@type\":\"Organization\",\"@id\":\"https:\\\/\\\/www.comprarmejor.es\\\/en\\\/#organization\",\"name\":\"COMPRAR MEJOR\",\"url\":\"https:\\\/\\\/www.comprarmejor.es\\\/en\\\/\",\"logo\":{\"@type\":\"ImageObject\",\"inLanguage\":\"en-US\",\"@id\":\"https:\\\/\\\/www.comprarmejor.es\\\/en\\\/#\\\/schema\\\/logo\\\/image\\\/\",\"url\":\"https:\\\/\\\/www.comprarmejor.es\\\/wp-content\\\/uploads\\\/2025\\\/09\\\/comprarmejortrinidad.jpg\",\"contentUrl\":\"https:\\\/\\\/www.comprarmejor.es\\\/wp-content\\\/uploads\\\/2025\\\/09\\\/comprarmejortrinidad.jpg\",\"width\":1022,\"height\":1380,\"caption\":\"COMPRAR MEJOR\"},\"image\":{\"@id\":\"https:\\\/\\\/www.comprarmejor.es\\\/en\\\/#\\\/schema\\\/logo\\\/image\\\/\"},\"sameAs\":[\"https:\\\/\\\/www.instagram.com\\\/amigosdelcodice\"]}]}<\/script>\n<!-- \/ Yoast SEO plugin. -->","yoast_head_json":{"title":"Franco, 40 years of the History of Spain, with sound document","description":"Out of Series issue of the magazine \u201cLa Actualidad Espa\u00f1ola\u201d about FRANCO, 40 years of the History of Spain, with sound document of his voice.","robots":{"index":"index","follow":"follow","max-snippet":"max-snippet:-1","max-image-preview":"max-image-preview:large","max-video-preview":"max-video-preview:-1"},"canonical":"https:\/\/www.comprarmejor.es\/en\/product\/franco-40-years-of-the-history-of-spain-with-sound-document\/","og_locale":"en_US","og_type":"article","og_title":"Franco, 40 years of the History of Spain, with sound document","og_description":"Out of Series issue of the magazine \u201cLa Actualidad Espa\u00f1ola\u201d about FRANCO, 40 years of the History of Spain, with sound document of his voice.","og_url":"https:\/\/www.comprarmejor.es\/en\/product\/franco-40-years-of-the-history-of-spain-with-sound-document\/","og_site_name":"ComprarMejor","article_modified_time":"2024-04-08T10:18:39+00:00","og_image":[{"width":634,"height":758,"url":"https:\/\/www.comprarmejor.es\/wp-content\/uploads\/2022\/05\/F40HE-1.jpg","type":"image\/jpeg"}],"twitter_card":"summary_large_image","twitter_misc":{"Est. reading time":"1 minute"},"schema":{"@context":"https:\/\/schema.org","@graph":[{"@type":"WebPage","@id":"https:\/\/www.comprarmejor.es\/en\/product\/franco-40-years-of-the-history-of-spain-with-sound-document\/","url":"https:\/\/www.comprarmejor.es\/en\/product\/franco-40-years-of-the-history-of-spain-with-sound-document\/","name":"Franco, 40 years of the History of Spain, with sound document","isPartOf":{"@id":"https:\/\/www.comprarmejor.es\/en\/#website"},"primaryImageOfPage":{"@id":"https:\/\/www.comprarmejor.es\/en\/product\/franco-40-years-of-the-history-of-spain-with-sound-document\/#primaryimage"},"image":{"@id":"https:\/\/www.comprarmejor.es\/en\/product\/franco-40-years-of-the-history-of-spain-with-sound-document\/#primaryimage"},"thumbnailUrl":"https:\/\/www.comprarmejor.es\/wp-content\/uploads\/2022\/05\/F40HE-1.jpg","datePublished":"2022-05-26T10:17:29+00:00","dateModified":"2024-04-08T10:18:39+00:00","description":"Out of Series issue of the magazine \u201cLa Actualidad Espa\u00f1ola\u201d about FRANCO, 40 years of the History of Spain, with sound document of his voice.","breadcrumb":{"@id":"https:\/\/www.comprarmejor.es\/en\/product\/franco-40-years-of-the-history-of-spain-with-sound-document\/#breadcrumb"},"inLanguage":"en-US","potentialAction":[{"@type":"ReadAction","target":["https:\/\/www.comprarmejor.es\/en\/product\/franco-40-years-of-the-history-of-spain-with-sound-document\/"]}]},{"@type":"ImageObject","inLanguage":"en-US","@id":"https:\/\/www.comprarmejor.es\/en\/product\/franco-40-years-of-the-history-of-spain-with-sound-document\/#primaryimage","url":"https:\/\/www.comprarmejor.es\/wp-content\/uploads\/2022\/05\/F40HE-1.jpg","contentUrl":"https:\/\/www.comprarmejor.es\/wp-content\/uploads\/2022\/05\/F40HE-1.jpg","width":634,"height":758},{"@type":"BreadcrumbList","@id":"https:\/\/www.comprarmejor.es\/en\/product\/franco-40-years-of-the-history-of-spain-with-sound-document\/#breadcrumb","itemListElement":[{"@type":"ListItem","position":1,"name":"Portada","item":"https:\/\/www.comprarmejor.es\/en\/"},{"@type":"ListItem","position":2,"name":"Shop","item":"https:\/\/www.comprarmejor.es\/en\/shop\/"},{"@type":"ListItem","position":3,"name":"Franco, 40 years of the History of Spain, with sound document"}]},{"@type":"WebSite","@id":"https:\/\/www.comprarmejor.es\/en\/#website","url":"https:\/\/www.comprarmejor.es\/en\/","name":"ComprarMejor","description":"ComprarMejor","publisher":{"@id":"https:\/\/www.comprarmejor.es\/en\/#organization"},"potentialAction":[{"@type":"SearchAction","target":{"@type":"EntryPoint","urlTemplate":"https:\/\/www.comprarmejor.es\/en\/?s={search_term_string}"},"query-input":{"@type":"PropertyValueSpecification","valueRequired":true,"valueName":"search_term_string"}}],"inLanguage":"en-US"},{"@type":"Organization","@id":"https:\/\/www.comprarmejor.es\/en\/#organization","name":"COMPRAR MEJOR","url":"https:\/\/www.comprarmejor.es\/en\/","logo":{"@type":"ImageObject","inLanguage":"en-US","@id":"https:\/\/www.comprarmejor.es\/en\/#\/schema\/logo\/image\/","url":"https:\/\/www.comprarmejor.es\/wp-content\/uploads\/2025\/09\/comprarmejortrinidad.jpg","contentUrl":"https:\/\/www.comprarmejor.es\/wp-content\/uploads\/2025\/09\/comprarmejortrinidad.jpg","width":1022,"height":1380,"caption":"COMPRAR MEJOR"},"image":{"@id":"https:\/\/www.comprarmejor.es\/en\/#\/schema\/logo\/image\/"},"sameAs":["https:\/\/www.instagram.com\/amigosdelcodice"]}]}},"_links":{"self":[{"href":"https:\/\/www.comprarmejor.es\/en\/wp-json\/wp\/v2\/product\/76290","targetHints":{"allow":["GET"]}}],"collection":[{"href":"https:\/\/www.comprarmejor.es\/en\/wp-json\/wp\/v2\/product"}],"about":[{"href":"https:\/\/www.comprarmejor.es\/en\/wp-json\/wp\/v2\/types\/product"}],"wp:featuredmedia":[{"embeddable":true,"href":"https:\/\/www.comprarmejor.es\/en\/wp-json\/wp\/v2\/media\/93882"}],"wp:attachment":[{"href":"https:\/\/www.comprarmejor.es\/en\/wp-json\/wp\/v2\/media?parent=76290"}],"wp:term":[{"taxonomy":"product_brand","embeddable":true,"href":"https:\/\/www.comprarmejor.es\/en\/wp-json\/wp\/v2\/product_brand?post=76290"},{"taxonomy":"product_cat","embeddable":true,"href":"https:\/\/www.comprarmejor.es\/en\/wp-json\/wp\/v2\/product_cat?post=76290"},{"taxonomy":"product_tag","embeddable":true,"href":"https:\/\/www.comprarmejor.es\/en\/wp-json\/wp\/v2\/product_tag?post=76290"}],"curies":[{"name":"wp","href":"https:\/\/api.w.org\/{rel}","templated":true}]}}