{"id":76446,"date":"2022-05-30T10:57:59","date_gmt":"2022-05-30T08:57:59","guid":{"rendered":"https:\/\/www.comprarmejor.es\/?post_type=product&#038;p=76446"},"modified":"2022-12-17T19:53:19","modified_gmt":"2022-12-17T18:53:19","slug":"madonna-the-immaculate-collection-1990-dvd-video","status":"publish","type":"product","link":"https:\/\/www.comprarmejor.es\/en\/product\/madonna-the-immaculate-collection-1990-dvd-video\/","title":{"rendered":"Madonna: The Immaculate Collection. 1990 DVD-Video"},"content":{"rendered":"<p style=\"text-align: justify;\"><strong>Madonna The Immaculate Collection<\/strong>. DVD Video. Year 1990. Original in English. 60 minutes. Contains 13 songs by the American singer. New, unused.<\/p>\n<p style=\"text-align: justify;\">Image format: PAL 4:3<br \/>\nRegion code: 2-3-4-5-6<br \/>\nDisc format: DVD-5<br \/>\nAudio content: English and subtitles also in English<br \/>\nMade in Germany by Warner Music in 1990<\/p>\n<p style=\"text-align: justify;\">Shipping costs paid by the buyer, according to order and destination. <span id=\"result_box\" lang=\"en\" xml:lang=\"en\"><span title=\"Cons\u00faltenos cualquier duda, as\u00ed como por cualquier otro Beato o facs\u00edmile que est\u00e9 buscando.\"><a class=\"btn btn-default\" href=\"https:\/\/www.comprarmejor.es\/en\/contact\">Ask us<\/a> <span class=\"VIiyi\" lang=\"en\"><span class=\"JLqJ4b\" data-language-for-alternatives=\"en\" data-language-to-translate-into=\"es\" data-phrase-index=\"0\" data-number-of-phrases=\"1\"><span class=\"Q4iAWc\">any questions you may have, indicating the article reference.<\/span><\/span><\/span><br \/>\n<\/span><\/span><\/p>\n","protected":false},"excerpt":{"rendered":"<p style=\"text-align: justify;\"><span id=\"result_box\" lang=\"en\" xml:lang=\"en\"><span title=\"Original conservado en la Biblioteca del Colegio de Santa Cruz de la Universidad de Valladolid.\"><span class=\"VIiyi\" lang=\"en\"><span class=\"JLqJ4b\" data-language-for-alternatives=\"en\" data-language-to-translate-into=\"es\" data-phrase-index=\"0\" data-number-of-phrases=\"1\"><span class=\"Q4iAWc\"><span class=\"HwtZe\" lang=\"en\"><span class=\"jCAhz ChMk0b\"><span class=\"ryNqvb\">Madonna The Immaculate Collection.<\/span><\/span> <span class=\"jCAhz ChMk0b\"><span class=\"ryNqvb\">DVD Video.<\/span><\/span> <span class=\"jCAhz ChMk0b\"><span class=\"ryNqvb\">Year 1990. Original in English.<\/span><\/span> <span class=\"jCAhz ChMk0b\"><span class=\"ryNqvb\">60 minutes.<\/span><\/span> <span class=\"jCAhz ChMk0b\"><span class=\"ryNqvb\">Contains 13 songs by the American singer.<\/span><\/span><span class=\"jCAhz ChMk0b\"><span class=\"ryNqvb\"><br \/>\n<\/span><\/span><\/span><\/span><\/span><\/span><\/span><\/span><\/p>\n","protected":false},"featured_media":84113,"template":"","meta":[],"product_brand":[],"product_cat":[2262],"product_tag":[5100],"class_list":{"0":"post-76446","1":"product","2":"type-product","3":"status-publish","4":"has-post-thumbnail","6":"product_cat-cd-dvd-brd","7":"product_tag-dvd-en","8":"product_shipping_class-from-0-to-1-kg","9":"description-off","11":"first","12":"instock","13":"taxable","14":"shipping-taxable","15":"purchasable","16":"product-type-simple"},"yoast_head":"<!-- This site is optimized with the Yoast SEO plugin v27.3 - https:\/\/yoast.com\/product\/yoast-seo-wordpress\/ -->\n<title>Madonna: The Immaculate Collection. 1990 DVD-Video<\/title>\n<meta name=\"description\" content=\"Madonna The Immaculate Collection. DVD Video. Year 1990. Original in English. 60 minutes. Contains 13 songs by the American singer. New, unused.\" \/>\n<meta name=\"robots\" content=\"index, follow, max-snippet:-1, max-image-preview:large, max-video-preview:-1\" \/>\n<link rel=\"canonical\" href=\"https:\/\/www.comprarmejor.es\/en\/product\/madonna-the-immaculate-collection-1990-dvd-video\/\" \/>\n<meta property=\"og:locale\" content=\"en_US\" \/>\n<meta property=\"og:type\" content=\"article\" \/>\n<meta property=\"og:title\" content=\"Madonna: The Immaculate Collection. 1990 DVD-Video\" \/>\n<meta property=\"og:description\" content=\"Madonna The Immaculate Collection. DVD Video. Year 1990. Original in English. 60 minutes. Contains 13 songs by the American singer. New, unused.\" \/>\n<meta property=\"og:url\" content=\"https:\/\/www.comprarmejor.es\/en\/product\/madonna-the-immaculate-collection-1990-dvd-video\/\" \/>\n<meta property=\"og:site_name\" content=\"ComprarMejor\" \/>\n<meta property=\"article:modified_time\" content=\"2022-12-17T18:53:19+00:00\" \/>\n<meta property=\"og:image\" content=\"https:\/\/www.comprarmejor.es\/wp-content\/uploads\/2022\/05\/MTIC-1.jpg\" \/>\n\t<meta property=\"og:image:width\" content=\"578\" \/>\n\t<meta property=\"og:image:height\" content=\"752\" \/>\n\t<meta property=\"og:image:type\" content=\"image\/jpeg\" \/>\n<meta name=\"twitter:card\" content=\"summary_large_image\" \/>\n<meta name=\"twitter:label1\" content=\"Est. reading time\" \/>\n\t<meta name=\"twitter:data1\" content=\"1 minute\" \/>\n<script type=\"application\/ld+json\" class=\"yoast-schema-graph\">{\"@context\":\"https:\\\/\\\/schema.org\",\"@graph\":[{\"@type\":\"WebPage\",\"@id\":\"https:\\\/\\\/www.comprarmejor.es\\\/en\\\/product\\\/madonna-the-immaculate-collection-1990-dvd-video\\\/\",\"url\":\"https:\\\/\\\/www.comprarmejor.es\\\/en\\\/product\\\/madonna-the-immaculate-collection-1990-dvd-video\\\/\",\"name\":\"Madonna: The Immaculate Collection. 1990 DVD-Video\",\"isPartOf\":{\"@id\":\"https:\\\/\\\/www.comprarmejor.es\\\/en\\\/#website\"},\"primaryImageOfPage\":{\"@id\":\"https:\\\/\\\/www.comprarmejor.es\\\/en\\\/product\\\/madonna-the-immaculate-collection-1990-dvd-video\\\/#primaryimage\"},\"image\":{\"@id\":\"https:\\\/\\\/www.comprarmejor.es\\\/en\\\/product\\\/madonna-the-immaculate-collection-1990-dvd-video\\\/#primaryimage\"},\"thumbnailUrl\":\"https:\\\/\\\/www.comprarmejor.es\\\/wp-content\\\/uploads\\\/2022\\\/05\\\/MTIC-1.jpg\",\"datePublished\":\"2022-05-30T08:57:59+00:00\",\"dateModified\":\"2022-12-17T18:53:19+00:00\",\"description\":\"Madonna The Immaculate Collection. DVD Video. Year 1990. Original in English. 60 minutes. Contains 13 songs by the American singer. New, unused.\",\"breadcrumb\":{\"@id\":\"https:\\\/\\\/www.comprarmejor.es\\\/en\\\/product\\\/madonna-the-immaculate-collection-1990-dvd-video\\\/#breadcrumb\"},\"inLanguage\":\"en-US\",\"potentialAction\":[{\"@type\":\"ReadAction\",\"target\":[\"https:\\\/\\\/www.comprarmejor.es\\\/en\\\/product\\\/madonna-the-immaculate-collection-1990-dvd-video\\\/\"]}]},{\"@type\":\"ImageObject\",\"inLanguage\":\"en-US\",\"@id\":\"https:\\\/\\\/www.comprarmejor.es\\\/en\\\/product\\\/madonna-the-immaculate-collection-1990-dvd-video\\\/#primaryimage\",\"url\":\"https:\\\/\\\/www.comprarmejor.es\\\/wp-content\\\/uploads\\\/2022\\\/05\\\/MTIC-1.jpg\",\"contentUrl\":\"https:\\\/\\\/www.comprarmejor.es\\\/wp-content\\\/uploads\\\/2022\\\/05\\\/MTIC-1.jpg\",\"width\":578,\"height\":752},{\"@type\":\"BreadcrumbList\",\"@id\":\"https:\\\/\\\/www.comprarmejor.es\\\/en\\\/product\\\/madonna-the-immaculate-collection-1990-dvd-video\\\/#breadcrumb\",\"itemListElement\":[{\"@type\":\"ListItem\",\"position\":1,\"name\":\"Portada\",\"item\":\"https:\\\/\\\/www.comprarmejor.es\\\/en\\\/\"},{\"@type\":\"ListItem\",\"position\":2,\"name\":\"Shop\",\"item\":\"https:\\\/\\\/www.comprarmejor.es\\\/en\\\/shop\\\/\"},{\"@type\":\"ListItem\",\"position\":3,\"name\":\"Madonna: The Immaculate Collection. 1990 DVD-Video\"}]},{\"@type\":\"WebSite\",\"@id\":\"https:\\\/\\\/www.comprarmejor.es\\\/en\\\/#website\",\"url\":\"https:\\\/\\\/www.comprarmejor.es\\\/en\\\/\",\"name\":\"ComprarMejor\",\"description\":\"ComprarMejor\",\"publisher\":{\"@id\":\"https:\\\/\\\/www.comprarmejor.es\\\/en\\\/#organization\"},\"potentialAction\":[{\"@type\":\"SearchAction\",\"target\":{\"@type\":\"EntryPoint\",\"urlTemplate\":\"https:\\\/\\\/www.comprarmejor.es\\\/en\\\/?s={search_term_string}\"},\"query-input\":{\"@type\":\"PropertyValueSpecification\",\"valueRequired\":true,\"valueName\":\"search_term_string\"}}],\"inLanguage\":\"en-US\"},{\"@type\":\"Organization\",\"@id\":\"https:\\\/\\\/www.comprarmejor.es\\\/en\\\/#organization\",\"name\":\"COMPRAR MEJOR\",\"url\":\"https:\\\/\\\/www.comprarmejor.es\\\/en\\\/\",\"logo\":{\"@type\":\"ImageObject\",\"inLanguage\":\"en-US\",\"@id\":\"https:\\\/\\\/www.comprarmejor.es\\\/en\\\/#\\\/schema\\\/logo\\\/image\\\/\",\"url\":\"https:\\\/\\\/www.comprarmejor.es\\\/wp-content\\\/uploads\\\/2025\\\/09\\\/comprarmejortrinidad.jpg\",\"contentUrl\":\"https:\\\/\\\/www.comprarmejor.es\\\/wp-content\\\/uploads\\\/2025\\\/09\\\/comprarmejortrinidad.jpg\",\"width\":1022,\"height\":1380,\"caption\":\"COMPRAR MEJOR\"},\"image\":{\"@id\":\"https:\\\/\\\/www.comprarmejor.es\\\/en\\\/#\\\/schema\\\/logo\\\/image\\\/\"},\"sameAs\":[\"https:\\\/\\\/www.instagram.com\\\/amigosdelcodice\"]}]}<\/script>\n<!-- \/ Yoast SEO plugin. -->","yoast_head_json":{"title":"Madonna: The Immaculate Collection. 1990 DVD-Video","description":"Madonna The Immaculate Collection. DVD Video. Year 1990. Original in English. 60 minutes. Contains 13 songs by the American singer. New, unused.","robots":{"index":"index","follow":"follow","max-snippet":"max-snippet:-1","max-image-preview":"max-image-preview:large","max-video-preview":"max-video-preview:-1"},"canonical":"https:\/\/www.comprarmejor.es\/en\/product\/madonna-the-immaculate-collection-1990-dvd-video\/","og_locale":"en_US","og_type":"article","og_title":"Madonna: The Immaculate Collection. 1990 DVD-Video","og_description":"Madonna The Immaculate Collection. DVD Video. Year 1990. Original in English. 60 minutes. Contains 13 songs by the American singer. New, unused.","og_url":"https:\/\/www.comprarmejor.es\/en\/product\/madonna-the-immaculate-collection-1990-dvd-video\/","og_site_name":"ComprarMejor","article_modified_time":"2022-12-17T18:53:19+00:00","og_image":[{"width":578,"height":752,"url":"https:\/\/www.comprarmejor.es\/wp-content\/uploads\/2022\/05\/MTIC-1.jpg","type":"image\/jpeg"}],"twitter_card":"summary_large_image","twitter_misc":{"Est. reading time":"1 minute"},"schema":{"@context":"https:\/\/schema.org","@graph":[{"@type":"WebPage","@id":"https:\/\/www.comprarmejor.es\/en\/product\/madonna-the-immaculate-collection-1990-dvd-video\/","url":"https:\/\/www.comprarmejor.es\/en\/product\/madonna-the-immaculate-collection-1990-dvd-video\/","name":"Madonna: The Immaculate Collection. 1990 DVD-Video","isPartOf":{"@id":"https:\/\/www.comprarmejor.es\/en\/#website"},"primaryImageOfPage":{"@id":"https:\/\/www.comprarmejor.es\/en\/product\/madonna-the-immaculate-collection-1990-dvd-video\/#primaryimage"},"image":{"@id":"https:\/\/www.comprarmejor.es\/en\/product\/madonna-the-immaculate-collection-1990-dvd-video\/#primaryimage"},"thumbnailUrl":"https:\/\/www.comprarmejor.es\/wp-content\/uploads\/2022\/05\/MTIC-1.jpg","datePublished":"2022-05-30T08:57:59+00:00","dateModified":"2022-12-17T18:53:19+00:00","description":"Madonna The Immaculate Collection. DVD Video. Year 1990. Original in English. 60 minutes. Contains 13 songs by the American singer. New, unused.","breadcrumb":{"@id":"https:\/\/www.comprarmejor.es\/en\/product\/madonna-the-immaculate-collection-1990-dvd-video\/#breadcrumb"},"inLanguage":"en-US","potentialAction":[{"@type":"ReadAction","target":["https:\/\/www.comprarmejor.es\/en\/product\/madonna-the-immaculate-collection-1990-dvd-video\/"]}]},{"@type":"ImageObject","inLanguage":"en-US","@id":"https:\/\/www.comprarmejor.es\/en\/product\/madonna-the-immaculate-collection-1990-dvd-video\/#primaryimage","url":"https:\/\/www.comprarmejor.es\/wp-content\/uploads\/2022\/05\/MTIC-1.jpg","contentUrl":"https:\/\/www.comprarmejor.es\/wp-content\/uploads\/2022\/05\/MTIC-1.jpg","width":578,"height":752},{"@type":"BreadcrumbList","@id":"https:\/\/www.comprarmejor.es\/en\/product\/madonna-the-immaculate-collection-1990-dvd-video\/#breadcrumb","itemListElement":[{"@type":"ListItem","position":1,"name":"Portada","item":"https:\/\/www.comprarmejor.es\/en\/"},{"@type":"ListItem","position":2,"name":"Shop","item":"https:\/\/www.comprarmejor.es\/en\/shop\/"},{"@type":"ListItem","position":3,"name":"Madonna: The Immaculate Collection. 1990 DVD-Video"}]},{"@type":"WebSite","@id":"https:\/\/www.comprarmejor.es\/en\/#website","url":"https:\/\/www.comprarmejor.es\/en\/","name":"ComprarMejor","description":"ComprarMejor","publisher":{"@id":"https:\/\/www.comprarmejor.es\/en\/#organization"},"potentialAction":[{"@type":"SearchAction","target":{"@type":"EntryPoint","urlTemplate":"https:\/\/www.comprarmejor.es\/en\/?s={search_term_string}"},"query-input":{"@type":"PropertyValueSpecification","valueRequired":true,"valueName":"search_term_string"}}],"inLanguage":"en-US"},{"@type":"Organization","@id":"https:\/\/www.comprarmejor.es\/en\/#organization","name":"COMPRAR MEJOR","url":"https:\/\/www.comprarmejor.es\/en\/","logo":{"@type":"ImageObject","inLanguage":"en-US","@id":"https:\/\/www.comprarmejor.es\/en\/#\/schema\/logo\/image\/","url":"https:\/\/www.comprarmejor.es\/wp-content\/uploads\/2025\/09\/comprarmejortrinidad.jpg","contentUrl":"https:\/\/www.comprarmejor.es\/wp-content\/uploads\/2025\/09\/comprarmejortrinidad.jpg","width":1022,"height":1380,"caption":"COMPRAR MEJOR"},"image":{"@id":"https:\/\/www.comprarmejor.es\/en\/#\/schema\/logo\/image\/"},"sameAs":["https:\/\/www.instagram.com\/amigosdelcodice"]}]}},"_links":{"self":[{"href":"https:\/\/www.comprarmejor.es\/en\/wp-json\/wp\/v2\/product\/76446","targetHints":{"allow":["GET"]}}],"collection":[{"href":"https:\/\/www.comprarmejor.es\/en\/wp-json\/wp\/v2\/product"}],"about":[{"href":"https:\/\/www.comprarmejor.es\/en\/wp-json\/wp\/v2\/types\/product"}],"wp:featuredmedia":[{"embeddable":true,"href":"https:\/\/www.comprarmejor.es\/en\/wp-json\/wp\/v2\/media\/84113"}],"wp:attachment":[{"href":"https:\/\/www.comprarmejor.es\/en\/wp-json\/wp\/v2\/media?parent=76446"}],"wp:term":[{"taxonomy":"product_brand","embeddable":true,"href":"https:\/\/www.comprarmejor.es\/en\/wp-json\/wp\/v2\/product_brand?post=76446"},{"taxonomy":"product_cat","embeddable":true,"href":"https:\/\/www.comprarmejor.es\/en\/wp-json\/wp\/v2\/product_cat?post=76446"},{"taxonomy":"product_tag","embeddable":true,"href":"https:\/\/www.comprarmejor.es\/en\/wp-json\/wp\/v2\/product_tag?post=76446"}],"curies":[{"name":"wp","href":"https:\/\/api.w.org\/{rel}","templated":true}]}}