{"id":76473,"date":"2022-05-30T16:21:54","date_gmt":"2022-05-30T14:21:56","guid":{"rendered":"https:\/\/www.comprarmejor.es\/?post_type=product&#038;p=76473"},"modified":"2022-12-13T18:00:22","modified_gmt":"2022-12-13T17:00:22","slug":"the-decameron-by-giovanni-boccaccio-1975-3-volumes-damage","status":"publish","type":"product","link":"https:\/\/www.comprarmejor.es\/en\/product\/the-decameron-by-giovanni-boccaccio-1975-3-volumes-damage\/","title":{"rendered":"The Decameron, by Giovanni Boccaccio. 1975, 3 volumes. Circle of the Bibliophile (damage)"},"content":{"rendered":"<p style=\"text-align: justify;\">Excellent edition of the great work of Italian literature: The Decameron, by Giovanni Boccaccio (1313-1375). 3 volumes. Printed in 1975 to commemorate the Sixth Centenary of Boccaccio&#8217;s death, it faithfully reproduces, in the artistic form of its time, the edition illustrated by Jean de Bonnot published in Paris.<\/p>\n<p style=\"text-align: justify;\">The stories also called &#8220;The Decameron&#8221;, by Maestro Giovanni Boccaccio, Florentine. Translated from the Italian by Juan G. de Luaces, with 237 woodcut illustrations from the 15th century.<\/p>\n<p style=\"text-align: justify;\">Books bound in luxurious leather with gilt plates on both covers and spine, gilt upper edge, guide tape, watermarked laid paper. Format 14.5 x 21 cm.<\/p>\n<p style=\"text-align: justify;\">Edition numbered and limited to 1,499 copies. Interior in perfect condition, bindings with some scratches and small damage to the skin of the spines.<\/p>\n<p style=\"text-align: justify;\">First Volume: 480 pages.<br \/>\nSecond Volume: 528 pages.<br \/>\nThird Volume: 512 pages.<\/p>\n<p style=\"text-align: justify;\">&#8220;Here ends the book called Decameron, also called Prince Galeoto, which contains a hundred stories told in ten days by seven women and three young men.&#8221;<\/p>\n<p style=\"text-align: justify;\">The editorial project that from 1975 to 1983, under the publishing labels Libros Raros y Antiguos (with 18 titles), C\u00edrculo de Amigos de la Historia (with 27 collections and 918 titles) and Editora de los Amigos del C\u00edrculo del Bibliofilo (with 157 titles) ), represented the most interesting achievement ever made in Bibliophile. Books with their own editions and high-quality facsimiles with bindings that beautify and distinguish any library at very affordable prices.<\/p>\n<p style=\"text-align: justify;\">Shipping costs paid by the buyer, according to order and destination. <span id=\"result_box\" lang=\"en\" xml:lang=\"en\"><span title=\"Cons\u00faltenos cualquier duda, as\u00ed como por cualquier otro Beato o facs\u00edmile que est\u00e9 buscando.\"><a class=\"btn btn-default\" href=\"https:\/\/www.comprarmejor.es\/en\/contact\">Ask us<\/a> <span class=\"VIiyi\" lang=\"en\"><span class=\"JLqJ4b\" data-language-for-alternatives=\"en\" data-language-to-translate-into=\"es\" data-phrase-index=\"0\" data-number-of-phrases=\"1\"><span class=\"Q4iAWc\">any questions you may have, indicating the article reference.<\/span><\/span><\/span><br \/>\n<\/span><\/span><\/p>\n","protected":false},"excerpt":{"rendered":"<p style=\"text-align: justify;\"><span id=\"result_box\" lang=\"en\" xml:lang=\"en\"><span title=\"Original conservado en la Biblioteca del Colegio de Santa Cruz de la Universidad de Valladolid.\"><span class=\"VIiyi\" lang=\"en\"><span class=\"JLqJ4b\" data-language-for-alternatives=\"en\" data-language-to-translate-into=\"es\" data-phrase-index=\"0\" data-number-of-phrases=\"1\"><span class=\"Q4iAWc\"><span class=\"HwtZe\" lang=\"en\"><span class=\"jCAhz ChMk0b\"><span class=\"ryNqvb\">Excellent edition of the great work of Italian literature: The Decameron, by Giovanni Boccaccio (1313-1375).<\/span><\/span> <span class=\"jCAhz ChMk0b\"><span class=\"ryNqvb\">3 volumes.<\/span><\/span> <span class=\"jCAhz ChMk0b\"><span class=\"ryNqvb\">Printed in 1975<\/span><\/span><\/span><\/span><\/span><\/span><\/span><\/span><\/p>\n","protected":false},"featured_media":83945,"template":"","meta":[],"product_brand":[],"product_cat":[2256],"product_tag":[5822,4247],"class_list":{"0":"post-76473","1":"product","2":"type-product","3":"status-publish","4":"has-post-thumbnail","6":"product_cat-books-in-general","7":"product_tag-bibliofilia-en","8":"product_tag-boccaccio-en","9":"product_shipping_class-from-2-to-5-kg","10":"description-off","12":"first","13":"instock","14":"taxable","15":"shipping-taxable","16":"purchasable","17":"product-type-simple"},"yoast_head":"<!-- This site is optimized with the Yoast SEO plugin v27.3 - https:\/\/yoast.com\/product\/yoast-seo-wordpress\/ -->\n<title>The Decameron, by Giovanni Boccaccio. 1975, 3 volumes. Damag<\/title>\n<meta name=\"description\" content=\"Excellent edition of the great work of Italian literature: The Decameron, by Giovanni Boccaccio (1313-1375). 3 volumes. Printed in 1975\" \/>\n<meta name=\"robots\" content=\"index, follow, max-snippet:-1, max-image-preview:large, max-video-preview:-1\" \/>\n<link rel=\"canonical\" href=\"https:\/\/www.comprarmejor.es\/en\/product\/the-decameron-by-giovanni-boccaccio-1975-3-volumes-damage\/\" \/>\n<meta property=\"og:locale\" content=\"en_US\" \/>\n<meta property=\"og:type\" content=\"article\" \/>\n<meta property=\"og:title\" content=\"The Decameron, by Giovanni Boccaccio. 1975, 3 volumes. Damag\" \/>\n<meta property=\"og:description\" content=\"Excellent edition of the great work of Italian literature: The Decameron, by Giovanni Boccaccio (1313-1375). 3 volumes. Printed in 1975\" \/>\n<meta property=\"og:url\" content=\"https:\/\/www.comprarmejor.es\/en\/product\/the-decameron-by-giovanni-boccaccio-1975-3-volumes-damage\/\" \/>\n<meta property=\"og:site_name\" content=\"ComprarMejor\" \/>\n<meta property=\"article:modified_time\" content=\"2022-12-13T17:00:22+00:00\" \/>\n<meta property=\"og:image\" content=\"https:\/\/www.comprarmejor.es\/wp-content\/uploads\/2022\/05\/DGVm-1.jpg\" \/>\n\t<meta property=\"og:image:width\" content=\"768\" \/>\n\t<meta property=\"og:image:height\" content=\"376\" \/>\n\t<meta property=\"og:image:type\" content=\"image\/jpeg\" \/>\n<meta name=\"twitter:card\" content=\"summary_large_image\" \/>\n<meta name=\"twitter:label1\" content=\"Est. reading time\" \/>\n\t<meta name=\"twitter:data1\" content=\"2 minutes\" \/>\n<script type=\"application\/ld+json\" class=\"yoast-schema-graph\">{\"@context\":\"https:\\\/\\\/schema.org\",\"@graph\":[{\"@type\":\"WebPage\",\"@id\":\"https:\\\/\\\/www.comprarmejor.es\\\/en\\\/product\\\/the-decameron-by-giovanni-boccaccio-1975-3-volumes-damage\\\/\",\"url\":\"https:\\\/\\\/www.comprarmejor.es\\\/en\\\/product\\\/the-decameron-by-giovanni-boccaccio-1975-3-volumes-damage\\\/\",\"name\":\"The Decameron, by Giovanni Boccaccio. 1975, 3 volumes. Damag\",\"isPartOf\":{\"@id\":\"https:\\\/\\\/www.comprarmejor.es\\\/en\\\/#website\"},\"primaryImageOfPage\":{\"@id\":\"https:\\\/\\\/www.comprarmejor.es\\\/en\\\/product\\\/the-decameron-by-giovanni-boccaccio-1975-3-volumes-damage\\\/#primaryimage\"},\"image\":{\"@id\":\"https:\\\/\\\/www.comprarmejor.es\\\/en\\\/product\\\/the-decameron-by-giovanni-boccaccio-1975-3-volumes-damage\\\/#primaryimage\"},\"thumbnailUrl\":\"https:\\\/\\\/www.comprarmejor.es\\\/wp-content\\\/uploads\\\/2022\\\/05\\\/DGVm-1.jpg\",\"datePublished\":\"2022-05-30T14:21:56+00:00\",\"dateModified\":\"2022-12-13T17:00:22+00:00\",\"description\":\"Excellent edition of the great work of Italian literature: The Decameron, by Giovanni Boccaccio (1313-1375). 3 volumes. Printed in 1975\",\"breadcrumb\":{\"@id\":\"https:\\\/\\\/www.comprarmejor.es\\\/en\\\/product\\\/the-decameron-by-giovanni-boccaccio-1975-3-volumes-damage\\\/#breadcrumb\"},\"inLanguage\":\"en-US\",\"potentialAction\":[{\"@type\":\"ReadAction\",\"target\":[\"https:\\\/\\\/www.comprarmejor.es\\\/en\\\/product\\\/the-decameron-by-giovanni-boccaccio-1975-3-volumes-damage\\\/\"]}]},{\"@type\":\"ImageObject\",\"inLanguage\":\"en-US\",\"@id\":\"https:\\\/\\\/www.comprarmejor.es\\\/en\\\/product\\\/the-decameron-by-giovanni-boccaccio-1975-3-volumes-damage\\\/#primaryimage\",\"url\":\"https:\\\/\\\/www.comprarmejor.es\\\/wp-content\\\/uploads\\\/2022\\\/05\\\/DGVm-1.jpg\",\"contentUrl\":\"https:\\\/\\\/www.comprarmejor.es\\\/wp-content\\\/uploads\\\/2022\\\/05\\\/DGVm-1.jpg\",\"width\":768,\"height\":376},{\"@type\":\"BreadcrumbList\",\"@id\":\"https:\\\/\\\/www.comprarmejor.es\\\/en\\\/product\\\/the-decameron-by-giovanni-boccaccio-1975-3-volumes-damage\\\/#breadcrumb\",\"itemListElement\":[{\"@type\":\"ListItem\",\"position\":1,\"name\":\"Portada\",\"item\":\"https:\\\/\\\/www.comprarmejor.es\\\/en\\\/\"},{\"@type\":\"ListItem\",\"position\":2,\"name\":\"Shop\",\"item\":\"https:\\\/\\\/www.comprarmejor.es\\\/en\\\/shop\\\/\"},{\"@type\":\"ListItem\",\"position\":3,\"name\":\"The Decameron, by Giovanni Boccaccio. 1975, 3 volumes. Circle of the Bibliophile (damage)\"}]},{\"@type\":\"WebSite\",\"@id\":\"https:\\\/\\\/www.comprarmejor.es\\\/en\\\/#website\",\"url\":\"https:\\\/\\\/www.comprarmejor.es\\\/en\\\/\",\"name\":\"ComprarMejor\",\"description\":\"ComprarMejor\",\"publisher\":{\"@id\":\"https:\\\/\\\/www.comprarmejor.es\\\/en\\\/#organization\"},\"potentialAction\":[{\"@type\":\"SearchAction\",\"target\":{\"@type\":\"EntryPoint\",\"urlTemplate\":\"https:\\\/\\\/www.comprarmejor.es\\\/en\\\/?s={search_term_string}\"},\"query-input\":{\"@type\":\"PropertyValueSpecification\",\"valueRequired\":true,\"valueName\":\"search_term_string\"}}],\"inLanguage\":\"en-US\"},{\"@type\":\"Organization\",\"@id\":\"https:\\\/\\\/www.comprarmejor.es\\\/en\\\/#organization\",\"name\":\"COMPRAR MEJOR\",\"url\":\"https:\\\/\\\/www.comprarmejor.es\\\/en\\\/\",\"logo\":{\"@type\":\"ImageObject\",\"inLanguage\":\"en-US\",\"@id\":\"https:\\\/\\\/www.comprarmejor.es\\\/en\\\/#\\\/schema\\\/logo\\\/image\\\/\",\"url\":\"https:\\\/\\\/www.comprarmejor.es\\\/wp-content\\\/uploads\\\/2025\\\/09\\\/comprarmejortrinidad.jpg\",\"contentUrl\":\"https:\\\/\\\/www.comprarmejor.es\\\/wp-content\\\/uploads\\\/2025\\\/09\\\/comprarmejortrinidad.jpg\",\"width\":1022,\"height\":1380,\"caption\":\"COMPRAR MEJOR\"},\"image\":{\"@id\":\"https:\\\/\\\/www.comprarmejor.es\\\/en\\\/#\\\/schema\\\/logo\\\/image\\\/\"},\"sameAs\":[\"https:\\\/\\\/www.instagram.com\\\/amigosdelcodice\"]}]}<\/script>\n<!-- \/ Yoast SEO plugin. -->","yoast_head_json":{"title":"The Decameron, by Giovanni Boccaccio. 1975, 3 volumes. Damag","description":"Excellent edition of the great work of Italian literature: The Decameron, by Giovanni Boccaccio (1313-1375). 3 volumes. Printed in 1975","robots":{"index":"index","follow":"follow","max-snippet":"max-snippet:-1","max-image-preview":"max-image-preview:large","max-video-preview":"max-video-preview:-1"},"canonical":"https:\/\/www.comprarmejor.es\/en\/product\/the-decameron-by-giovanni-boccaccio-1975-3-volumes-damage\/","og_locale":"en_US","og_type":"article","og_title":"The Decameron, by Giovanni Boccaccio. 1975, 3 volumes. Damag","og_description":"Excellent edition of the great work of Italian literature: The Decameron, by Giovanni Boccaccio (1313-1375). 3 volumes. Printed in 1975","og_url":"https:\/\/www.comprarmejor.es\/en\/product\/the-decameron-by-giovanni-boccaccio-1975-3-volumes-damage\/","og_site_name":"ComprarMejor","article_modified_time":"2022-12-13T17:00:22+00:00","og_image":[{"width":768,"height":376,"url":"https:\/\/www.comprarmejor.es\/wp-content\/uploads\/2022\/05\/DGVm-1.jpg","type":"image\/jpeg"}],"twitter_card":"summary_large_image","twitter_misc":{"Est. reading time":"2 minutes"},"schema":{"@context":"https:\/\/schema.org","@graph":[{"@type":"WebPage","@id":"https:\/\/www.comprarmejor.es\/en\/product\/the-decameron-by-giovanni-boccaccio-1975-3-volumes-damage\/","url":"https:\/\/www.comprarmejor.es\/en\/product\/the-decameron-by-giovanni-boccaccio-1975-3-volumes-damage\/","name":"The Decameron, by Giovanni Boccaccio. 1975, 3 volumes. Damag","isPartOf":{"@id":"https:\/\/www.comprarmejor.es\/en\/#website"},"primaryImageOfPage":{"@id":"https:\/\/www.comprarmejor.es\/en\/product\/the-decameron-by-giovanni-boccaccio-1975-3-volumes-damage\/#primaryimage"},"image":{"@id":"https:\/\/www.comprarmejor.es\/en\/product\/the-decameron-by-giovanni-boccaccio-1975-3-volumes-damage\/#primaryimage"},"thumbnailUrl":"https:\/\/www.comprarmejor.es\/wp-content\/uploads\/2022\/05\/DGVm-1.jpg","datePublished":"2022-05-30T14:21:56+00:00","dateModified":"2022-12-13T17:00:22+00:00","description":"Excellent edition of the great work of Italian literature: The Decameron, by Giovanni Boccaccio (1313-1375). 3 volumes. Printed in 1975","breadcrumb":{"@id":"https:\/\/www.comprarmejor.es\/en\/product\/the-decameron-by-giovanni-boccaccio-1975-3-volumes-damage\/#breadcrumb"},"inLanguage":"en-US","potentialAction":[{"@type":"ReadAction","target":["https:\/\/www.comprarmejor.es\/en\/product\/the-decameron-by-giovanni-boccaccio-1975-3-volumes-damage\/"]}]},{"@type":"ImageObject","inLanguage":"en-US","@id":"https:\/\/www.comprarmejor.es\/en\/product\/the-decameron-by-giovanni-boccaccio-1975-3-volumes-damage\/#primaryimage","url":"https:\/\/www.comprarmejor.es\/wp-content\/uploads\/2022\/05\/DGVm-1.jpg","contentUrl":"https:\/\/www.comprarmejor.es\/wp-content\/uploads\/2022\/05\/DGVm-1.jpg","width":768,"height":376},{"@type":"BreadcrumbList","@id":"https:\/\/www.comprarmejor.es\/en\/product\/the-decameron-by-giovanni-boccaccio-1975-3-volumes-damage\/#breadcrumb","itemListElement":[{"@type":"ListItem","position":1,"name":"Portada","item":"https:\/\/www.comprarmejor.es\/en\/"},{"@type":"ListItem","position":2,"name":"Shop","item":"https:\/\/www.comprarmejor.es\/en\/shop\/"},{"@type":"ListItem","position":3,"name":"The Decameron, by Giovanni Boccaccio. 1975, 3 volumes. Circle of the Bibliophile (damage)"}]},{"@type":"WebSite","@id":"https:\/\/www.comprarmejor.es\/en\/#website","url":"https:\/\/www.comprarmejor.es\/en\/","name":"ComprarMejor","description":"ComprarMejor","publisher":{"@id":"https:\/\/www.comprarmejor.es\/en\/#organization"},"potentialAction":[{"@type":"SearchAction","target":{"@type":"EntryPoint","urlTemplate":"https:\/\/www.comprarmejor.es\/en\/?s={search_term_string}"},"query-input":{"@type":"PropertyValueSpecification","valueRequired":true,"valueName":"search_term_string"}}],"inLanguage":"en-US"},{"@type":"Organization","@id":"https:\/\/www.comprarmejor.es\/en\/#organization","name":"COMPRAR MEJOR","url":"https:\/\/www.comprarmejor.es\/en\/","logo":{"@type":"ImageObject","inLanguage":"en-US","@id":"https:\/\/www.comprarmejor.es\/en\/#\/schema\/logo\/image\/","url":"https:\/\/www.comprarmejor.es\/wp-content\/uploads\/2025\/09\/comprarmejortrinidad.jpg","contentUrl":"https:\/\/www.comprarmejor.es\/wp-content\/uploads\/2025\/09\/comprarmejortrinidad.jpg","width":1022,"height":1380,"caption":"COMPRAR MEJOR"},"image":{"@id":"https:\/\/www.comprarmejor.es\/en\/#\/schema\/logo\/image\/"},"sameAs":["https:\/\/www.instagram.com\/amigosdelcodice"]}]}},"_links":{"self":[{"href":"https:\/\/www.comprarmejor.es\/en\/wp-json\/wp\/v2\/product\/76473","targetHints":{"allow":["GET"]}}],"collection":[{"href":"https:\/\/www.comprarmejor.es\/en\/wp-json\/wp\/v2\/product"}],"about":[{"href":"https:\/\/www.comprarmejor.es\/en\/wp-json\/wp\/v2\/types\/product"}],"wp:featuredmedia":[{"embeddable":true,"href":"https:\/\/www.comprarmejor.es\/en\/wp-json\/wp\/v2\/media\/83945"}],"wp:attachment":[{"href":"https:\/\/www.comprarmejor.es\/en\/wp-json\/wp\/v2\/media?parent=76473"}],"wp:term":[{"taxonomy":"product_brand","embeddable":true,"href":"https:\/\/www.comprarmejor.es\/en\/wp-json\/wp\/v2\/product_brand?post=76473"},{"taxonomy":"product_cat","embeddable":true,"href":"https:\/\/www.comprarmejor.es\/en\/wp-json\/wp\/v2\/product_cat?post=76473"},{"taxonomy":"product_tag","embeddable":true,"href":"https:\/\/www.comprarmejor.es\/en\/wp-json\/wp\/v2\/product_tag?post=76473"}],"curies":[{"name":"wp","href":"https:\/\/api.w.org\/{rel}","templated":true}]}}