{"id":76614,"date":"2022-06-02T17:41:53","date_gmt":"2022-06-02T15:41:53","guid":{"rendered":"https:\/\/www.comprarmejor.es\/?post_type=product&#038;p=76614"},"modified":"2025-10-13T16:42:52","modified_gmt":"2025-10-13T14:42:52","slug":"beatus-of-liebana-fmr-1983-the-signs-of-man-2","status":"publish","type":"product","link":"https:\/\/www.comprarmejor.es\/en\/product\/beatus-of-liebana-fmr-1983-the-signs-of-man-2\/","title":{"rendered":"Beatus of Li\u00e9bana. FMR 1983. The Signs of Man 2"},"content":{"rendered":"<p style=\"text-align: justify;\">Beatus of Li\u00e9bana. Part of the collection &#8220;The Signs of Man&#8221; (number 2), with text and commentary by Umberto Eco, published by the Italian publisher Franco Maria Ricci (FMR). First edition in Spanish, 1983.<\/p>\n<p style=\"text-align: justify;\">Numbered and limited edition of 5,000 copies. Hardcover binding covered in black silk, with a mounted color plate, titles, and decorations in gold. 24 x 35.5 cm. 176 pages, special gray-tinted paper with 33 mounted color plates, all of them images from the Codex of Ferdinand I and Do\u00f1a Sancha in the National Library of Spain.<br \/>\nPresented in a black cloth-and-paper-covered box with a spine label, measuring 25.5 x 37.5 x 4 cm.<\/p>\n<p style=\"text-align: justify;\">In the 1970s, FMR began a collection of books called &#8220;The Signs of Man,&#8221; initially in Italian and later in editions translated into other languages, although not all titles in the collection. The editorial characteristics were the same in all of them: the same format, the same box, the same gray-tinted paper, illustrated with mounted color plates, and numbered and limited editions (although not the same number of copies for each title).<\/p>\n<p style=\"text-align: justify;\">Our copy is in perfect condition, complete, and revised.<\/p>\n<p style=\"text-align: justify;\">Shipping costs depend on the order and destination. <span id=\"result_box\" lang=\"en\" xml:lang=\"en\"><span title=\"Cons\u00faltenos cualquier duda, as\u00ed como por cualquier otro Beato o facs\u00edmile que est\u00e9 buscando.\"><a class=\"btn btn-default\" href=\"https:\/\/www.comprarmejor.es\/en\/contact\/\">Ask us<\/a> <span class=\"VIiyi\" lang=\"en\"><span class=\"JLqJ4b\" data-language-for-alternatives=\"en\" data-language-to-translate-into=\"es\" data-phrase-index=\"0\" data-number-of-phrases=\"1\"><span class=\"Q4iAWc\">any questions you may have, indicating the article reference.<\/span><\/span><\/span><\/span><\/span><\/p>\n","protected":false},"excerpt":{"rendered":"<p style=\"text-align: justify;\"><span id=\"result_box\" lang=\"en\" xml:lang=\"en\"><span title=\"Original conservado en la Biblioteca del Colegio de Santa Cruz de la Universidad de Valladolid.\"><span class=\"VIiyi\" lang=\"en\"><span class=\"JLqJ4b\" data-language-for-alternatives=\"en\" data-language-to-translate-into=\"es\" data-phrase-index=\"0\" data-number-of-phrases=\"1\"><span class=\"Q4iAWc\"><span class=\"JLqJ4b ChMk0b\" data-language-for-alternatives=\"en\" data-language-to-translate-into=\"es\" data-phrase-index=\"8\" data-number-of-phrases=\"27\">Beatus of Li\u00e9bana. Part of the collection &#8220;The Signs of Man&#8221; (number 2), with text and commentary by Umberto Eco, published by the Italian publisher FMR. First edition in Spanish, 1983.<\/span><\/span><\/span><\/span><\/span><\/span><\/p>\n","protected":false},"featured_media":104346,"template":"","meta":[],"product_brand":[],"product_cat":[2210,2256,2242],"product_tag":[5135,5822,5058,4193,5060,5136,4799],"class_list":{"0":"post-76614","1":"product","2":"type-product","3":"status-publish","4":"has-post-thumbnail","6":"product_cat-bibliophilia","7":"product_cat-books-in-general","8":"product_cat-first-editions","9":"product_tag-beato-en","10":"product_tag-bibliofilia-en","11":"product_tag-fernando-i-en-2","12":"product_tag-fmr-en-2","13":"product_tag-franco-en-2","14":"product_tag-liebana-en","15":"product_tag-sancha-en","16":"product_shipping_class-from-2-to-5-kg","17":"description-off","19":"first","20":"instock","21":"taxable","22":"shipping-taxable","23":"purchasable","24":"product-type-simple"},"yoast_head":"<!-- This site is optimized with the Yoast SEO plugin v27.3 - https:\/\/yoast.com\/product\/yoast-seo-wordpress\/ -->\n<title>Beatus of Li\u00e9bana. FMR 1983. The Signs of Man 2<\/title>\n<meta name=\"description\" content=\"Beatus of Li\u00e9bana. Part of the collection &quot;The Signs of Man&quot; (number 2), with text and commentary by Umberto Eco, published by the Italian publisher FMR\" \/>\n<meta name=\"robots\" content=\"index, follow, max-snippet:-1, max-image-preview:large, max-video-preview:-1\" \/>\n<link rel=\"canonical\" href=\"https:\/\/www.comprarmejor.es\/en\/product\/beatus-of-liebana-fmr-1983-the-signs-of-man-2\/\" \/>\n<meta property=\"og:locale\" content=\"en_US\" \/>\n<meta property=\"og:type\" content=\"article\" \/>\n<meta property=\"og:title\" content=\"Beatus of Li\u00e9bana. FMR 1983. The Signs of Man 2\" \/>\n<meta property=\"og:description\" content=\"Beatus of Li\u00e9bana. Part of the collection &quot;The Signs of Man&quot; (number 2), with text and commentary by Umberto Eco, published by the Italian publisher FMR\" \/>\n<meta property=\"og:url\" content=\"https:\/\/www.comprarmejor.es\/en\/product\/beatus-of-liebana-fmr-1983-the-signs-of-man-2\/\" \/>\n<meta property=\"og:site_name\" content=\"ComprarMejor\" \/>\n<meta property=\"article:modified_time\" content=\"2025-10-13T14:42:52+00:00\" \/>\n<meta property=\"og:image\" content=\"https:\/\/www.comprarmejor.es\/wp-content\/uploads\/2022\/06\/LSH2-1.jpg\" \/>\n\t<meta property=\"og:image:width\" content=\"756\" \/>\n\t<meta property=\"og:image:height\" content=\"567\" \/>\n\t<meta property=\"og:image:type\" content=\"image\/jpeg\" \/>\n<meta name=\"twitter:card\" content=\"summary_large_image\" \/>\n<meta name=\"twitter:label1\" content=\"Est. reading time\" \/>\n\t<meta name=\"twitter:data1\" content=\"2 minutes\" \/>\n<script type=\"application\/ld+json\" class=\"yoast-schema-graph\">{\"@context\":\"https:\\\/\\\/schema.org\",\"@graph\":[{\"@type\":\"WebPage\",\"@id\":\"https:\\\/\\\/www.comprarmejor.es\\\/en\\\/product\\\/beatus-of-liebana-fmr-1983-the-signs-of-man-2\\\/\",\"url\":\"https:\\\/\\\/www.comprarmejor.es\\\/en\\\/product\\\/beatus-of-liebana-fmr-1983-the-signs-of-man-2\\\/\",\"name\":\"Beatus of Li\u00e9bana. FMR 1983. The Signs of Man 2\",\"isPartOf\":{\"@id\":\"https:\\\/\\\/www.comprarmejor.es\\\/en\\\/#website\"},\"primaryImageOfPage\":{\"@id\":\"https:\\\/\\\/www.comprarmejor.es\\\/en\\\/product\\\/beatus-of-liebana-fmr-1983-the-signs-of-man-2\\\/#primaryimage\"},\"image\":{\"@id\":\"https:\\\/\\\/www.comprarmejor.es\\\/en\\\/product\\\/beatus-of-liebana-fmr-1983-the-signs-of-man-2\\\/#primaryimage\"},\"thumbnailUrl\":\"https:\\\/\\\/www.comprarmejor.es\\\/wp-content\\\/uploads\\\/2022\\\/06\\\/LSH2-1.jpg\",\"datePublished\":\"2022-06-02T15:41:53+00:00\",\"dateModified\":\"2025-10-13T14:42:52+00:00\",\"description\":\"Beatus of Li\u00e9bana. Part of the collection \\\"The Signs of Man\\\" (number 2), with text and commentary by Umberto Eco, published by the Italian publisher FMR\",\"breadcrumb\":{\"@id\":\"https:\\\/\\\/www.comprarmejor.es\\\/en\\\/product\\\/beatus-of-liebana-fmr-1983-the-signs-of-man-2\\\/#breadcrumb\"},\"inLanguage\":\"en-US\",\"potentialAction\":[{\"@type\":\"ReadAction\",\"target\":[\"https:\\\/\\\/www.comprarmejor.es\\\/en\\\/product\\\/beatus-of-liebana-fmr-1983-the-signs-of-man-2\\\/\"]}]},{\"@type\":\"ImageObject\",\"inLanguage\":\"en-US\",\"@id\":\"https:\\\/\\\/www.comprarmejor.es\\\/en\\\/product\\\/beatus-of-liebana-fmr-1983-the-signs-of-man-2\\\/#primaryimage\",\"url\":\"https:\\\/\\\/www.comprarmejor.es\\\/wp-content\\\/uploads\\\/2022\\\/06\\\/LSH2-1.jpg\",\"contentUrl\":\"https:\\\/\\\/www.comprarmejor.es\\\/wp-content\\\/uploads\\\/2022\\\/06\\\/LSH2-1.jpg\",\"width\":756,\"height\":567},{\"@type\":\"BreadcrumbList\",\"@id\":\"https:\\\/\\\/www.comprarmejor.es\\\/en\\\/product\\\/beatus-of-liebana-fmr-1983-the-signs-of-man-2\\\/#breadcrumb\",\"itemListElement\":[{\"@type\":\"ListItem\",\"position\":1,\"name\":\"Portada\",\"item\":\"https:\\\/\\\/www.comprarmejor.es\\\/en\\\/\"},{\"@type\":\"ListItem\",\"position\":2,\"name\":\"Shop\",\"item\":\"https:\\\/\\\/www.comprarmejor.es\\\/en\\\/shop\\\/\"},{\"@type\":\"ListItem\",\"position\":3,\"name\":\"Beatus of Li\u00e9bana. FMR 1983. The Signs of Man 2\"}]},{\"@type\":\"WebSite\",\"@id\":\"https:\\\/\\\/www.comprarmejor.es\\\/en\\\/#website\",\"url\":\"https:\\\/\\\/www.comprarmejor.es\\\/en\\\/\",\"name\":\"ComprarMejor\",\"description\":\"ComprarMejor\",\"publisher\":{\"@id\":\"https:\\\/\\\/www.comprarmejor.es\\\/en\\\/#organization\"},\"potentialAction\":[{\"@type\":\"SearchAction\",\"target\":{\"@type\":\"EntryPoint\",\"urlTemplate\":\"https:\\\/\\\/www.comprarmejor.es\\\/en\\\/?s={search_term_string}\"},\"query-input\":{\"@type\":\"PropertyValueSpecification\",\"valueRequired\":true,\"valueName\":\"search_term_string\"}}],\"inLanguage\":\"en-US\"},{\"@type\":\"Organization\",\"@id\":\"https:\\\/\\\/www.comprarmejor.es\\\/en\\\/#organization\",\"name\":\"COMPRAR MEJOR\",\"url\":\"https:\\\/\\\/www.comprarmejor.es\\\/en\\\/\",\"logo\":{\"@type\":\"ImageObject\",\"inLanguage\":\"en-US\",\"@id\":\"https:\\\/\\\/www.comprarmejor.es\\\/en\\\/#\\\/schema\\\/logo\\\/image\\\/\",\"url\":\"https:\\\/\\\/www.comprarmejor.es\\\/wp-content\\\/uploads\\\/2025\\\/09\\\/comprarmejortrinidad.jpg\",\"contentUrl\":\"https:\\\/\\\/www.comprarmejor.es\\\/wp-content\\\/uploads\\\/2025\\\/09\\\/comprarmejortrinidad.jpg\",\"width\":1022,\"height\":1380,\"caption\":\"COMPRAR MEJOR\"},\"image\":{\"@id\":\"https:\\\/\\\/www.comprarmejor.es\\\/en\\\/#\\\/schema\\\/logo\\\/image\\\/\"},\"sameAs\":[\"https:\\\/\\\/www.instagram.com\\\/amigosdelcodice\"]}]}<\/script>\n<!-- \/ Yoast SEO plugin. -->","yoast_head_json":{"title":"Beatus of Li\u00e9bana. FMR 1983. The Signs of Man 2","description":"Beatus of Li\u00e9bana. Part of the collection \"The Signs of Man\" (number 2), with text and commentary by Umberto Eco, published by the Italian publisher FMR","robots":{"index":"index","follow":"follow","max-snippet":"max-snippet:-1","max-image-preview":"max-image-preview:large","max-video-preview":"max-video-preview:-1"},"canonical":"https:\/\/www.comprarmejor.es\/en\/product\/beatus-of-liebana-fmr-1983-the-signs-of-man-2\/","og_locale":"en_US","og_type":"article","og_title":"Beatus of Li\u00e9bana. FMR 1983. The Signs of Man 2","og_description":"Beatus of Li\u00e9bana. Part of the collection \"The Signs of Man\" (number 2), with text and commentary by Umberto Eco, published by the Italian publisher FMR","og_url":"https:\/\/www.comprarmejor.es\/en\/product\/beatus-of-liebana-fmr-1983-the-signs-of-man-2\/","og_site_name":"ComprarMejor","article_modified_time":"2025-10-13T14:42:52+00:00","og_image":[{"width":756,"height":567,"url":"https:\/\/www.comprarmejor.es\/wp-content\/uploads\/2022\/06\/LSH2-1.jpg","type":"image\/jpeg"}],"twitter_card":"summary_large_image","twitter_misc":{"Est. reading time":"2 minutes"},"schema":{"@context":"https:\/\/schema.org","@graph":[{"@type":"WebPage","@id":"https:\/\/www.comprarmejor.es\/en\/product\/beatus-of-liebana-fmr-1983-the-signs-of-man-2\/","url":"https:\/\/www.comprarmejor.es\/en\/product\/beatus-of-liebana-fmr-1983-the-signs-of-man-2\/","name":"Beatus of Li\u00e9bana. FMR 1983. The Signs of Man 2","isPartOf":{"@id":"https:\/\/www.comprarmejor.es\/en\/#website"},"primaryImageOfPage":{"@id":"https:\/\/www.comprarmejor.es\/en\/product\/beatus-of-liebana-fmr-1983-the-signs-of-man-2\/#primaryimage"},"image":{"@id":"https:\/\/www.comprarmejor.es\/en\/product\/beatus-of-liebana-fmr-1983-the-signs-of-man-2\/#primaryimage"},"thumbnailUrl":"https:\/\/www.comprarmejor.es\/wp-content\/uploads\/2022\/06\/LSH2-1.jpg","datePublished":"2022-06-02T15:41:53+00:00","dateModified":"2025-10-13T14:42:52+00:00","description":"Beatus of Li\u00e9bana. Part of the collection \"The Signs of Man\" (number 2), with text and commentary by Umberto Eco, published by the Italian publisher FMR","breadcrumb":{"@id":"https:\/\/www.comprarmejor.es\/en\/product\/beatus-of-liebana-fmr-1983-the-signs-of-man-2\/#breadcrumb"},"inLanguage":"en-US","potentialAction":[{"@type":"ReadAction","target":["https:\/\/www.comprarmejor.es\/en\/product\/beatus-of-liebana-fmr-1983-the-signs-of-man-2\/"]}]},{"@type":"ImageObject","inLanguage":"en-US","@id":"https:\/\/www.comprarmejor.es\/en\/product\/beatus-of-liebana-fmr-1983-the-signs-of-man-2\/#primaryimage","url":"https:\/\/www.comprarmejor.es\/wp-content\/uploads\/2022\/06\/LSH2-1.jpg","contentUrl":"https:\/\/www.comprarmejor.es\/wp-content\/uploads\/2022\/06\/LSH2-1.jpg","width":756,"height":567},{"@type":"BreadcrumbList","@id":"https:\/\/www.comprarmejor.es\/en\/product\/beatus-of-liebana-fmr-1983-the-signs-of-man-2\/#breadcrumb","itemListElement":[{"@type":"ListItem","position":1,"name":"Portada","item":"https:\/\/www.comprarmejor.es\/en\/"},{"@type":"ListItem","position":2,"name":"Shop","item":"https:\/\/www.comprarmejor.es\/en\/shop\/"},{"@type":"ListItem","position":3,"name":"Beatus of Li\u00e9bana. FMR 1983. The Signs of Man 2"}]},{"@type":"WebSite","@id":"https:\/\/www.comprarmejor.es\/en\/#website","url":"https:\/\/www.comprarmejor.es\/en\/","name":"ComprarMejor","description":"ComprarMejor","publisher":{"@id":"https:\/\/www.comprarmejor.es\/en\/#organization"},"potentialAction":[{"@type":"SearchAction","target":{"@type":"EntryPoint","urlTemplate":"https:\/\/www.comprarmejor.es\/en\/?s={search_term_string}"},"query-input":{"@type":"PropertyValueSpecification","valueRequired":true,"valueName":"search_term_string"}}],"inLanguage":"en-US"},{"@type":"Organization","@id":"https:\/\/www.comprarmejor.es\/en\/#organization","name":"COMPRAR MEJOR","url":"https:\/\/www.comprarmejor.es\/en\/","logo":{"@type":"ImageObject","inLanguage":"en-US","@id":"https:\/\/www.comprarmejor.es\/en\/#\/schema\/logo\/image\/","url":"https:\/\/www.comprarmejor.es\/wp-content\/uploads\/2025\/09\/comprarmejortrinidad.jpg","contentUrl":"https:\/\/www.comprarmejor.es\/wp-content\/uploads\/2025\/09\/comprarmejortrinidad.jpg","width":1022,"height":1380,"caption":"COMPRAR MEJOR"},"image":{"@id":"https:\/\/www.comprarmejor.es\/en\/#\/schema\/logo\/image\/"},"sameAs":["https:\/\/www.instagram.com\/amigosdelcodice"]}]}},"_links":{"self":[{"href":"https:\/\/www.comprarmejor.es\/en\/wp-json\/wp\/v2\/product\/76614","targetHints":{"allow":["GET"]}}],"collection":[{"href":"https:\/\/www.comprarmejor.es\/en\/wp-json\/wp\/v2\/product"}],"about":[{"href":"https:\/\/www.comprarmejor.es\/en\/wp-json\/wp\/v2\/types\/product"}],"wp:featuredmedia":[{"embeddable":true,"href":"https:\/\/www.comprarmejor.es\/en\/wp-json\/wp\/v2\/media\/104346"}],"wp:attachment":[{"href":"https:\/\/www.comprarmejor.es\/en\/wp-json\/wp\/v2\/media?parent=76614"}],"wp:term":[{"taxonomy":"product_brand","embeddable":true,"href":"https:\/\/www.comprarmejor.es\/en\/wp-json\/wp\/v2\/product_brand?post=76614"},{"taxonomy":"product_cat","embeddable":true,"href":"https:\/\/www.comprarmejor.es\/en\/wp-json\/wp\/v2\/product_cat?post=76614"},{"taxonomy":"product_tag","embeddable":true,"href":"https:\/\/www.comprarmejor.es\/en\/wp-json\/wp\/v2\/product_tag?post=76614"}],"curies":[{"name":"wp","href":"https:\/\/api.w.org\/{rel}","templated":true}]}}