{"id":76649,"date":"2022-06-03T11:55:10","date_gmt":"2022-06-03T09:55:12","guid":{"rendered":"https:\/\/www.comprarmejor.es\/?post_type=product&#038;p=76649"},"modified":"2022-06-03T12:08:06","modified_gmt":"2022-06-03T10:08:06","slug":"spanish-constitution-of-1812-diplomatic-edition-g-blazquez-2012","status":"publish","type":"product","link":"https:\/\/www.comprarmejor.es\/en\/product\/spanish-constitution-of-1812-diplomatic-edition-g-blazquez-2012\/","title":{"rendered":"Spanish Constitution of 1812. Diplomatic Edition, G. Bl\u00e1zquez, 2012"},"content":{"rendered":"<p style=\"text-align: justify;\">Facsimile edition of 2012 by the editor Guillermo Bl\u00e1zquez to commemorate the Bicentennial of our first Constitution, known as &#8220;la Pepa&#8221;, still considered one of the best today.<\/p>\n<p style=\"text-align: justify;\">Political Constitution of the Spanish Monarchy. C\u00e1diz 1812 \u2013 Madrid 2012. Diplomatic Edition of the Bicentennial.<\/p>\n<p style=\"text-align: justify;\">Introduction by Jos\u00e9 Pedro P\u00e9rez-Llorca, one of the &#8220;fathers&#8221; of the (until now) last Spanish Constitution, that of 1978. Accompanied by the Album of the various Spanish costumes and uniforms of the division of the Marqu\u00e9s de la Romana at the time de las Cortes de C\u00e1diz, 18 precious aquatint plates engraved by Christoffer Suhr and colored by Cornelius Suhr, published in Hamburg in 1812 under the title (in German) \u201cCollection of the various Spanish national costumes and uniforms of the division of the Marquis of the Romana, 1807 and 1808, in the garrison of Hamburg\u201d.<\/p>\n<p style=\"text-align: justify;\">Bound in hard cover in blue silk, decorated in gold, stamped with artisan techniques, 25 x 35 cm format, 208 pages in special laid thread paper.<\/p>\n<p style=\"text-align: justify;\">Numbered edition limited to 500 copies.<\/p>\n<p style=\"text-align: justify;\">Copy in perfect condition, new, unused.<\/p>\n<p style=\"text-align: justify;\"><span id=\"result_box\" lang=\"en\" xml:lang=\"en\"><span title=\"Cons\u00faltenos cualquier duda, as\u00ed como por cualquier otro Beato o facs\u00edmile que est\u00e9 buscando.\"><a class=\"btn btn-default\" href=\"https:\/\/www.comprarmejor.es\/en\/contact\">Ask us<\/a> <span class=\"VIiyi\" lang=\"en\"><span class=\"JLqJ4b\" data-language-for-alternatives=\"en\" data-language-to-translate-into=\"es\" data-phrase-index=\"0\" data-number-of-phrases=\"1\"><span class=\"Q4iAWc\">any questions you may have, indicating the article reference.<\/span><\/span><\/span><br \/>\n<\/span><\/span><\/p>\n","protected":false},"excerpt":{"rendered":"<p style=\"text-align: justify;\"><span id=\"result_box\" lang=\"en\" xml:lang=\"en\"><span title=\"Original conservado en la Biblioteca del Colegio de Santa Cruz de la Universidad de Valladolid.\"><span class=\"VIiyi\" lang=\"en\"><span class=\"JLqJ4b\" data-language-for-alternatives=\"en\" data-language-to-translate-into=\"es\" data-phrase-index=\"0\" data-number-of-phrases=\"1\"><span class=\"Q4iAWc\"><span class=\"JLqJ4b ChMk0b\" data-language-for-alternatives=\"en\" data-language-to-translate-into=\"es\" data-phrase-index=\"8\" data-number-of-phrases=\"27\">Political Constitution of the Spanish Monarchy. C\u00e1diz 1812 \u2013 Madrid 2012. Diplomatic Edition of the Bicentennial.<\/span><\/span><\/span><\/span><\/span><\/span><\/p>\n","protected":false},"featured_media":76651,"template":"","meta":[],"product_brand":[],"product_cat":[2210,5118],"product_tag":[4989,5120,5034],"class_list":{"0":"post-76649","1":"product","2":"type-product","3":"status-publish","4":"has-post-thumbnail","6":"product_cat-bibliophilia","7":"product_cat-bindings","8":"product_tag-1812-en","9":"product_tag-history-en","10":"product_tag-la-pepa-en-2","11":"product_shipping_class-from-0-to-1-kg","12":"description-off","14":"first","15":"instock","16":"sale","17":"taxable","18":"shipping-taxable","19":"purchasable","20":"product-type-simple"},"yoast_head":"<!-- This site is optimized with the Yoast SEO plugin v27.3 - https:\/\/yoast.com\/product\/yoast-seo-wordpress\/ -->\n<title>Spanish Constitution of 1812. Diplomatic Edition, G. Bl\u00e1zquez, 2012<\/title>\n<meta name=\"description\" content=\"Political Constitution of the Spanish Monarchy. C\u00e1diz 1812 \u2013 Madrid 2012. Diplomatic Edition of the Bicentennial.\" \/>\n<meta name=\"robots\" content=\"index, follow, max-snippet:-1, max-image-preview:large, max-video-preview:-1\" \/>\n<link rel=\"canonical\" href=\"https:\/\/www.comprarmejor.es\/en\/product\/spanish-constitution-of-1812-diplomatic-edition-g-blazquez-2012\/\" \/>\n<meta property=\"og:locale\" content=\"en_US\" \/>\n<meta property=\"og:type\" content=\"article\" \/>\n<meta property=\"og:title\" content=\"Spanish Constitution of 1812. Diplomatic Edition, G. Bl\u00e1zquez, 2012\" \/>\n<meta property=\"og:description\" content=\"Political Constitution of the Spanish Monarchy. C\u00e1diz 1812 \u2013 Madrid 2012. Diplomatic Edition of the Bicentennial.\" \/>\n<meta property=\"og:url\" content=\"https:\/\/www.comprarmejor.es\/en\/product\/spanish-constitution-of-1812-diplomatic-edition-g-blazquez-2012\/\" \/>\n<meta property=\"og:site_name\" content=\"ComprarMejor\" \/>\n<meta property=\"article:modified_time\" content=\"2022-06-03T10:08:06+00:00\" \/>\n<meta property=\"og:image\" content=\"https:\/\/www.comprarmejor.es\/wp-content\/uploads\/2022\/06\/CPME01.jpg\" \/>\n\t<meta property=\"og:image:width\" content=\"490\" \/>\n\t<meta property=\"og:image:height\" content=\"600\" \/>\n\t<meta property=\"og:image:type\" content=\"image\/jpeg\" \/>\n<meta name=\"twitter:card\" content=\"summary_large_image\" \/>\n<meta name=\"twitter:label1\" content=\"Est. reading time\" \/>\n\t<meta name=\"twitter:data1\" content=\"1 minute\" \/>\n<script type=\"application\/ld+json\" class=\"yoast-schema-graph\">{\"@context\":\"https:\\\/\\\/schema.org\",\"@graph\":[{\"@type\":\"WebPage\",\"@id\":\"https:\\\/\\\/www.comprarmejor.es\\\/en\\\/product\\\/spanish-constitution-of-1812-diplomatic-edition-g-blazquez-2012\\\/\",\"url\":\"https:\\\/\\\/www.comprarmejor.es\\\/en\\\/product\\\/spanish-constitution-of-1812-diplomatic-edition-g-blazquez-2012\\\/\",\"name\":\"Spanish Constitution of 1812. Diplomatic Edition, G. Bl\u00e1zquez, 2012\",\"isPartOf\":{\"@id\":\"https:\\\/\\\/www.comprarmejor.es\\\/en\\\/#website\"},\"primaryImageOfPage\":{\"@id\":\"https:\\\/\\\/www.comprarmejor.es\\\/en\\\/product\\\/spanish-constitution-of-1812-diplomatic-edition-g-blazquez-2012\\\/#primaryimage\"},\"image\":{\"@id\":\"https:\\\/\\\/www.comprarmejor.es\\\/en\\\/product\\\/spanish-constitution-of-1812-diplomatic-edition-g-blazquez-2012\\\/#primaryimage\"},\"thumbnailUrl\":\"https:\\\/\\\/www.comprarmejor.es\\\/wp-content\\\/uploads\\\/2022\\\/06\\\/CPME01.jpg\",\"datePublished\":\"2022-06-03T09:55:12+00:00\",\"dateModified\":\"2022-06-03T10:08:06+00:00\",\"description\":\"Political Constitution of the Spanish Monarchy. C\u00e1diz 1812 \u2013 Madrid 2012. Diplomatic Edition of the Bicentennial.\",\"breadcrumb\":{\"@id\":\"https:\\\/\\\/www.comprarmejor.es\\\/en\\\/product\\\/spanish-constitution-of-1812-diplomatic-edition-g-blazquez-2012\\\/#breadcrumb\"},\"inLanguage\":\"en-US\",\"potentialAction\":[{\"@type\":\"ReadAction\",\"target\":[\"https:\\\/\\\/www.comprarmejor.es\\\/en\\\/product\\\/spanish-constitution-of-1812-diplomatic-edition-g-blazquez-2012\\\/\"]}]},{\"@type\":\"ImageObject\",\"inLanguage\":\"en-US\",\"@id\":\"https:\\\/\\\/www.comprarmejor.es\\\/en\\\/product\\\/spanish-constitution-of-1812-diplomatic-edition-g-blazquez-2012\\\/#primaryimage\",\"url\":\"https:\\\/\\\/www.comprarmejor.es\\\/wp-content\\\/uploads\\\/2022\\\/06\\\/CPME01.jpg\",\"contentUrl\":\"https:\\\/\\\/www.comprarmejor.es\\\/wp-content\\\/uploads\\\/2022\\\/06\\\/CPME01.jpg\",\"width\":490,\"height\":600},{\"@type\":\"BreadcrumbList\",\"@id\":\"https:\\\/\\\/www.comprarmejor.es\\\/en\\\/product\\\/spanish-constitution-of-1812-diplomatic-edition-g-blazquez-2012\\\/#breadcrumb\",\"itemListElement\":[{\"@type\":\"ListItem\",\"position\":1,\"name\":\"Portada\",\"item\":\"https:\\\/\\\/www.comprarmejor.es\\\/en\\\/\"},{\"@type\":\"ListItem\",\"position\":2,\"name\":\"Shop\",\"item\":\"https:\\\/\\\/www.comprarmejor.es\\\/en\\\/shop\\\/\"},{\"@type\":\"ListItem\",\"position\":3,\"name\":\"Spanish Constitution of 1812. Diplomatic Edition, G. Bl\u00e1zquez, 2012\"}]},{\"@type\":\"WebSite\",\"@id\":\"https:\\\/\\\/www.comprarmejor.es\\\/en\\\/#website\",\"url\":\"https:\\\/\\\/www.comprarmejor.es\\\/en\\\/\",\"name\":\"ComprarMejor\",\"description\":\"ComprarMejor\",\"publisher\":{\"@id\":\"https:\\\/\\\/www.comprarmejor.es\\\/en\\\/#organization\"},\"potentialAction\":[{\"@type\":\"SearchAction\",\"target\":{\"@type\":\"EntryPoint\",\"urlTemplate\":\"https:\\\/\\\/www.comprarmejor.es\\\/en\\\/?s={search_term_string}\"},\"query-input\":{\"@type\":\"PropertyValueSpecification\",\"valueRequired\":true,\"valueName\":\"search_term_string\"}}],\"inLanguage\":\"en-US\"},{\"@type\":\"Organization\",\"@id\":\"https:\\\/\\\/www.comprarmejor.es\\\/en\\\/#organization\",\"name\":\"COMPRAR MEJOR\",\"url\":\"https:\\\/\\\/www.comprarmejor.es\\\/en\\\/\",\"logo\":{\"@type\":\"ImageObject\",\"inLanguage\":\"en-US\",\"@id\":\"https:\\\/\\\/www.comprarmejor.es\\\/en\\\/#\\\/schema\\\/logo\\\/image\\\/\",\"url\":\"https:\\\/\\\/www.comprarmejor.es\\\/wp-content\\\/uploads\\\/2025\\\/09\\\/comprarmejortrinidad.jpg\",\"contentUrl\":\"https:\\\/\\\/www.comprarmejor.es\\\/wp-content\\\/uploads\\\/2025\\\/09\\\/comprarmejortrinidad.jpg\",\"width\":1022,\"height\":1380,\"caption\":\"COMPRAR MEJOR\"},\"image\":{\"@id\":\"https:\\\/\\\/www.comprarmejor.es\\\/en\\\/#\\\/schema\\\/logo\\\/image\\\/\"},\"sameAs\":[\"https:\\\/\\\/www.instagram.com\\\/amigosdelcodice\"]}]}<\/script>\n<!-- \/ Yoast SEO plugin. -->","yoast_head_json":{"title":"Spanish Constitution of 1812. Diplomatic Edition, G. Bl\u00e1zquez, 2012","description":"Political Constitution of the Spanish Monarchy. C\u00e1diz 1812 \u2013 Madrid 2012. Diplomatic Edition of the Bicentennial.","robots":{"index":"index","follow":"follow","max-snippet":"max-snippet:-1","max-image-preview":"max-image-preview:large","max-video-preview":"max-video-preview:-1"},"canonical":"https:\/\/www.comprarmejor.es\/en\/product\/spanish-constitution-of-1812-diplomatic-edition-g-blazquez-2012\/","og_locale":"en_US","og_type":"article","og_title":"Spanish Constitution of 1812. Diplomatic Edition, G. Bl\u00e1zquez, 2012","og_description":"Political Constitution of the Spanish Monarchy. C\u00e1diz 1812 \u2013 Madrid 2012. Diplomatic Edition of the Bicentennial.","og_url":"https:\/\/www.comprarmejor.es\/en\/product\/spanish-constitution-of-1812-diplomatic-edition-g-blazquez-2012\/","og_site_name":"ComprarMejor","article_modified_time":"2022-06-03T10:08:06+00:00","og_image":[{"width":490,"height":600,"url":"https:\/\/www.comprarmejor.es\/wp-content\/uploads\/2022\/06\/CPME01.jpg","type":"image\/jpeg"}],"twitter_card":"summary_large_image","twitter_misc":{"Est. reading time":"1 minute"},"schema":{"@context":"https:\/\/schema.org","@graph":[{"@type":"WebPage","@id":"https:\/\/www.comprarmejor.es\/en\/product\/spanish-constitution-of-1812-diplomatic-edition-g-blazquez-2012\/","url":"https:\/\/www.comprarmejor.es\/en\/product\/spanish-constitution-of-1812-diplomatic-edition-g-blazquez-2012\/","name":"Spanish Constitution of 1812. Diplomatic Edition, G. Bl\u00e1zquez, 2012","isPartOf":{"@id":"https:\/\/www.comprarmejor.es\/en\/#website"},"primaryImageOfPage":{"@id":"https:\/\/www.comprarmejor.es\/en\/product\/spanish-constitution-of-1812-diplomatic-edition-g-blazquez-2012\/#primaryimage"},"image":{"@id":"https:\/\/www.comprarmejor.es\/en\/product\/spanish-constitution-of-1812-diplomatic-edition-g-blazquez-2012\/#primaryimage"},"thumbnailUrl":"https:\/\/www.comprarmejor.es\/wp-content\/uploads\/2022\/06\/CPME01.jpg","datePublished":"2022-06-03T09:55:12+00:00","dateModified":"2022-06-03T10:08:06+00:00","description":"Political Constitution of the Spanish Monarchy. C\u00e1diz 1812 \u2013 Madrid 2012. Diplomatic Edition of the Bicentennial.","breadcrumb":{"@id":"https:\/\/www.comprarmejor.es\/en\/product\/spanish-constitution-of-1812-diplomatic-edition-g-blazquez-2012\/#breadcrumb"},"inLanguage":"en-US","potentialAction":[{"@type":"ReadAction","target":["https:\/\/www.comprarmejor.es\/en\/product\/spanish-constitution-of-1812-diplomatic-edition-g-blazquez-2012\/"]}]},{"@type":"ImageObject","inLanguage":"en-US","@id":"https:\/\/www.comprarmejor.es\/en\/product\/spanish-constitution-of-1812-diplomatic-edition-g-blazquez-2012\/#primaryimage","url":"https:\/\/www.comprarmejor.es\/wp-content\/uploads\/2022\/06\/CPME01.jpg","contentUrl":"https:\/\/www.comprarmejor.es\/wp-content\/uploads\/2022\/06\/CPME01.jpg","width":490,"height":600},{"@type":"BreadcrumbList","@id":"https:\/\/www.comprarmejor.es\/en\/product\/spanish-constitution-of-1812-diplomatic-edition-g-blazquez-2012\/#breadcrumb","itemListElement":[{"@type":"ListItem","position":1,"name":"Portada","item":"https:\/\/www.comprarmejor.es\/en\/"},{"@type":"ListItem","position":2,"name":"Shop","item":"https:\/\/www.comprarmejor.es\/en\/shop\/"},{"@type":"ListItem","position":3,"name":"Spanish Constitution of 1812. Diplomatic Edition, G. Bl\u00e1zquez, 2012"}]},{"@type":"WebSite","@id":"https:\/\/www.comprarmejor.es\/en\/#website","url":"https:\/\/www.comprarmejor.es\/en\/","name":"ComprarMejor","description":"ComprarMejor","publisher":{"@id":"https:\/\/www.comprarmejor.es\/en\/#organization"},"potentialAction":[{"@type":"SearchAction","target":{"@type":"EntryPoint","urlTemplate":"https:\/\/www.comprarmejor.es\/en\/?s={search_term_string}"},"query-input":{"@type":"PropertyValueSpecification","valueRequired":true,"valueName":"search_term_string"}}],"inLanguage":"en-US"},{"@type":"Organization","@id":"https:\/\/www.comprarmejor.es\/en\/#organization","name":"COMPRAR MEJOR","url":"https:\/\/www.comprarmejor.es\/en\/","logo":{"@type":"ImageObject","inLanguage":"en-US","@id":"https:\/\/www.comprarmejor.es\/en\/#\/schema\/logo\/image\/","url":"https:\/\/www.comprarmejor.es\/wp-content\/uploads\/2025\/09\/comprarmejortrinidad.jpg","contentUrl":"https:\/\/www.comprarmejor.es\/wp-content\/uploads\/2025\/09\/comprarmejortrinidad.jpg","width":1022,"height":1380,"caption":"COMPRAR MEJOR"},"image":{"@id":"https:\/\/www.comprarmejor.es\/en\/#\/schema\/logo\/image\/"},"sameAs":["https:\/\/www.instagram.com\/amigosdelcodice"]}]}},"_links":{"self":[{"href":"https:\/\/www.comprarmejor.es\/en\/wp-json\/wp\/v2\/product\/76649","targetHints":{"allow":["GET"]}}],"collection":[{"href":"https:\/\/www.comprarmejor.es\/en\/wp-json\/wp\/v2\/product"}],"about":[{"href":"https:\/\/www.comprarmejor.es\/en\/wp-json\/wp\/v2\/types\/product"}],"wp:featuredmedia":[{"embeddable":true,"href":"https:\/\/www.comprarmejor.es\/en\/wp-json\/wp\/v2\/media\/76651"}],"wp:attachment":[{"href":"https:\/\/www.comprarmejor.es\/en\/wp-json\/wp\/v2\/media?parent=76649"}],"wp:term":[{"taxonomy":"product_brand","embeddable":true,"href":"https:\/\/www.comprarmejor.es\/en\/wp-json\/wp\/v2\/product_brand?post=76649"},{"taxonomy":"product_cat","embeddable":true,"href":"https:\/\/www.comprarmejor.es\/en\/wp-json\/wp\/v2\/product_cat?post=76649"},{"taxonomy":"product_tag","embeddable":true,"href":"https:\/\/www.comprarmejor.es\/en\/wp-json\/wp\/v2\/product_tag?post=76649"}],"curies":[{"name":"wp","href":"https:\/\/api.w.org\/{rel}","templated":true}]}}