{"id":76969,"date":"2022-06-16T18:34:19","date_gmt":"2022-06-16T16:34:19","guid":{"rendered":"https:\/\/www.comprarmejor.es\/?post_type=product&#038;p=76969"},"modified":"2026-05-05T11:52:12","modified_gmt":"2026-05-05T09:52:12","slug":"maps-of-heinrich-bunting-year-1581","status":"publish","type":"product","link":"https:\/\/www.comprarmejor.es\/en\/product\/maps-of-heinrich-bunting-year-1581\/","title":{"rendered":"Maps of Heinrich B\u00fcnting, year 1581"},"content":{"rendered":"<p><span class=\"HwtZe\" lang=\"en\"><span class=\"jCAhz ChMk0b\"><span class=\"ryNqvb\">ARTICLE FOR INFORMATIONAL PURPOSES ONLY<\/span><\/span><\/span><\/p>\n<p style=\"text-align: justify;\">Facsimile edition made in 2010 by the Silo\u00e9 publishing house of one of the oldest and most famous cartographic rarities by Heinrich B\u00fcnting, included in the volume \u201cItinerarium Sacrae Scripturae\u201d, whose original from the 16th century is currently in a private collection in Germany.<\/p>\n<p style=\"text-align: justify;\">With approximately 60 editions in German, Latin, Dutch, English, Danish, Swedish and Czech, this book enjoyed a vast European circulation until the middle of the 18th century. Extraordinary replica of the maps of this classic of universal symbolic cartography.<\/p>\n<p style=\"text-align: justify;\">Along with the 5 vintage hand-colored bifolios of the already famous B\u00fcnting maps, namely: the world trefoil, Europe, Asia, Africa and the Eastern Mediterranean, the edition incorporates those same 5 black and white bifolios plus others 6 bifolios and 1 folio of other maps also in black and white, also drawn from his influential work.<\/p>\n<p style=\"text-align: justify;\">The set is presented in a beautiful conservation case, format 39.5 x 32.5 x 5.5 cm, inside which is the volume of studies, with texts in Spanish, bound in hard cover, format 17.5 x 24.5cm 240 color illustrated pages.<\/p>\n<p style=\"text-align: justify;\">Limited edition of 898 numbered copies with notarial certificate.<\/p>\n<p style=\"text-align: justify;\">Complete copy and in perfect condition.<\/p>\n<p style=\"text-align: justify;\">Retail Price: 1.140 \u20ac. <span id=\"result_box\" lang=\"en\" xml:lang=\"en\"><span title=\"Cons\u00faltenos cualquier duda, as\u00ed como por cualquier otro Beato o facs\u00edmile que est\u00e9 buscando.\"><a class=\"btn btn-default\" href=\"https:\/\/www.comprarmejor.es\/en\/contact\/\">Ask us<\/a> <span class=\"VIiyi\" lang=\"en\"><span class=\"JLqJ4b\" data-language-for-alternatives=\"en\" data-language-to-translate-into=\"es\" data-phrase-index=\"0\" data-number-of-phrases=\"1\"><span class=\"Q4iAWc\">any questions you may have, indicating the article reference.<\/span><\/span><\/span><br \/>\n<\/span><\/span><\/p>\n","protected":false},"excerpt":{"rendered":"<p style=\"text-align: justify;\"><span id=\"result_box\" lang=\"en\" xml:lang=\"en\"><span title=\"Original conservado en la Biblioteca del Colegio de Santa Cruz de la Universidad de Valladolid.\"><span class=\"VIiyi\" lang=\"en\"><span class=\"JLqJ4b\" data-language-for-alternatives=\"en\" data-language-to-translate-into=\"es\" data-phrase-index=\"0\" data-number-of-phrases=\"1\"><span class=\"Q4iAWc\"><span class=\"JLqJ4b ChMk0b\" data-language-for-alternatives=\"en\" data-language-to-translate-into=\"es\" data-phrase-index=\"8\" data-number-of-phrases=\"27\">Facsimile edition made in 2010 by the Silo\u00e9 publishing house of one of the oldest and most famous cartographic rarities by Heinrich B\u00fcnting, included in the volume \u201cItinerarium Sacrae Scripturae&#8221; <\/span><\/span><\/span><\/span><\/span><\/span><\/p>\n","protected":false},"featured_media":76971,"template":"","meta":[],"product_brand":[],"product_cat":[2234],"product_tag":[5120,5119],"class_list":{"0":"post-76969","1":"product","2":"type-product","3":"status-publish","4":"has-post-thumbnail","6":"product_cat-antique-maps","7":"product_tag-history-en","8":"product_tag-siloe-en","9":"description-off","11":"first","12":"instock","13":"taxable","14":"shipping-taxable","15":"purchasable","16":"product-type-simple"},"yoast_head":"<!-- This site is optimized with the Yoast SEO plugin v27.3 - https:\/\/yoast.com\/product\/yoast-seo-wordpress\/ -->\n<title>Maps of Heinrich B\u00fcnting, year 1581<\/title>\n<meta name=\"description\" content=\"Silo\u00e9 of one of the oldest and most famous cartographic rarities by Heinrich B\u00fcnting, included in \u201cItinerarium Sacrae Scripturae\u201d\" \/>\n<meta name=\"robots\" content=\"index, follow, max-snippet:-1, max-image-preview:large, max-video-preview:-1\" \/>\n<link rel=\"canonical\" href=\"https:\/\/www.comprarmejor.es\/en\/product\/maps-of-heinrich-bunting-year-1581\/\" \/>\n<meta property=\"og:locale\" content=\"en_US\" \/>\n<meta property=\"og:type\" content=\"article\" \/>\n<meta property=\"og:title\" content=\"Maps of Heinrich B\u00fcnting, year 1581\" \/>\n<meta property=\"og:description\" content=\"Silo\u00e9 of one of the oldest and most famous cartographic rarities by Heinrich B\u00fcnting, included in \u201cItinerarium Sacrae Scripturae\u201d\" \/>\n<meta property=\"og:url\" content=\"https:\/\/www.comprarmejor.es\/en\/product\/maps-of-heinrich-bunting-year-1581\/\" \/>\n<meta property=\"og:site_name\" content=\"ComprarMejor\" \/>\n<meta property=\"article:modified_time\" content=\"2026-05-05T09:52:12+00:00\" \/>\n<meta property=\"og:image\" content=\"https:\/\/www.comprarmejor.es\/wp-content\/uploads\/2022\/06\/DSC04125.jpg\" \/>\n\t<meta property=\"og:image:width\" content=\"600\" \/>\n\t<meta property=\"og:image:height\" content=\"461\" \/>\n\t<meta property=\"og:image:type\" content=\"image\/jpeg\" \/>\n<meta name=\"twitter:card\" content=\"summary_large_image\" \/>\n<meta name=\"twitter:label1\" content=\"Est. reading time\" \/>\n\t<meta name=\"twitter:data1\" content=\"2 minutes\" \/>\n<script type=\"application\/ld+json\" class=\"yoast-schema-graph\">{\"@context\":\"https:\\\/\\\/schema.org\",\"@graph\":[{\"@type\":\"WebPage\",\"@id\":\"https:\\\/\\\/www.comprarmejor.es\\\/en\\\/product\\\/maps-of-heinrich-bunting-year-1581\\\/\",\"url\":\"https:\\\/\\\/www.comprarmejor.es\\\/en\\\/product\\\/maps-of-heinrich-bunting-year-1581\\\/\",\"name\":\"Maps of Heinrich B\u00fcnting, year 1581\",\"isPartOf\":{\"@id\":\"https:\\\/\\\/www.comprarmejor.es\\\/en\\\/#website\"},\"primaryImageOfPage\":{\"@id\":\"https:\\\/\\\/www.comprarmejor.es\\\/en\\\/product\\\/maps-of-heinrich-bunting-year-1581\\\/#primaryimage\"},\"image\":{\"@id\":\"https:\\\/\\\/www.comprarmejor.es\\\/en\\\/product\\\/maps-of-heinrich-bunting-year-1581\\\/#primaryimage\"},\"thumbnailUrl\":\"https:\\\/\\\/www.comprarmejor.es\\\/wp-content\\\/uploads\\\/2022\\\/06\\\/DSC04125.jpg\",\"datePublished\":\"2022-06-16T16:34:19+00:00\",\"dateModified\":\"2026-05-05T09:52:12+00:00\",\"description\":\"Silo\u00e9 of one of the oldest and most famous cartographic rarities by Heinrich B\u00fcnting, included in \u201cItinerarium Sacrae Scripturae\u201d\",\"breadcrumb\":{\"@id\":\"https:\\\/\\\/www.comprarmejor.es\\\/en\\\/product\\\/maps-of-heinrich-bunting-year-1581\\\/#breadcrumb\"},\"inLanguage\":\"en-US\",\"potentialAction\":[{\"@type\":\"ReadAction\",\"target\":[\"https:\\\/\\\/www.comprarmejor.es\\\/en\\\/product\\\/maps-of-heinrich-bunting-year-1581\\\/\"]}]},{\"@type\":\"ImageObject\",\"inLanguage\":\"en-US\",\"@id\":\"https:\\\/\\\/www.comprarmejor.es\\\/en\\\/product\\\/maps-of-heinrich-bunting-year-1581\\\/#primaryimage\",\"url\":\"https:\\\/\\\/www.comprarmejor.es\\\/wp-content\\\/uploads\\\/2022\\\/06\\\/DSC04125.jpg\",\"contentUrl\":\"https:\\\/\\\/www.comprarmejor.es\\\/wp-content\\\/uploads\\\/2022\\\/06\\\/DSC04125.jpg\",\"width\":600,\"height\":461},{\"@type\":\"BreadcrumbList\",\"@id\":\"https:\\\/\\\/www.comprarmejor.es\\\/en\\\/product\\\/maps-of-heinrich-bunting-year-1581\\\/#breadcrumb\",\"itemListElement\":[{\"@type\":\"ListItem\",\"position\":1,\"name\":\"Portada\",\"item\":\"https:\\\/\\\/www.comprarmejor.es\\\/en\\\/\"},{\"@type\":\"ListItem\",\"position\":2,\"name\":\"Shop\",\"item\":\"https:\\\/\\\/www.comprarmejor.es\\\/en\\\/shop\\\/\"},{\"@type\":\"ListItem\",\"position\":3,\"name\":\"Maps of Heinrich B\u00fcnting, year 1581\"}]},{\"@type\":\"WebSite\",\"@id\":\"https:\\\/\\\/www.comprarmejor.es\\\/en\\\/#website\",\"url\":\"https:\\\/\\\/www.comprarmejor.es\\\/en\\\/\",\"name\":\"ComprarMejor\",\"description\":\"ComprarMejor\",\"publisher\":{\"@id\":\"https:\\\/\\\/www.comprarmejor.es\\\/en\\\/#organization\"},\"potentialAction\":[{\"@type\":\"SearchAction\",\"target\":{\"@type\":\"EntryPoint\",\"urlTemplate\":\"https:\\\/\\\/www.comprarmejor.es\\\/en\\\/?s={search_term_string}\"},\"query-input\":{\"@type\":\"PropertyValueSpecification\",\"valueRequired\":true,\"valueName\":\"search_term_string\"}}],\"inLanguage\":\"en-US\"},{\"@type\":\"Organization\",\"@id\":\"https:\\\/\\\/www.comprarmejor.es\\\/en\\\/#organization\",\"name\":\"COMPRAR MEJOR\",\"url\":\"https:\\\/\\\/www.comprarmejor.es\\\/en\\\/\",\"logo\":{\"@type\":\"ImageObject\",\"inLanguage\":\"en-US\",\"@id\":\"https:\\\/\\\/www.comprarmejor.es\\\/en\\\/#\\\/schema\\\/logo\\\/image\\\/\",\"url\":\"https:\\\/\\\/www.comprarmejor.es\\\/wp-content\\\/uploads\\\/2025\\\/09\\\/comprarmejortrinidad.jpg\",\"contentUrl\":\"https:\\\/\\\/www.comprarmejor.es\\\/wp-content\\\/uploads\\\/2025\\\/09\\\/comprarmejortrinidad.jpg\",\"width\":1022,\"height\":1380,\"caption\":\"COMPRAR MEJOR\"},\"image\":{\"@id\":\"https:\\\/\\\/www.comprarmejor.es\\\/en\\\/#\\\/schema\\\/logo\\\/image\\\/\"},\"sameAs\":[\"https:\\\/\\\/www.instagram.com\\\/amigosdelcodice\"]}]}<\/script>\n<!-- \/ Yoast SEO plugin. -->","yoast_head_json":{"title":"Maps of Heinrich B\u00fcnting, year 1581","description":"Silo\u00e9 of one of the oldest and most famous cartographic rarities by Heinrich B\u00fcnting, included in \u201cItinerarium Sacrae Scripturae\u201d","robots":{"index":"index","follow":"follow","max-snippet":"max-snippet:-1","max-image-preview":"max-image-preview:large","max-video-preview":"max-video-preview:-1"},"canonical":"https:\/\/www.comprarmejor.es\/en\/product\/maps-of-heinrich-bunting-year-1581\/","og_locale":"en_US","og_type":"article","og_title":"Maps of Heinrich B\u00fcnting, year 1581","og_description":"Silo\u00e9 of one of the oldest and most famous cartographic rarities by Heinrich B\u00fcnting, included in \u201cItinerarium Sacrae Scripturae\u201d","og_url":"https:\/\/www.comprarmejor.es\/en\/product\/maps-of-heinrich-bunting-year-1581\/","og_site_name":"ComprarMejor","article_modified_time":"2026-05-05T09:52:12+00:00","og_image":[{"width":600,"height":461,"url":"https:\/\/www.comprarmejor.es\/wp-content\/uploads\/2022\/06\/DSC04125.jpg","type":"image\/jpeg"}],"twitter_card":"summary_large_image","twitter_misc":{"Est. reading time":"2 minutes"},"schema":{"@context":"https:\/\/schema.org","@graph":[{"@type":"WebPage","@id":"https:\/\/www.comprarmejor.es\/en\/product\/maps-of-heinrich-bunting-year-1581\/","url":"https:\/\/www.comprarmejor.es\/en\/product\/maps-of-heinrich-bunting-year-1581\/","name":"Maps of Heinrich B\u00fcnting, year 1581","isPartOf":{"@id":"https:\/\/www.comprarmejor.es\/en\/#website"},"primaryImageOfPage":{"@id":"https:\/\/www.comprarmejor.es\/en\/product\/maps-of-heinrich-bunting-year-1581\/#primaryimage"},"image":{"@id":"https:\/\/www.comprarmejor.es\/en\/product\/maps-of-heinrich-bunting-year-1581\/#primaryimage"},"thumbnailUrl":"https:\/\/www.comprarmejor.es\/wp-content\/uploads\/2022\/06\/DSC04125.jpg","datePublished":"2022-06-16T16:34:19+00:00","dateModified":"2026-05-05T09:52:12+00:00","description":"Silo\u00e9 of one of the oldest and most famous cartographic rarities by Heinrich B\u00fcnting, included in \u201cItinerarium Sacrae Scripturae\u201d","breadcrumb":{"@id":"https:\/\/www.comprarmejor.es\/en\/product\/maps-of-heinrich-bunting-year-1581\/#breadcrumb"},"inLanguage":"en-US","potentialAction":[{"@type":"ReadAction","target":["https:\/\/www.comprarmejor.es\/en\/product\/maps-of-heinrich-bunting-year-1581\/"]}]},{"@type":"ImageObject","inLanguage":"en-US","@id":"https:\/\/www.comprarmejor.es\/en\/product\/maps-of-heinrich-bunting-year-1581\/#primaryimage","url":"https:\/\/www.comprarmejor.es\/wp-content\/uploads\/2022\/06\/DSC04125.jpg","contentUrl":"https:\/\/www.comprarmejor.es\/wp-content\/uploads\/2022\/06\/DSC04125.jpg","width":600,"height":461},{"@type":"BreadcrumbList","@id":"https:\/\/www.comprarmejor.es\/en\/product\/maps-of-heinrich-bunting-year-1581\/#breadcrumb","itemListElement":[{"@type":"ListItem","position":1,"name":"Portada","item":"https:\/\/www.comprarmejor.es\/en\/"},{"@type":"ListItem","position":2,"name":"Shop","item":"https:\/\/www.comprarmejor.es\/en\/shop\/"},{"@type":"ListItem","position":3,"name":"Maps of Heinrich B\u00fcnting, year 1581"}]},{"@type":"WebSite","@id":"https:\/\/www.comprarmejor.es\/en\/#website","url":"https:\/\/www.comprarmejor.es\/en\/","name":"ComprarMejor","description":"ComprarMejor","publisher":{"@id":"https:\/\/www.comprarmejor.es\/en\/#organization"},"potentialAction":[{"@type":"SearchAction","target":{"@type":"EntryPoint","urlTemplate":"https:\/\/www.comprarmejor.es\/en\/?s={search_term_string}"},"query-input":{"@type":"PropertyValueSpecification","valueRequired":true,"valueName":"search_term_string"}}],"inLanguage":"en-US"},{"@type":"Organization","@id":"https:\/\/www.comprarmejor.es\/en\/#organization","name":"COMPRAR MEJOR","url":"https:\/\/www.comprarmejor.es\/en\/","logo":{"@type":"ImageObject","inLanguage":"en-US","@id":"https:\/\/www.comprarmejor.es\/en\/#\/schema\/logo\/image\/","url":"https:\/\/www.comprarmejor.es\/wp-content\/uploads\/2025\/09\/comprarmejortrinidad.jpg","contentUrl":"https:\/\/www.comprarmejor.es\/wp-content\/uploads\/2025\/09\/comprarmejortrinidad.jpg","width":1022,"height":1380,"caption":"COMPRAR MEJOR"},"image":{"@id":"https:\/\/www.comprarmejor.es\/en\/#\/schema\/logo\/image\/"},"sameAs":["https:\/\/www.instagram.com\/amigosdelcodice"]}]}},"_links":{"self":[{"href":"https:\/\/www.comprarmejor.es\/en\/wp-json\/wp\/v2\/product\/76969","targetHints":{"allow":["GET"]}}],"collection":[{"href":"https:\/\/www.comprarmejor.es\/en\/wp-json\/wp\/v2\/product"}],"about":[{"href":"https:\/\/www.comprarmejor.es\/en\/wp-json\/wp\/v2\/types\/product"}],"wp:featuredmedia":[{"embeddable":true,"href":"https:\/\/www.comprarmejor.es\/en\/wp-json\/wp\/v2\/media\/76971"}],"wp:attachment":[{"href":"https:\/\/www.comprarmejor.es\/en\/wp-json\/wp\/v2\/media?parent=76969"}],"wp:term":[{"taxonomy":"product_brand","embeddable":true,"href":"https:\/\/www.comprarmejor.es\/en\/wp-json\/wp\/v2\/product_brand?post=76969"},{"taxonomy":"product_cat","embeddable":true,"href":"https:\/\/www.comprarmejor.es\/en\/wp-json\/wp\/v2\/product_cat?post=76969"},{"taxonomy":"product_tag","embeddable":true,"href":"https:\/\/www.comprarmejor.es\/en\/wp-json\/wp\/v2\/product_tag?post=76969"}],"curies":[{"name":"wp","href":"https:\/\/api.w.org\/{rel}","templated":true}]}}