{"id":77194,"date":"2022-06-24T13:19:32","date_gmt":"2022-06-24T11:19:34","guid":{"rendered":"https:\/\/www.comprarmejor.es\/?post_type=product&#038;p=77194"},"modified":"2022-08-23T10:46:59","modified_gmt":"2022-08-23T08:46:59","slug":"cutting-and-sewing-manual-cesareo-hernando-de-pereda-1884","status":"publish","type":"product","link":"https:\/\/www.comprarmejor.es\/en\/product\/cutting-and-sewing-manual-cesareo-hernando-de-pereda-1884\/","title":{"rendered":"1884 Cutting and sewing manual. Cesareo Hernando de Pereda (exclusive original copy)"},"content":{"rendered":"<p style=\"text-align: justify;\">Original copy from 1884 of the work by Ces\u00e1reo Hernando de Pereda, Manual for cutting and making ladies&#8217; dresses and linens. Printed in Madrid. Exclusive copy for its luxurious bibliophile binding.<\/p>\n<p style=\"text-align: justify;\">Work dedicated by its author &#8220;to school teachers, directors of schools, seamstresses, seamstresses and students of normal schools&#8221;. Declared text by the Directorate of Public Instruction on April 18, 1882, according to Royal order of June 12 of the same year, published in the Gazette of that day.<\/p>\n<p style=\"text-align: justify;\">Second edition, corrected and enlarged with notions of tailoring, ironing and the latest models, under the title of &#8220;Lessons on Cutting Dresses for Women&#8221;, etc.<\/p>\n<p style=\"text-align: justify;\">Luxurious period binding in red Moroccan, ribs on the spine with a gilt title, gilt and dry fillets, gilt edges, royal coat of arms of Alfonso XII gilt on the back and on the front in gilt letters \u201cS. M. THE KING.\u201d 8th minor format, 11 x 17.5 cm. 272 pages with paper toasted by the passage of time but in very good condition. Starting on page 209 are all illustrations with scale patterns of dresses<\/p>\n<p style=\"text-align: justify;\">Specimen with more than 138 years in excellent conservation conditions. We do not know the reason why it was bound like this at the end of the 19th century, and who its first owners were. Unique specimen for its exclusive presentation.<\/p>\n<p style=\"text-align: justify;\"><span class=\"VIiyi\" lang=\"en\"><span class=\"JLqJ4b ChMk0b C1N51c\" data-language-for-alternatives=\"en\" data-language-to-translate-into=\"es\" data-phrase-index=\"0\" data-number-of-phrases=\"2\"><span class=\"Q4iAWc\">Shipping costs paid by the buyer, according to order and destination<\/span><\/span><\/span>. <span title=\"Cons\u00faltenos sin compromiso (indicando la referencia del art\u00edculo) cualquier duda.\"><a class=\"btn btn-default\" href=\"https:\/\/www.comprarmejor.es\/en\/contact\">Consult us<\/a> <span class=\"VIiyi\" lang=\"en\"><span class=\"JLqJ4b\" data-language-for-alternatives=\"en\" data-language-to-translate-into=\"es\" data-phrase-index=\"0\" data-number-of-phrases=\"1\"><span class=\"Q4iAWc\">any questions he may have, indicating the reference of the article.<\/span><\/span><\/span><br \/>\n<\/span><\/p>\n","protected":false},"excerpt":{"rendered":"<p style=\"text-align: justify;\"><span id=\"result_box\" lang=\"en\" xml:lang=\"en\"><span title=\"Edici\u00f3n conmemorativa del V Centenario del nombramiento de Juan Ponce de Le\u00f3n como Adelantado de La Florida (1514-2014), por el Rey Fernando El Cat\u00f3lico.\"><span class=\"VIiyi\" lang=\"en\"><span class=\"JLqJ4b\" data-language-for-alternatives=\"en\" data-language-to-translate-into=\"es\" data-phrase-index=\"0\" data-number-of-phrases=\"1\"><span class=\"Q4iAWc\">Original copy from 1884 of the work by Ces\u00e1reo Hernando de Pereda, Manual for cutting and making ladies&#8217; dresses and linens.<\/span><\/span><\/span><\/span><\/span><\/p>\n","protected":false},"featured_media":77196,"template":"","meta":[],"product_brand":[],"product_cat":[2238,2202],"product_tag":[5120,5137,4560],"class_list":{"0":"post-77194","1":"product","2":"type-product","3":"status-publish","4":"has-post-thumbnail","6":"product_cat-exclusive-copies","7":"product_cat-old-books","8":"product_tag-history-en","9":"product_tag-libro-pequeno-en","10":"product_tag-xix-en","11":"product_shipping_class-from-0-to-1-kg","12":"description-off","14":"first","15":"instock","16":"sale","17":"taxable","18":"shipping-taxable","19":"purchasable","20":"product-type-simple"},"yoast_head":"<!-- This site is optimized with the Yoast SEO plugin v27.3 - https:\/\/yoast.com\/product\/yoast-seo-wordpress\/ -->\n<title>Cutting and sewing manual. Cesareo Hernando de Pereda. 1884<\/title>\n<meta name=\"description\" content=\"Original copy from 1884 of the work by Ces\u00e1reo Hernando de Pereda, Manual for cutting and making ladies&#039; dresses and linens.\" \/>\n<meta name=\"robots\" content=\"index, follow, max-snippet:-1, max-image-preview:large, max-video-preview:-1\" \/>\n<link rel=\"canonical\" href=\"https:\/\/www.comprarmejor.es\/en\/product\/cutting-and-sewing-manual-cesareo-hernando-de-pereda-1884\/\" \/>\n<meta property=\"og:locale\" content=\"en_US\" \/>\n<meta property=\"og:type\" content=\"article\" \/>\n<meta property=\"og:title\" content=\"Cutting and sewing manual. Cesareo Hernando de Pereda. 1884\" \/>\n<meta property=\"og:description\" content=\"Original copy from 1884 of the work by Ces\u00e1reo Hernando de Pereda, Manual for cutting and making ladies&#039; dresses and linens.\" \/>\n<meta property=\"og:url\" content=\"https:\/\/www.comprarmejor.es\/en\/product\/cutting-and-sewing-manual-cesareo-hernando-de-pereda-1884\/\" \/>\n<meta property=\"og:site_name\" content=\"ComprarMejor\" \/>\n<meta property=\"article:modified_time\" content=\"2022-08-23T08:46:59+00:00\" \/>\n<meta property=\"og:image\" content=\"https:\/\/www.comprarmejor.es\/wp-content\/uploads\/2022\/06\/DSC04182.jpg\" \/>\n\t<meta property=\"og:image:width\" content=\"415\" \/>\n\t<meta property=\"og:image:height\" content=\"600\" \/>\n\t<meta property=\"og:image:type\" content=\"image\/jpeg\" \/>\n<meta name=\"twitter:card\" content=\"summary_large_image\" \/>\n<meta name=\"twitter:label1\" content=\"Est. reading time\" \/>\n\t<meta name=\"twitter:data1\" content=\"1 minute\" \/>\n<script type=\"application\/ld+json\" class=\"yoast-schema-graph\">{\"@context\":\"https:\\\/\\\/schema.org\",\"@graph\":[{\"@type\":\"WebPage\",\"@id\":\"https:\\\/\\\/www.comprarmejor.es\\\/en\\\/product\\\/cutting-and-sewing-manual-cesareo-hernando-de-pereda-1884\\\/\",\"url\":\"https:\\\/\\\/www.comprarmejor.es\\\/en\\\/product\\\/cutting-and-sewing-manual-cesareo-hernando-de-pereda-1884\\\/\",\"name\":\"Cutting and sewing manual. Cesareo Hernando de Pereda. 1884\",\"isPartOf\":{\"@id\":\"https:\\\/\\\/www.comprarmejor.es\\\/en\\\/#website\"},\"primaryImageOfPage\":{\"@id\":\"https:\\\/\\\/www.comprarmejor.es\\\/en\\\/product\\\/cutting-and-sewing-manual-cesareo-hernando-de-pereda-1884\\\/#primaryimage\"},\"image\":{\"@id\":\"https:\\\/\\\/www.comprarmejor.es\\\/en\\\/product\\\/cutting-and-sewing-manual-cesareo-hernando-de-pereda-1884\\\/#primaryimage\"},\"thumbnailUrl\":\"https:\\\/\\\/www.comprarmejor.es\\\/wp-content\\\/uploads\\\/2022\\\/06\\\/DSC04182.jpg\",\"datePublished\":\"2022-06-24T11:19:34+00:00\",\"dateModified\":\"2022-08-23T08:46:59+00:00\",\"description\":\"Original copy from 1884 of the work by Ces\u00e1reo Hernando de Pereda, Manual for cutting and making ladies' dresses and linens.\",\"breadcrumb\":{\"@id\":\"https:\\\/\\\/www.comprarmejor.es\\\/en\\\/product\\\/cutting-and-sewing-manual-cesareo-hernando-de-pereda-1884\\\/#breadcrumb\"},\"inLanguage\":\"en-US\",\"potentialAction\":[{\"@type\":\"ReadAction\",\"target\":[\"https:\\\/\\\/www.comprarmejor.es\\\/en\\\/product\\\/cutting-and-sewing-manual-cesareo-hernando-de-pereda-1884\\\/\"]}]},{\"@type\":\"ImageObject\",\"inLanguage\":\"en-US\",\"@id\":\"https:\\\/\\\/www.comprarmejor.es\\\/en\\\/product\\\/cutting-and-sewing-manual-cesareo-hernando-de-pereda-1884\\\/#primaryimage\",\"url\":\"https:\\\/\\\/www.comprarmejor.es\\\/wp-content\\\/uploads\\\/2022\\\/06\\\/DSC04182.jpg\",\"contentUrl\":\"https:\\\/\\\/www.comprarmejor.es\\\/wp-content\\\/uploads\\\/2022\\\/06\\\/DSC04182.jpg\",\"width\":415,\"height\":600},{\"@type\":\"BreadcrumbList\",\"@id\":\"https:\\\/\\\/www.comprarmejor.es\\\/en\\\/product\\\/cutting-and-sewing-manual-cesareo-hernando-de-pereda-1884\\\/#breadcrumb\",\"itemListElement\":[{\"@type\":\"ListItem\",\"position\":1,\"name\":\"Portada\",\"item\":\"https:\\\/\\\/www.comprarmejor.es\\\/en\\\/\"},{\"@type\":\"ListItem\",\"position\":2,\"name\":\"Shop\",\"item\":\"https:\\\/\\\/www.comprarmejor.es\\\/en\\\/shop\\\/\"},{\"@type\":\"ListItem\",\"position\":3,\"name\":\"1884 Cutting and sewing manual. Cesareo Hernando de Pereda (exclusive original copy)\"}]},{\"@type\":\"WebSite\",\"@id\":\"https:\\\/\\\/www.comprarmejor.es\\\/en\\\/#website\",\"url\":\"https:\\\/\\\/www.comprarmejor.es\\\/en\\\/\",\"name\":\"ComprarMejor\",\"description\":\"ComprarMejor\",\"publisher\":{\"@id\":\"https:\\\/\\\/www.comprarmejor.es\\\/en\\\/#organization\"},\"potentialAction\":[{\"@type\":\"SearchAction\",\"target\":{\"@type\":\"EntryPoint\",\"urlTemplate\":\"https:\\\/\\\/www.comprarmejor.es\\\/en\\\/?s={search_term_string}\"},\"query-input\":{\"@type\":\"PropertyValueSpecification\",\"valueRequired\":true,\"valueName\":\"search_term_string\"}}],\"inLanguage\":\"en-US\"},{\"@type\":\"Organization\",\"@id\":\"https:\\\/\\\/www.comprarmejor.es\\\/en\\\/#organization\",\"name\":\"COMPRAR MEJOR\",\"url\":\"https:\\\/\\\/www.comprarmejor.es\\\/en\\\/\",\"logo\":{\"@type\":\"ImageObject\",\"inLanguage\":\"en-US\",\"@id\":\"https:\\\/\\\/www.comprarmejor.es\\\/en\\\/#\\\/schema\\\/logo\\\/image\\\/\",\"url\":\"https:\\\/\\\/www.comprarmejor.es\\\/wp-content\\\/uploads\\\/2025\\\/09\\\/comprarmejortrinidad.jpg\",\"contentUrl\":\"https:\\\/\\\/www.comprarmejor.es\\\/wp-content\\\/uploads\\\/2025\\\/09\\\/comprarmejortrinidad.jpg\",\"width\":1022,\"height\":1380,\"caption\":\"COMPRAR MEJOR\"},\"image\":{\"@id\":\"https:\\\/\\\/www.comprarmejor.es\\\/en\\\/#\\\/schema\\\/logo\\\/image\\\/\"},\"sameAs\":[\"https:\\\/\\\/www.instagram.com\\\/amigosdelcodice\"]}]}<\/script>\n<!-- \/ Yoast SEO plugin. -->","yoast_head_json":{"title":"Cutting and sewing manual. Cesareo Hernando de Pereda. 1884","description":"Original copy from 1884 of the work by Ces\u00e1reo Hernando de Pereda, Manual for cutting and making ladies' dresses and linens.","robots":{"index":"index","follow":"follow","max-snippet":"max-snippet:-1","max-image-preview":"max-image-preview:large","max-video-preview":"max-video-preview:-1"},"canonical":"https:\/\/www.comprarmejor.es\/en\/product\/cutting-and-sewing-manual-cesareo-hernando-de-pereda-1884\/","og_locale":"en_US","og_type":"article","og_title":"Cutting and sewing manual. Cesareo Hernando de Pereda. 1884","og_description":"Original copy from 1884 of the work by Ces\u00e1reo Hernando de Pereda, Manual for cutting and making ladies' dresses and linens.","og_url":"https:\/\/www.comprarmejor.es\/en\/product\/cutting-and-sewing-manual-cesareo-hernando-de-pereda-1884\/","og_site_name":"ComprarMejor","article_modified_time":"2022-08-23T08:46:59+00:00","og_image":[{"width":415,"height":600,"url":"https:\/\/www.comprarmejor.es\/wp-content\/uploads\/2022\/06\/DSC04182.jpg","type":"image\/jpeg"}],"twitter_card":"summary_large_image","twitter_misc":{"Est. reading time":"1 minute"},"schema":{"@context":"https:\/\/schema.org","@graph":[{"@type":"WebPage","@id":"https:\/\/www.comprarmejor.es\/en\/product\/cutting-and-sewing-manual-cesareo-hernando-de-pereda-1884\/","url":"https:\/\/www.comprarmejor.es\/en\/product\/cutting-and-sewing-manual-cesareo-hernando-de-pereda-1884\/","name":"Cutting and sewing manual. Cesareo Hernando de Pereda. 1884","isPartOf":{"@id":"https:\/\/www.comprarmejor.es\/en\/#website"},"primaryImageOfPage":{"@id":"https:\/\/www.comprarmejor.es\/en\/product\/cutting-and-sewing-manual-cesareo-hernando-de-pereda-1884\/#primaryimage"},"image":{"@id":"https:\/\/www.comprarmejor.es\/en\/product\/cutting-and-sewing-manual-cesareo-hernando-de-pereda-1884\/#primaryimage"},"thumbnailUrl":"https:\/\/www.comprarmejor.es\/wp-content\/uploads\/2022\/06\/DSC04182.jpg","datePublished":"2022-06-24T11:19:34+00:00","dateModified":"2022-08-23T08:46:59+00:00","description":"Original copy from 1884 of the work by Ces\u00e1reo Hernando de Pereda, Manual for cutting and making ladies' dresses and linens.","breadcrumb":{"@id":"https:\/\/www.comprarmejor.es\/en\/product\/cutting-and-sewing-manual-cesareo-hernando-de-pereda-1884\/#breadcrumb"},"inLanguage":"en-US","potentialAction":[{"@type":"ReadAction","target":["https:\/\/www.comprarmejor.es\/en\/product\/cutting-and-sewing-manual-cesareo-hernando-de-pereda-1884\/"]}]},{"@type":"ImageObject","inLanguage":"en-US","@id":"https:\/\/www.comprarmejor.es\/en\/product\/cutting-and-sewing-manual-cesareo-hernando-de-pereda-1884\/#primaryimage","url":"https:\/\/www.comprarmejor.es\/wp-content\/uploads\/2022\/06\/DSC04182.jpg","contentUrl":"https:\/\/www.comprarmejor.es\/wp-content\/uploads\/2022\/06\/DSC04182.jpg","width":415,"height":600},{"@type":"BreadcrumbList","@id":"https:\/\/www.comprarmejor.es\/en\/product\/cutting-and-sewing-manual-cesareo-hernando-de-pereda-1884\/#breadcrumb","itemListElement":[{"@type":"ListItem","position":1,"name":"Portada","item":"https:\/\/www.comprarmejor.es\/en\/"},{"@type":"ListItem","position":2,"name":"Shop","item":"https:\/\/www.comprarmejor.es\/en\/shop\/"},{"@type":"ListItem","position":3,"name":"1884 Cutting and sewing manual. Cesareo Hernando de Pereda (exclusive original copy)"}]},{"@type":"WebSite","@id":"https:\/\/www.comprarmejor.es\/en\/#website","url":"https:\/\/www.comprarmejor.es\/en\/","name":"ComprarMejor","description":"ComprarMejor","publisher":{"@id":"https:\/\/www.comprarmejor.es\/en\/#organization"},"potentialAction":[{"@type":"SearchAction","target":{"@type":"EntryPoint","urlTemplate":"https:\/\/www.comprarmejor.es\/en\/?s={search_term_string}"},"query-input":{"@type":"PropertyValueSpecification","valueRequired":true,"valueName":"search_term_string"}}],"inLanguage":"en-US"},{"@type":"Organization","@id":"https:\/\/www.comprarmejor.es\/en\/#organization","name":"COMPRAR MEJOR","url":"https:\/\/www.comprarmejor.es\/en\/","logo":{"@type":"ImageObject","inLanguage":"en-US","@id":"https:\/\/www.comprarmejor.es\/en\/#\/schema\/logo\/image\/","url":"https:\/\/www.comprarmejor.es\/wp-content\/uploads\/2025\/09\/comprarmejortrinidad.jpg","contentUrl":"https:\/\/www.comprarmejor.es\/wp-content\/uploads\/2025\/09\/comprarmejortrinidad.jpg","width":1022,"height":1380,"caption":"COMPRAR MEJOR"},"image":{"@id":"https:\/\/www.comprarmejor.es\/en\/#\/schema\/logo\/image\/"},"sameAs":["https:\/\/www.instagram.com\/amigosdelcodice"]}]}},"_links":{"self":[{"href":"https:\/\/www.comprarmejor.es\/en\/wp-json\/wp\/v2\/product\/77194","targetHints":{"allow":["GET"]}}],"collection":[{"href":"https:\/\/www.comprarmejor.es\/en\/wp-json\/wp\/v2\/product"}],"about":[{"href":"https:\/\/www.comprarmejor.es\/en\/wp-json\/wp\/v2\/types\/product"}],"wp:featuredmedia":[{"embeddable":true,"href":"https:\/\/www.comprarmejor.es\/en\/wp-json\/wp\/v2\/media\/77196"}],"wp:attachment":[{"href":"https:\/\/www.comprarmejor.es\/en\/wp-json\/wp\/v2\/media?parent=77194"}],"wp:term":[{"taxonomy":"product_brand","embeddable":true,"href":"https:\/\/www.comprarmejor.es\/en\/wp-json\/wp\/v2\/product_brand?post=77194"},{"taxonomy":"product_cat","embeddable":true,"href":"https:\/\/www.comprarmejor.es\/en\/wp-json\/wp\/v2\/product_cat?post=77194"},{"taxonomy":"product_tag","embeddable":true,"href":"https:\/\/www.comprarmejor.es\/en\/wp-json\/wp\/v2\/product_tag?post=77194"}],"curies":[{"name":"wp","href":"https:\/\/api.w.org\/{rel}","templated":true}]}}