{"id":78805,"date":"2022-07-19T16:54:01","date_gmt":"2022-07-19T14:54:02","guid":{"rendered":"https:\/\/www.comprarmejor.es\/?post_type=product&#038;p=78805"},"modified":"2022-07-19T17:05:30","modified_gmt":"2022-07-19T15:05:30","slug":"alexander-the-great-book-by-paul-faure-and-film-by-oliver-stone","status":"publish","type":"product","link":"https:\/\/www.comprarmejor.es\/en\/product\/alexander-the-great-book-by-paul-faure-and-film-by-oliver-stone\/","title":{"rendered":"Alexander the Great: book by Paul Faure and film by Oliver Stone"},"content":{"rendered":"<p style=\"text-align: justify;\">Alexander the Great. Book and film, cultural entertainment for any time. First the reading and then the movie, or first the movie and then the reading. It is not about the book of the movie or the movie of the book. Two ways to get to know one of the most important historical figures of our culture: Alexander III of Macedonia (356 BC \u2013 323 BC), King of Macedonia, Hegemon of Greece, Pharaoh of Egypt, King of Asia and Great King of Media and Persia . His reign was very short, only 13 years but he changed the history of all the countries he lived and conquered.<\/p>\n<p style=\"text-align: justify;\">ISBN: 9788476403686. Alexander, life and legend of the son of the gods. Paul Faure. Editorial Edaf, 1990. First edition in Spanish. In perfect condition, new, without marks, without use.<\/p>\n<p style=\"text-align: justify;\">Bound in hard cover with illustrated dust jacket, format 16 x 24 cm. 432 pages (including 10 maps) and 8 off-page plates with black and white photographs.<\/p>\n<p style=\"text-align: justify;\">ISBN: 8422632053872. Alexander the Great, 2 DVDs. 2005 film, 180 minutes. Languages: Spanish and English. Spanish subtitles. Director: Oliver Stone. Soundtrack: Vangelis. Screenplay by Oliver Stone, Christopher Kyle and Laeta Kalogridis. Main cast: Colin Farrell, Angelina Jolie, Val Kilmer and Anthony Hopkins.<\/p>\n<p style=\"text-align: justify;\">DVDs in Special Edition, original, new, unused.<\/p>\n<p style=\"text-align: justify;\"><span title=\"Gastos de env\u00edo por cuenta del comprador, seg\u00fan pedido y destino.\"><span class=\"VIiyi\" lang=\"en\"><span class=\"JLqJ4b\" data-language-for-alternatives=\"en\" data-language-to-translate-into=\"es\" data-phrase-index=\"0\" data-number-of-phrases=\"1\"><span class=\"Q4iAWc\">Shipping costs paid by the buyer, according to order and destination<\/span><\/span><\/span>. <\/span><span title=\"Cons\u00faltenos cualquier duda, as\u00ed como por cualquier otro art\u00edculo que est\u00e9 buscando.\"><a class=\"btn btn-default\" href=\"https:\/\/www.comprarmejor.es\/en\/contact\">Ask us<\/a> <span class=\"VIiyi\" lang=\"en\"><span class=\"JLqJ4b ChMk0b C1N51c\" data-language-for-alternatives=\"en\" data-language-to-translate-into=\"es\" data-phrase-index=\"20\">without obligation (indicating the reference of the article) any questions.<\/span><\/span><br \/>\n<\/span><\/p>\n","protected":false},"excerpt":{"rendered":"<p style=\"text-align: justify;\"><span id=\"result_box\" lang=\"en\" xml:lang=\"en\"><span lang=\"en\" xml:lang=\"en\"><span class=\"VIiyi\" lang=\"en\"><span class=\"JLqJ4b ChMk0b\" data-language-for-alternatives=\"en\" data-language-to-translate-into=\"es\" data-phrase-index=\"7\"><span class=\"JLqJ4b\" data-language-for-alternatives=\"en\" data-language-to-translate-into=\"es\" data-phrase-index=\"0\" data-number-of-phrases=\"1\"><span class=\"Q4iAWc\">Alexander, life and legend of the son of the gods. Paul Faure, 1990. Alexander the Great, film by Oliler Stone, DVD 2005<\/span><\/span><\/span><\/span><\/span><\/span><\/p>\n","protected":false},"featured_media":78807,"template":"","meta":[],"product_brand":[],"product_cat":[2256,2262],"product_tag":[5100,5120],"class_list":{"0":"post-78805","1":"product","2":"type-product","3":"status-publish","4":"has-post-thumbnail","6":"product_cat-books-in-general","7":"product_cat-cd-dvd-brd","8":"product_tag-dvd-en","9":"product_tag-history-en","10":"product_shipping_class-from-2-to-5-kg","11":"description-off","13":"first","14":"instock","15":"taxable","16":"shipping-taxable","17":"purchasable","18":"product-type-simple"},"yoast_head":"<!-- This site is optimized with the Yoast SEO plugin v27.3 - https:\/\/yoast.com\/product\/yoast-seo-wordpress\/ -->\n<title>Alexander the Great: book by Paul Faure and film by Oliver Stone<\/title>\n<meta name=\"description\" content=\"Alexander, life and legend of the son of the gods. Paul Faure, 1990. Alexander the Great, film by Oliler Stone, DVD 2005\" \/>\n<meta name=\"robots\" content=\"index, follow, max-snippet:-1, max-image-preview:large, max-video-preview:-1\" \/>\n<link rel=\"canonical\" href=\"https:\/\/www.comprarmejor.es\/en\/product\/alexander-the-great-book-by-paul-faure-and-film-by-oliver-stone\/\" \/>\n<meta property=\"og:locale\" content=\"en_US\" \/>\n<meta property=\"og:type\" content=\"article\" \/>\n<meta property=\"og:title\" content=\"Alexander the Great: book by Paul Faure and film by Oliver Stone\" \/>\n<meta property=\"og:description\" content=\"Alexander, life and legend of the son of the gods. Paul Faure, 1990. Alexander the Great, film by Oliler Stone, DVD 2005\" \/>\n<meta property=\"og:url\" content=\"https:\/\/www.comprarmejor.es\/en\/product\/alexander-the-great-book-by-paul-faure-and-film-by-oliver-stone\/\" \/>\n<meta property=\"og:site_name\" content=\"ComprarMejor\" \/>\n<meta property=\"article:modified_time\" content=\"2022-07-19T15:05:30+00:00\" \/>\n<meta property=\"og:image\" content=\"https:\/\/www.comprarmejor.es\/wp-content\/uploads\/2022\/07\/DSC04342.jpg\" \/>\n\t<meta property=\"og:image:width\" content=\"698\" \/>\n\t<meta property=\"og:image:height\" content=\"494\" \/>\n\t<meta property=\"og:image:type\" content=\"image\/jpeg\" \/>\n<meta name=\"twitter:card\" content=\"summary_large_image\" \/>\n<meta name=\"twitter:label1\" content=\"Est. reading time\" \/>\n\t<meta name=\"twitter:data1\" content=\"1 minute\" \/>\n<script type=\"application\/ld+json\" class=\"yoast-schema-graph\">{\"@context\":\"https:\\\/\\\/schema.org\",\"@graph\":[{\"@type\":\"WebPage\",\"@id\":\"https:\\\/\\\/www.comprarmejor.es\\\/en\\\/product\\\/alexander-the-great-book-by-paul-faure-and-film-by-oliver-stone\\\/\",\"url\":\"https:\\\/\\\/www.comprarmejor.es\\\/en\\\/product\\\/alexander-the-great-book-by-paul-faure-and-film-by-oliver-stone\\\/\",\"name\":\"Alexander the Great: book by Paul Faure and film by Oliver Stone\",\"isPartOf\":{\"@id\":\"https:\\\/\\\/www.comprarmejor.es\\\/en\\\/#website\"},\"primaryImageOfPage\":{\"@id\":\"https:\\\/\\\/www.comprarmejor.es\\\/en\\\/product\\\/alexander-the-great-book-by-paul-faure-and-film-by-oliver-stone\\\/#primaryimage\"},\"image\":{\"@id\":\"https:\\\/\\\/www.comprarmejor.es\\\/en\\\/product\\\/alexander-the-great-book-by-paul-faure-and-film-by-oliver-stone\\\/#primaryimage\"},\"thumbnailUrl\":\"https:\\\/\\\/www.comprarmejor.es\\\/wp-content\\\/uploads\\\/2022\\\/07\\\/DSC04342.jpg\",\"datePublished\":\"2022-07-19T14:54:02+00:00\",\"dateModified\":\"2022-07-19T15:05:30+00:00\",\"description\":\"Alexander, life and legend of the son of the gods. Paul Faure, 1990. Alexander the Great, film by Oliler Stone, DVD 2005\",\"breadcrumb\":{\"@id\":\"https:\\\/\\\/www.comprarmejor.es\\\/en\\\/product\\\/alexander-the-great-book-by-paul-faure-and-film-by-oliver-stone\\\/#breadcrumb\"},\"inLanguage\":\"en-US\",\"potentialAction\":[{\"@type\":\"ReadAction\",\"target\":[\"https:\\\/\\\/www.comprarmejor.es\\\/en\\\/product\\\/alexander-the-great-book-by-paul-faure-and-film-by-oliver-stone\\\/\"]}]},{\"@type\":\"ImageObject\",\"inLanguage\":\"en-US\",\"@id\":\"https:\\\/\\\/www.comprarmejor.es\\\/en\\\/product\\\/alexander-the-great-book-by-paul-faure-and-film-by-oliver-stone\\\/#primaryimage\",\"url\":\"https:\\\/\\\/www.comprarmejor.es\\\/wp-content\\\/uploads\\\/2022\\\/07\\\/DSC04342.jpg\",\"contentUrl\":\"https:\\\/\\\/www.comprarmejor.es\\\/wp-content\\\/uploads\\\/2022\\\/07\\\/DSC04342.jpg\",\"width\":698,\"height\":494},{\"@type\":\"BreadcrumbList\",\"@id\":\"https:\\\/\\\/www.comprarmejor.es\\\/en\\\/product\\\/alexander-the-great-book-by-paul-faure-and-film-by-oliver-stone\\\/#breadcrumb\",\"itemListElement\":[{\"@type\":\"ListItem\",\"position\":1,\"name\":\"Portada\",\"item\":\"https:\\\/\\\/www.comprarmejor.es\\\/en\\\/\"},{\"@type\":\"ListItem\",\"position\":2,\"name\":\"Shop\",\"item\":\"https:\\\/\\\/www.comprarmejor.es\\\/en\\\/shop\\\/\"},{\"@type\":\"ListItem\",\"position\":3,\"name\":\"Alexander the Great: book by Paul Faure and film by Oliver Stone\"}]},{\"@type\":\"WebSite\",\"@id\":\"https:\\\/\\\/www.comprarmejor.es\\\/en\\\/#website\",\"url\":\"https:\\\/\\\/www.comprarmejor.es\\\/en\\\/\",\"name\":\"ComprarMejor\",\"description\":\"ComprarMejor\",\"publisher\":{\"@id\":\"https:\\\/\\\/www.comprarmejor.es\\\/en\\\/#organization\"},\"potentialAction\":[{\"@type\":\"SearchAction\",\"target\":{\"@type\":\"EntryPoint\",\"urlTemplate\":\"https:\\\/\\\/www.comprarmejor.es\\\/en\\\/?s={search_term_string}\"},\"query-input\":{\"@type\":\"PropertyValueSpecification\",\"valueRequired\":true,\"valueName\":\"search_term_string\"}}],\"inLanguage\":\"en-US\"},{\"@type\":\"Organization\",\"@id\":\"https:\\\/\\\/www.comprarmejor.es\\\/en\\\/#organization\",\"name\":\"COMPRAR MEJOR\",\"url\":\"https:\\\/\\\/www.comprarmejor.es\\\/en\\\/\",\"logo\":{\"@type\":\"ImageObject\",\"inLanguage\":\"en-US\",\"@id\":\"https:\\\/\\\/www.comprarmejor.es\\\/en\\\/#\\\/schema\\\/logo\\\/image\\\/\",\"url\":\"https:\\\/\\\/www.comprarmejor.es\\\/wp-content\\\/uploads\\\/2025\\\/09\\\/comprarmejortrinidad.jpg\",\"contentUrl\":\"https:\\\/\\\/www.comprarmejor.es\\\/wp-content\\\/uploads\\\/2025\\\/09\\\/comprarmejortrinidad.jpg\",\"width\":1022,\"height\":1380,\"caption\":\"COMPRAR MEJOR\"},\"image\":{\"@id\":\"https:\\\/\\\/www.comprarmejor.es\\\/en\\\/#\\\/schema\\\/logo\\\/image\\\/\"},\"sameAs\":[\"https:\\\/\\\/www.instagram.com\\\/amigosdelcodice\"]}]}<\/script>\n<!-- \/ Yoast SEO plugin. -->","yoast_head_json":{"title":"Alexander the Great: book by Paul Faure and film by Oliver Stone","description":"Alexander, life and legend of the son of the gods. Paul Faure, 1990. Alexander the Great, film by Oliler Stone, DVD 2005","robots":{"index":"index","follow":"follow","max-snippet":"max-snippet:-1","max-image-preview":"max-image-preview:large","max-video-preview":"max-video-preview:-1"},"canonical":"https:\/\/www.comprarmejor.es\/en\/product\/alexander-the-great-book-by-paul-faure-and-film-by-oliver-stone\/","og_locale":"en_US","og_type":"article","og_title":"Alexander the Great: book by Paul Faure and film by Oliver Stone","og_description":"Alexander, life and legend of the son of the gods. Paul Faure, 1990. Alexander the Great, film by Oliler Stone, DVD 2005","og_url":"https:\/\/www.comprarmejor.es\/en\/product\/alexander-the-great-book-by-paul-faure-and-film-by-oliver-stone\/","og_site_name":"ComprarMejor","article_modified_time":"2022-07-19T15:05:30+00:00","og_image":[{"width":698,"height":494,"url":"https:\/\/www.comprarmejor.es\/wp-content\/uploads\/2022\/07\/DSC04342.jpg","type":"image\/jpeg"}],"twitter_card":"summary_large_image","twitter_misc":{"Est. reading time":"1 minute"},"schema":{"@context":"https:\/\/schema.org","@graph":[{"@type":"WebPage","@id":"https:\/\/www.comprarmejor.es\/en\/product\/alexander-the-great-book-by-paul-faure-and-film-by-oliver-stone\/","url":"https:\/\/www.comprarmejor.es\/en\/product\/alexander-the-great-book-by-paul-faure-and-film-by-oliver-stone\/","name":"Alexander the Great: book by Paul Faure and film by Oliver Stone","isPartOf":{"@id":"https:\/\/www.comprarmejor.es\/en\/#website"},"primaryImageOfPage":{"@id":"https:\/\/www.comprarmejor.es\/en\/product\/alexander-the-great-book-by-paul-faure-and-film-by-oliver-stone\/#primaryimage"},"image":{"@id":"https:\/\/www.comprarmejor.es\/en\/product\/alexander-the-great-book-by-paul-faure-and-film-by-oliver-stone\/#primaryimage"},"thumbnailUrl":"https:\/\/www.comprarmejor.es\/wp-content\/uploads\/2022\/07\/DSC04342.jpg","datePublished":"2022-07-19T14:54:02+00:00","dateModified":"2022-07-19T15:05:30+00:00","description":"Alexander, life and legend of the son of the gods. Paul Faure, 1990. Alexander the Great, film by Oliler Stone, DVD 2005","breadcrumb":{"@id":"https:\/\/www.comprarmejor.es\/en\/product\/alexander-the-great-book-by-paul-faure-and-film-by-oliver-stone\/#breadcrumb"},"inLanguage":"en-US","potentialAction":[{"@type":"ReadAction","target":["https:\/\/www.comprarmejor.es\/en\/product\/alexander-the-great-book-by-paul-faure-and-film-by-oliver-stone\/"]}]},{"@type":"ImageObject","inLanguage":"en-US","@id":"https:\/\/www.comprarmejor.es\/en\/product\/alexander-the-great-book-by-paul-faure-and-film-by-oliver-stone\/#primaryimage","url":"https:\/\/www.comprarmejor.es\/wp-content\/uploads\/2022\/07\/DSC04342.jpg","contentUrl":"https:\/\/www.comprarmejor.es\/wp-content\/uploads\/2022\/07\/DSC04342.jpg","width":698,"height":494},{"@type":"BreadcrumbList","@id":"https:\/\/www.comprarmejor.es\/en\/product\/alexander-the-great-book-by-paul-faure-and-film-by-oliver-stone\/#breadcrumb","itemListElement":[{"@type":"ListItem","position":1,"name":"Portada","item":"https:\/\/www.comprarmejor.es\/en\/"},{"@type":"ListItem","position":2,"name":"Shop","item":"https:\/\/www.comprarmejor.es\/en\/shop\/"},{"@type":"ListItem","position":3,"name":"Alexander the Great: book by Paul Faure and film by Oliver Stone"}]},{"@type":"WebSite","@id":"https:\/\/www.comprarmejor.es\/en\/#website","url":"https:\/\/www.comprarmejor.es\/en\/","name":"ComprarMejor","description":"ComprarMejor","publisher":{"@id":"https:\/\/www.comprarmejor.es\/en\/#organization"},"potentialAction":[{"@type":"SearchAction","target":{"@type":"EntryPoint","urlTemplate":"https:\/\/www.comprarmejor.es\/en\/?s={search_term_string}"},"query-input":{"@type":"PropertyValueSpecification","valueRequired":true,"valueName":"search_term_string"}}],"inLanguage":"en-US"},{"@type":"Organization","@id":"https:\/\/www.comprarmejor.es\/en\/#organization","name":"COMPRAR MEJOR","url":"https:\/\/www.comprarmejor.es\/en\/","logo":{"@type":"ImageObject","inLanguage":"en-US","@id":"https:\/\/www.comprarmejor.es\/en\/#\/schema\/logo\/image\/","url":"https:\/\/www.comprarmejor.es\/wp-content\/uploads\/2025\/09\/comprarmejortrinidad.jpg","contentUrl":"https:\/\/www.comprarmejor.es\/wp-content\/uploads\/2025\/09\/comprarmejortrinidad.jpg","width":1022,"height":1380,"caption":"COMPRAR MEJOR"},"image":{"@id":"https:\/\/www.comprarmejor.es\/en\/#\/schema\/logo\/image\/"},"sameAs":["https:\/\/www.instagram.com\/amigosdelcodice"]}]}},"_links":{"self":[{"href":"https:\/\/www.comprarmejor.es\/en\/wp-json\/wp\/v2\/product\/78805","targetHints":{"allow":["GET"]}}],"collection":[{"href":"https:\/\/www.comprarmejor.es\/en\/wp-json\/wp\/v2\/product"}],"about":[{"href":"https:\/\/www.comprarmejor.es\/en\/wp-json\/wp\/v2\/types\/product"}],"wp:featuredmedia":[{"embeddable":true,"href":"https:\/\/www.comprarmejor.es\/en\/wp-json\/wp\/v2\/media\/78807"}],"wp:attachment":[{"href":"https:\/\/www.comprarmejor.es\/en\/wp-json\/wp\/v2\/media?parent=78805"}],"wp:term":[{"taxonomy":"product_brand","embeddable":true,"href":"https:\/\/www.comprarmejor.es\/en\/wp-json\/wp\/v2\/product_brand?post=78805"},{"taxonomy":"product_cat","embeddable":true,"href":"https:\/\/www.comprarmejor.es\/en\/wp-json\/wp\/v2\/product_cat?post=78805"},{"taxonomy":"product_tag","embeddable":true,"href":"https:\/\/www.comprarmejor.es\/en\/wp-json\/wp\/v2\/product_tag?post=78805"}],"curies":[{"name":"wp","href":"https:\/\/api.w.org\/{rel}","templated":true}]}}