{"id":79085,"date":"2022-07-23T23:13:36","date_gmt":"2022-07-23T21:13:36","guid":{"rendered":"https:\/\/www.comprarmejor.es\/?post_type=product&#038;p=79085"},"modified":"2022-07-23T23:32:19","modified_gmt":"2022-07-23T21:32:19","slug":"john-paul-ii-26-years-of-pontificate-through-the-seals-2005","status":"publish","type":"product","link":"https:\/\/www.comprarmejor.es\/en\/product\/john-paul-ii-26-years-of-pontificate-through-the-seals-2005\/","title":{"rendered":"John Paul II, 26 years of Pontificate through the seals. 2005"},"content":{"rendered":"<p style=\"text-align: justify;\">Book-album of 2005 commemorating the Pontificate of Saint John Paul II (10-16-1978 \/ 4-2-2005) with 54 paper stamps on the different trips and moments of his papacy.<\/p>\n<p style=\"text-align: justify;\">Format 20 x 27 cm. 64 pages with 54 original stamps of the R\u00e9publique de Guin\u00e9e and the Republique du Benin, unused, in their philatelic bags, commemorating the different trips and moments of the Papacy of H.H. John Paul II; plus 28 metal stamps, 7 gold-plated and 21 silver-plated, unused, in their philatelic bags, with original and exclusive designs on John Paul II of The Gambia; plus 2 exclusive gold-plated coins with very representative moments of Karol Wojtyla: commemoration of his pontificate and his death, unused and in their bags.<\/p>\n<p style=\"text-align: justify;\">Texts in Spanish by Umberto D&#8217;Arr\u00f2, authentic stamps guaranteed by Bolaffi, Turin (Italy).<\/p>\n<p style=\"text-align: justify;\">An original and different tour, through the art of philately, through the travels of John Paul II throughout his pontificate. For this, the exclusive designs of Irio Ottavio Fantini, designer of the Vatican, have been used. With his help, an unrepeatable collection has been created using different media (paper and metal), broadening the vision of the apostolic career of a unique and different Pope who has made history. This work collects the most symbolic moments in the life of John Paul II, from his appointment to the end of his days.<\/p>\n<p style=\"text-align: justify;\">Complete book-album, new, unused, with all the paper and plated metal stamps, as well as the coins, placed in their corresponding places. Everything in perfect condition.<\/p>\n<p style=\"text-align: justify;\"><span title=\"Gastos de env\u00edo por cuenta del comprador, seg\u00fan pedido y destino.\"><span class=\"VIiyi\" lang=\"en\"><span class=\"JLqJ4b\" data-language-for-alternatives=\"en\" data-language-to-translate-into=\"es\" data-phrase-index=\"0\" data-number-of-phrases=\"1\"><span class=\"Q4iAWc\">Shipping costs paid by the buyer, according to order and destination<\/span><\/span><\/span>. <\/span><span title=\"Cons\u00faltenos cualquier duda, as\u00ed como por cualquier otro art\u00edculo que est\u00e9 buscando.\"><a class=\"btn btn-default\" href=\"https:\/\/www.comprarmejor.es\/en\/contact\">Ask us<\/a> <span class=\"VIiyi\" lang=\"en\"><span class=\"JLqJ4b\" data-language-for-alternatives=\"en\" data-language-to-translate-into=\"es\" data-phrase-index=\"0\" data-number-of-phrases=\"1\"><span class=\"Q4iAWc\">any questions you may have, indicating the article reference.<\/span><\/span><\/span><br \/>\n<\/span><\/p>\n","protected":false},"excerpt":{"rendered":"<p style=\"text-align: justify;\"><span class=\"VIiyi\" lang=\"en\"><span class=\"JLqJ4b\" data-language-for-alternatives=\"en\" data-language-to-translate-into=\"es\" data-phrase-index=\"0\" data-number-of-phrases=\"1\"><span class=\"Q4iAWc\">Book-album commemorating the Pontificate of Saint John Paul II with 54 paper stamps on the different trips and moments of his papacy.<\/span><\/span><\/span><\/p>\n","protected":false},"featured_media":79087,"template":"","meta":[],"product_brand":[],"product_cat":[2256,2236],"product_tag":[5120],"class_list":{"0":"post-79085","1":"product","2":"type-product","3":"status-publish","4":"has-post-thumbnail","6":"product_cat-books-in-general","7":"product_cat-philately","8":"product_tag-history-en","9":"product_shipping_class-from-0-to-1-kg","10":"description-off","12":"first","13":"instock","14":"taxable","15":"shipping-taxable","16":"purchasable","17":"product-type-simple"},"yoast_head":"<!-- This site is optimized with the Yoast SEO plugin v27.3 - https:\/\/yoast.com\/product\/yoast-seo-wordpress\/ -->\n<title>John Paul II, 26 years of Pontificate through the seals. 2005<\/title>\n<meta name=\"description\" content=\"Book-album commemorating the Pontificate of Saint John Paul II with 54 paper stamps on the different trips and moments of his papacy.\" \/>\n<meta name=\"robots\" content=\"index, follow, max-snippet:-1, max-image-preview:large, max-video-preview:-1\" \/>\n<link rel=\"canonical\" href=\"https:\/\/www.comprarmejor.es\/en\/product\/john-paul-ii-26-years-of-pontificate-through-the-seals-2005\/\" \/>\n<meta property=\"og:locale\" content=\"en_US\" \/>\n<meta property=\"og:type\" content=\"article\" \/>\n<meta property=\"og:title\" content=\"John Paul II, 26 years of Pontificate through the seals. 2005\" \/>\n<meta property=\"og:description\" content=\"Book-album commemorating the Pontificate of Saint John Paul II with 54 paper stamps on the different trips and moments of his papacy.\" \/>\n<meta property=\"og:url\" content=\"https:\/\/www.comprarmejor.es\/en\/product\/john-paul-ii-26-years-of-pontificate-through-the-seals-2005\/\" \/>\n<meta property=\"og:site_name\" content=\"ComprarMejor\" \/>\n<meta property=\"article:modified_time\" content=\"2022-07-23T21:32:19+00:00\" \/>\n<meta property=\"og:image\" content=\"https:\/\/www.comprarmejor.es\/wp-content\/uploads\/2022\/07\/DSC04375.jpg\" \/>\n\t<meta property=\"og:image:width\" content=\"550\" \/>\n\t<meta property=\"og:image:height\" content=\"691\" \/>\n\t<meta property=\"og:image:type\" content=\"image\/jpeg\" \/>\n<meta name=\"twitter:card\" content=\"summary_large_image\" \/>\n<meta name=\"twitter:label1\" content=\"Est. reading time\" \/>\n\t<meta name=\"twitter:data1\" content=\"1 minute\" \/>\n<script type=\"application\/ld+json\" class=\"yoast-schema-graph\">{\"@context\":\"https:\\\/\\\/schema.org\",\"@graph\":[{\"@type\":\"WebPage\",\"@id\":\"https:\\\/\\\/www.comprarmejor.es\\\/en\\\/product\\\/john-paul-ii-26-years-of-pontificate-through-the-seals-2005\\\/\",\"url\":\"https:\\\/\\\/www.comprarmejor.es\\\/en\\\/product\\\/john-paul-ii-26-years-of-pontificate-through-the-seals-2005\\\/\",\"name\":\"John Paul II, 26 years of Pontificate through the seals. 2005\",\"isPartOf\":{\"@id\":\"https:\\\/\\\/www.comprarmejor.es\\\/en\\\/#website\"},\"primaryImageOfPage\":{\"@id\":\"https:\\\/\\\/www.comprarmejor.es\\\/en\\\/product\\\/john-paul-ii-26-years-of-pontificate-through-the-seals-2005\\\/#primaryimage\"},\"image\":{\"@id\":\"https:\\\/\\\/www.comprarmejor.es\\\/en\\\/product\\\/john-paul-ii-26-years-of-pontificate-through-the-seals-2005\\\/#primaryimage\"},\"thumbnailUrl\":\"https:\\\/\\\/www.comprarmejor.es\\\/wp-content\\\/uploads\\\/2022\\\/07\\\/DSC04375.jpg\",\"datePublished\":\"2022-07-23T21:13:36+00:00\",\"dateModified\":\"2022-07-23T21:32:19+00:00\",\"description\":\"Book-album commemorating the Pontificate of Saint John Paul II with 54 paper stamps on the different trips and moments of his papacy.\",\"breadcrumb\":{\"@id\":\"https:\\\/\\\/www.comprarmejor.es\\\/en\\\/product\\\/john-paul-ii-26-years-of-pontificate-through-the-seals-2005\\\/#breadcrumb\"},\"inLanguage\":\"en-US\",\"potentialAction\":[{\"@type\":\"ReadAction\",\"target\":[\"https:\\\/\\\/www.comprarmejor.es\\\/en\\\/product\\\/john-paul-ii-26-years-of-pontificate-through-the-seals-2005\\\/\"]}]},{\"@type\":\"ImageObject\",\"inLanguage\":\"en-US\",\"@id\":\"https:\\\/\\\/www.comprarmejor.es\\\/en\\\/product\\\/john-paul-ii-26-years-of-pontificate-through-the-seals-2005\\\/#primaryimage\",\"url\":\"https:\\\/\\\/www.comprarmejor.es\\\/wp-content\\\/uploads\\\/2022\\\/07\\\/DSC04375.jpg\",\"contentUrl\":\"https:\\\/\\\/www.comprarmejor.es\\\/wp-content\\\/uploads\\\/2022\\\/07\\\/DSC04375.jpg\",\"width\":550,\"height\":691},{\"@type\":\"BreadcrumbList\",\"@id\":\"https:\\\/\\\/www.comprarmejor.es\\\/en\\\/product\\\/john-paul-ii-26-years-of-pontificate-through-the-seals-2005\\\/#breadcrumb\",\"itemListElement\":[{\"@type\":\"ListItem\",\"position\":1,\"name\":\"Portada\",\"item\":\"https:\\\/\\\/www.comprarmejor.es\\\/en\\\/\"},{\"@type\":\"ListItem\",\"position\":2,\"name\":\"Shop\",\"item\":\"https:\\\/\\\/www.comprarmejor.es\\\/en\\\/shop\\\/\"},{\"@type\":\"ListItem\",\"position\":3,\"name\":\"John Paul II, 26 years of Pontificate through the seals. 2005\"}]},{\"@type\":\"WebSite\",\"@id\":\"https:\\\/\\\/www.comprarmejor.es\\\/en\\\/#website\",\"url\":\"https:\\\/\\\/www.comprarmejor.es\\\/en\\\/\",\"name\":\"ComprarMejor\",\"description\":\"ComprarMejor\",\"publisher\":{\"@id\":\"https:\\\/\\\/www.comprarmejor.es\\\/en\\\/#organization\"},\"potentialAction\":[{\"@type\":\"SearchAction\",\"target\":{\"@type\":\"EntryPoint\",\"urlTemplate\":\"https:\\\/\\\/www.comprarmejor.es\\\/en\\\/?s={search_term_string}\"},\"query-input\":{\"@type\":\"PropertyValueSpecification\",\"valueRequired\":true,\"valueName\":\"search_term_string\"}}],\"inLanguage\":\"en-US\"},{\"@type\":\"Organization\",\"@id\":\"https:\\\/\\\/www.comprarmejor.es\\\/en\\\/#organization\",\"name\":\"COMPRAR MEJOR\",\"url\":\"https:\\\/\\\/www.comprarmejor.es\\\/en\\\/\",\"logo\":{\"@type\":\"ImageObject\",\"inLanguage\":\"en-US\",\"@id\":\"https:\\\/\\\/www.comprarmejor.es\\\/en\\\/#\\\/schema\\\/logo\\\/image\\\/\",\"url\":\"https:\\\/\\\/www.comprarmejor.es\\\/wp-content\\\/uploads\\\/2025\\\/09\\\/comprarmejortrinidad.jpg\",\"contentUrl\":\"https:\\\/\\\/www.comprarmejor.es\\\/wp-content\\\/uploads\\\/2025\\\/09\\\/comprarmejortrinidad.jpg\",\"width\":1022,\"height\":1380,\"caption\":\"COMPRAR MEJOR\"},\"image\":{\"@id\":\"https:\\\/\\\/www.comprarmejor.es\\\/en\\\/#\\\/schema\\\/logo\\\/image\\\/\"},\"sameAs\":[\"https:\\\/\\\/www.instagram.com\\\/amigosdelcodice\"]}]}<\/script>\n<!-- \/ Yoast SEO plugin. -->","yoast_head_json":{"title":"John Paul II, 26 years of Pontificate through the seals. 2005","description":"Book-album commemorating the Pontificate of Saint John Paul II with 54 paper stamps on the different trips and moments of his papacy.","robots":{"index":"index","follow":"follow","max-snippet":"max-snippet:-1","max-image-preview":"max-image-preview:large","max-video-preview":"max-video-preview:-1"},"canonical":"https:\/\/www.comprarmejor.es\/en\/product\/john-paul-ii-26-years-of-pontificate-through-the-seals-2005\/","og_locale":"en_US","og_type":"article","og_title":"John Paul II, 26 years of Pontificate through the seals. 2005","og_description":"Book-album commemorating the Pontificate of Saint John Paul II with 54 paper stamps on the different trips and moments of his papacy.","og_url":"https:\/\/www.comprarmejor.es\/en\/product\/john-paul-ii-26-years-of-pontificate-through-the-seals-2005\/","og_site_name":"ComprarMejor","article_modified_time":"2022-07-23T21:32:19+00:00","og_image":[{"width":550,"height":691,"url":"https:\/\/www.comprarmejor.es\/wp-content\/uploads\/2022\/07\/DSC04375.jpg","type":"image\/jpeg"}],"twitter_card":"summary_large_image","twitter_misc":{"Est. reading time":"1 minute"},"schema":{"@context":"https:\/\/schema.org","@graph":[{"@type":"WebPage","@id":"https:\/\/www.comprarmejor.es\/en\/product\/john-paul-ii-26-years-of-pontificate-through-the-seals-2005\/","url":"https:\/\/www.comprarmejor.es\/en\/product\/john-paul-ii-26-years-of-pontificate-through-the-seals-2005\/","name":"John Paul II, 26 years of Pontificate through the seals. 2005","isPartOf":{"@id":"https:\/\/www.comprarmejor.es\/en\/#website"},"primaryImageOfPage":{"@id":"https:\/\/www.comprarmejor.es\/en\/product\/john-paul-ii-26-years-of-pontificate-through-the-seals-2005\/#primaryimage"},"image":{"@id":"https:\/\/www.comprarmejor.es\/en\/product\/john-paul-ii-26-years-of-pontificate-through-the-seals-2005\/#primaryimage"},"thumbnailUrl":"https:\/\/www.comprarmejor.es\/wp-content\/uploads\/2022\/07\/DSC04375.jpg","datePublished":"2022-07-23T21:13:36+00:00","dateModified":"2022-07-23T21:32:19+00:00","description":"Book-album commemorating the Pontificate of Saint John Paul II with 54 paper stamps on the different trips and moments of his papacy.","breadcrumb":{"@id":"https:\/\/www.comprarmejor.es\/en\/product\/john-paul-ii-26-years-of-pontificate-through-the-seals-2005\/#breadcrumb"},"inLanguage":"en-US","potentialAction":[{"@type":"ReadAction","target":["https:\/\/www.comprarmejor.es\/en\/product\/john-paul-ii-26-years-of-pontificate-through-the-seals-2005\/"]}]},{"@type":"ImageObject","inLanguage":"en-US","@id":"https:\/\/www.comprarmejor.es\/en\/product\/john-paul-ii-26-years-of-pontificate-through-the-seals-2005\/#primaryimage","url":"https:\/\/www.comprarmejor.es\/wp-content\/uploads\/2022\/07\/DSC04375.jpg","contentUrl":"https:\/\/www.comprarmejor.es\/wp-content\/uploads\/2022\/07\/DSC04375.jpg","width":550,"height":691},{"@type":"BreadcrumbList","@id":"https:\/\/www.comprarmejor.es\/en\/product\/john-paul-ii-26-years-of-pontificate-through-the-seals-2005\/#breadcrumb","itemListElement":[{"@type":"ListItem","position":1,"name":"Portada","item":"https:\/\/www.comprarmejor.es\/en\/"},{"@type":"ListItem","position":2,"name":"Shop","item":"https:\/\/www.comprarmejor.es\/en\/shop\/"},{"@type":"ListItem","position":3,"name":"John Paul II, 26 years of Pontificate through the seals. 2005"}]},{"@type":"WebSite","@id":"https:\/\/www.comprarmejor.es\/en\/#website","url":"https:\/\/www.comprarmejor.es\/en\/","name":"ComprarMejor","description":"ComprarMejor","publisher":{"@id":"https:\/\/www.comprarmejor.es\/en\/#organization"},"potentialAction":[{"@type":"SearchAction","target":{"@type":"EntryPoint","urlTemplate":"https:\/\/www.comprarmejor.es\/en\/?s={search_term_string}"},"query-input":{"@type":"PropertyValueSpecification","valueRequired":true,"valueName":"search_term_string"}}],"inLanguage":"en-US"},{"@type":"Organization","@id":"https:\/\/www.comprarmejor.es\/en\/#organization","name":"COMPRAR MEJOR","url":"https:\/\/www.comprarmejor.es\/en\/","logo":{"@type":"ImageObject","inLanguage":"en-US","@id":"https:\/\/www.comprarmejor.es\/en\/#\/schema\/logo\/image\/","url":"https:\/\/www.comprarmejor.es\/wp-content\/uploads\/2025\/09\/comprarmejortrinidad.jpg","contentUrl":"https:\/\/www.comprarmejor.es\/wp-content\/uploads\/2025\/09\/comprarmejortrinidad.jpg","width":1022,"height":1380,"caption":"COMPRAR MEJOR"},"image":{"@id":"https:\/\/www.comprarmejor.es\/en\/#\/schema\/logo\/image\/"},"sameAs":["https:\/\/www.instagram.com\/amigosdelcodice"]}]}},"_links":{"self":[{"href":"https:\/\/www.comprarmejor.es\/en\/wp-json\/wp\/v2\/product\/79085","targetHints":{"allow":["GET"]}}],"collection":[{"href":"https:\/\/www.comprarmejor.es\/en\/wp-json\/wp\/v2\/product"}],"about":[{"href":"https:\/\/www.comprarmejor.es\/en\/wp-json\/wp\/v2\/types\/product"}],"wp:featuredmedia":[{"embeddable":true,"href":"https:\/\/www.comprarmejor.es\/en\/wp-json\/wp\/v2\/media\/79087"}],"wp:attachment":[{"href":"https:\/\/www.comprarmejor.es\/en\/wp-json\/wp\/v2\/media?parent=79085"}],"wp:term":[{"taxonomy":"product_brand","embeddable":true,"href":"https:\/\/www.comprarmejor.es\/en\/wp-json\/wp\/v2\/product_brand?post=79085"},{"taxonomy":"product_cat","embeddable":true,"href":"https:\/\/www.comprarmejor.es\/en\/wp-json\/wp\/v2\/product_cat?post=79085"},{"taxonomy":"product_tag","embeddable":true,"href":"https:\/\/www.comprarmejor.es\/en\/wp-json\/wp\/v2\/product_tag?post=79085"}],"curies":[{"name":"wp","href":"https:\/\/api.w.org\/{rel}","templated":true}]}}