{"id":81267,"date":"2022-09-10T12:09:45","date_gmt":"2022-09-10T10:09:45","guid":{"rendered":"https:\/\/www.comprarmejor.es\/?post_type=product&#038;p=81267"},"modified":"2022-09-10T12:24:05","modified_gmt":"2022-09-10T10:24:05","slug":"vasco-nunez-de-balboa-discoverer-of-the-south-sea-pacific-ocean-s-xvi","status":"publish","type":"product","link":"https:\/\/www.comprarmejor.es\/en\/product\/vasco-nunez-de-balboa-discoverer-of-the-south-sea-pacific-ocean-s-xvi\/","title":{"rendered":"Vasco N\u00fa\u00f1ez de Balboa, Discoverer of the South Sea (Pacific Ocean), s. XVI"},"content":{"rendered":"<p style=\"text-align: justify;\">Commemorative facsimile edition of the V Centenary of the discovery of the South Sea (1513-2013), or Pacific Ocean, according to the originals kept in the General Archive of the Indies, in the Historical Library of the University of Seville and in the Herzog August Bibliothek.<\/p>\n<p style=\"text-align: justify;\">Limited edition of 1,513 copies, numbered and notarized.<\/p>\n<p style=\"text-align: justify;\">The edition consists of the reproduction of the following documents and map:<br \/>\nPortrait of Vasco N\u00fa\u00f1ez de Balboa, with an epitome of his life, belonging to the edition \u201cPortraits of Illustrious Spaniards\u201d, Madrid, Imprenta Real, 1791. Copy kept in the Historical Library of the University of Seville.<br \/>\nThe only surviving handwritten letter from Vasco N\u00fa\u00f1ez de Balboa, sent in 1515 to King Ferdinand the Catholic, and kept in the Archivo General de Indias, Seville.<br \/>\nFirst Pacific Portolan, 68 x 90 cm, 16th century, kept in the Herzog August Bibliothek in Wolfenb\u00fcttel, Germany.<\/p>\n<p style=\"text-align: justify;\">The facsimile of the handwritten letter presented in a 24 x 33 cm folder, and the facsimile of the portrait and biography in a 30 x 43 cm folder.<\/p>\n<p style=\"text-align: justify;\">Study book bound in hard cover format 24 x 33 cm. 196 pages, with the participation of Christopher Columbus, XX Duke of Veragua and direct descendant of the Discoverer of the New World; Miguel de la Quadra-Salcedo y Gayarre, Feliciano Correa Gamero, Carmen Mena Garc\u00eda and Jos\u00e9 Mar\u00eda Sanz Hermida.<\/p>\n<p style=\"text-align: justify;\">In turn, all this presented in a beautiful blue box-case decorated in silver, magnetic closure, format 31.5 x 44 x 4.5 cm.<\/p>\n<p style=\"text-align: justify;\">The portolan map of the Pacific Ocean is presented in a rigid and independent tube, format 75 x 7.3 cm.<\/p>\n<p style=\"text-align: justify;\">\u201cWell, one of the most important milestones in European overseas expansion took place on the Isthmus of Panama in the year 1513. Today, five centuries after that discovery, we celebrate the V Centenary of the discovery of the South Sea, remembering to Vasco N\u00fa\u00f1ez de Balboa, the advanced Extremaduran, native of Jerez de los Caballeros (Badajoz) and his brave adventure companions. And they well deserve it. It is, without a doubt, one of the greatest feats of the time of geographical exploration carried out by a small group of Spanish adventurers and a leader of extraordinary charisma who helped to broaden the image of the world and opened new paths over the oceanic abysses that, since ancient times, separated peoples and cultures. It is true that the protagonists of that adventure, too ignorant of the planetary immensity, were not able to even imagine the scope, the true dimensions of the discovery. Rather, they viewed it as the possibility of an imagined future, the waterway that would take them straight to the Spice Shop, the Columbian dream come true.\u201d<\/p>\n<p style=\"text-align: justify;\"><span title=\"Gastos de env\u00edo por cuenta del comprador, seg\u00fan pedido y destino.\"><span class=\"VIiyi\" lang=\"en\"><span class=\"JLqJ4b\" data-language-for-alternatives=\"en\" data-language-to-translate-into=\"es\" data-phrase-index=\"0\" data-number-of-phrases=\"1\">Shipping costs paid by the buyer, according to order and destination<\/span><\/span>. <\/span><span title=\"Cons\u00faltenos cualquier duda.\"><a class=\"btn btn-default\" href=\"https:\/\/www.comprarmejor.es\/en\/contact\">Ask us<\/a> <span class=\"VIiyi\" lang=\"en\"><span class=\"JLqJ4b\" data-language-for-alternatives=\"en\" data-language-to-translate-into=\"es\" data-phrase-index=\"0\" data-number-of-phrases=\"1\">without obligation (indicating the reference of the article) any questions.<\/span><\/span><br \/>\n<\/span><\/p>\n","protected":false},"excerpt":{"rendered":"<p style=\"text-align: justify;\"><span id=\"result_box\" lang=\"en\" xml:lang=\"en\">Commemorative facsimile edition of the V Centenary of the discovery of the South Sea (1513-2013), or Pacific Ocean, according to the originals<span title=\"y en una gran apuesta cultural y cient\u00edfica a nivel privado.\"><br \/>\n<\/span><\/span><\/p>\n","protected":false},"featured_media":81269,"template":"","meta":[],"product_brand":[],"product_cat":[2234,2250],"product_tag":[5806,5120,4519,4090],"class_list":{"0":"post-81267","1":"product","2":"type-product","3":"status-publish","4":"has-post-thumbnail","6":"product_cat-antique-maps","7":"product_cat-other-facsimiles","8":"product_tag-balboa-en","9":"product_tag-history-en","10":"product_tag-libraria-en-2","11":"product_tag-taberna-en","12":"product_shipping_class-from-2-to-5-kg","13":"description-off","15":"first","16":"instock","17":"taxable","18":"shipping-taxable","19":"purchasable","20":"product-type-simple"},"yoast_head":"<!-- This site is optimized with the Yoast SEO plugin v27.3 - https:\/\/yoast.com\/product\/yoast-seo-wordpress\/ -->\n<title>Vasco N\u00fa\u00f1ez de Balboa, Discoverer of the South Sea, s. XVI<\/title>\n<meta name=\"description\" content=\"Commemorative facsimile edition of the V Centenary of the discovery of the South Sea (1513-2013), or Pacific Ocean, according to the originals\" \/>\n<meta name=\"robots\" content=\"index, follow, max-snippet:-1, max-image-preview:large, max-video-preview:-1\" \/>\n<link rel=\"canonical\" href=\"https:\/\/www.comprarmejor.es\/en\/product\/vasco-nunez-de-balboa-discoverer-of-the-south-sea-pacific-ocean-s-xvi\/\" \/>\n<meta property=\"og:locale\" content=\"en_US\" \/>\n<meta property=\"og:type\" content=\"article\" \/>\n<meta property=\"og:title\" content=\"Vasco N\u00fa\u00f1ez de Balboa, Discoverer of the South Sea, s. XVI\" \/>\n<meta property=\"og:description\" content=\"Commemorative facsimile edition of the V Centenary of the discovery of the South Sea (1513-2013), or Pacific Ocean, according to the originals\" \/>\n<meta property=\"og:url\" content=\"https:\/\/www.comprarmejor.es\/en\/product\/vasco-nunez-de-balboa-discoverer-of-the-south-sea-pacific-ocean-s-xvi\/\" \/>\n<meta property=\"og:site_name\" content=\"ComprarMejor\" \/>\n<meta property=\"article:modified_time\" content=\"2022-09-10T10:24:05+00:00\" \/>\n<meta property=\"og:image\" content=\"https:\/\/www.comprarmejor.es\/wp-content\/uploads\/2022\/09\/VNB-1.jpg\" \/>\n\t<meta property=\"og:image:width\" content=\"699\" \/>\n\t<meta property=\"og:image:height\" content=\"524\" \/>\n\t<meta property=\"og:image:type\" content=\"image\/jpeg\" \/>\n<meta name=\"twitter:card\" content=\"summary_large_image\" \/>\n<meta name=\"twitter:label1\" content=\"Est. reading time\" \/>\n\t<meta name=\"twitter:data1\" content=\"3 minutes\" \/>\n<script type=\"application\/ld+json\" class=\"yoast-schema-graph\">{\"@context\":\"https:\\\/\\\/schema.org\",\"@graph\":[{\"@type\":\"WebPage\",\"@id\":\"https:\\\/\\\/www.comprarmejor.es\\\/en\\\/product\\\/vasco-nunez-de-balboa-discoverer-of-the-south-sea-pacific-ocean-s-xvi\\\/\",\"url\":\"https:\\\/\\\/www.comprarmejor.es\\\/en\\\/product\\\/vasco-nunez-de-balboa-discoverer-of-the-south-sea-pacific-ocean-s-xvi\\\/\",\"name\":\"Vasco N\u00fa\u00f1ez de Balboa, Discoverer of the South Sea, s. XVI\",\"isPartOf\":{\"@id\":\"https:\\\/\\\/www.comprarmejor.es\\\/en\\\/#website\"},\"primaryImageOfPage\":{\"@id\":\"https:\\\/\\\/www.comprarmejor.es\\\/en\\\/product\\\/vasco-nunez-de-balboa-discoverer-of-the-south-sea-pacific-ocean-s-xvi\\\/#primaryimage\"},\"image\":{\"@id\":\"https:\\\/\\\/www.comprarmejor.es\\\/en\\\/product\\\/vasco-nunez-de-balboa-discoverer-of-the-south-sea-pacific-ocean-s-xvi\\\/#primaryimage\"},\"thumbnailUrl\":\"https:\\\/\\\/www.comprarmejor.es\\\/wp-content\\\/uploads\\\/2022\\\/09\\\/VNB-1.jpg\",\"datePublished\":\"2022-09-10T10:09:45+00:00\",\"dateModified\":\"2022-09-10T10:24:05+00:00\",\"description\":\"Commemorative facsimile edition of the V Centenary of the discovery of the South Sea (1513-2013), or Pacific Ocean, according to the originals\",\"breadcrumb\":{\"@id\":\"https:\\\/\\\/www.comprarmejor.es\\\/en\\\/product\\\/vasco-nunez-de-balboa-discoverer-of-the-south-sea-pacific-ocean-s-xvi\\\/#breadcrumb\"},\"inLanguage\":\"en-US\",\"potentialAction\":[{\"@type\":\"ReadAction\",\"target\":[\"https:\\\/\\\/www.comprarmejor.es\\\/en\\\/product\\\/vasco-nunez-de-balboa-discoverer-of-the-south-sea-pacific-ocean-s-xvi\\\/\"]}]},{\"@type\":\"ImageObject\",\"inLanguage\":\"en-US\",\"@id\":\"https:\\\/\\\/www.comprarmejor.es\\\/en\\\/product\\\/vasco-nunez-de-balboa-discoverer-of-the-south-sea-pacific-ocean-s-xvi\\\/#primaryimage\",\"url\":\"https:\\\/\\\/www.comprarmejor.es\\\/wp-content\\\/uploads\\\/2022\\\/09\\\/VNB-1.jpg\",\"contentUrl\":\"https:\\\/\\\/www.comprarmejor.es\\\/wp-content\\\/uploads\\\/2022\\\/09\\\/VNB-1.jpg\",\"width\":699,\"height\":524},{\"@type\":\"BreadcrumbList\",\"@id\":\"https:\\\/\\\/www.comprarmejor.es\\\/en\\\/product\\\/vasco-nunez-de-balboa-discoverer-of-the-south-sea-pacific-ocean-s-xvi\\\/#breadcrumb\",\"itemListElement\":[{\"@type\":\"ListItem\",\"position\":1,\"name\":\"Portada\",\"item\":\"https:\\\/\\\/www.comprarmejor.es\\\/en\\\/\"},{\"@type\":\"ListItem\",\"position\":2,\"name\":\"Shop\",\"item\":\"https:\\\/\\\/www.comprarmejor.es\\\/en\\\/shop\\\/\"},{\"@type\":\"ListItem\",\"position\":3,\"name\":\"Vasco N\u00fa\u00f1ez de Balboa, Discoverer of the South Sea (Pacific Ocean), s. XVI\"}]},{\"@type\":\"WebSite\",\"@id\":\"https:\\\/\\\/www.comprarmejor.es\\\/en\\\/#website\",\"url\":\"https:\\\/\\\/www.comprarmejor.es\\\/en\\\/\",\"name\":\"ComprarMejor\",\"description\":\"ComprarMejor\",\"publisher\":{\"@id\":\"https:\\\/\\\/www.comprarmejor.es\\\/en\\\/#organization\"},\"potentialAction\":[{\"@type\":\"SearchAction\",\"target\":{\"@type\":\"EntryPoint\",\"urlTemplate\":\"https:\\\/\\\/www.comprarmejor.es\\\/en\\\/?s={search_term_string}\"},\"query-input\":{\"@type\":\"PropertyValueSpecification\",\"valueRequired\":true,\"valueName\":\"search_term_string\"}}],\"inLanguage\":\"en-US\"},{\"@type\":\"Organization\",\"@id\":\"https:\\\/\\\/www.comprarmejor.es\\\/en\\\/#organization\",\"name\":\"COMPRAR MEJOR\",\"url\":\"https:\\\/\\\/www.comprarmejor.es\\\/en\\\/\",\"logo\":{\"@type\":\"ImageObject\",\"inLanguage\":\"en-US\",\"@id\":\"https:\\\/\\\/www.comprarmejor.es\\\/en\\\/#\\\/schema\\\/logo\\\/image\\\/\",\"url\":\"https:\\\/\\\/www.comprarmejor.es\\\/wp-content\\\/uploads\\\/2025\\\/09\\\/comprarmejortrinidad.jpg\",\"contentUrl\":\"https:\\\/\\\/www.comprarmejor.es\\\/wp-content\\\/uploads\\\/2025\\\/09\\\/comprarmejortrinidad.jpg\",\"width\":1022,\"height\":1380,\"caption\":\"COMPRAR MEJOR\"},\"image\":{\"@id\":\"https:\\\/\\\/www.comprarmejor.es\\\/en\\\/#\\\/schema\\\/logo\\\/image\\\/\"},\"sameAs\":[\"https:\\\/\\\/www.instagram.com\\\/amigosdelcodice\"]}]}<\/script>\n<!-- \/ Yoast SEO plugin. -->","yoast_head_json":{"title":"Vasco N\u00fa\u00f1ez de Balboa, Discoverer of the South Sea, s. XVI","description":"Commemorative facsimile edition of the V Centenary of the discovery of the South Sea (1513-2013), or Pacific Ocean, according to the originals","robots":{"index":"index","follow":"follow","max-snippet":"max-snippet:-1","max-image-preview":"max-image-preview:large","max-video-preview":"max-video-preview:-1"},"canonical":"https:\/\/www.comprarmejor.es\/en\/product\/vasco-nunez-de-balboa-discoverer-of-the-south-sea-pacific-ocean-s-xvi\/","og_locale":"en_US","og_type":"article","og_title":"Vasco N\u00fa\u00f1ez de Balboa, Discoverer of the South Sea, s. XVI","og_description":"Commemorative facsimile edition of the V Centenary of the discovery of the South Sea (1513-2013), or Pacific Ocean, according to the originals","og_url":"https:\/\/www.comprarmejor.es\/en\/product\/vasco-nunez-de-balboa-discoverer-of-the-south-sea-pacific-ocean-s-xvi\/","og_site_name":"ComprarMejor","article_modified_time":"2022-09-10T10:24:05+00:00","og_image":[{"width":699,"height":524,"url":"https:\/\/www.comprarmejor.es\/wp-content\/uploads\/2022\/09\/VNB-1.jpg","type":"image\/jpeg"}],"twitter_card":"summary_large_image","twitter_misc":{"Est. reading time":"3 minutes"},"schema":{"@context":"https:\/\/schema.org","@graph":[{"@type":"WebPage","@id":"https:\/\/www.comprarmejor.es\/en\/product\/vasco-nunez-de-balboa-discoverer-of-the-south-sea-pacific-ocean-s-xvi\/","url":"https:\/\/www.comprarmejor.es\/en\/product\/vasco-nunez-de-balboa-discoverer-of-the-south-sea-pacific-ocean-s-xvi\/","name":"Vasco N\u00fa\u00f1ez de Balboa, Discoverer of the South Sea, s. XVI","isPartOf":{"@id":"https:\/\/www.comprarmejor.es\/en\/#website"},"primaryImageOfPage":{"@id":"https:\/\/www.comprarmejor.es\/en\/product\/vasco-nunez-de-balboa-discoverer-of-the-south-sea-pacific-ocean-s-xvi\/#primaryimage"},"image":{"@id":"https:\/\/www.comprarmejor.es\/en\/product\/vasco-nunez-de-balboa-discoverer-of-the-south-sea-pacific-ocean-s-xvi\/#primaryimage"},"thumbnailUrl":"https:\/\/www.comprarmejor.es\/wp-content\/uploads\/2022\/09\/VNB-1.jpg","datePublished":"2022-09-10T10:09:45+00:00","dateModified":"2022-09-10T10:24:05+00:00","description":"Commemorative facsimile edition of the V Centenary of the discovery of the South Sea (1513-2013), or Pacific Ocean, according to the originals","breadcrumb":{"@id":"https:\/\/www.comprarmejor.es\/en\/product\/vasco-nunez-de-balboa-discoverer-of-the-south-sea-pacific-ocean-s-xvi\/#breadcrumb"},"inLanguage":"en-US","potentialAction":[{"@type":"ReadAction","target":["https:\/\/www.comprarmejor.es\/en\/product\/vasco-nunez-de-balboa-discoverer-of-the-south-sea-pacific-ocean-s-xvi\/"]}]},{"@type":"ImageObject","inLanguage":"en-US","@id":"https:\/\/www.comprarmejor.es\/en\/product\/vasco-nunez-de-balboa-discoverer-of-the-south-sea-pacific-ocean-s-xvi\/#primaryimage","url":"https:\/\/www.comprarmejor.es\/wp-content\/uploads\/2022\/09\/VNB-1.jpg","contentUrl":"https:\/\/www.comprarmejor.es\/wp-content\/uploads\/2022\/09\/VNB-1.jpg","width":699,"height":524},{"@type":"BreadcrumbList","@id":"https:\/\/www.comprarmejor.es\/en\/product\/vasco-nunez-de-balboa-discoverer-of-the-south-sea-pacific-ocean-s-xvi\/#breadcrumb","itemListElement":[{"@type":"ListItem","position":1,"name":"Portada","item":"https:\/\/www.comprarmejor.es\/en\/"},{"@type":"ListItem","position":2,"name":"Shop","item":"https:\/\/www.comprarmejor.es\/en\/shop\/"},{"@type":"ListItem","position":3,"name":"Vasco N\u00fa\u00f1ez de Balboa, Discoverer of the South Sea (Pacific Ocean), s. XVI"}]},{"@type":"WebSite","@id":"https:\/\/www.comprarmejor.es\/en\/#website","url":"https:\/\/www.comprarmejor.es\/en\/","name":"ComprarMejor","description":"ComprarMejor","publisher":{"@id":"https:\/\/www.comprarmejor.es\/en\/#organization"},"potentialAction":[{"@type":"SearchAction","target":{"@type":"EntryPoint","urlTemplate":"https:\/\/www.comprarmejor.es\/en\/?s={search_term_string}"},"query-input":{"@type":"PropertyValueSpecification","valueRequired":true,"valueName":"search_term_string"}}],"inLanguage":"en-US"},{"@type":"Organization","@id":"https:\/\/www.comprarmejor.es\/en\/#organization","name":"COMPRAR MEJOR","url":"https:\/\/www.comprarmejor.es\/en\/","logo":{"@type":"ImageObject","inLanguage":"en-US","@id":"https:\/\/www.comprarmejor.es\/en\/#\/schema\/logo\/image\/","url":"https:\/\/www.comprarmejor.es\/wp-content\/uploads\/2025\/09\/comprarmejortrinidad.jpg","contentUrl":"https:\/\/www.comprarmejor.es\/wp-content\/uploads\/2025\/09\/comprarmejortrinidad.jpg","width":1022,"height":1380,"caption":"COMPRAR MEJOR"},"image":{"@id":"https:\/\/www.comprarmejor.es\/en\/#\/schema\/logo\/image\/"},"sameAs":["https:\/\/www.instagram.com\/amigosdelcodice"]}]}},"_links":{"self":[{"href":"https:\/\/www.comprarmejor.es\/en\/wp-json\/wp\/v2\/product\/81267","targetHints":{"allow":["GET"]}}],"collection":[{"href":"https:\/\/www.comprarmejor.es\/en\/wp-json\/wp\/v2\/product"}],"about":[{"href":"https:\/\/www.comprarmejor.es\/en\/wp-json\/wp\/v2\/types\/product"}],"wp:featuredmedia":[{"embeddable":true,"href":"https:\/\/www.comprarmejor.es\/en\/wp-json\/wp\/v2\/media\/81269"}],"wp:attachment":[{"href":"https:\/\/www.comprarmejor.es\/en\/wp-json\/wp\/v2\/media?parent=81267"}],"wp:term":[{"taxonomy":"product_brand","embeddable":true,"href":"https:\/\/www.comprarmejor.es\/en\/wp-json\/wp\/v2\/product_brand?post=81267"},{"taxonomy":"product_cat","embeddable":true,"href":"https:\/\/www.comprarmejor.es\/en\/wp-json\/wp\/v2\/product_cat?post=81267"},{"taxonomy":"product_tag","embeddable":true,"href":"https:\/\/www.comprarmejor.es\/en\/wp-json\/wp\/v2\/product_tag?post=81267"}],"curies":[{"name":"wp","href":"https:\/\/api.w.org\/{rel}","templated":true}]}}