{"id":82841,"date":"2022-11-09T13:33:36","date_gmt":"2022-11-09T12:33:39","guid":{"rendered":"https:\/\/www.comprarmejor.es\/?post_type=product&#038;p=82841"},"modified":"2022-11-09T13:48:44","modified_gmt":"2022-11-09T12:48:44","slug":"spanish-fabulists-iriarte-and-samaniego-deluxe-edition","status":"publish","type":"product","link":"https:\/\/www.comprarmejor.es\/en\/product\/spanish-fabulists-iriarte-and-samaniego-deluxe-edition\/","title":{"rendered":"Spanish Fabulists: Iriarte and Samaniego. Deluxe Edition"},"content":{"rendered":"<p style=\"text-align: justify;\">Beautiful edition by the publisher Guillermo Bl\u00e1zquez, 2001, Madrid, on the Spanish Fabulists Iriarte (1750-1791) and Samaniego (1745-1801) with color engravings by Jean-Baptiste Oudry (1686-1755). Texts bordered and accompanied by decorative illustrations. Introduction by Francisco Guti\u00e9rrez Carbajo.<\/p>\n<p style=\"text-align: justify;\">Bound in blue silk with neoclassical gold and garnet stamping, gilt edges. Format 24.5 x 35 cm. 164 pages plus 31 color plates out of pagination.<\/p>\n<p style=\"text-align: justify;\">Presented in a blue sleeve format 24.5 x 35.5 x 4 cm.<\/p>\n<p style=\"text-align: justify;\">Limited edition of 750 hand-numbered copies, printed with artisan techniques, on laid bond paper.<\/p>\n<p style=\"text-align: justify;\">Contains a selection of the best fables by Tom\u00e1s de Iriarte and Nieves Ravelo (48) and by F\u00e9lix Mar\u00eda S\u00e1nchez de Samaniego Zabala (77). Who has not heard of the &#8220;tale of the milkmaid&#8221;, or &#8220;the cicada and the ant&#8221;, to give two examples?<\/p>\n<p style=\"text-align: justify;\">Specimen in perfect condition, new. Ideal book to give as a gift: beautiful, entertaining, curious, illustrative&#8230;<\/p>\n<p style=\"text-align: justify;\"><span title=\"Gastos de env\u00edo por cuenta del comprador, seg\u00fan pedido y destino.\"><span class=\"VIiyi\" lang=\"en\"><span class=\"JLqJ4b\" data-language-for-alternatives=\"en\" data-language-to-translate-into=\"es\" data-phrase-index=\"0\" data-number-of-phrases=\"1\">Shipping costs paid by the buyer, according to order and destination<\/span><\/span>. <\/span><span title=\"Cons\u00faltenos cualquier duda.\"><a class=\"btn btn-default\" href=\"https:\/\/www.comprarmejor.es\/en\/contact\">Ask us<\/a> <span class=\"VIiyi\" lang=\"en\"><span class=\"JLqJ4b\" data-language-for-alternatives=\"en\" data-language-to-translate-into=\"es\" data-phrase-index=\"0\" data-number-of-phrases=\"1\">without obligation (indicating the reference of the article) any questions.<\/span><\/span><\/span><\/p>\n","protected":false},"excerpt":{"rendered":"<p style=\"text-align: justify;\"><span id=\"result_box\" lang=\"en\" xml:lang=\"en\">Beautiful edition by the publisher Guillermo Bl\u00e1zquez, 2001, Madrid, on the Spanish Fabulists Iriarte and Samaniego with color engravings by J. B. Oudry.<span title=\"y en una gran apuesta cultural y cient\u00edfica a nivel privado.\"><br \/>\n<\/span><\/span><\/p>\n","protected":false},"featured_media":82843,"template":"","meta":[],"product_brand":[],"product_cat":[2210,2272],"product_tag":[5822],"class_list":{"0":"post-82841","1":"product","2":"type-product","3":"status-publish","4":"has-post-thumbnail","6":"product_cat-bibliophilia","7":"product_cat-illustrated-books","8":"product_tag-bibliofilia-en","9":"product_shipping_class-from-0-to-1-kg","10":"description-off","12":"first","13":"instock","14":"sale","15":"taxable","16":"shipping-taxable","17":"purchasable","18":"product-type-simple"},"yoast_head":"<!-- This site is optimized with the Yoast SEO plugin v27.3 - https:\/\/yoast.com\/product\/yoast-seo-wordpress\/ -->\n<title>Spanish Fabulists: Iriarte and Samaniego. Deluxe Edition<\/title>\n<meta name=\"description\" content=\"Beautiful edition by the publisher Guillermo Bl\u00e1zquez, 2001, Madrid, on the Spanish Fabulists Iriarte and Samaniego with color engravings by J. B. Oudry.\" \/>\n<meta name=\"robots\" content=\"index, follow, max-snippet:-1, max-image-preview:large, max-video-preview:-1\" \/>\n<link rel=\"canonical\" href=\"https:\/\/www.comprarmejor.es\/en\/product\/spanish-fabulists-iriarte-and-samaniego-deluxe-edition\/\" \/>\n<meta property=\"og:locale\" content=\"en_US\" \/>\n<meta property=\"og:type\" content=\"article\" \/>\n<meta property=\"og:title\" content=\"Spanish Fabulists: Iriarte and Samaniego. Deluxe Edition\" \/>\n<meta property=\"og:description\" content=\"Beautiful edition by the publisher Guillermo Bl\u00e1zquez, 2001, Madrid, on the Spanish Fabulists Iriarte and Samaniego with color engravings by J. B. Oudry.\" \/>\n<meta property=\"og:url\" content=\"https:\/\/www.comprarmejor.es\/en\/product\/spanish-fabulists-iriarte-and-samaniego-deluxe-edition\/\" \/>\n<meta property=\"og:site_name\" content=\"ComprarMejor\" \/>\n<meta property=\"article:modified_time\" content=\"2022-11-09T12:48:44+00:00\" \/>\n<meta property=\"og:image\" content=\"https:\/\/www.comprarmejor.es\/wp-content\/uploads\/2022\/11\/FEIyS-1.jpg\" \/>\n\t<meta property=\"og:image:width\" content=\"922\" \/>\n\t<meta property=\"og:image:height\" content=\"691\" \/>\n\t<meta property=\"og:image:type\" content=\"image\/jpeg\" \/>\n<meta name=\"twitter:card\" content=\"summary_large_image\" \/>\n<meta name=\"twitter:label1\" content=\"Est. reading time\" \/>\n\t<meta name=\"twitter:data1\" content=\"1 minute\" \/>\n<script type=\"application\/ld+json\" class=\"yoast-schema-graph\">{\"@context\":\"https:\\\/\\\/schema.org\",\"@graph\":[{\"@type\":\"WebPage\",\"@id\":\"https:\\\/\\\/www.comprarmejor.es\\\/en\\\/product\\\/spanish-fabulists-iriarte-and-samaniego-deluxe-edition\\\/\",\"url\":\"https:\\\/\\\/www.comprarmejor.es\\\/en\\\/product\\\/spanish-fabulists-iriarte-and-samaniego-deluxe-edition\\\/\",\"name\":\"Spanish Fabulists: Iriarte and Samaniego. Deluxe Edition\",\"isPartOf\":{\"@id\":\"https:\\\/\\\/www.comprarmejor.es\\\/en\\\/#website\"},\"primaryImageOfPage\":{\"@id\":\"https:\\\/\\\/www.comprarmejor.es\\\/en\\\/product\\\/spanish-fabulists-iriarte-and-samaniego-deluxe-edition\\\/#primaryimage\"},\"image\":{\"@id\":\"https:\\\/\\\/www.comprarmejor.es\\\/en\\\/product\\\/spanish-fabulists-iriarte-and-samaniego-deluxe-edition\\\/#primaryimage\"},\"thumbnailUrl\":\"https:\\\/\\\/www.comprarmejor.es\\\/wp-content\\\/uploads\\\/2022\\\/11\\\/FEIyS-1.jpg\",\"datePublished\":\"2022-11-09T12:33:39+00:00\",\"dateModified\":\"2022-11-09T12:48:44+00:00\",\"description\":\"Beautiful edition by the publisher Guillermo Bl\u00e1zquez, 2001, Madrid, on the Spanish Fabulists Iriarte and Samaniego with color engravings by J. B. Oudry.\",\"breadcrumb\":{\"@id\":\"https:\\\/\\\/www.comprarmejor.es\\\/en\\\/product\\\/spanish-fabulists-iriarte-and-samaniego-deluxe-edition\\\/#breadcrumb\"},\"inLanguage\":\"en-US\",\"potentialAction\":[{\"@type\":\"ReadAction\",\"target\":[\"https:\\\/\\\/www.comprarmejor.es\\\/en\\\/product\\\/spanish-fabulists-iriarte-and-samaniego-deluxe-edition\\\/\"]}]},{\"@type\":\"ImageObject\",\"inLanguage\":\"en-US\",\"@id\":\"https:\\\/\\\/www.comprarmejor.es\\\/en\\\/product\\\/spanish-fabulists-iriarte-and-samaniego-deluxe-edition\\\/#primaryimage\",\"url\":\"https:\\\/\\\/www.comprarmejor.es\\\/wp-content\\\/uploads\\\/2022\\\/11\\\/FEIyS-1.jpg\",\"contentUrl\":\"https:\\\/\\\/www.comprarmejor.es\\\/wp-content\\\/uploads\\\/2022\\\/11\\\/FEIyS-1.jpg\",\"width\":922,\"height\":691},{\"@type\":\"BreadcrumbList\",\"@id\":\"https:\\\/\\\/www.comprarmejor.es\\\/en\\\/product\\\/spanish-fabulists-iriarte-and-samaniego-deluxe-edition\\\/#breadcrumb\",\"itemListElement\":[{\"@type\":\"ListItem\",\"position\":1,\"name\":\"Portada\",\"item\":\"https:\\\/\\\/www.comprarmejor.es\\\/en\\\/\"},{\"@type\":\"ListItem\",\"position\":2,\"name\":\"Shop\",\"item\":\"https:\\\/\\\/www.comprarmejor.es\\\/en\\\/shop\\\/\"},{\"@type\":\"ListItem\",\"position\":3,\"name\":\"Spanish Fabulists: Iriarte and Samaniego. Deluxe Edition\"}]},{\"@type\":\"WebSite\",\"@id\":\"https:\\\/\\\/www.comprarmejor.es\\\/en\\\/#website\",\"url\":\"https:\\\/\\\/www.comprarmejor.es\\\/en\\\/\",\"name\":\"ComprarMejor\",\"description\":\"ComprarMejor\",\"publisher\":{\"@id\":\"https:\\\/\\\/www.comprarmejor.es\\\/en\\\/#organization\"},\"potentialAction\":[{\"@type\":\"SearchAction\",\"target\":{\"@type\":\"EntryPoint\",\"urlTemplate\":\"https:\\\/\\\/www.comprarmejor.es\\\/en\\\/?s={search_term_string}\"},\"query-input\":{\"@type\":\"PropertyValueSpecification\",\"valueRequired\":true,\"valueName\":\"search_term_string\"}}],\"inLanguage\":\"en-US\"},{\"@type\":\"Organization\",\"@id\":\"https:\\\/\\\/www.comprarmejor.es\\\/en\\\/#organization\",\"name\":\"COMPRAR MEJOR\",\"url\":\"https:\\\/\\\/www.comprarmejor.es\\\/en\\\/\",\"logo\":{\"@type\":\"ImageObject\",\"inLanguage\":\"en-US\",\"@id\":\"https:\\\/\\\/www.comprarmejor.es\\\/en\\\/#\\\/schema\\\/logo\\\/image\\\/\",\"url\":\"https:\\\/\\\/www.comprarmejor.es\\\/wp-content\\\/uploads\\\/2025\\\/09\\\/comprarmejortrinidad.jpg\",\"contentUrl\":\"https:\\\/\\\/www.comprarmejor.es\\\/wp-content\\\/uploads\\\/2025\\\/09\\\/comprarmejortrinidad.jpg\",\"width\":1022,\"height\":1380,\"caption\":\"COMPRAR MEJOR\"},\"image\":{\"@id\":\"https:\\\/\\\/www.comprarmejor.es\\\/en\\\/#\\\/schema\\\/logo\\\/image\\\/\"},\"sameAs\":[\"https:\\\/\\\/www.instagram.com\\\/amigosdelcodice\"]}]}<\/script>\n<!-- \/ Yoast SEO plugin. -->","yoast_head_json":{"title":"Spanish Fabulists: Iriarte and Samaniego. Deluxe Edition","description":"Beautiful edition by the publisher Guillermo Bl\u00e1zquez, 2001, Madrid, on the Spanish Fabulists Iriarte and Samaniego with color engravings by J. B. Oudry.","robots":{"index":"index","follow":"follow","max-snippet":"max-snippet:-1","max-image-preview":"max-image-preview:large","max-video-preview":"max-video-preview:-1"},"canonical":"https:\/\/www.comprarmejor.es\/en\/product\/spanish-fabulists-iriarte-and-samaniego-deluxe-edition\/","og_locale":"en_US","og_type":"article","og_title":"Spanish Fabulists: Iriarte and Samaniego. Deluxe Edition","og_description":"Beautiful edition by the publisher Guillermo Bl\u00e1zquez, 2001, Madrid, on the Spanish Fabulists Iriarte and Samaniego with color engravings by J. B. Oudry.","og_url":"https:\/\/www.comprarmejor.es\/en\/product\/spanish-fabulists-iriarte-and-samaniego-deluxe-edition\/","og_site_name":"ComprarMejor","article_modified_time":"2022-11-09T12:48:44+00:00","og_image":[{"width":922,"height":691,"url":"https:\/\/www.comprarmejor.es\/wp-content\/uploads\/2022\/11\/FEIyS-1.jpg","type":"image\/jpeg"}],"twitter_card":"summary_large_image","twitter_misc":{"Est. reading time":"1 minute"},"schema":{"@context":"https:\/\/schema.org","@graph":[{"@type":"WebPage","@id":"https:\/\/www.comprarmejor.es\/en\/product\/spanish-fabulists-iriarte-and-samaniego-deluxe-edition\/","url":"https:\/\/www.comprarmejor.es\/en\/product\/spanish-fabulists-iriarte-and-samaniego-deluxe-edition\/","name":"Spanish Fabulists: Iriarte and Samaniego. Deluxe Edition","isPartOf":{"@id":"https:\/\/www.comprarmejor.es\/en\/#website"},"primaryImageOfPage":{"@id":"https:\/\/www.comprarmejor.es\/en\/product\/spanish-fabulists-iriarte-and-samaniego-deluxe-edition\/#primaryimage"},"image":{"@id":"https:\/\/www.comprarmejor.es\/en\/product\/spanish-fabulists-iriarte-and-samaniego-deluxe-edition\/#primaryimage"},"thumbnailUrl":"https:\/\/www.comprarmejor.es\/wp-content\/uploads\/2022\/11\/FEIyS-1.jpg","datePublished":"2022-11-09T12:33:39+00:00","dateModified":"2022-11-09T12:48:44+00:00","description":"Beautiful edition by the publisher Guillermo Bl\u00e1zquez, 2001, Madrid, on the Spanish Fabulists Iriarte and Samaniego with color engravings by J. B. Oudry.","breadcrumb":{"@id":"https:\/\/www.comprarmejor.es\/en\/product\/spanish-fabulists-iriarte-and-samaniego-deluxe-edition\/#breadcrumb"},"inLanguage":"en-US","potentialAction":[{"@type":"ReadAction","target":["https:\/\/www.comprarmejor.es\/en\/product\/spanish-fabulists-iriarte-and-samaniego-deluxe-edition\/"]}]},{"@type":"ImageObject","inLanguage":"en-US","@id":"https:\/\/www.comprarmejor.es\/en\/product\/spanish-fabulists-iriarte-and-samaniego-deluxe-edition\/#primaryimage","url":"https:\/\/www.comprarmejor.es\/wp-content\/uploads\/2022\/11\/FEIyS-1.jpg","contentUrl":"https:\/\/www.comprarmejor.es\/wp-content\/uploads\/2022\/11\/FEIyS-1.jpg","width":922,"height":691},{"@type":"BreadcrumbList","@id":"https:\/\/www.comprarmejor.es\/en\/product\/spanish-fabulists-iriarte-and-samaniego-deluxe-edition\/#breadcrumb","itemListElement":[{"@type":"ListItem","position":1,"name":"Portada","item":"https:\/\/www.comprarmejor.es\/en\/"},{"@type":"ListItem","position":2,"name":"Shop","item":"https:\/\/www.comprarmejor.es\/en\/shop\/"},{"@type":"ListItem","position":3,"name":"Spanish Fabulists: Iriarte and Samaniego. Deluxe Edition"}]},{"@type":"WebSite","@id":"https:\/\/www.comprarmejor.es\/en\/#website","url":"https:\/\/www.comprarmejor.es\/en\/","name":"ComprarMejor","description":"ComprarMejor","publisher":{"@id":"https:\/\/www.comprarmejor.es\/en\/#organization"},"potentialAction":[{"@type":"SearchAction","target":{"@type":"EntryPoint","urlTemplate":"https:\/\/www.comprarmejor.es\/en\/?s={search_term_string}"},"query-input":{"@type":"PropertyValueSpecification","valueRequired":true,"valueName":"search_term_string"}}],"inLanguage":"en-US"},{"@type":"Organization","@id":"https:\/\/www.comprarmejor.es\/en\/#organization","name":"COMPRAR MEJOR","url":"https:\/\/www.comprarmejor.es\/en\/","logo":{"@type":"ImageObject","inLanguage":"en-US","@id":"https:\/\/www.comprarmejor.es\/en\/#\/schema\/logo\/image\/","url":"https:\/\/www.comprarmejor.es\/wp-content\/uploads\/2025\/09\/comprarmejortrinidad.jpg","contentUrl":"https:\/\/www.comprarmejor.es\/wp-content\/uploads\/2025\/09\/comprarmejortrinidad.jpg","width":1022,"height":1380,"caption":"COMPRAR MEJOR"},"image":{"@id":"https:\/\/www.comprarmejor.es\/en\/#\/schema\/logo\/image\/"},"sameAs":["https:\/\/www.instagram.com\/amigosdelcodice"]}]}},"_links":{"self":[{"href":"https:\/\/www.comprarmejor.es\/en\/wp-json\/wp\/v2\/product\/82841","targetHints":{"allow":["GET"]}}],"collection":[{"href":"https:\/\/www.comprarmejor.es\/en\/wp-json\/wp\/v2\/product"}],"about":[{"href":"https:\/\/www.comprarmejor.es\/en\/wp-json\/wp\/v2\/types\/product"}],"wp:featuredmedia":[{"embeddable":true,"href":"https:\/\/www.comprarmejor.es\/en\/wp-json\/wp\/v2\/media\/82843"}],"wp:attachment":[{"href":"https:\/\/www.comprarmejor.es\/en\/wp-json\/wp\/v2\/media?parent=82841"}],"wp:term":[{"taxonomy":"product_brand","embeddable":true,"href":"https:\/\/www.comprarmejor.es\/en\/wp-json\/wp\/v2\/product_brand?post=82841"},{"taxonomy":"product_cat","embeddable":true,"href":"https:\/\/www.comprarmejor.es\/en\/wp-json\/wp\/v2\/product_cat?post=82841"},{"taxonomy":"product_tag","embeddable":true,"href":"https:\/\/www.comprarmejor.es\/en\/wp-json\/wp\/v2\/product_tag?post=82841"}],"curies":[{"name":"wp","href":"https:\/\/api.w.org\/{rel}","templated":true}]}}