{"id":83747,"date":"2022-12-08T17:12:34","date_gmt":"2022-12-08T16:12:36","guid":{"rendered":"https:\/\/www.comprarmejor.es\/?post_type=product&#038;p=83747"},"modified":"2022-12-08T17:25:33","modified_gmt":"2022-12-08T16:25:33","slug":"1831-models-of-topography-perrot-original-french","status":"publish","type":"product","link":"https:\/\/www.comprarmejor.es\/en\/product\/1831-models-of-topography-perrot-original-french\/","title":{"rendered":"1831 Models of Topography. Perrot. Original French"},"content":{"rendered":"<p style=\"text-align: justify;\">Models de Topographie, dessin\u00e9s et lav\u00e9s, by A. M. Perrot, member of the Soci\u00e9t\u00e9 Philotechnique, of L&#8217;Ath\u00e9n\u00e9e des Arts, of the Soci\u00e9t\u00e9 de G\u00e9ographie, of the Soci\u00e9t\u00e9 Royale Acad\u00e9mique des Sciences, of celle D&#8217;Agronomie Pratique, etc.<br \/>\nTroisi\u00e8me edition, revue et augment\u00e9e.<br \/>\nA Paris, chez Anselin, successeur de Magimel, Libraire pour L&#8217;Art Militaire, les Sciences et les Arts. 1831<\/p>\n<p style=\"text-align: justify;\">Topography models, drawn and washed, by A. M. Perrot, member of the Philotechnical Society, the Ateneo de las Artes, the Geographical Society, the Royal Academic Society of Sciences, the Practical Agronomy Society, etc.<br \/>\nThird edition, revised and enlarged.<br \/>\nIn Paris, at Anselin, successor to Magimel, Bookseller of Arts, Sciences and Military Arts. 1831<\/p>\n<p style=\"text-align: justify;\">Period binding in hardcover cardboard lined in paper with embossed decoration, leather spine with gilt title. Format 25.2 x 20 cm. 36 + 32 (blank with watermark) pages of fine laid paper, plus 12 plates\/plates\/engravings in black and white and color outside pagination on heavier paper (plate 13 exists but is printed as page 29 in the paper). Tinted edges.<br \/>\nAuthors of the plates: A. M. Perrot del. Mme. Brianchon sculpt.<br \/>\nA. M. Perrot, 1829. Engraved by P. Tardieu.<br \/>\nThe plates are copper engravings, some watercolored by hand.<\/p>\n<p style=\"text-align: justify;\">Rare and beautiful original textbook on topography, geology and cartography that, with the help of symbols and chromatic nuances, orders the image of the map, as detailed as it is clear and easy to grasp. The panels with very finely engraved details, such as water depths, rocky and sandy shorelines, grassy landscapes, forests, parks, residential and industrial settlements to civil and military installations. One panel with &#8220;Signes Conventionnels&#8221;, one with &#8220;\u00c9criture moul\u00e9e&#8221; type examples, the last sheet with a &#8220;Tableau des anciennes et des nouvelles \u00e9chelles&#8221;.<\/p>\n<p style=\"text-align: justify;\">Original from 1831, in French, printed in Paris. rare specimen. Scuffed corners, some slightly tanned leaves with virtually no rust spots, but overall in very good condition for almost 200 years.<\/p>\n<p style=\"text-align: justify;\"><span class=\"HwtZe\" lang=\"en\"><span class=\"jCAhz ChMk0b\"><span class=\"ryNqvb\"><span class=\"jCAhz ChMk0b C1N51c\">Shipping costs paid by the buyer, according to order and destination<\/span>. <\/span><\/span><\/span><span title=\"Cons\u00faltenos cualquier duda.\"><a class=\"btn btn-default\" href=\"https:\/\/www.comprarmejor.es\/en\/contact\">Ask us<\/a>\u00a0<span class=\"HwtZe\" lang=\"en\"><span class=\"jCAhz ChMk0b\"><span class=\"ryNqvb\">any questions you have, indicating the article reference.<\/span><\/span><\/span><\/span><\/p>\n","protected":false},"excerpt":{"rendered":"<p style=\"text-align: justify;\"><span id=\"result_box\" lang=\"en\" xml:lang=\"en\"><span title=\"y en una gran apuesta cultural y cient\u00edfica a nivel privado.\"><span class=\"HwtZe\" lang=\"en\"><span class=\"jCAhz\"><span class=\"ryNqvb\"><span class=\"jCAhz ChMk0b\">Models de Topographie, dessin\u00e9s et lav\u00e9s, by A. M. Perrot, member of the Soci\u00e9t\u00e9 Philotechnique, of L&#8217;Ath\u00e9n\u00e9e des Arts, of the Soci\u00e9t\u00e9 de G\u00e9ographie&#8230;<br \/>\n<\/span><\/span><\/span><\/span><\/span><\/span><\/p>\n","protected":false},"featured_media":83749,"template":"","meta":[],"product_brand":[],"product_cat":[2202],"product_tag":[4318],"class_list":{"0":"post-83747","1":"product","2":"type-product","3":"status-publish","4":"has-post-thumbnail","6":"product_cat-old-books","7":"product_tag-original-en","8":"product_shipping_class-from-0-to-1-kg","9":"description-off","11":"first","12":"instock","13":"taxable","14":"shipping-taxable","15":"purchasable","16":"product-type-simple"},"yoast_head":"<!-- This site is optimized with the Yoast SEO plugin v27.3 - https:\/\/yoast.com\/product\/yoast-seo-wordpress\/ -->\n<title>1831 Models of Topography. Perrot. Original French<\/title>\n<meta name=\"description\" content=\"Models de Topographie, dessin\u00e9s et lav\u00e9s, by A. M. Perrot, member of the Soci\u00e9t\u00e9 Philotechnique, of L&#039;Ath\u00e9n\u00e9e des Arts, of the Soci\u00e9t\u00e9 de G\u00e9ographie...\" \/>\n<meta name=\"robots\" content=\"index, follow, max-snippet:-1, max-image-preview:large, max-video-preview:-1\" \/>\n<link rel=\"canonical\" href=\"https:\/\/www.comprarmejor.es\/en\/product\/1831-models-of-topography-perrot-original-french\/\" \/>\n<meta property=\"og:locale\" content=\"en_US\" \/>\n<meta property=\"og:type\" content=\"article\" \/>\n<meta property=\"og:title\" content=\"1831 Models of Topography. Perrot. Original French\" \/>\n<meta property=\"og:description\" content=\"Models de Topographie, dessin\u00e9s et lav\u00e9s, by A. M. Perrot, member of the Soci\u00e9t\u00e9 Philotechnique, of L&#039;Ath\u00e9n\u00e9e des Arts, of the Soci\u00e9t\u00e9 de G\u00e9ographie...\" \/>\n<meta property=\"og:url\" content=\"https:\/\/www.comprarmejor.es\/en\/product\/1831-models-of-topography-perrot-original-french\/\" \/>\n<meta property=\"og:site_name\" content=\"ComprarMejor\" \/>\n<meta property=\"article:modified_time\" content=\"2022-12-08T16:25:33+00:00\" \/>\n<meta property=\"og:image\" content=\"https:\/\/www.comprarmejor.es\/wp-content\/uploads\/2022\/12\/01.jpg\" \/>\n\t<meta property=\"og:image:width\" content=\"727\" \/>\n\t<meta property=\"og:image:height\" content=\"606\" \/>\n\t<meta property=\"og:image:type\" content=\"image\/jpeg\" \/>\n<meta name=\"twitter:card\" content=\"summary_large_image\" \/>\n<meta name=\"twitter:label1\" content=\"Est. reading time\" \/>\n\t<meta name=\"twitter:data1\" content=\"2 minutes\" \/>\n<script type=\"application\/ld+json\" class=\"yoast-schema-graph\">{\"@context\":\"https:\\\/\\\/schema.org\",\"@graph\":[{\"@type\":\"WebPage\",\"@id\":\"https:\\\/\\\/www.comprarmejor.es\\\/en\\\/product\\\/1831-models-of-topography-perrot-original-french\\\/\",\"url\":\"https:\\\/\\\/www.comprarmejor.es\\\/en\\\/product\\\/1831-models-of-topography-perrot-original-french\\\/\",\"name\":\"1831 Models of Topography. Perrot. Original French\",\"isPartOf\":{\"@id\":\"https:\\\/\\\/www.comprarmejor.es\\\/en\\\/#website\"},\"primaryImageOfPage\":{\"@id\":\"https:\\\/\\\/www.comprarmejor.es\\\/en\\\/product\\\/1831-models-of-topography-perrot-original-french\\\/#primaryimage\"},\"image\":{\"@id\":\"https:\\\/\\\/www.comprarmejor.es\\\/en\\\/product\\\/1831-models-of-topography-perrot-original-french\\\/#primaryimage\"},\"thumbnailUrl\":\"https:\\\/\\\/www.comprarmejor.es\\\/wp-content\\\/uploads\\\/2022\\\/12\\\/01.jpg\",\"datePublished\":\"2022-12-08T16:12:36+00:00\",\"dateModified\":\"2022-12-08T16:25:33+00:00\",\"description\":\"Models de Topographie, dessin\u00e9s et lav\u00e9s, by A. M. Perrot, member of the Soci\u00e9t\u00e9 Philotechnique, of L'Ath\u00e9n\u00e9e des Arts, of the Soci\u00e9t\u00e9 de G\u00e9ographie...\",\"breadcrumb\":{\"@id\":\"https:\\\/\\\/www.comprarmejor.es\\\/en\\\/product\\\/1831-models-of-topography-perrot-original-french\\\/#breadcrumb\"},\"inLanguage\":\"en-US\",\"potentialAction\":[{\"@type\":\"ReadAction\",\"target\":[\"https:\\\/\\\/www.comprarmejor.es\\\/en\\\/product\\\/1831-models-of-topography-perrot-original-french\\\/\"]}]},{\"@type\":\"ImageObject\",\"inLanguage\":\"en-US\",\"@id\":\"https:\\\/\\\/www.comprarmejor.es\\\/en\\\/product\\\/1831-models-of-topography-perrot-original-french\\\/#primaryimage\",\"url\":\"https:\\\/\\\/www.comprarmejor.es\\\/wp-content\\\/uploads\\\/2022\\\/12\\\/01.jpg\",\"contentUrl\":\"https:\\\/\\\/www.comprarmejor.es\\\/wp-content\\\/uploads\\\/2022\\\/12\\\/01.jpg\",\"width\":727,\"height\":606},{\"@type\":\"BreadcrumbList\",\"@id\":\"https:\\\/\\\/www.comprarmejor.es\\\/en\\\/product\\\/1831-models-of-topography-perrot-original-french\\\/#breadcrumb\",\"itemListElement\":[{\"@type\":\"ListItem\",\"position\":1,\"name\":\"Portada\",\"item\":\"https:\\\/\\\/www.comprarmejor.es\\\/en\\\/\"},{\"@type\":\"ListItem\",\"position\":2,\"name\":\"Shop\",\"item\":\"https:\\\/\\\/www.comprarmejor.es\\\/en\\\/shop\\\/\"},{\"@type\":\"ListItem\",\"position\":3,\"name\":\"1831 Models of Topography. Perrot. Original French\"}]},{\"@type\":\"WebSite\",\"@id\":\"https:\\\/\\\/www.comprarmejor.es\\\/en\\\/#website\",\"url\":\"https:\\\/\\\/www.comprarmejor.es\\\/en\\\/\",\"name\":\"ComprarMejor\",\"description\":\"ComprarMejor\",\"publisher\":{\"@id\":\"https:\\\/\\\/www.comprarmejor.es\\\/en\\\/#organization\"},\"potentialAction\":[{\"@type\":\"SearchAction\",\"target\":{\"@type\":\"EntryPoint\",\"urlTemplate\":\"https:\\\/\\\/www.comprarmejor.es\\\/en\\\/?s={search_term_string}\"},\"query-input\":{\"@type\":\"PropertyValueSpecification\",\"valueRequired\":true,\"valueName\":\"search_term_string\"}}],\"inLanguage\":\"en-US\"},{\"@type\":\"Organization\",\"@id\":\"https:\\\/\\\/www.comprarmejor.es\\\/en\\\/#organization\",\"name\":\"COMPRAR MEJOR\",\"url\":\"https:\\\/\\\/www.comprarmejor.es\\\/en\\\/\",\"logo\":{\"@type\":\"ImageObject\",\"inLanguage\":\"en-US\",\"@id\":\"https:\\\/\\\/www.comprarmejor.es\\\/en\\\/#\\\/schema\\\/logo\\\/image\\\/\",\"url\":\"https:\\\/\\\/www.comprarmejor.es\\\/wp-content\\\/uploads\\\/2025\\\/09\\\/comprarmejortrinidad.jpg\",\"contentUrl\":\"https:\\\/\\\/www.comprarmejor.es\\\/wp-content\\\/uploads\\\/2025\\\/09\\\/comprarmejortrinidad.jpg\",\"width\":1022,\"height\":1380,\"caption\":\"COMPRAR MEJOR\"},\"image\":{\"@id\":\"https:\\\/\\\/www.comprarmejor.es\\\/en\\\/#\\\/schema\\\/logo\\\/image\\\/\"},\"sameAs\":[\"https:\\\/\\\/www.instagram.com\\\/amigosdelcodice\"]}]}<\/script>\n<!-- \/ Yoast SEO plugin. -->","yoast_head_json":{"title":"1831 Models of Topography. Perrot. Original French","description":"Models de Topographie, dessin\u00e9s et lav\u00e9s, by A. M. Perrot, member of the Soci\u00e9t\u00e9 Philotechnique, of L'Ath\u00e9n\u00e9e des Arts, of the Soci\u00e9t\u00e9 de G\u00e9ographie...","robots":{"index":"index","follow":"follow","max-snippet":"max-snippet:-1","max-image-preview":"max-image-preview:large","max-video-preview":"max-video-preview:-1"},"canonical":"https:\/\/www.comprarmejor.es\/en\/product\/1831-models-of-topography-perrot-original-french\/","og_locale":"en_US","og_type":"article","og_title":"1831 Models of Topography. Perrot. Original French","og_description":"Models de Topographie, dessin\u00e9s et lav\u00e9s, by A. M. Perrot, member of the Soci\u00e9t\u00e9 Philotechnique, of L'Ath\u00e9n\u00e9e des Arts, of the Soci\u00e9t\u00e9 de G\u00e9ographie...","og_url":"https:\/\/www.comprarmejor.es\/en\/product\/1831-models-of-topography-perrot-original-french\/","og_site_name":"ComprarMejor","article_modified_time":"2022-12-08T16:25:33+00:00","og_image":[{"width":727,"height":606,"url":"https:\/\/www.comprarmejor.es\/wp-content\/uploads\/2022\/12\/01.jpg","type":"image\/jpeg"}],"twitter_card":"summary_large_image","twitter_misc":{"Est. reading time":"2 minutes"},"schema":{"@context":"https:\/\/schema.org","@graph":[{"@type":"WebPage","@id":"https:\/\/www.comprarmejor.es\/en\/product\/1831-models-of-topography-perrot-original-french\/","url":"https:\/\/www.comprarmejor.es\/en\/product\/1831-models-of-topography-perrot-original-french\/","name":"1831 Models of Topography. Perrot. Original French","isPartOf":{"@id":"https:\/\/www.comprarmejor.es\/en\/#website"},"primaryImageOfPage":{"@id":"https:\/\/www.comprarmejor.es\/en\/product\/1831-models-of-topography-perrot-original-french\/#primaryimage"},"image":{"@id":"https:\/\/www.comprarmejor.es\/en\/product\/1831-models-of-topography-perrot-original-french\/#primaryimage"},"thumbnailUrl":"https:\/\/www.comprarmejor.es\/wp-content\/uploads\/2022\/12\/01.jpg","datePublished":"2022-12-08T16:12:36+00:00","dateModified":"2022-12-08T16:25:33+00:00","description":"Models de Topographie, dessin\u00e9s et lav\u00e9s, by A. M. Perrot, member of the Soci\u00e9t\u00e9 Philotechnique, of L'Ath\u00e9n\u00e9e des Arts, of the Soci\u00e9t\u00e9 de G\u00e9ographie...","breadcrumb":{"@id":"https:\/\/www.comprarmejor.es\/en\/product\/1831-models-of-topography-perrot-original-french\/#breadcrumb"},"inLanguage":"en-US","potentialAction":[{"@type":"ReadAction","target":["https:\/\/www.comprarmejor.es\/en\/product\/1831-models-of-topography-perrot-original-french\/"]}]},{"@type":"ImageObject","inLanguage":"en-US","@id":"https:\/\/www.comprarmejor.es\/en\/product\/1831-models-of-topography-perrot-original-french\/#primaryimage","url":"https:\/\/www.comprarmejor.es\/wp-content\/uploads\/2022\/12\/01.jpg","contentUrl":"https:\/\/www.comprarmejor.es\/wp-content\/uploads\/2022\/12\/01.jpg","width":727,"height":606},{"@type":"BreadcrumbList","@id":"https:\/\/www.comprarmejor.es\/en\/product\/1831-models-of-topography-perrot-original-french\/#breadcrumb","itemListElement":[{"@type":"ListItem","position":1,"name":"Portada","item":"https:\/\/www.comprarmejor.es\/en\/"},{"@type":"ListItem","position":2,"name":"Shop","item":"https:\/\/www.comprarmejor.es\/en\/shop\/"},{"@type":"ListItem","position":3,"name":"1831 Models of Topography. Perrot. Original French"}]},{"@type":"WebSite","@id":"https:\/\/www.comprarmejor.es\/en\/#website","url":"https:\/\/www.comprarmejor.es\/en\/","name":"ComprarMejor","description":"ComprarMejor","publisher":{"@id":"https:\/\/www.comprarmejor.es\/en\/#organization"},"potentialAction":[{"@type":"SearchAction","target":{"@type":"EntryPoint","urlTemplate":"https:\/\/www.comprarmejor.es\/en\/?s={search_term_string}"},"query-input":{"@type":"PropertyValueSpecification","valueRequired":true,"valueName":"search_term_string"}}],"inLanguage":"en-US"},{"@type":"Organization","@id":"https:\/\/www.comprarmejor.es\/en\/#organization","name":"COMPRAR MEJOR","url":"https:\/\/www.comprarmejor.es\/en\/","logo":{"@type":"ImageObject","inLanguage":"en-US","@id":"https:\/\/www.comprarmejor.es\/en\/#\/schema\/logo\/image\/","url":"https:\/\/www.comprarmejor.es\/wp-content\/uploads\/2025\/09\/comprarmejortrinidad.jpg","contentUrl":"https:\/\/www.comprarmejor.es\/wp-content\/uploads\/2025\/09\/comprarmejortrinidad.jpg","width":1022,"height":1380,"caption":"COMPRAR MEJOR"},"image":{"@id":"https:\/\/www.comprarmejor.es\/en\/#\/schema\/logo\/image\/"},"sameAs":["https:\/\/www.instagram.com\/amigosdelcodice"]}]}},"_links":{"self":[{"href":"https:\/\/www.comprarmejor.es\/en\/wp-json\/wp\/v2\/product\/83747","targetHints":{"allow":["GET"]}}],"collection":[{"href":"https:\/\/www.comprarmejor.es\/en\/wp-json\/wp\/v2\/product"}],"about":[{"href":"https:\/\/www.comprarmejor.es\/en\/wp-json\/wp\/v2\/types\/product"}],"wp:featuredmedia":[{"embeddable":true,"href":"https:\/\/www.comprarmejor.es\/en\/wp-json\/wp\/v2\/media\/83749"}],"wp:attachment":[{"href":"https:\/\/www.comprarmejor.es\/en\/wp-json\/wp\/v2\/media?parent=83747"}],"wp:term":[{"taxonomy":"product_brand","embeddable":true,"href":"https:\/\/www.comprarmejor.es\/en\/wp-json\/wp\/v2\/product_brand?post=83747"},{"taxonomy":"product_cat","embeddable":true,"href":"https:\/\/www.comprarmejor.es\/en\/wp-json\/wp\/v2\/product_cat?post=83747"},{"taxonomy":"product_tag","embeddable":true,"href":"https:\/\/www.comprarmejor.es\/en\/wp-json\/wp\/v2\/product_tag?post=83747"}],"curies":[{"name":"wp","href":"https:\/\/api.w.org\/{rel}","templated":true}]}}