{"id":84295,"date":"2022-12-24T17:12:19","date_gmt":"2022-12-24T16:12:19","guid":{"rendered":"https:\/\/www.comprarmejor.es\/?post_type=product&#038;p=84295"},"modified":"2022-12-24T17:25:58","modified_gmt":"2022-12-24T16:25:58","slug":"album-of-a-soldier-in-spain-1823-clerjon-de-champagny","status":"publish","type":"product","link":"https:\/\/www.comprarmejor.es\/en\/product\/album-of-a-soldier-in-spain-1823-clerjon-de-champagny\/","title":{"rendered":"Album of a soldier in Spain 1823. Clerjon de Champagny"},"content":{"rendered":"<p style=\"text-align: justify;\">Album of a soldier during the 1823 campaign in Spain, by <strong>Clerjon de Champagny<\/strong>. Translation of the 1829 edition, Paris, by Francisco Berd\u00eda Cabrera.<\/p>\n<p style=\"text-align: justify;\">2011 edition, numbered and limited to 1,000 copies, printed with artisan techniques, on 120-gram boned laid thread paper, of which 750 (numbered from 1 to 750) destined for the Madrid Guild of Old Booksellers (this is the one to which this exemplary), and 250 (numbered from 751 to 1,000) for the V Award for Artistic Binding.<\/p>\n<p style=\"text-align: justify;\">The copies were delivered with rustic binding and without deburring (intonso). The copy that we offer has been deburred and rebound in brown leather, with a gilt title on the spine and main plan and with a color plate mounted on this same plan. Guide tape. Format 18 x 25.7 cm. 194 pages with 40 plates that reproduce the lithographs made by Langlum\u00e9 in the 19th century edition, accompanied by extensive comments.<\/p>\n<p style=\"text-align: justify;\">Clerjon de Champagny was a French soldier who was part of &#8220;The Hundred Thousand Sons of Saint Louis&#8221;, an ironic and popular expression used to designate the French army that, under the orders of the Duke of Angoul\u00eame, invaded Spain in 1823 to impose again, after the so-called &#8220;constitutional triennium&#8221;, the absolutist regime. During his stay in Spain and in all those places he visited, he took notes and drew characters from Spanish society who, for one reason or another, caught his attention. On his return to France, and in 1829, he published this work in Paris. Interesting for the knowledge of the Spanish people of the first quarter of the 19th century. In the index photo you will see the 40 characters\/places that stood out to you the most.<\/p>\n<p style=\"text-align: justify;\">Exclusive copy and in perfect condition, unused.<\/p>\n<p style=\"text-align: justify;\"><span title=\"Gastos de env\u00edo por cuenta del comprador, seg\u00fan pedido y destino.\"><span class=\"VIiyi\" lang=\"en\"><span class=\"JLqJ4b\" data-language-for-alternatives=\"en\" data-language-to-translate-into=\"es\" data-phrase-index=\"0\" data-number-of-phrases=\"1\">Shipping costs paid by the buyer, according to order and destination<\/span><\/span>. <\/span><span title=\"Cons\u00faltenos sin compromiso cualquier duda, as\u00ed como por cualquier otro facs\u00edmile o art\u00edculo que est\u00e9 buscando.\"><a class=\"btn btn-default\" href=\"https:\/\/www.comprarmejor.es\/en\/contact\">Consult us<\/a> <span class=\"HwtZe\" lang=\"en\"><span class=\"jCAhz ChMk0b\"><span class=\"ryNqvb\">any questions you have, indicating the article reference.<\/span><\/span><\/span><br \/>\n<\/span><\/p>\n","protected":false},"excerpt":{"rendered":"<p style=\"text-align: justify;\"><span id=\"result_box\" lang=\"en\" xml:lang=\"en\"><span title=\"Libro estudio que acompa\u00f1a al facs\u00edmile de la editorial Moleiro del Apocalipsis Gulbenkian, cuyo original del siglo XIII se conserva en el Museo de la Fundaci\u00f3n Calouste Gulbenkian, Lisboa (Portugal).\"><span lang=\"en\" xml:lang=\"en\"><span title=\"Libro estudio del extraordinario facs\u00edmile Historia de Alejandro Magno, seg\u00fan el manuscrito original del siglo XIII que se conserva actualmente en la Biblioteca Real de B\u00e9lgica (Ms. 11040), considerado como la obra maestra de la miniatura flamenca.\"><span class=\"VIiyi\" lang=\"en\"><span class=\"JLqJ4b\" data-language-for-alternatives=\"en\" data-language-to-translate-into=\"es\" data-phrase-index=\"0\" data-number-of-phrases=\"1\"><span class=\"JLqJ4b ChMk0b\" data-language-for-alternatives=\"en\" data-language-to-translate-into=\"es\" data-phrase-index=\"6\" data-number-of-phrases=\"15\"><span class=\"HwtZe\" lang=\"en\"><span class=\"jCAhz\"><span class=\"ryNqvb\"><span class=\"jCAhz ChMk0b\">Album of a soldier during the 1823 campaign in Spain, by Clerjon de Champagny. Translation of the 1829 edition, Paris, by Francisco Berd\u00eda Cabrera.<\/span><\/span><\/span><\/span><\/span><\/span><\/span><\/span><\/span><\/span><\/span><\/p>\n","protected":false},"featured_media":84297,"template":"","meta":[],"product_brand":[],"product_cat":[2210],"product_tag":[5263,5120],"class_list":{"0":"post-84295","1":"product","2":"type-product","3":"status-publish","4":"has-post-thumbnail","6":"product_cat-bibliophilia","7":"product_tag-france-en","8":"product_tag-history-en","9":"product_shipping_class-from-0-to-1-kg","10":"description-off","12":"first","13":"instock","14":"sale","15":"taxable","16":"shipping-taxable","17":"purchasable","18":"product-type-simple"},"yoast_head":"<!-- This site is optimized with the Yoast SEO plugin v27.3 - https:\/\/yoast.com\/product\/yoast-seo-wordpress\/ -->\n<title>Album of a soldier in Spain 1823. Clerjon de Champagny<\/title>\n<meta name=\"description\" content=\"Album of a soldier during the 1823 campaign in Spain, by Clerjon de Champagny. Translation of the 1829 edition, Paris, by Francisco Berd\u00eda Cabrera.\" \/>\n<meta name=\"robots\" content=\"index, follow, max-snippet:-1, max-image-preview:large, max-video-preview:-1\" \/>\n<link rel=\"canonical\" href=\"https:\/\/www.comprarmejor.es\/en\/product\/album-of-a-soldier-in-spain-1823-clerjon-de-champagny\/\" \/>\n<meta property=\"og:locale\" content=\"en_US\" \/>\n<meta property=\"og:type\" content=\"article\" \/>\n<meta property=\"og:title\" content=\"Album of a soldier in Spain 1823. Clerjon de Champagny\" \/>\n<meta property=\"og:description\" content=\"Album of a soldier during the 1823 campaign in Spain, by Clerjon de Champagny. Translation of the 1829 edition, Paris, by Francisco Berd\u00eda Cabrera.\" \/>\n<meta property=\"og:url\" content=\"https:\/\/www.comprarmejor.es\/en\/product\/album-of-a-soldier-in-spain-1823-clerjon-de-champagny\/\" \/>\n<meta property=\"og:site_name\" content=\"ComprarMejor\" \/>\n<meta property=\"article:modified_time\" content=\"2022-12-24T16:25:58+00:00\" \/>\n<meta property=\"og:image\" content=\"https:\/\/www.comprarmejor.es\/wp-content\/uploads\/2022\/12\/AduS-1.jpg\" \/>\n\t<meta property=\"og:image:width\" content=\"576\" \/>\n\t<meta property=\"og:image:height\" content=\"768\" \/>\n\t<meta property=\"og:image:type\" content=\"image\/jpeg\" \/>\n<meta name=\"twitter:card\" content=\"summary_large_image\" \/>\n<meta name=\"twitter:label1\" content=\"Est. reading time\" \/>\n\t<meta name=\"twitter:data1\" content=\"2 minutes\" \/>\n<script type=\"application\/ld+json\" class=\"yoast-schema-graph\">{\"@context\":\"https:\\\/\\\/schema.org\",\"@graph\":[{\"@type\":\"WebPage\",\"@id\":\"https:\\\/\\\/www.comprarmejor.es\\\/en\\\/product\\\/album-of-a-soldier-in-spain-1823-clerjon-de-champagny\\\/\",\"url\":\"https:\\\/\\\/www.comprarmejor.es\\\/en\\\/product\\\/album-of-a-soldier-in-spain-1823-clerjon-de-champagny\\\/\",\"name\":\"Album of a soldier in Spain 1823. Clerjon de Champagny\",\"isPartOf\":{\"@id\":\"https:\\\/\\\/www.comprarmejor.es\\\/en\\\/#website\"},\"primaryImageOfPage\":{\"@id\":\"https:\\\/\\\/www.comprarmejor.es\\\/en\\\/product\\\/album-of-a-soldier-in-spain-1823-clerjon-de-champagny\\\/#primaryimage\"},\"image\":{\"@id\":\"https:\\\/\\\/www.comprarmejor.es\\\/en\\\/product\\\/album-of-a-soldier-in-spain-1823-clerjon-de-champagny\\\/#primaryimage\"},\"thumbnailUrl\":\"https:\\\/\\\/www.comprarmejor.es\\\/wp-content\\\/uploads\\\/2022\\\/12\\\/AduS-1.jpg\",\"datePublished\":\"2022-12-24T16:12:19+00:00\",\"dateModified\":\"2022-12-24T16:25:58+00:00\",\"description\":\"Album of a soldier during the 1823 campaign in Spain, by Clerjon de Champagny. Translation of the 1829 edition, Paris, by Francisco Berd\u00eda Cabrera.\",\"breadcrumb\":{\"@id\":\"https:\\\/\\\/www.comprarmejor.es\\\/en\\\/product\\\/album-of-a-soldier-in-spain-1823-clerjon-de-champagny\\\/#breadcrumb\"},\"inLanguage\":\"en-US\",\"potentialAction\":[{\"@type\":\"ReadAction\",\"target\":[\"https:\\\/\\\/www.comprarmejor.es\\\/en\\\/product\\\/album-of-a-soldier-in-spain-1823-clerjon-de-champagny\\\/\"]}]},{\"@type\":\"ImageObject\",\"inLanguage\":\"en-US\",\"@id\":\"https:\\\/\\\/www.comprarmejor.es\\\/en\\\/product\\\/album-of-a-soldier-in-spain-1823-clerjon-de-champagny\\\/#primaryimage\",\"url\":\"https:\\\/\\\/www.comprarmejor.es\\\/wp-content\\\/uploads\\\/2022\\\/12\\\/AduS-1.jpg\",\"contentUrl\":\"https:\\\/\\\/www.comprarmejor.es\\\/wp-content\\\/uploads\\\/2022\\\/12\\\/AduS-1.jpg\",\"width\":576,\"height\":768},{\"@type\":\"BreadcrumbList\",\"@id\":\"https:\\\/\\\/www.comprarmejor.es\\\/en\\\/product\\\/album-of-a-soldier-in-spain-1823-clerjon-de-champagny\\\/#breadcrumb\",\"itemListElement\":[{\"@type\":\"ListItem\",\"position\":1,\"name\":\"Portada\",\"item\":\"https:\\\/\\\/www.comprarmejor.es\\\/en\\\/\"},{\"@type\":\"ListItem\",\"position\":2,\"name\":\"Shop\",\"item\":\"https:\\\/\\\/www.comprarmejor.es\\\/en\\\/shop\\\/\"},{\"@type\":\"ListItem\",\"position\":3,\"name\":\"Album of a soldier in Spain 1823. Clerjon de Champagny\"}]},{\"@type\":\"WebSite\",\"@id\":\"https:\\\/\\\/www.comprarmejor.es\\\/en\\\/#website\",\"url\":\"https:\\\/\\\/www.comprarmejor.es\\\/en\\\/\",\"name\":\"ComprarMejor\",\"description\":\"ComprarMejor\",\"publisher\":{\"@id\":\"https:\\\/\\\/www.comprarmejor.es\\\/en\\\/#organization\"},\"potentialAction\":[{\"@type\":\"SearchAction\",\"target\":{\"@type\":\"EntryPoint\",\"urlTemplate\":\"https:\\\/\\\/www.comprarmejor.es\\\/en\\\/?s={search_term_string}\"},\"query-input\":{\"@type\":\"PropertyValueSpecification\",\"valueRequired\":true,\"valueName\":\"search_term_string\"}}],\"inLanguage\":\"en-US\"},{\"@type\":\"Organization\",\"@id\":\"https:\\\/\\\/www.comprarmejor.es\\\/en\\\/#organization\",\"name\":\"COMPRAR MEJOR\",\"url\":\"https:\\\/\\\/www.comprarmejor.es\\\/en\\\/\",\"logo\":{\"@type\":\"ImageObject\",\"inLanguage\":\"en-US\",\"@id\":\"https:\\\/\\\/www.comprarmejor.es\\\/en\\\/#\\\/schema\\\/logo\\\/image\\\/\",\"url\":\"https:\\\/\\\/www.comprarmejor.es\\\/wp-content\\\/uploads\\\/2025\\\/09\\\/comprarmejortrinidad.jpg\",\"contentUrl\":\"https:\\\/\\\/www.comprarmejor.es\\\/wp-content\\\/uploads\\\/2025\\\/09\\\/comprarmejortrinidad.jpg\",\"width\":1022,\"height\":1380,\"caption\":\"COMPRAR MEJOR\"},\"image\":{\"@id\":\"https:\\\/\\\/www.comprarmejor.es\\\/en\\\/#\\\/schema\\\/logo\\\/image\\\/\"},\"sameAs\":[\"https:\\\/\\\/www.instagram.com\\\/amigosdelcodice\"]}]}<\/script>\n<!-- \/ Yoast SEO plugin. -->","yoast_head_json":{"title":"Album of a soldier in Spain 1823. Clerjon de Champagny","description":"Album of a soldier during the 1823 campaign in Spain, by Clerjon de Champagny. Translation of the 1829 edition, Paris, by Francisco Berd\u00eda Cabrera.","robots":{"index":"index","follow":"follow","max-snippet":"max-snippet:-1","max-image-preview":"max-image-preview:large","max-video-preview":"max-video-preview:-1"},"canonical":"https:\/\/www.comprarmejor.es\/en\/product\/album-of-a-soldier-in-spain-1823-clerjon-de-champagny\/","og_locale":"en_US","og_type":"article","og_title":"Album of a soldier in Spain 1823. Clerjon de Champagny","og_description":"Album of a soldier during the 1823 campaign in Spain, by Clerjon de Champagny. Translation of the 1829 edition, Paris, by Francisco Berd\u00eda Cabrera.","og_url":"https:\/\/www.comprarmejor.es\/en\/product\/album-of-a-soldier-in-spain-1823-clerjon-de-champagny\/","og_site_name":"ComprarMejor","article_modified_time":"2022-12-24T16:25:58+00:00","og_image":[{"width":576,"height":768,"url":"https:\/\/www.comprarmejor.es\/wp-content\/uploads\/2022\/12\/AduS-1.jpg","type":"image\/jpeg"}],"twitter_card":"summary_large_image","twitter_misc":{"Est. reading time":"2 minutes"},"schema":{"@context":"https:\/\/schema.org","@graph":[{"@type":"WebPage","@id":"https:\/\/www.comprarmejor.es\/en\/product\/album-of-a-soldier-in-spain-1823-clerjon-de-champagny\/","url":"https:\/\/www.comprarmejor.es\/en\/product\/album-of-a-soldier-in-spain-1823-clerjon-de-champagny\/","name":"Album of a soldier in Spain 1823. Clerjon de Champagny","isPartOf":{"@id":"https:\/\/www.comprarmejor.es\/en\/#website"},"primaryImageOfPage":{"@id":"https:\/\/www.comprarmejor.es\/en\/product\/album-of-a-soldier-in-spain-1823-clerjon-de-champagny\/#primaryimage"},"image":{"@id":"https:\/\/www.comprarmejor.es\/en\/product\/album-of-a-soldier-in-spain-1823-clerjon-de-champagny\/#primaryimage"},"thumbnailUrl":"https:\/\/www.comprarmejor.es\/wp-content\/uploads\/2022\/12\/AduS-1.jpg","datePublished":"2022-12-24T16:12:19+00:00","dateModified":"2022-12-24T16:25:58+00:00","description":"Album of a soldier during the 1823 campaign in Spain, by Clerjon de Champagny. Translation of the 1829 edition, Paris, by Francisco Berd\u00eda Cabrera.","breadcrumb":{"@id":"https:\/\/www.comprarmejor.es\/en\/product\/album-of-a-soldier-in-spain-1823-clerjon-de-champagny\/#breadcrumb"},"inLanguage":"en-US","potentialAction":[{"@type":"ReadAction","target":["https:\/\/www.comprarmejor.es\/en\/product\/album-of-a-soldier-in-spain-1823-clerjon-de-champagny\/"]}]},{"@type":"ImageObject","inLanguage":"en-US","@id":"https:\/\/www.comprarmejor.es\/en\/product\/album-of-a-soldier-in-spain-1823-clerjon-de-champagny\/#primaryimage","url":"https:\/\/www.comprarmejor.es\/wp-content\/uploads\/2022\/12\/AduS-1.jpg","contentUrl":"https:\/\/www.comprarmejor.es\/wp-content\/uploads\/2022\/12\/AduS-1.jpg","width":576,"height":768},{"@type":"BreadcrumbList","@id":"https:\/\/www.comprarmejor.es\/en\/product\/album-of-a-soldier-in-spain-1823-clerjon-de-champagny\/#breadcrumb","itemListElement":[{"@type":"ListItem","position":1,"name":"Portada","item":"https:\/\/www.comprarmejor.es\/en\/"},{"@type":"ListItem","position":2,"name":"Shop","item":"https:\/\/www.comprarmejor.es\/en\/shop\/"},{"@type":"ListItem","position":3,"name":"Album of a soldier in Spain 1823. Clerjon de Champagny"}]},{"@type":"WebSite","@id":"https:\/\/www.comprarmejor.es\/en\/#website","url":"https:\/\/www.comprarmejor.es\/en\/","name":"ComprarMejor","description":"ComprarMejor","publisher":{"@id":"https:\/\/www.comprarmejor.es\/en\/#organization"},"potentialAction":[{"@type":"SearchAction","target":{"@type":"EntryPoint","urlTemplate":"https:\/\/www.comprarmejor.es\/en\/?s={search_term_string}"},"query-input":{"@type":"PropertyValueSpecification","valueRequired":true,"valueName":"search_term_string"}}],"inLanguage":"en-US"},{"@type":"Organization","@id":"https:\/\/www.comprarmejor.es\/en\/#organization","name":"COMPRAR MEJOR","url":"https:\/\/www.comprarmejor.es\/en\/","logo":{"@type":"ImageObject","inLanguage":"en-US","@id":"https:\/\/www.comprarmejor.es\/en\/#\/schema\/logo\/image\/","url":"https:\/\/www.comprarmejor.es\/wp-content\/uploads\/2025\/09\/comprarmejortrinidad.jpg","contentUrl":"https:\/\/www.comprarmejor.es\/wp-content\/uploads\/2025\/09\/comprarmejortrinidad.jpg","width":1022,"height":1380,"caption":"COMPRAR MEJOR"},"image":{"@id":"https:\/\/www.comprarmejor.es\/en\/#\/schema\/logo\/image\/"},"sameAs":["https:\/\/www.instagram.com\/amigosdelcodice"]}]}},"_links":{"self":[{"href":"https:\/\/www.comprarmejor.es\/en\/wp-json\/wp\/v2\/product\/84295","targetHints":{"allow":["GET"]}}],"collection":[{"href":"https:\/\/www.comprarmejor.es\/en\/wp-json\/wp\/v2\/product"}],"about":[{"href":"https:\/\/www.comprarmejor.es\/en\/wp-json\/wp\/v2\/types\/product"}],"wp:featuredmedia":[{"embeddable":true,"href":"https:\/\/www.comprarmejor.es\/en\/wp-json\/wp\/v2\/media\/84297"}],"wp:attachment":[{"href":"https:\/\/www.comprarmejor.es\/en\/wp-json\/wp\/v2\/media?parent=84295"}],"wp:term":[{"taxonomy":"product_brand","embeddable":true,"href":"https:\/\/www.comprarmejor.es\/en\/wp-json\/wp\/v2\/product_brand?post=84295"},{"taxonomy":"product_cat","embeddable":true,"href":"https:\/\/www.comprarmejor.es\/en\/wp-json\/wp\/v2\/product_cat?post=84295"},{"taxonomy":"product_tag","embeddable":true,"href":"https:\/\/www.comprarmejor.es\/en\/wp-json\/wp\/v2\/product_tag?post=84295"}],"curies":[{"name":"wp","href":"https:\/\/api.w.org\/{rel}","templated":true}]}}