{"id":86064,"date":"2023-02-08T11:30:59","date_gmt":"2023-02-08T10:31:01","guid":{"rendered":"https:\/\/www.comprarmejor.es\/?post_type=product&#038;p=86064"},"modified":"2025-02-13T15:55:17","modified_gmt":"2025-02-13T14:55:17","slug":"sheet-music-for-piano-the-barber-of-seville-and-la-straniera-ca-1880","status":"publish","type":"product","link":"https:\/\/www.comprarmejor.es\/en\/product\/sheet-music-for-piano-the-barber-of-seville-and-la-straniera-ca-1880\/","title":{"rendered":"1880 Sheet music for piano: The Barber of Seville and La straniera. ca.1880"},"content":{"rendered":"<p style=\"text-align: justify;\">Original book ca. 1880 with musical scores adapted for piano from the operas &#8220;The Barber of Seville&#8221; by Gioachino Rossini, and &#8220;La straniera&#8221; by Vincenzo Bellini.<\/p>\n<p style=\"text-align: justify;\">The score of \u201cEl barbero de Sevilla\u201d was printed in Madrid by Nicol\u00e1s Toledo in his collection \u201cNueva Biblioteca Musical Econ\u00f3mica\u201d. The score \u201cLa straniera\u201d was printed in Barcelona by the Museo L\u00edrico. Both were bound at the end of the 19th century in a single volume.<\/p>\n<p style=\"text-align: justify;\">A very special book for any piano student, apprentice or teacher.<\/p>\n<p style=\"text-align: justify;\">Hardcover bound volume with signs of use, interior with paper in very good condition despite the almost 150 years that have elapsed, easy-to-read pages. Format 19 x 27.3 cm. 246 pages, of which 140 correspond to &#8220;El barbero de Sevilla&#8221; and 98 to &#8220;La straniera&#8221;. Tinted edges, on the spine in gold only &#8220;The Barber of Seville&#8221; and ornaments.<\/p>\n<p style=\"text-align: justify;\">The Barber of Seville (original title in Italian, \u201cIl barbiere di Siviglia\u201d) is a comic opera in two acts with music by Gioachino Rossini and an Italian libretto by Cesare Sterbini, based on the comedy of the same name (1775) by Pierre- Augustin de Beaumarchais. The premiere, under the title &#8220;Almaviva&#8221;, or &#8220;The Useless Precaution&#8221;, took place in February 1816, at the Teatro Argentina in Rome.<\/p>\n<p style=\"text-align: justify;\">The plot recounts the adventures of a couple in love made up of the Count of Almaviva and the young orphan Rosina. Bartolo, the girl&#8217;s tutor, also wants her despite her age difference. To avoid this, the couple enlists the help of the barber Figaro, who through entanglements deceives Bartolo and manages to unite the lovers in marriage. Three arias stand out in the opera: \u201cLargo al factotum\u201d, \u201cUna voce poco fa\u201d and \u201cLa calunnia\u201d.<\/p>\n<p style=\"text-align: justify;\">Rossini&#8217;s The Barber has proven to be one of the great masterpieces of comedy within music, and has been described as the opera buffa of all opera buffas. Even after two hundred years, his popularity on the modern opera scene attests to his greatness.<\/p>\n<p style=\"text-align: justify;\">The Stranger (original title in Italian, \u201cLa straniera\u201d) is an opera in two acts composed by Vincenzo Bellini, to a libretto by Felice Romani, based on the novel L&#8217;\u00e9trang\u00e8re (1825) by Charles-Victor Pr\u00e9vot, Viscount d&#8217; Arlincourt. It was composed in the autumn of 1828 and premiered in February 1829 in Milan.<\/p>\n<p style=\"text-align: justify;\">Shipping costs paid by the buyer, according to order and destination. <span title=\"Cons\u00faltenos cualquier duda.\"><a class=\"btn btn-default\" href=\"https:\/\/www.comprarmejor.es\/en\/contact\">Ask us<\/a>\u00a0<span class=\"HwtZe\" lang=\"en\"><span class=\"jCAhz ChMk0b\"><span class=\"ryNqvb\">any questions you have, indicating the article reference.<\/span><\/span><\/span><\/span><\/p>\n","protected":false},"excerpt":{"rendered":"<p style=\"text-align: justify;\"><span id=\"result_box\" lang=\"en\" xml:lang=\"en\"><span title=\"y en una gran apuesta cultural y cient\u00edfica a nivel privado.\"><span class=\"HwtZe\" lang=\"en\"><span class=\"jCAhz\"><span class=\"ryNqvb\"><span class=\"jCAhz ChMk0b\">Original book ca. 1880 with musical scores adapted for piano from the operas &#8220;The Barber of Seville&#8221; by Gioachino Rossini, and &#8220;La straniera&#8221; by Vincenzo Bellini.<\/span><\/span><\/span><\/span><\/span><\/span><\/p>\n","protected":false},"featured_media":86066,"template":"","meta":[],"product_brand":[],"product_cat":[2202],"product_tag":[5816],"class_list":{"0":"post-86064","1":"product","2":"type-product","3":"status-publish","4":"has-post-thumbnail","6":"product_cat-old-books","7":"product_tag-bellini-en","8":"product_shipping_class-from-0-to-1-kg","9":"description-off","11":"first","12":"instock","13":"taxable","14":"shipping-taxable","15":"purchasable","16":"product-type-simple"},"yoast_head":"<!-- This site is optimized with the Yoast SEO plugin v27.3 - https:\/\/yoast.com\/product\/yoast-seo-wordpress\/ -->\n<title>Sheet music for piano: The Barber of Seville and La straniera. 1880<\/title>\n<meta name=\"description\" content=\"Original book ca. 1880 with musical scores adapted for piano from the operas &quot;The Barber of Seville&quot; by Gioachino Rossini, and &quot;La straniera&quot; by Bellini.\" \/>\n<meta name=\"robots\" content=\"index, follow, max-snippet:-1, max-image-preview:large, max-video-preview:-1\" \/>\n<link rel=\"canonical\" href=\"https:\/\/www.comprarmejor.es\/en\/product\/sheet-music-for-piano-the-barber-of-seville-and-la-straniera-ca-1880\/\" \/>\n<meta property=\"og:locale\" content=\"en_US\" \/>\n<meta property=\"og:type\" content=\"article\" \/>\n<meta property=\"og:title\" content=\"Sheet music for piano: The Barber of Seville and La straniera. 1880\" \/>\n<meta property=\"og:description\" content=\"Original book ca. 1880 with musical scores adapted for piano from the operas &quot;The Barber of Seville&quot; by Gioachino Rossini, and &quot;La straniera&quot; by Bellini.\" \/>\n<meta property=\"og:url\" content=\"https:\/\/www.comprarmejor.es\/en\/product\/sheet-music-for-piano-the-barber-of-seville-and-la-straniera-ca-1880\/\" \/>\n<meta property=\"og:site_name\" content=\"ComprarMejor\" \/>\n<meta property=\"article:modified_time\" content=\"2025-02-13T14:55:17+00:00\" \/>\n<meta property=\"og:image\" content=\"https:\/\/www.comprarmejor.es\/wp-content\/uploads\/2023\/02\/PMpi-3.jpg\" \/>\n\t<meta property=\"og:image:width\" content=\"576\" \/>\n\t<meta property=\"og:image:height\" content=\"768\" \/>\n\t<meta property=\"og:image:type\" content=\"image\/jpeg\" \/>\n<meta name=\"twitter:card\" content=\"summary_large_image\" \/>\n<meta name=\"twitter:label1\" content=\"Est. reading time\" \/>\n\t<meta name=\"twitter:data1\" content=\"3 minutes\" \/>\n<script type=\"application\/ld+json\" class=\"yoast-schema-graph\">{\"@context\":\"https:\\\/\\\/schema.org\",\"@graph\":[{\"@type\":\"WebPage\",\"@id\":\"https:\\\/\\\/www.comprarmejor.es\\\/en\\\/product\\\/sheet-music-for-piano-the-barber-of-seville-and-la-straniera-ca-1880\\\/\",\"url\":\"https:\\\/\\\/www.comprarmejor.es\\\/en\\\/product\\\/sheet-music-for-piano-the-barber-of-seville-and-la-straniera-ca-1880\\\/\",\"name\":\"Sheet music for piano: The Barber of Seville and La straniera. 1880\",\"isPartOf\":{\"@id\":\"https:\\\/\\\/www.comprarmejor.es\\\/en\\\/#website\"},\"primaryImageOfPage\":{\"@id\":\"https:\\\/\\\/www.comprarmejor.es\\\/en\\\/product\\\/sheet-music-for-piano-the-barber-of-seville-and-la-straniera-ca-1880\\\/#primaryimage\"},\"image\":{\"@id\":\"https:\\\/\\\/www.comprarmejor.es\\\/en\\\/product\\\/sheet-music-for-piano-the-barber-of-seville-and-la-straniera-ca-1880\\\/#primaryimage\"},\"thumbnailUrl\":\"https:\\\/\\\/www.comprarmejor.es\\\/wp-content\\\/uploads\\\/2023\\\/02\\\/PMpi-3.jpg\",\"datePublished\":\"2023-02-08T10:31:01+00:00\",\"dateModified\":\"2025-02-13T14:55:17+00:00\",\"description\":\"Original book ca. 1880 with musical scores adapted for piano from the operas \\\"The Barber of Seville\\\" by Gioachino Rossini, and \\\"La straniera\\\" by Bellini.\",\"breadcrumb\":{\"@id\":\"https:\\\/\\\/www.comprarmejor.es\\\/en\\\/product\\\/sheet-music-for-piano-the-barber-of-seville-and-la-straniera-ca-1880\\\/#breadcrumb\"},\"inLanguage\":\"en-US\",\"potentialAction\":[{\"@type\":\"ReadAction\",\"target\":[\"https:\\\/\\\/www.comprarmejor.es\\\/en\\\/product\\\/sheet-music-for-piano-the-barber-of-seville-and-la-straniera-ca-1880\\\/\"]}]},{\"@type\":\"ImageObject\",\"inLanguage\":\"en-US\",\"@id\":\"https:\\\/\\\/www.comprarmejor.es\\\/en\\\/product\\\/sheet-music-for-piano-the-barber-of-seville-and-la-straniera-ca-1880\\\/#primaryimage\",\"url\":\"https:\\\/\\\/www.comprarmejor.es\\\/wp-content\\\/uploads\\\/2023\\\/02\\\/PMpi-3.jpg\",\"contentUrl\":\"https:\\\/\\\/www.comprarmejor.es\\\/wp-content\\\/uploads\\\/2023\\\/02\\\/PMpi-3.jpg\",\"width\":576,\"height\":768},{\"@type\":\"BreadcrumbList\",\"@id\":\"https:\\\/\\\/www.comprarmejor.es\\\/en\\\/product\\\/sheet-music-for-piano-the-barber-of-seville-and-la-straniera-ca-1880\\\/#breadcrumb\",\"itemListElement\":[{\"@type\":\"ListItem\",\"position\":1,\"name\":\"Portada\",\"item\":\"https:\\\/\\\/www.comprarmejor.es\\\/en\\\/\"},{\"@type\":\"ListItem\",\"position\":2,\"name\":\"Shop\",\"item\":\"https:\\\/\\\/www.comprarmejor.es\\\/en\\\/shop\\\/\"},{\"@type\":\"ListItem\",\"position\":3,\"name\":\"1880 Sheet music for piano: The Barber of Seville and La straniera. ca.1880\"}]},{\"@type\":\"WebSite\",\"@id\":\"https:\\\/\\\/www.comprarmejor.es\\\/en\\\/#website\",\"url\":\"https:\\\/\\\/www.comprarmejor.es\\\/en\\\/\",\"name\":\"ComprarMejor\",\"description\":\"ComprarMejor\",\"publisher\":{\"@id\":\"https:\\\/\\\/www.comprarmejor.es\\\/en\\\/#organization\"},\"potentialAction\":[{\"@type\":\"SearchAction\",\"target\":{\"@type\":\"EntryPoint\",\"urlTemplate\":\"https:\\\/\\\/www.comprarmejor.es\\\/en\\\/?s={search_term_string}\"},\"query-input\":{\"@type\":\"PropertyValueSpecification\",\"valueRequired\":true,\"valueName\":\"search_term_string\"}}],\"inLanguage\":\"en-US\"},{\"@type\":\"Organization\",\"@id\":\"https:\\\/\\\/www.comprarmejor.es\\\/en\\\/#organization\",\"name\":\"COMPRAR MEJOR\",\"url\":\"https:\\\/\\\/www.comprarmejor.es\\\/en\\\/\",\"logo\":{\"@type\":\"ImageObject\",\"inLanguage\":\"en-US\",\"@id\":\"https:\\\/\\\/www.comprarmejor.es\\\/en\\\/#\\\/schema\\\/logo\\\/image\\\/\",\"url\":\"https:\\\/\\\/www.comprarmejor.es\\\/wp-content\\\/uploads\\\/2025\\\/09\\\/comprarmejortrinidad.jpg\",\"contentUrl\":\"https:\\\/\\\/www.comprarmejor.es\\\/wp-content\\\/uploads\\\/2025\\\/09\\\/comprarmejortrinidad.jpg\",\"width\":1022,\"height\":1380,\"caption\":\"COMPRAR MEJOR\"},\"image\":{\"@id\":\"https:\\\/\\\/www.comprarmejor.es\\\/en\\\/#\\\/schema\\\/logo\\\/image\\\/\"},\"sameAs\":[\"https:\\\/\\\/www.instagram.com\\\/amigosdelcodice\"]}]}<\/script>\n<!-- \/ Yoast SEO plugin. -->","yoast_head_json":{"title":"Sheet music for piano: The Barber of Seville and La straniera. 1880","description":"Original book ca. 1880 with musical scores adapted for piano from the operas \"The Barber of Seville\" by Gioachino Rossini, and \"La straniera\" by Bellini.","robots":{"index":"index","follow":"follow","max-snippet":"max-snippet:-1","max-image-preview":"max-image-preview:large","max-video-preview":"max-video-preview:-1"},"canonical":"https:\/\/www.comprarmejor.es\/en\/product\/sheet-music-for-piano-the-barber-of-seville-and-la-straniera-ca-1880\/","og_locale":"en_US","og_type":"article","og_title":"Sheet music for piano: The Barber of Seville and La straniera. 1880","og_description":"Original book ca. 1880 with musical scores adapted for piano from the operas \"The Barber of Seville\" by Gioachino Rossini, and \"La straniera\" by Bellini.","og_url":"https:\/\/www.comprarmejor.es\/en\/product\/sheet-music-for-piano-the-barber-of-seville-and-la-straniera-ca-1880\/","og_site_name":"ComprarMejor","article_modified_time":"2025-02-13T14:55:17+00:00","og_image":[{"width":576,"height":768,"url":"https:\/\/www.comprarmejor.es\/wp-content\/uploads\/2023\/02\/PMpi-3.jpg","type":"image\/jpeg"}],"twitter_card":"summary_large_image","twitter_misc":{"Est. reading time":"3 minutes"},"schema":{"@context":"https:\/\/schema.org","@graph":[{"@type":"WebPage","@id":"https:\/\/www.comprarmejor.es\/en\/product\/sheet-music-for-piano-the-barber-of-seville-and-la-straniera-ca-1880\/","url":"https:\/\/www.comprarmejor.es\/en\/product\/sheet-music-for-piano-the-barber-of-seville-and-la-straniera-ca-1880\/","name":"Sheet music for piano: The Barber of Seville and La straniera. 1880","isPartOf":{"@id":"https:\/\/www.comprarmejor.es\/en\/#website"},"primaryImageOfPage":{"@id":"https:\/\/www.comprarmejor.es\/en\/product\/sheet-music-for-piano-the-barber-of-seville-and-la-straniera-ca-1880\/#primaryimage"},"image":{"@id":"https:\/\/www.comprarmejor.es\/en\/product\/sheet-music-for-piano-the-barber-of-seville-and-la-straniera-ca-1880\/#primaryimage"},"thumbnailUrl":"https:\/\/www.comprarmejor.es\/wp-content\/uploads\/2023\/02\/PMpi-3.jpg","datePublished":"2023-02-08T10:31:01+00:00","dateModified":"2025-02-13T14:55:17+00:00","description":"Original book ca. 1880 with musical scores adapted for piano from the operas \"The Barber of Seville\" by Gioachino Rossini, and \"La straniera\" by Bellini.","breadcrumb":{"@id":"https:\/\/www.comprarmejor.es\/en\/product\/sheet-music-for-piano-the-barber-of-seville-and-la-straniera-ca-1880\/#breadcrumb"},"inLanguage":"en-US","potentialAction":[{"@type":"ReadAction","target":["https:\/\/www.comprarmejor.es\/en\/product\/sheet-music-for-piano-the-barber-of-seville-and-la-straniera-ca-1880\/"]}]},{"@type":"ImageObject","inLanguage":"en-US","@id":"https:\/\/www.comprarmejor.es\/en\/product\/sheet-music-for-piano-the-barber-of-seville-and-la-straniera-ca-1880\/#primaryimage","url":"https:\/\/www.comprarmejor.es\/wp-content\/uploads\/2023\/02\/PMpi-3.jpg","contentUrl":"https:\/\/www.comprarmejor.es\/wp-content\/uploads\/2023\/02\/PMpi-3.jpg","width":576,"height":768},{"@type":"BreadcrumbList","@id":"https:\/\/www.comprarmejor.es\/en\/product\/sheet-music-for-piano-the-barber-of-seville-and-la-straniera-ca-1880\/#breadcrumb","itemListElement":[{"@type":"ListItem","position":1,"name":"Portada","item":"https:\/\/www.comprarmejor.es\/en\/"},{"@type":"ListItem","position":2,"name":"Shop","item":"https:\/\/www.comprarmejor.es\/en\/shop\/"},{"@type":"ListItem","position":3,"name":"1880 Sheet music for piano: The Barber of Seville and La straniera. ca.1880"}]},{"@type":"WebSite","@id":"https:\/\/www.comprarmejor.es\/en\/#website","url":"https:\/\/www.comprarmejor.es\/en\/","name":"ComprarMejor","description":"ComprarMejor","publisher":{"@id":"https:\/\/www.comprarmejor.es\/en\/#organization"},"potentialAction":[{"@type":"SearchAction","target":{"@type":"EntryPoint","urlTemplate":"https:\/\/www.comprarmejor.es\/en\/?s={search_term_string}"},"query-input":{"@type":"PropertyValueSpecification","valueRequired":true,"valueName":"search_term_string"}}],"inLanguage":"en-US"},{"@type":"Organization","@id":"https:\/\/www.comprarmejor.es\/en\/#organization","name":"COMPRAR MEJOR","url":"https:\/\/www.comprarmejor.es\/en\/","logo":{"@type":"ImageObject","inLanguage":"en-US","@id":"https:\/\/www.comprarmejor.es\/en\/#\/schema\/logo\/image\/","url":"https:\/\/www.comprarmejor.es\/wp-content\/uploads\/2025\/09\/comprarmejortrinidad.jpg","contentUrl":"https:\/\/www.comprarmejor.es\/wp-content\/uploads\/2025\/09\/comprarmejortrinidad.jpg","width":1022,"height":1380,"caption":"COMPRAR MEJOR"},"image":{"@id":"https:\/\/www.comprarmejor.es\/en\/#\/schema\/logo\/image\/"},"sameAs":["https:\/\/www.instagram.com\/amigosdelcodice"]}]}},"_links":{"self":[{"href":"https:\/\/www.comprarmejor.es\/en\/wp-json\/wp\/v2\/product\/86064","targetHints":{"allow":["GET"]}}],"collection":[{"href":"https:\/\/www.comprarmejor.es\/en\/wp-json\/wp\/v2\/product"}],"about":[{"href":"https:\/\/www.comprarmejor.es\/en\/wp-json\/wp\/v2\/types\/product"}],"wp:featuredmedia":[{"embeddable":true,"href":"https:\/\/www.comprarmejor.es\/en\/wp-json\/wp\/v2\/media\/86066"}],"wp:attachment":[{"href":"https:\/\/www.comprarmejor.es\/en\/wp-json\/wp\/v2\/media?parent=86064"}],"wp:term":[{"taxonomy":"product_brand","embeddable":true,"href":"https:\/\/www.comprarmejor.es\/en\/wp-json\/wp\/v2\/product_brand?post=86064"},{"taxonomy":"product_cat","embeddable":true,"href":"https:\/\/www.comprarmejor.es\/en\/wp-json\/wp\/v2\/product_cat?post=86064"},{"taxonomy":"product_tag","embeddable":true,"href":"https:\/\/www.comprarmejor.es\/en\/wp-json\/wp\/v2\/product_tag?post=86064"}],"curies":[{"name":"wp","href":"https:\/\/api.w.org\/{rel}","templated":true}]}}