{"id":86410,"date":"2023-02-19T12:29:27","date_gmt":"2023-02-19T11:29:27","guid":{"rendered":"https:\/\/www.comprarmejor.es\/?post_type=product&#038;p=86410"},"modified":"2023-03-03T14:00:10","modified_gmt":"2023-03-03T13:00:10","slug":"the-botanical-expedition-to-the-viceroyalty-of-peru-1777-1788","status":"publish","type":"product","link":"https:\/\/www.comprarmejor.es\/en\/product\/the-botanical-expedition-to-the-viceroyalty-of-peru-1777-1788\/","title":{"rendered":"The Botanical Expedition to the Viceroyalty of Peru (1777-1788), a luxury and exclusive specimen"},"content":{"rendered":"<p style=\"text-align: justify;\">The only exclusive copy of high bibliophile presented with a splendid, extraordinary, laborious and original binding completely handmade.<\/p>\n<p style=\"text-align: justify;\">The Botanical Expedition to the Viceroyalty of Peru (1777-1788), led by the Spanish Hip\u00f3lito Ruiz L\u00f3pez. Edition published in 1988 by Lunwerg Editores and the Real Jard\u00edn Bot\u00e1nico de Madrid in 2 volumes, presented here in a single volume, complete work.<\/p>\n<p style=\"text-align: justify;\">This issue combines two main aspects: one, the work itself, scientific, botanical, historical, instructive, illustrative, with texts written by 10 important scientists and specialists in each subject.<\/p>\n<p style=\"text-align: justify;\">And another, which without detracting from the first, enhances the copy to the point of taking it to unparalleled luxury and sophistication, making it a unique copy (there is no other like it), destined for the library of the most exquisite of bibliophiles and botanists. An unparalleled gift for yourself or for a highly relevant commitment, a copy for the most important university library.<\/p>\n<p style=\"text-align: justify;\">Extraordinary artistic binding in green leather on wood; On both planes, a composition of dried natural flowers has been mounted, protected by a methacrylate sheet; small gold and color mosaics on the spine and flats; cuts painted with plant motifs; reverse planes in leather and velvet, first endpaper in fine turned leather with the second endpaper in handmade water-based paper; handmade lid holder Beautiful binding made with great care and patience, entirely by hand.<\/p>\n<p style=\"text-align: justify;\">Final format of the book: 25.5 x 28.5 x 5.5 cm. 376 pages, almost half of them illustrated with color photographic reproductions of a large selection of the drawings resulting from the Expedition. I weigh almost 3 kg.<\/p>\n<p style=\"text-align: justify;\">Complete, exclusive, unique, luxury copy, and in perfect condition, new, unused.<\/p>\n<p style=\"text-align: justify;\">Free shipping for this item<span title=\"Gastos de env\u00edo por cuenta del comprador, seg\u00fan pedido y destino.\">. <\/span><span title=\"Cons\u00faltenos cualquier duda, as\u00ed como por cualquier otro facs\u00edmile que est\u00e9 buscando.\"><a class=\"btn btn-default\" href=\"https:\/\/www.comprarmejor.es\/en\/contact\">Ask us<\/a> <span class=\"HwtZe\" lang=\"en\"><span class=\"jCAhz ChMk0b\"><span class=\"ryNqvb\">any questions you have, indicating the article reference.<\/span><\/span><\/span><br \/>\n<\/span><\/p>\n","protected":false},"excerpt":{"rendered":"<p style=\"text-align: justify;\"><span id=\"result_box\" lang=\"en\" xml:lang=\"en\"><span title=\"n\u00e9erlandais 3, cuyo original se conserva en la Biblioteca Nacional de Francia, datado entre los a\u00f1os 1400 y 1410.\"><span class=\"tlid-translation translation\" lang=\"en\"><span class=\"\" title=\"\"><span class=\"VIiyi\" lang=\"en\"><span class=\"JLqJ4b\" data-language-for-alternatives=\"en\" data-language-to-translate-into=\"es\" data-phrase-index=\"0\" data-number-of-phrases=\"1\"><span class=\"Q4iAWc\"><span class=\"HwtZe\" lang=\"en\"><span class=\"jCAhz ChMk0b\"><span class=\"ryNqvb\">The only exclusive copy of high bibliophile presented with a splendid, extraordinary, laborious and original binding completely handmade.<\/span><\/span><\/span><\/span><\/span><\/span><\/span><\/span><\/span><\/span><\/p>\n","protected":false},"featured_media":86620,"template":"","meta":[],"product_brand":[],"product_cat":[2210,5118,2238],"product_tag":[5791,5792,5120],"class_list":{"0":"post-86410","1":"product","2":"type-product","3":"status-publish","4":"has-post-thumbnail","6":"product_cat-bibliophilia","7":"product_cat-bindings","8":"product_cat-exclusive-copies","9":"product_tag-arte-en","10":"product_tag-artesanal-en","11":"product_tag-history-en","12":"description-off","14":"first","15":"instock","16":"sale","17":"taxable","18":"shipping-taxable","19":"purchasable","20":"product-type-simple"},"yoast_head":"<!-- This site is optimized with the Yoast SEO plugin v27.3 - https:\/\/yoast.com\/product\/yoast-seo-wordpress\/ -->\n<title>The Botanical Expedition to the Viceroyalty of Peru (1777-1788)<\/title>\n<meta name=\"description\" content=\"The Botanical Expedition to the Viceroyalty of Peru (1777-1788), Edition published in 1988 by Lunwerg Editores and the Real Jard\u00edn Bot\u00e1nico\" \/>\n<meta name=\"robots\" content=\"index, follow, max-snippet:-1, max-image-preview:large, max-video-preview:-1\" \/>\n<link rel=\"canonical\" href=\"https:\/\/www.comprarmejor.es\/en\/product\/the-botanical-expedition-to-the-viceroyalty-of-peru-1777-1788\/\" \/>\n<meta property=\"og:locale\" content=\"en_US\" \/>\n<meta property=\"og:type\" content=\"article\" \/>\n<meta property=\"og:title\" content=\"The Botanical Expedition to the Viceroyalty of Peru (1777-1788)\" \/>\n<meta property=\"og:description\" content=\"The Botanical Expedition to the Viceroyalty of Peru (1777-1788), Edition published in 1988 by Lunwerg Editores and the Real Jard\u00edn Bot\u00e1nico\" \/>\n<meta property=\"og:url\" content=\"https:\/\/www.comprarmejor.es\/en\/product\/the-botanical-expedition-to-the-viceroyalty-of-peru-1777-1788\/\" \/>\n<meta property=\"og:site_name\" content=\"ComprarMejor\" \/>\n<meta property=\"article:modified_time\" content=\"2023-03-03T13:00:10+00:00\" \/>\n<meta property=\"og:image\" content=\"https:\/\/www.comprarmejor.es\/wp-content\/uploads\/2023\/02\/EEEB-1.jpg\" \/>\n\t<meta property=\"og:image:width\" content=\"768\" \/>\n\t<meta property=\"og:image:height\" content=\"576\" \/>\n\t<meta property=\"og:image:type\" content=\"image\/jpeg\" \/>\n<meta name=\"twitter:card\" content=\"summary_large_image\" \/>\n<meta name=\"twitter:label1\" content=\"Est. reading time\" \/>\n\t<meta name=\"twitter:data1\" content=\"2 minutes\" \/>\n<script type=\"application\/ld+json\" class=\"yoast-schema-graph\">{\"@context\":\"https:\\\/\\\/schema.org\",\"@graph\":[{\"@type\":\"WebPage\",\"@id\":\"https:\\\/\\\/www.comprarmejor.es\\\/en\\\/product\\\/the-botanical-expedition-to-the-viceroyalty-of-peru-1777-1788\\\/\",\"url\":\"https:\\\/\\\/www.comprarmejor.es\\\/en\\\/product\\\/the-botanical-expedition-to-the-viceroyalty-of-peru-1777-1788\\\/\",\"name\":\"The Botanical Expedition to the Viceroyalty of Peru (1777-1788)\",\"isPartOf\":{\"@id\":\"https:\\\/\\\/www.comprarmejor.es\\\/en\\\/#website\"},\"primaryImageOfPage\":{\"@id\":\"https:\\\/\\\/www.comprarmejor.es\\\/en\\\/product\\\/the-botanical-expedition-to-the-viceroyalty-of-peru-1777-1788\\\/#primaryimage\"},\"image\":{\"@id\":\"https:\\\/\\\/www.comprarmejor.es\\\/en\\\/product\\\/the-botanical-expedition-to-the-viceroyalty-of-peru-1777-1788\\\/#primaryimage\"},\"thumbnailUrl\":\"https:\\\/\\\/www.comprarmejor.es\\\/wp-content\\\/uploads\\\/2023\\\/02\\\/EEEB-1.jpg\",\"datePublished\":\"2023-02-19T11:29:27+00:00\",\"dateModified\":\"2023-03-03T13:00:10+00:00\",\"description\":\"The Botanical Expedition to the Viceroyalty of Peru (1777-1788), Edition published in 1988 by Lunwerg Editores and the Real Jard\u00edn Bot\u00e1nico\",\"breadcrumb\":{\"@id\":\"https:\\\/\\\/www.comprarmejor.es\\\/en\\\/product\\\/the-botanical-expedition-to-the-viceroyalty-of-peru-1777-1788\\\/#breadcrumb\"},\"inLanguage\":\"en-US\",\"potentialAction\":[{\"@type\":\"ReadAction\",\"target\":[\"https:\\\/\\\/www.comprarmejor.es\\\/en\\\/product\\\/the-botanical-expedition-to-the-viceroyalty-of-peru-1777-1788\\\/\"]}]},{\"@type\":\"ImageObject\",\"inLanguage\":\"en-US\",\"@id\":\"https:\\\/\\\/www.comprarmejor.es\\\/en\\\/product\\\/the-botanical-expedition-to-the-viceroyalty-of-peru-1777-1788\\\/#primaryimage\",\"url\":\"https:\\\/\\\/www.comprarmejor.es\\\/wp-content\\\/uploads\\\/2023\\\/02\\\/EEEB-1.jpg\",\"contentUrl\":\"https:\\\/\\\/www.comprarmejor.es\\\/wp-content\\\/uploads\\\/2023\\\/02\\\/EEEB-1.jpg\",\"width\":768,\"height\":576},{\"@type\":\"BreadcrumbList\",\"@id\":\"https:\\\/\\\/www.comprarmejor.es\\\/en\\\/product\\\/the-botanical-expedition-to-the-viceroyalty-of-peru-1777-1788\\\/#breadcrumb\",\"itemListElement\":[{\"@type\":\"ListItem\",\"position\":1,\"name\":\"Portada\",\"item\":\"https:\\\/\\\/www.comprarmejor.es\\\/en\\\/\"},{\"@type\":\"ListItem\",\"position\":2,\"name\":\"Shop\",\"item\":\"https:\\\/\\\/www.comprarmejor.es\\\/en\\\/shop\\\/\"},{\"@type\":\"ListItem\",\"position\":3,\"name\":\"The Botanical Expedition to the Viceroyalty of Peru (1777-1788), a luxury and exclusive specimen\"}]},{\"@type\":\"WebSite\",\"@id\":\"https:\\\/\\\/www.comprarmejor.es\\\/en\\\/#website\",\"url\":\"https:\\\/\\\/www.comprarmejor.es\\\/en\\\/\",\"name\":\"ComprarMejor\",\"description\":\"ComprarMejor\",\"publisher\":{\"@id\":\"https:\\\/\\\/www.comprarmejor.es\\\/en\\\/#organization\"},\"potentialAction\":[{\"@type\":\"SearchAction\",\"target\":{\"@type\":\"EntryPoint\",\"urlTemplate\":\"https:\\\/\\\/www.comprarmejor.es\\\/en\\\/?s={search_term_string}\"},\"query-input\":{\"@type\":\"PropertyValueSpecification\",\"valueRequired\":true,\"valueName\":\"search_term_string\"}}],\"inLanguage\":\"en-US\"},{\"@type\":\"Organization\",\"@id\":\"https:\\\/\\\/www.comprarmejor.es\\\/en\\\/#organization\",\"name\":\"COMPRAR MEJOR\",\"url\":\"https:\\\/\\\/www.comprarmejor.es\\\/en\\\/\",\"logo\":{\"@type\":\"ImageObject\",\"inLanguage\":\"en-US\",\"@id\":\"https:\\\/\\\/www.comprarmejor.es\\\/en\\\/#\\\/schema\\\/logo\\\/image\\\/\",\"url\":\"https:\\\/\\\/www.comprarmejor.es\\\/wp-content\\\/uploads\\\/2025\\\/09\\\/comprarmejortrinidad.jpg\",\"contentUrl\":\"https:\\\/\\\/www.comprarmejor.es\\\/wp-content\\\/uploads\\\/2025\\\/09\\\/comprarmejortrinidad.jpg\",\"width\":1022,\"height\":1380,\"caption\":\"COMPRAR MEJOR\"},\"image\":{\"@id\":\"https:\\\/\\\/www.comprarmejor.es\\\/en\\\/#\\\/schema\\\/logo\\\/image\\\/\"},\"sameAs\":[\"https:\\\/\\\/www.instagram.com\\\/amigosdelcodice\"]}]}<\/script>\n<!-- \/ Yoast SEO plugin. -->","yoast_head_json":{"title":"The Botanical Expedition to the Viceroyalty of Peru (1777-1788)","description":"The Botanical Expedition to the Viceroyalty of Peru (1777-1788), Edition published in 1988 by Lunwerg Editores and the Real Jard\u00edn Bot\u00e1nico","robots":{"index":"index","follow":"follow","max-snippet":"max-snippet:-1","max-image-preview":"max-image-preview:large","max-video-preview":"max-video-preview:-1"},"canonical":"https:\/\/www.comprarmejor.es\/en\/product\/the-botanical-expedition-to-the-viceroyalty-of-peru-1777-1788\/","og_locale":"en_US","og_type":"article","og_title":"The Botanical Expedition to the Viceroyalty of Peru (1777-1788)","og_description":"The Botanical Expedition to the Viceroyalty of Peru (1777-1788), Edition published in 1988 by Lunwerg Editores and the Real Jard\u00edn Bot\u00e1nico","og_url":"https:\/\/www.comprarmejor.es\/en\/product\/the-botanical-expedition-to-the-viceroyalty-of-peru-1777-1788\/","og_site_name":"ComprarMejor","article_modified_time":"2023-03-03T13:00:10+00:00","og_image":[{"width":768,"height":576,"url":"https:\/\/www.comprarmejor.es\/wp-content\/uploads\/2023\/02\/EEEB-1.jpg","type":"image\/jpeg"}],"twitter_card":"summary_large_image","twitter_misc":{"Est. reading time":"2 minutes"},"schema":{"@context":"https:\/\/schema.org","@graph":[{"@type":"WebPage","@id":"https:\/\/www.comprarmejor.es\/en\/product\/the-botanical-expedition-to-the-viceroyalty-of-peru-1777-1788\/","url":"https:\/\/www.comprarmejor.es\/en\/product\/the-botanical-expedition-to-the-viceroyalty-of-peru-1777-1788\/","name":"The Botanical Expedition to the Viceroyalty of Peru (1777-1788)","isPartOf":{"@id":"https:\/\/www.comprarmejor.es\/en\/#website"},"primaryImageOfPage":{"@id":"https:\/\/www.comprarmejor.es\/en\/product\/the-botanical-expedition-to-the-viceroyalty-of-peru-1777-1788\/#primaryimage"},"image":{"@id":"https:\/\/www.comprarmejor.es\/en\/product\/the-botanical-expedition-to-the-viceroyalty-of-peru-1777-1788\/#primaryimage"},"thumbnailUrl":"https:\/\/www.comprarmejor.es\/wp-content\/uploads\/2023\/02\/EEEB-1.jpg","datePublished":"2023-02-19T11:29:27+00:00","dateModified":"2023-03-03T13:00:10+00:00","description":"The Botanical Expedition to the Viceroyalty of Peru (1777-1788), Edition published in 1988 by Lunwerg Editores and the Real Jard\u00edn Bot\u00e1nico","breadcrumb":{"@id":"https:\/\/www.comprarmejor.es\/en\/product\/the-botanical-expedition-to-the-viceroyalty-of-peru-1777-1788\/#breadcrumb"},"inLanguage":"en-US","potentialAction":[{"@type":"ReadAction","target":["https:\/\/www.comprarmejor.es\/en\/product\/the-botanical-expedition-to-the-viceroyalty-of-peru-1777-1788\/"]}]},{"@type":"ImageObject","inLanguage":"en-US","@id":"https:\/\/www.comprarmejor.es\/en\/product\/the-botanical-expedition-to-the-viceroyalty-of-peru-1777-1788\/#primaryimage","url":"https:\/\/www.comprarmejor.es\/wp-content\/uploads\/2023\/02\/EEEB-1.jpg","contentUrl":"https:\/\/www.comprarmejor.es\/wp-content\/uploads\/2023\/02\/EEEB-1.jpg","width":768,"height":576},{"@type":"BreadcrumbList","@id":"https:\/\/www.comprarmejor.es\/en\/product\/the-botanical-expedition-to-the-viceroyalty-of-peru-1777-1788\/#breadcrumb","itemListElement":[{"@type":"ListItem","position":1,"name":"Portada","item":"https:\/\/www.comprarmejor.es\/en\/"},{"@type":"ListItem","position":2,"name":"Shop","item":"https:\/\/www.comprarmejor.es\/en\/shop\/"},{"@type":"ListItem","position":3,"name":"The Botanical Expedition to the Viceroyalty of Peru (1777-1788), a luxury and exclusive specimen"}]},{"@type":"WebSite","@id":"https:\/\/www.comprarmejor.es\/en\/#website","url":"https:\/\/www.comprarmejor.es\/en\/","name":"ComprarMejor","description":"ComprarMejor","publisher":{"@id":"https:\/\/www.comprarmejor.es\/en\/#organization"},"potentialAction":[{"@type":"SearchAction","target":{"@type":"EntryPoint","urlTemplate":"https:\/\/www.comprarmejor.es\/en\/?s={search_term_string}"},"query-input":{"@type":"PropertyValueSpecification","valueRequired":true,"valueName":"search_term_string"}}],"inLanguage":"en-US"},{"@type":"Organization","@id":"https:\/\/www.comprarmejor.es\/en\/#organization","name":"COMPRAR MEJOR","url":"https:\/\/www.comprarmejor.es\/en\/","logo":{"@type":"ImageObject","inLanguage":"en-US","@id":"https:\/\/www.comprarmejor.es\/en\/#\/schema\/logo\/image\/","url":"https:\/\/www.comprarmejor.es\/wp-content\/uploads\/2025\/09\/comprarmejortrinidad.jpg","contentUrl":"https:\/\/www.comprarmejor.es\/wp-content\/uploads\/2025\/09\/comprarmejortrinidad.jpg","width":1022,"height":1380,"caption":"COMPRAR MEJOR"},"image":{"@id":"https:\/\/www.comprarmejor.es\/en\/#\/schema\/logo\/image\/"},"sameAs":["https:\/\/www.instagram.com\/amigosdelcodice"]}]}},"_links":{"self":[{"href":"https:\/\/www.comprarmejor.es\/en\/wp-json\/wp\/v2\/product\/86410","targetHints":{"allow":["GET"]}}],"collection":[{"href":"https:\/\/www.comprarmejor.es\/en\/wp-json\/wp\/v2\/product"}],"about":[{"href":"https:\/\/www.comprarmejor.es\/en\/wp-json\/wp\/v2\/types\/product"}],"wp:featuredmedia":[{"embeddable":true,"href":"https:\/\/www.comprarmejor.es\/en\/wp-json\/wp\/v2\/media\/86620"}],"wp:attachment":[{"href":"https:\/\/www.comprarmejor.es\/en\/wp-json\/wp\/v2\/media?parent=86410"}],"wp:term":[{"taxonomy":"product_brand","embeddable":true,"href":"https:\/\/www.comprarmejor.es\/en\/wp-json\/wp\/v2\/product_brand?post=86410"},{"taxonomy":"product_cat","embeddable":true,"href":"https:\/\/www.comprarmejor.es\/en\/wp-json\/wp\/v2\/product_cat?post=86410"},{"taxonomy":"product_tag","embeddable":true,"href":"https:\/\/www.comprarmejor.es\/en\/wp-json\/wp\/v2\/product_tag?post=86410"}],"curies":[{"name":"wp","href":"https:\/\/api.w.org\/{rel}","templated":true}]}}