{"id":86730,"date":"2023-03-04T18:15:08","date_gmt":"2023-03-04T17:15:08","guid":{"rendered":"https:\/\/www.comprarmejor.es\/?post_type=product&#038;p=86730"},"modified":"2023-04-16T09:10:44","modified_gmt":"2023-04-16T07:10:44","slug":"the-bulls-antonio-casero-1992-madrid-city-council","status":"publish","type":"product","link":"https:\/\/www.comprarmejor.es\/en\/product\/the-bulls-antonio-casero-1992-madrid-city-council\/","title":{"rendered":"The Bulls. Antonio Casero. 1992. Madrid City Council"},"content":{"rendered":"<p style=\"text-align: justify;\">Beautiful monumental edition of the Madrid City Council of the year 1992 on the artistic production of Antonio Casero, entitled &#8220;Los Toros&#8221;. Texts in Spanish.<\/p>\n<p style=\"text-align: justify;\">Introduction and comments on the author and the work by Jos\u00e9 Luis P\u00e9cker and 41 color plates that reproduce the drawings that the author took from life and later published in the ABC newspaper.<\/p>\n<p style=\"text-align: justify;\">Imitation leather binding with gold stamping. Format 33 x 42.5 cm. 120 pages on heavy bond paper laid with Torreon watermark. Saves on water paper.<\/p>\n<p style=\"text-align: justify;\">Copy in almost perfect condition, new, unused. It has some small bumps that are hardly noticeable at the ends of the spine (the binding is loose at those ends) and at one corner of the cover.<\/p>\n<p style=\"text-align: justify;\">Free shipping for this item.<span id=\"result_box\" lang=\"en\" xml:lang=\"en\"> <span title=\"Cons\u00faltenos cualquier duda, as\u00ed como por cualquier otro Beato o facs\u00edmile que est\u00e9 buscando.\"><a class=\"btn btn-default\" href=\"https:\/\/www.comprarmejor.es\/en\/contact\">Ask us<\/a> <span class=\"VIiyi\" lang=\"en\"><span class=\"JLqJ4b\" data-language-for-alternatives=\"en\" data-language-to-translate-into=\"es\" data-phrase-index=\"0\" data-number-of-phrases=\"1\"><span class=\"Q4iAWc\">any questions you may have, indicating the article reference.<\/span><\/span><\/span><br \/>\n<\/span><\/span><\/p>\n","protected":false},"excerpt":{"rendered":"<p style=\"text-align: justify;\"><span id=\"result_box\" lang=\"en\" xml:lang=\"en\"><span title=\"Original conservado en la Biblioteca del Colegio de Santa Cruz de la Universidad de Valladolid.\"><span class=\"VIiyi\" lang=\"en\"><span class=\"JLqJ4b\" data-language-for-alternatives=\"en\" data-language-to-translate-into=\"es\" data-phrase-index=\"0\" data-number-of-phrases=\"1\"><span class=\"Q4iAWc\"><span class=\"HwtZe\" lang=\"en\"><span class=\"jCAhz ChMk0b C1N51c\"><span class=\"ryNqvb\"><span class=\"jCAhz ChMk0b\">Beautiful monumental edition of the Madrid City Council of the year 1992 on the artistic production of Antonio Casero, entitled &#8220;Los Toros&#8221;.<\/span><\/span><\/span><\/span><\/span><\/span><\/span><\/span><\/span><\/p>\n","protected":false},"featured_media":87517,"template":"","meta":[],"product_brand":[],"product_cat":[2210,2264],"product_tag":[5791,4324],"class_list":{"0":"post-86730","1":"product","2":"type-product","3":"status-publish","4":"has-post-thumbnail","6":"product_cat-bibliophilia","7":"product_cat-paintings","8":"product_tag-arte-en","9":"product_tag-madrid-en","10":"description-off","12":"first","13":"instock","14":"taxable","15":"shipping-taxable","16":"purchasable","17":"product-type-simple"},"yoast_head":"<!-- This site is optimized with the Yoast SEO plugin v27.3 - https:\/\/yoast.com\/product\/yoast-seo-wordpress\/ -->\n<title>The Bulls. Antonio Casero. 1992. Madrid City Council<\/title>\n<meta name=\"description\" content=\"Beautiful monumental edition of the Madrid City Council of the year 1992 on the artistic production of Antonio Casero, entitled &quot;Los Toros&quot;.\" \/>\n<meta name=\"robots\" content=\"index, follow, max-snippet:-1, max-image-preview:large, max-video-preview:-1\" \/>\n<link rel=\"canonical\" href=\"https:\/\/www.comprarmejor.es\/en\/product\/the-bulls-antonio-casero-1992-madrid-city-council\/\" \/>\n<meta property=\"og:locale\" content=\"en_US\" \/>\n<meta property=\"og:type\" content=\"article\" \/>\n<meta property=\"og:title\" content=\"The Bulls. Antonio Casero. 1992. Madrid City Council\" \/>\n<meta property=\"og:description\" content=\"Beautiful monumental edition of the Madrid City Council of the year 1992 on the artistic production of Antonio Casero, entitled &quot;Los Toros&quot;.\" \/>\n<meta property=\"og:url\" content=\"https:\/\/www.comprarmejor.es\/en\/product\/the-bulls-antonio-casero-1992-madrid-city-council\/\" \/>\n<meta property=\"og:site_name\" content=\"ComprarMejor\" \/>\n<meta property=\"article:modified_time\" content=\"2023-04-16T07:10:44+00:00\" \/>\n<meta property=\"og:image\" content=\"https:\/\/www.comprarmejor.es\/wp-content\/uploads\/2023\/03\/LTAC-3.jpg\" \/>\n\t<meta property=\"og:image:width\" content=\"768\" \/>\n\t<meta property=\"og:image:height\" content=\"576\" \/>\n\t<meta property=\"og:image:type\" content=\"image\/jpeg\" \/>\n<meta name=\"twitter:card\" content=\"summary_large_image\" \/>\n<meta name=\"twitter:label1\" content=\"Est. reading time\" \/>\n\t<meta name=\"twitter:data1\" content=\"1 minute\" \/>\n<script type=\"application\/ld+json\" class=\"yoast-schema-graph\">{\"@context\":\"https:\\\/\\\/schema.org\",\"@graph\":[{\"@type\":\"WebPage\",\"@id\":\"https:\\\/\\\/www.comprarmejor.es\\\/en\\\/product\\\/the-bulls-antonio-casero-1992-madrid-city-council\\\/\",\"url\":\"https:\\\/\\\/www.comprarmejor.es\\\/en\\\/product\\\/the-bulls-antonio-casero-1992-madrid-city-council\\\/\",\"name\":\"The Bulls. Antonio Casero. 1992. Madrid City Council\",\"isPartOf\":{\"@id\":\"https:\\\/\\\/www.comprarmejor.es\\\/en\\\/#website\"},\"primaryImageOfPage\":{\"@id\":\"https:\\\/\\\/www.comprarmejor.es\\\/en\\\/product\\\/the-bulls-antonio-casero-1992-madrid-city-council\\\/#primaryimage\"},\"image\":{\"@id\":\"https:\\\/\\\/www.comprarmejor.es\\\/en\\\/product\\\/the-bulls-antonio-casero-1992-madrid-city-council\\\/#primaryimage\"},\"thumbnailUrl\":\"https:\\\/\\\/www.comprarmejor.es\\\/wp-content\\\/uploads\\\/2023\\\/03\\\/LTAC-3.jpg\",\"datePublished\":\"2023-03-04T17:15:08+00:00\",\"dateModified\":\"2023-04-16T07:10:44+00:00\",\"description\":\"Beautiful monumental edition of the Madrid City Council of the year 1992 on the artistic production of Antonio Casero, entitled \\\"Los Toros\\\".\",\"breadcrumb\":{\"@id\":\"https:\\\/\\\/www.comprarmejor.es\\\/en\\\/product\\\/the-bulls-antonio-casero-1992-madrid-city-council\\\/#breadcrumb\"},\"inLanguage\":\"en-US\",\"potentialAction\":[{\"@type\":\"ReadAction\",\"target\":[\"https:\\\/\\\/www.comprarmejor.es\\\/en\\\/product\\\/the-bulls-antonio-casero-1992-madrid-city-council\\\/\"]}]},{\"@type\":\"ImageObject\",\"inLanguage\":\"en-US\",\"@id\":\"https:\\\/\\\/www.comprarmejor.es\\\/en\\\/product\\\/the-bulls-antonio-casero-1992-madrid-city-council\\\/#primaryimage\",\"url\":\"https:\\\/\\\/www.comprarmejor.es\\\/wp-content\\\/uploads\\\/2023\\\/03\\\/LTAC-3.jpg\",\"contentUrl\":\"https:\\\/\\\/www.comprarmejor.es\\\/wp-content\\\/uploads\\\/2023\\\/03\\\/LTAC-3.jpg\",\"width\":768,\"height\":576},{\"@type\":\"BreadcrumbList\",\"@id\":\"https:\\\/\\\/www.comprarmejor.es\\\/en\\\/product\\\/the-bulls-antonio-casero-1992-madrid-city-council\\\/#breadcrumb\",\"itemListElement\":[{\"@type\":\"ListItem\",\"position\":1,\"name\":\"Portada\",\"item\":\"https:\\\/\\\/www.comprarmejor.es\\\/en\\\/\"},{\"@type\":\"ListItem\",\"position\":2,\"name\":\"Shop\",\"item\":\"https:\\\/\\\/www.comprarmejor.es\\\/en\\\/shop\\\/\"},{\"@type\":\"ListItem\",\"position\":3,\"name\":\"The Bulls. Antonio Casero. 1992. Madrid City Council\"}]},{\"@type\":\"WebSite\",\"@id\":\"https:\\\/\\\/www.comprarmejor.es\\\/en\\\/#website\",\"url\":\"https:\\\/\\\/www.comprarmejor.es\\\/en\\\/\",\"name\":\"ComprarMejor\",\"description\":\"ComprarMejor\",\"publisher\":{\"@id\":\"https:\\\/\\\/www.comprarmejor.es\\\/en\\\/#organization\"},\"potentialAction\":[{\"@type\":\"SearchAction\",\"target\":{\"@type\":\"EntryPoint\",\"urlTemplate\":\"https:\\\/\\\/www.comprarmejor.es\\\/en\\\/?s={search_term_string}\"},\"query-input\":{\"@type\":\"PropertyValueSpecification\",\"valueRequired\":true,\"valueName\":\"search_term_string\"}}],\"inLanguage\":\"en-US\"},{\"@type\":\"Organization\",\"@id\":\"https:\\\/\\\/www.comprarmejor.es\\\/en\\\/#organization\",\"name\":\"COMPRAR MEJOR\",\"url\":\"https:\\\/\\\/www.comprarmejor.es\\\/en\\\/\",\"logo\":{\"@type\":\"ImageObject\",\"inLanguage\":\"en-US\",\"@id\":\"https:\\\/\\\/www.comprarmejor.es\\\/en\\\/#\\\/schema\\\/logo\\\/image\\\/\",\"url\":\"https:\\\/\\\/www.comprarmejor.es\\\/wp-content\\\/uploads\\\/2025\\\/09\\\/comprarmejortrinidad.jpg\",\"contentUrl\":\"https:\\\/\\\/www.comprarmejor.es\\\/wp-content\\\/uploads\\\/2025\\\/09\\\/comprarmejortrinidad.jpg\",\"width\":1022,\"height\":1380,\"caption\":\"COMPRAR MEJOR\"},\"image\":{\"@id\":\"https:\\\/\\\/www.comprarmejor.es\\\/en\\\/#\\\/schema\\\/logo\\\/image\\\/\"},\"sameAs\":[\"https:\\\/\\\/www.instagram.com\\\/amigosdelcodice\"]}]}<\/script>\n<!-- \/ Yoast SEO plugin. -->","yoast_head_json":{"title":"The Bulls. Antonio Casero. 1992. Madrid City Council","description":"Beautiful monumental edition of the Madrid City Council of the year 1992 on the artistic production of Antonio Casero, entitled \"Los Toros\".","robots":{"index":"index","follow":"follow","max-snippet":"max-snippet:-1","max-image-preview":"max-image-preview:large","max-video-preview":"max-video-preview:-1"},"canonical":"https:\/\/www.comprarmejor.es\/en\/product\/the-bulls-antonio-casero-1992-madrid-city-council\/","og_locale":"en_US","og_type":"article","og_title":"The Bulls. Antonio Casero. 1992. Madrid City Council","og_description":"Beautiful monumental edition of the Madrid City Council of the year 1992 on the artistic production of Antonio Casero, entitled \"Los Toros\".","og_url":"https:\/\/www.comprarmejor.es\/en\/product\/the-bulls-antonio-casero-1992-madrid-city-council\/","og_site_name":"ComprarMejor","article_modified_time":"2023-04-16T07:10:44+00:00","og_image":[{"width":768,"height":576,"url":"https:\/\/www.comprarmejor.es\/wp-content\/uploads\/2023\/03\/LTAC-3.jpg","type":"image\/jpeg"}],"twitter_card":"summary_large_image","twitter_misc":{"Est. reading time":"1 minute"},"schema":{"@context":"https:\/\/schema.org","@graph":[{"@type":"WebPage","@id":"https:\/\/www.comprarmejor.es\/en\/product\/the-bulls-antonio-casero-1992-madrid-city-council\/","url":"https:\/\/www.comprarmejor.es\/en\/product\/the-bulls-antonio-casero-1992-madrid-city-council\/","name":"The Bulls. Antonio Casero. 1992. Madrid City Council","isPartOf":{"@id":"https:\/\/www.comprarmejor.es\/en\/#website"},"primaryImageOfPage":{"@id":"https:\/\/www.comprarmejor.es\/en\/product\/the-bulls-antonio-casero-1992-madrid-city-council\/#primaryimage"},"image":{"@id":"https:\/\/www.comprarmejor.es\/en\/product\/the-bulls-antonio-casero-1992-madrid-city-council\/#primaryimage"},"thumbnailUrl":"https:\/\/www.comprarmejor.es\/wp-content\/uploads\/2023\/03\/LTAC-3.jpg","datePublished":"2023-03-04T17:15:08+00:00","dateModified":"2023-04-16T07:10:44+00:00","description":"Beautiful monumental edition of the Madrid City Council of the year 1992 on the artistic production of Antonio Casero, entitled \"Los Toros\".","breadcrumb":{"@id":"https:\/\/www.comprarmejor.es\/en\/product\/the-bulls-antonio-casero-1992-madrid-city-council\/#breadcrumb"},"inLanguage":"en-US","potentialAction":[{"@type":"ReadAction","target":["https:\/\/www.comprarmejor.es\/en\/product\/the-bulls-antonio-casero-1992-madrid-city-council\/"]}]},{"@type":"ImageObject","inLanguage":"en-US","@id":"https:\/\/www.comprarmejor.es\/en\/product\/the-bulls-antonio-casero-1992-madrid-city-council\/#primaryimage","url":"https:\/\/www.comprarmejor.es\/wp-content\/uploads\/2023\/03\/LTAC-3.jpg","contentUrl":"https:\/\/www.comprarmejor.es\/wp-content\/uploads\/2023\/03\/LTAC-3.jpg","width":768,"height":576},{"@type":"BreadcrumbList","@id":"https:\/\/www.comprarmejor.es\/en\/product\/the-bulls-antonio-casero-1992-madrid-city-council\/#breadcrumb","itemListElement":[{"@type":"ListItem","position":1,"name":"Portada","item":"https:\/\/www.comprarmejor.es\/en\/"},{"@type":"ListItem","position":2,"name":"Shop","item":"https:\/\/www.comprarmejor.es\/en\/shop\/"},{"@type":"ListItem","position":3,"name":"The Bulls. Antonio Casero. 1992. Madrid City Council"}]},{"@type":"WebSite","@id":"https:\/\/www.comprarmejor.es\/en\/#website","url":"https:\/\/www.comprarmejor.es\/en\/","name":"ComprarMejor","description":"ComprarMejor","publisher":{"@id":"https:\/\/www.comprarmejor.es\/en\/#organization"},"potentialAction":[{"@type":"SearchAction","target":{"@type":"EntryPoint","urlTemplate":"https:\/\/www.comprarmejor.es\/en\/?s={search_term_string}"},"query-input":{"@type":"PropertyValueSpecification","valueRequired":true,"valueName":"search_term_string"}}],"inLanguage":"en-US"},{"@type":"Organization","@id":"https:\/\/www.comprarmejor.es\/en\/#organization","name":"COMPRAR MEJOR","url":"https:\/\/www.comprarmejor.es\/en\/","logo":{"@type":"ImageObject","inLanguage":"en-US","@id":"https:\/\/www.comprarmejor.es\/en\/#\/schema\/logo\/image\/","url":"https:\/\/www.comprarmejor.es\/wp-content\/uploads\/2025\/09\/comprarmejortrinidad.jpg","contentUrl":"https:\/\/www.comprarmejor.es\/wp-content\/uploads\/2025\/09\/comprarmejortrinidad.jpg","width":1022,"height":1380,"caption":"COMPRAR MEJOR"},"image":{"@id":"https:\/\/www.comprarmejor.es\/en\/#\/schema\/logo\/image\/"},"sameAs":["https:\/\/www.instagram.com\/amigosdelcodice"]}]}},"_links":{"self":[{"href":"https:\/\/www.comprarmejor.es\/en\/wp-json\/wp\/v2\/product\/86730","targetHints":{"allow":["GET"]}}],"collection":[{"href":"https:\/\/www.comprarmejor.es\/en\/wp-json\/wp\/v2\/product"}],"about":[{"href":"https:\/\/www.comprarmejor.es\/en\/wp-json\/wp\/v2\/types\/product"}],"wp:featuredmedia":[{"embeddable":true,"href":"https:\/\/www.comprarmejor.es\/en\/wp-json\/wp\/v2\/media\/87517"}],"wp:attachment":[{"href":"https:\/\/www.comprarmejor.es\/en\/wp-json\/wp\/v2\/media?parent=86730"}],"wp:term":[{"taxonomy":"product_brand","embeddable":true,"href":"https:\/\/www.comprarmejor.es\/en\/wp-json\/wp\/v2\/product_brand?post=86730"},{"taxonomy":"product_cat","embeddable":true,"href":"https:\/\/www.comprarmejor.es\/en\/wp-json\/wp\/v2\/product_cat?post=86730"},{"taxonomy":"product_tag","embeddable":true,"href":"https:\/\/www.comprarmejor.es\/en\/wp-json\/wp\/v2\/product_tag?post=86730"}],"curies":[{"name":"wp","href":"https:\/\/api.w.org\/{rel}","templated":true}]}}