{"id":87108,"date":"2023-03-26T09:34:55","date_gmt":"2023-03-26T07:34:55","guid":{"rendered":"https:\/\/www.comprarmejor.es\/?post_type=product&#038;p=87108"},"modified":"2026-01-02T16:00:11","modified_gmt":"2026-01-02T15:00:11","slug":"general-history-of-the-order-of-the-temple-mateo-bruguera-3-volumes-1889","status":"publish","type":"product","link":"https:\/\/www.comprarmejor.es\/en\/product\/general-history-of-the-order-of-the-temple-mateo-bruguera-3-volumes-1889\/","title":{"rendered":"General History of the Order of the Temple. Mateo Bruguera. 3 volumes. 1889"},"content":{"rendered":"<p style=\"text-align: justify;\">Facsimile edition of the 1889 work \u201cGeneral History of the Religious and Military Order of the Knights Templar, from its Origin to its Extinction,\u201d by Mateo Bruguera, revised by Francisco de A. Rierola y Masferrer, and illustrated by Nicanor V\u00e1zquez. Complete work in 3 volumes.<\/p>\n<p style=\"text-align: justify;\">Published in 1995 in 3 beautifully rebound volumes in red morocco leather, raised bands with gilt title, 17 x 22 cm format, and all with illustrations at the beginning of each chapter. Volume I: 520 pages plus 44 plates. Volume II: 440 pages. Volume III: 552 pages. Texts in Spanish.<\/p>\n<p style=\"text-align: justify;\">All volumes in perfect condition and the only copy in this presentation.<\/p>\n<p style=\"text-align: justify;\">Shipping costs vary depending on the order and destination. <span title=\"Cons\u00faltenos cualquier duda, as\u00ed como por cualquier otro facs\u00edmile o art\u00edculo que est\u00e9 buscando.\"><a class=\"btn btn-default\" href=\"https:\/\/www.comprarmejor.es\/en\/contact\/\">Ask us<\/a> <span class=\"tlid-translation translation\" lang=\"en\"><span class=\"VIiyi\" lang=\"en\"><span class=\"JLqJ4b\" data-language-for-alternatives=\"en\" data-language-to-translate-into=\"es\" data-phrase-index=\"0\">without obligation (indicating the reference of the article) any questions.<\/span><\/span><\/span><\/span><\/p>\n","protected":false},"excerpt":{"rendered":"<p style=\"text-align: justify;\"><span class=\"VIiyi\" lang=\"en\"><span class=\"JLqJ4b\" data-language-for-alternatives=\"en\" data-language-to-translate-into=\"es\" data-phrase-index=\"0\"><span class=\"HwtZe\" lang=\"en\"><span class=\"jCAhz ChMk0b\"><span class=\"ryNqvb\">Facsimile edition of the 1889 work \u201cGeneral History of the Religious and Military Order of the Knights Templar, from its Origin to its Extinction,\u201d<\/span><\/span><\/span><\/span><\/span><\/p>\n","protected":false},"featured_media":91248,"template":"","meta":[],"product_brand":[],"product_cat":[2250],"product_tag":[5822,5120,4200],"class_list":{"0":"post-87108","1":"product","2":"type-product","3":"status-publish","4":"has-post-thumbnail","6":"product_cat-other-facsimiles","7":"product_tag-bibliofilia-en","8":"product_tag-history-en","9":"product_tag-temple-en","10":"product_shipping_class-from-6-to-10-kg","11":"description-off","13":"first","14":"instock","15":"taxable","16":"shipping-taxable","17":"purchasable","18":"product-type-simple"},"yoast_head":"<!-- This site is optimized with the Yoast SEO plugin v27.3 - https:\/\/yoast.com\/product\/yoast-seo-wordpress\/ -->\n<title>General History of the Order of the Temple. Mateo Bruguera. 1889<\/title>\n<meta name=\"description\" content=\"Facsimile edition of the 1889 work \u201cGeneral History of the Religious and Military Order of the Knights Templar, from its Origin to its Extinction,\u201d\" \/>\n<meta name=\"robots\" content=\"index, follow, max-snippet:-1, max-image-preview:large, max-video-preview:-1\" \/>\n<link rel=\"canonical\" href=\"https:\/\/www.comprarmejor.es\/en\/product\/general-history-of-the-order-of-the-temple-mateo-bruguera-3-volumes-1889\/\" \/>\n<meta property=\"og:locale\" content=\"en_US\" \/>\n<meta property=\"og:type\" content=\"article\" \/>\n<meta property=\"og:title\" content=\"General History of the Order of the Temple. Mateo Bruguera. 1889\" \/>\n<meta property=\"og:description\" content=\"Facsimile edition of the 1889 work \u201cGeneral History of the Religious and Military Order of the Knights Templar, from its Origin to its Extinction,\u201d\" \/>\n<meta property=\"og:url\" content=\"https:\/\/www.comprarmejor.es\/en\/product\/general-history-of-the-order-of-the-temple-mateo-bruguera-3-volumes-1889\/\" \/>\n<meta property=\"og:site_name\" content=\"ComprarMejor\" \/>\n<meta property=\"article:modified_time\" content=\"2026-01-02T15:00:11+00:00\" \/>\n<meta property=\"og:image\" content=\"https:\/\/www.comprarmejor.es\/wp-content\/uploads\/2023\/07\/HGOT-1.jpg\" \/>\n\t<meta property=\"og:image:width\" content=\"522\" \/>\n\t<meta property=\"og:image:height\" content=\"758\" \/>\n\t<meta property=\"og:image:type\" content=\"image\/jpeg\" \/>\n<meta name=\"twitter:card\" content=\"summary_large_image\" \/>\n<meta name=\"twitter:label1\" content=\"Est. reading time\" \/>\n\t<meta name=\"twitter:data1\" content=\"1 minute\" \/>\n<script type=\"application\/ld+json\" class=\"yoast-schema-graph\">{\"@context\":\"https:\\\/\\\/schema.org\",\"@graph\":[{\"@type\":\"WebPage\",\"@id\":\"https:\\\/\\\/www.comprarmejor.es\\\/en\\\/product\\\/general-history-of-the-order-of-the-temple-mateo-bruguera-3-volumes-1889\\\/\",\"url\":\"https:\\\/\\\/www.comprarmejor.es\\\/en\\\/product\\\/general-history-of-the-order-of-the-temple-mateo-bruguera-3-volumes-1889\\\/\",\"name\":\"General History of the Order of the Temple. Mateo Bruguera. 1889\",\"isPartOf\":{\"@id\":\"https:\\\/\\\/www.comprarmejor.es\\\/en\\\/#website\"},\"primaryImageOfPage\":{\"@id\":\"https:\\\/\\\/www.comprarmejor.es\\\/en\\\/product\\\/general-history-of-the-order-of-the-temple-mateo-bruguera-3-volumes-1889\\\/#primaryimage\"},\"image\":{\"@id\":\"https:\\\/\\\/www.comprarmejor.es\\\/en\\\/product\\\/general-history-of-the-order-of-the-temple-mateo-bruguera-3-volumes-1889\\\/#primaryimage\"},\"thumbnailUrl\":\"https:\\\/\\\/www.comprarmejor.es\\\/wp-content\\\/uploads\\\/2023\\\/07\\\/HGOT-1.jpg\",\"datePublished\":\"2023-03-26T07:34:55+00:00\",\"dateModified\":\"2026-01-02T15:00:11+00:00\",\"description\":\"Facsimile edition of the 1889 work \u201cGeneral History of the Religious and Military Order of the Knights Templar, from its Origin to its Extinction,\u201d\",\"breadcrumb\":{\"@id\":\"https:\\\/\\\/www.comprarmejor.es\\\/en\\\/product\\\/general-history-of-the-order-of-the-temple-mateo-bruguera-3-volumes-1889\\\/#breadcrumb\"},\"inLanguage\":\"en-US\",\"potentialAction\":[{\"@type\":\"ReadAction\",\"target\":[\"https:\\\/\\\/www.comprarmejor.es\\\/en\\\/product\\\/general-history-of-the-order-of-the-temple-mateo-bruguera-3-volumes-1889\\\/\"]}]},{\"@type\":\"ImageObject\",\"inLanguage\":\"en-US\",\"@id\":\"https:\\\/\\\/www.comprarmejor.es\\\/en\\\/product\\\/general-history-of-the-order-of-the-temple-mateo-bruguera-3-volumes-1889\\\/#primaryimage\",\"url\":\"https:\\\/\\\/www.comprarmejor.es\\\/wp-content\\\/uploads\\\/2023\\\/07\\\/HGOT-1.jpg\",\"contentUrl\":\"https:\\\/\\\/www.comprarmejor.es\\\/wp-content\\\/uploads\\\/2023\\\/07\\\/HGOT-1.jpg\",\"width\":522,\"height\":758},{\"@type\":\"BreadcrumbList\",\"@id\":\"https:\\\/\\\/www.comprarmejor.es\\\/en\\\/product\\\/general-history-of-the-order-of-the-temple-mateo-bruguera-3-volumes-1889\\\/#breadcrumb\",\"itemListElement\":[{\"@type\":\"ListItem\",\"position\":1,\"name\":\"Portada\",\"item\":\"https:\\\/\\\/www.comprarmejor.es\\\/en\\\/\"},{\"@type\":\"ListItem\",\"position\":2,\"name\":\"Shop\",\"item\":\"https:\\\/\\\/www.comprarmejor.es\\\/en\\\/shop\\\/\"},{\"@type\":\"ListItem\",\"position\":3,\"name\":\"General History of the Order of the Temple. Mateo Bruguera. 3 volumes. 1889\"}]},{\"@type\":\"WebSite\",\"@id\":\"https:\\\/\\\/www.comprarmejor.es\\\/en\\\/#website\",\"url\":\"https:\\\/\\\/www.comprarmejor.es\\\/en\\\/\",\"name\":\"ComprarMejor\",\"description\":\"ComprarMejor\",\"publisher\":{\"@id\":\"https:\\\/\\\/www.comprarmejor.es\\\/en\\\/#organization\"},\"potentialAction\":[{\"@type\":\"SearchAction\",\"target\":{\"@type\":\"EntryPoint\",\"urlTemplate\":\"https:\\\/\\\/www.comprarmejor.es\\\/en\\\/?s={search_term_string}\"},\"query-input\":{\"@type\":\"PropertyValueSpecification\",\"valueRequired\":true,\"valueName\":\"search_term_string\"}}],\"inLanguage\":\"en-US\"},{\"@type\":\"Organization\",\"@id\":\"https:\\\/\\\/www.comprarmejor.es\\\/en\\\/#organization\",\"name\":\"COMPRAR MEJOR\",\"url\":\"https:\\\/\\\/www.comprarmejor.es\\\/en\\\/\",\"logo\":{\"@type\":\"ImageObject\",\"inLanguage\":\"en-US\",\"@id\":\"https:\\\/\\\/www.comprarmejor.es\\\/en\\\/#\\\/schema\\\/logo\\\/image\\\/\",\"url\":\"https:\\\/\\\/www.comprarmejor.es\\\/wp-content\\\/uploads\\\/2025\\\/09\\\/comprarmejortrinidad.jpg\",\"contentUrl\":\"https:\\\/\\\/www.comprarmejor.es\\\/wp-content\\\/uploads\\\/2025\\\/09\\\/comprarmejortrinidad.jpg\",\"width\":1022,\"height\":1380,\"caption\":\"COMPRAR MEJOR\"},\"image\":{\"@id\":\"https:\\\/\\\/www.comprarmejor.es\\\/en\\\/#\\\/schema\\\/logo\\\/image\\\/\"},\"sameAs\":[\"https:\\\/\\\/www.instagram.com\\\/amigosdelcodice\"]}]}<\/script>\n<!-- \/ Yoast SEO plugin. -->","yoast_head_json":{"title":"General History of the Order of the Temple. Mateo Bruguera. 1889","description":"Facsimile edition of the 1889 work \u201cGeneral History of the Religious and Military Order of the Knights Templar, from its Origin to its Extinction,\u201d","robots":{"index":"index","follow":"follow","max-snippet":"max-snippet:-1","max-image-preview":"max-image-preview:large","max-video-preview":"max-video-preview:-1"},"canonical":"https:\/\/www.comprarmejor.es\/en\/product\/general-history-of-the-order-of-the-temple-mateo-bruguera-3-volumes-1889\/","og_locale":"en_US","og_type":"article","og_title":"General History of the Order of the Temple. Mateo Bruguera. 1889","og_description":"Facsimile edition of the 1889 work \u201cGeneral History of the Religious and Military Order of the Knights Templar, from its Origin to its Extinction,\u201d","og_url":"https:\/\/www.comprarmejor.es\/en\/product\/general-history-of-the-order-of-the-temple-mateo-bruguera-3-volumes-1889\/","og_site_name":"ComprarMejor","article_modified_time":"2026-01-02T15:00:11+00:00","og_image":[{"width":522,"height":758,"url":"https:\/\/www.comprarmejor.es\/wp-content\/uploads\/2023\/07\/HGOT-1.jpg","type":"image\/jpeg"}],"twitter_card":"summary_large_image","twitter_misc":{"Est. reading time":"1 minute"},"schema":{"@context":"https:\/\/schema.org","@graph":[{"@type":"WebPage","@id":"https:\/\/www.comprarmejor.es\/en\/product\/general-history-of-the-order-of-the-temple-mateo-bruguera-3-volumes-1889\/","url":"https:\/\/www.comprarmejor.es\/en\/product\/general-history-of-the-order-of-the-temple-mateo-bruguera-3-volumes-1889\/","name":"General History of the Order of the Temple. Mateo Bruguera. 1889","isPartOf":{"@id":"https:\/\/www.comprarmejor.es\/en\/#website"},"primaryImageOfPage":{"@id":"https:\/\/www.comprarmejor.es\/en\/product\/general-history-of-the-order-of-the-temple-mateo-bruguera-3-volumes-1889\/#primaryimage"},"image":{"@id":"https:\/\/www.comprarmejor.es\/en\/product\/general-history-of-the-order-of-the-temple-mateo-bruguera-3-volumes-1889\/#primaryimage"},"thumbnailUrl":"https:\/\/www.comprarmejor.es\/wp-content\/uploads\/2023\/07\/HGOT-1.jpg","datePublished":"2023-03-26T07:34:55+00:00","dateModified":"2026-01-02T15:00:11+00:00","description":"Facsimile edition of the 1889 work \u201cGeneral History of the Religious and Military Order of the Knights Templar, from its Origin to its Extinction,\u201d","breadcrumb":{"@id":"https:\/\/www.comprarmejor.es\/en\/product\/general-history-of-the-order-of-the-temple-mateo-bruguera-3-volumes-1889\/#breadcrumb"},"inLanguage":"en-US","potentialAction":[{"@type":"ReadAction","target":["https:\/\/www.comprarmejor.es\/en\/product\/general-history-of-the-order-of-the-temple-mateo-bruguera-3-volumes-1889\/"]}]},{"@type":"ImageObject","inLanguage":"en-US","@id":"https:\/\/www.comprarmejor.es\/en\/product\/general-history-of-the-order-of-the-temple-mateo-bruguera-3-volumes-1889\/#primaryimage","url":"https:\/\/www.comprarmejor.es\/wp-content\/uploads\/2023\/07\/HGOT-1.jpg","contentUrl":"https:\/\/www.comprarmejor.es\/wp-content\/uploads\/2023\/07\/HGOT-1.jpg","width":522,"height":758},{"@type":"BreadcrumbList","@id":"https:\/\/www.comprarmejor.es\/en\/product\/general-history-of-the-order-of-the-temple-mateo-bruguera-3-volumes-1889\/#breadcrumb","itemListElement":[{"@type":"ListItem","position":1,"name":"Portada","item":"https:\/\/www.comprarmejor.es\/en\/"},{"@type":"ListItem","position":2,"name":"Shop","item":"https:\/\/www.comprarmejor.es\/en\/shop\/"},{"@type":"ListItem","position":3,"name":"General History of the Order of the Temple. Mateo Bruguera. 3 volumes. 1889"}]},{"@type":"WebSite","@id":"https:\/\/www.comprarmejor.es\/en\/#website","url":"https:\/\/www.comprarmejor.es\/en\/","name":"ComprarMejor","description":"ComprarMejor","publisher":{"@id":"https:\/\/www.comprarmejor.es\/en\/#organization"},"potentialAction":[{"@type":"SearchAction","target":{"@type":"EntryPoint","urlTemplate":"https:\/\/www.comprarmejor.es\/en\/?s={search_term_string}"},"query-input":{"@type":"PropertyValueSpecification","valueRequired":true,"valueName":"search_term_string"}}],"inLanguage":"en-US"},{"@type":"Organization","@id":"https:\/\/www.comprarmejor.es\/en\/#organization","name":"COMPRAR MEJOR","url":"https:\/\/www.comprarmejor.es\/en\/","logo":{"@type":"ImageObject","inLanguage":"en-US","@id":"https:\/\/www.comprarmejor.es\/en\/#\/schema\/logo\/image\/","url":"https:\/\/www.comprarmejor.es\/wp-content\/uploads\/2025\/09\/comprarmejortrinidad.jpg","contentUrl":"https:\/\/www.comprarmejor.es\/wp-content\/uploads\/2025\/09\/comprarmejortrinidad.jpg","width":1022,"height":1380,"caption":"COMPRAR MEJOR"},"image":{"@id":"https:\/\/www.comprarmejor.es\/en\/#\/schema\/logo\/image\/"},"sameAs":["https:\/\/www.instagram.com\/amigosdelcodice"]}]}},"_links":{"self":[{"href":"https:\/\/www.comprarmejor.es\/en\/wp-json\/wp\/v2\/product\/87108","targetHints":{"allow":["GET"]}}],"collection":[{"href":"https:\/\/www.comprarmejor.es\/en\/wp-json\/wp\/v2\/product"}],"about":[{"href":"https:\/\/www.comprarmejor.es\/en\/wp-json\/wp\/v2\/types\/product"}],"wp:featuredmedia":[{"embeddable":true,"href":"https:\/\/www.comprarmejor.es\/en\/wp-json\/wp\/v2\/media\/91248"}],"wp:attachment":[{"href":"https:\/\/www.comprarmejor.es\/en\/wp-json\/wp\/v2\/media?parent=87108"}],"wp:term":[{"taxonomy":"product_brand","embeddable":true,"href":"https:\/\/www.comprarmejor.es\/en\/wp-json\/wp\/v2\/product_brand?post=87108"},{"taxonomy":"product_cat","embeddable":true,"href":"https:\/\/www.comprarmejor.es\/en\/wp-json\/wp\/v2\/product_cat?post=87108"},{"taxonomy":"product_tag","embeddable":true,"href":"https:\/\/www.comprarmejor.es\/en\/wp-json\/wp\/v2\/product_tag?post=87108"}],"curies":[{"name":"wp","href":"https:\/\/api.w.org\/{rel}","templated":true}]}}