{"id":87253,"date":"2023-04-01T15:51:19","date_gmt":"2023-04-01T13:51:19","guid":{"rendered":"https:\/\/www.comprarmejor.es\/?post_type=product&#038;p=87253"},"modified":"2023-04-01T16:00:19","modified_gmt":"2023-04-01T14:00:19","slug":"works-by-moliere-2-volumes-1980-circle-of-the-bibliophile","status":"publish","type":"product","link":"https:\/\/www.comprarmejor.es\/en\/product\/works-by-moliere-2-volumes-1980-circle-of-the-bibliophile\/","title":{"rendered":"Works by Moliere. 2 volumes. 1980 Circle of the Bibliophile"},"content":{"rendered":"<p style=\"text-align: justify;\">Fine edition of Moli\u00e8re&#8217;s Comedies (1620-1673), by the Publisher of the Friends of the Bibliophile Circle, Barcelona, 1980. Edition enriched with 2 frontispieces and 42 engravings by Boucher, Buguet, Coypel and Moreau le Jeune. Texts in Spanish.<\/p>\n<p style=\"text-align: justify;\">This compilation of Moli\u00e8re&#8217;s works has been published in an extraordinary and beautiful edition bound in a hard cover in editorial red leather fully stamped in gold on both sides and spine. Golden upper cut. Guide tape. Format 14.5 x 21 cm. Special paper laid with the watermark of the C\u00edrculo del Bibliofilo. With illustrations out of page:<\/p>\n<p style=\"text-align: justify;\">Volume I: 492 pages containing the works:<br \/>\nThe beautiful ridiculous. The women&#8217;s school. The school of husbands. Forced marriage. Tartuffe, or the impostor. Don Juan, or the stone guest. The Misanthrope.<\/p>\n<p style=\"text-align: justify;\">Volume II: 536 pages containing the works:<br \/>\nThe doctor with sticks. The miser. Jorge Dandin, or the humiliated husband. The bourgeois gentleman. The smart women. The imaginary sick.<\/p>\n<p style=\"text-align: justify;\">Edition numbered and limited to 1,499 copies.<\/p>\n<p style=\"text-align: justify;\">Copy complete and in perfect condition.<\/p>\n<p style=\"text-align: justify;\">Shipping costs paid by the buyer, according to order and destination.\u00a0<span class=\"HwtZe\" lang=\"en\"><span class=\"jCAhz ChMk0b\"><span class=\"ryNqvb\"><span title=\"Cons\u00faltenos cualquier duda, as\u00ed como por cualquier otro art\u00edculo que est\u00e9 buscando.\"><a class=\"btn btn-default\" href=\"https:\/\/www.comprarmejor.es\/en\/contact\">Ask us<\/a><\/span> any questions you have, indicating the article reference.<\/span><\/span><\/span><\/p>\n","protected":false},"excerpt":{"rendered":"<p style=\"text-align: justify;\"><span id=\"result_box\" lang=\"en\" xml:lang=\"en\"><span title=\"En 1999 el Diario Sur de M\u00e1laga comenz\u00f3 a editar en fasc\u00edculos la Semana Santa de M\u00e1laga, en una serie que denomin\u00f3 Pasi\u00f3n del Sur y que ha continuado ininterrumpidamente hasta nuestros d\u00edas todos los a\u00f1os durante unas semanas antes de la celebraci\u00f3n de la Semana Santa.\"><span lang=\"en\" xml:lang=\"en\"><span class=\"HwtZe\" lang=\"en\"><span class=\"jCAhz ChMk0b C1N51c\"><span class=\"ryNqvb\">Fine edition of Moli\u00e8re&#8217;s Comedies (1620-1673), by the Publisher of the Friends of the Bibliophile Circle, Barcelona, 1980.<\/span><\/span><\/span><\/span><\/span><\/span><\/p>\n","protected":false},"featured_media":87255,"template":"","meta":[],"product_brand":[],"product_cat":[2210,5118],"product_tag":[5822,5263],"class_list":{"0":"post-87253","1":"product","2":"type-product","3":"status-publish","4":"has-post-thumbnail","6":"product_cat-bibliophilia","7":"product_cat-bindings","8":"product_tag-bibliofilia-en","9":"product_tag-france-en","10":"product_shipping_class-from-2-to-5-kg","11":"description-off","13":"first","14":"instock","15":"taxable","16":"shipping-taxable","17":"purchasable","18":"product-type-simple"},"yoast_head":"<!-- This site is optimized with the Yoast SEO plugin v27.3 - https:\/\/yoast.com\/product\/yoast-seo-wordpress\/ -->\n<title>Works by Moliere. 2 volumes. 1980 Circle of the Bibliophile<\/title>\n<meta name=\"description\" content=\"Fine edition of Moli\u00e8re&#039;s Comedies (1620-1673), by the Publisher of the Friends of the Bibliophile Circle, Barcelona, 1980.\" \/>\n<meta name=\"robots\" content=\"index, follow, max-snippet:-1, max-image-preview:large, max-video-preview:-1\" \/>\n<link rel=\"canonical\" href=\"https:\/\/www.comprarmejor.es\/en\/product\/works-by-moliere-2-volumes-1980-circle-of-the-bibliophile\/\" \/>\n<meta property=\"og:locale\" content=\"en_US\" \/>\n<meta property=\"og:type\" content=\"article\" \/>\n<meta property=\"og:title\" content=\"Works by Moliere. 2 volumes. 1980 Circle of the Bibliophile\" \/>\n<meta property=\"og:description\" content=\"Fine edition of Moli\u00e8re&#039;s Comedies (1620-1673), by the Publisher of the Friends of the Bibliophile Circle, Barcelona, 1980.\" \/>\n<meta property=\"og:url\" content=\"https:\/\/www.comprarmejor.es\/en\/product\/works-by-moliere-2-volumes-1980-circle-of-the-bibliophile\/\" \/>\n<meta property=\"og:site_name\" content=\"ComprarMejor\" \/>\n<meta property=\"article:modified_time\" content=\"2023-04-01T14:00:19+00:00\" \/>\n<meta property=\"og:image\" content=\"https:\/\/www.comprarmejor.es\/wp-content\/uploads\/2023\/04\/CMcdb-1.jpg\" \/>\n\t<meta property=\"og:image:width\" content=\"745\" \/>\n\t<meta property=\"og:image:height\" content=\"498\" \/>\n\t<meta property=\"og:image:type\" content=\"image\/jpeg\" \/>\n<meta name=\"twitter:card\" content=\"summary_large_image\" \/>\n<meta name=\"twitter:label1\" content=\"Est. reading time\" \/>\n\t<meta name=\"twitter:data1\" content=\"1 minute\" \/>\n<script type=\"application\/ld+json\" class=\"yoast-schema-graph\">{\"@context\":\"https:\\\/\\\/schema.org\",\"@graph\":[{\"@type\":\"WebPage\",\"@id\":\"https:\\\/\\\/www.comprarmejor.es\\\/en\\\/product\\\/works-by-moliere-2-volumes-1980-circle-of-the-bibliophile\\\/\",\"url\":\"https:\\\/\\\/www.comprarmejor.es\\\/en\\\/product\\\/works-by-moliere-2-volumes-1980-circle-of-the-bibliophile\\\/\",\"name\":\"Works by Moliere. 2 volumes. 1980 Circle of the Bibliophile\",\"isPartOf\":{\"@id\":\"https:\\\/\\\/www.comprarmejor.es\\\/en\\\/#website\"},\"primaryImageOfPage\":{\"@id\":\"https:\\\/\\\/www.comprarmejor.es\\\/en\\\/product\\\/works-by-moliere-2-volumes-1980-circle-of-the-bibliophile\\\/#primaryimage\"},\"image\":{\"@id\":\"https:\\\/\\\/www.comprarmejor.es\\\/en\\\/product\\\/works-by-moliere-2-volumes-1980-circle-of-the-bibliophile\\\/#primaryimage\"},\"thumbnailUrl\":\"https:\\\/\\\/www.comprarmejor.es\\\/wp-content\\\/uploads\\\/2023\\\/04\\\/CMcdb-1.jpg\",\"datePublished\":\"2023-04-01T13:51:19+00:00\",\"dateModified\":\"2023-04-01T14:00:19+00:00\",\"description\":\"Fine edition of Moli\u00e8re's Comedies (1620-1673), by the Publisher of the Friends of the Bibliophile Circle, Barcelona, 1980.\",\"breadcrumb\":{\"@id\":\"https:\\\/\\\/www.comprarmejor.es\\\/en\\\/product\\\/works-by-moliere-2-volumes-1980-circle-of-the-bibliophile\\\/#breadcrumb\"},\"inLanguage\":\"en-US\",\"potentialAction\":[{\"@type\":\"ReadAction\",\"target\":[\"https:\\\/\\\/www.comprarmejor.es\\\/en\\\/product\\\/works-by-moliere-2-volumes-1980-circle-of-the-bibliophile\\\/\"]}]},{\"@type\":\"ImageObject\",\"inLanguage\":\"en-US\",\"@id\":\"https:\\\/\\\/www.comprarmejor.es\\\/en\\\/product\\\/works-by-moliere-2-volumes-1980-circle-of-the-bibliophile\\\/#primaryimage\",\"url\":\"https:\\\/\\\/www.comprarmejor.es\\\/wp-content\\\/uploads\\\/2023\\\/04\\\/CMcdb-1.jpg\",\"contentUrl\":\"https:\\\/\\\/www.comprarmejor.es\\\/wp-content\\\/uploads\\\/2023\\\/04\\\/CMcdb-1.jpg\",\"width\":745,\"height\":498},{\"@type\":\"BreadcrumbList\",\"@id\":\"https:\\\/\\\/www.comprarmejor.es\\\/en\\\/product\\\/works-by-moliere-2-volumes-1980-circle-of-the-bibliophile\\\/#breadcrumb\",\"itemListElement\":[{\"@type\":\"ListItem\",\"position\":1,\"name\":\"Portada\",\"item\":\"https:\\\/\\\/www.comprarmejor.es\\\/en\\\/\"},{\"@type\":\"ListItem\",\"position\":2,\"name\":\"Shop\",\"item\":\"https:\\\/\\\/www.comprarmejor.es\\\/en\\\/shop\\\/\"},{\"@type\":\"ListItem\",\"position\":3,\"name\":\"Works by Moliere. 2 volumes. 1980 Circle of the Bibliophile\"}]},{\"@type\":\"WebSite\",\"@id\":\"https:\\\/\\\/www.comprarmejor.es\\\/en\\\/#website\",\"url\":\"https:\\\/\\\/www.comprarmejor.es\\\/en\\\/\",\"name\":\"ComprarMejor\",\"description\":\"ComprarMejor\",\"publisher\":{\"@id\":\"https:\\\/\\\/www.comprarmejor.es\\\/en\\\/#organization\"},\"potentialAction\":[{\"@type\":\"SearchAction\",\"target\":{\"@type\":\"EntryPoint\",\"urlTemplate\":\"https:\\\/\\\/www.comprarmejor.es\\\/en\\\/?s={search_term_string}\"},\"query-input\":{\"@type\":\"PropertyValueSpecification\",\"valueRequired\":true,\"valueName\":\"search_term_string\"}}],\"inLanguage\":\"en-US\"},{\"@type\":\"Organization\",\"@id\":\"https:\\\/\\\/www.comprarmejor.es\\\/en\\\/#organization\",\"name\":\"COMPRAR MEJOR\",\"url\":\"https:\\\/\\\/www.comprarmejor.es\\\/en\\\/\",\"logo\":{\"@type\":\"ImageObject\",\"inLanguage\":\"en-US\",\"@id\":\"https:\\\/\\\/www.comprarmejor.es\\\/en\\\/#\\\/schema\\\/logo\\\/image\\\/\",\"url\":\"https:\\\/\\\/www.comprarmejor.es\\\/wp-content\\\/uploads\\\/2025\\\/09\\\/comprarmejortrinidad.jpg\",\"contentUrl\":\"https:\\\/\\\/www.comprarmejor.es\\\/wp-content\\\/uploads\\\/2025\\\/09\\\/comprarmejortrinidad.jpg\",\"width\":1022,\"height\":1380,\"caption\":\"COMPRAR MEJOR\"},\"image\":{\"@id\":\"https:\\\/\\\/www.comprarmejor.es\\\/en\\\/#\\\/schema\\\/logo\\\/image\\\/\"},\"sameAs\":[\"https:\\\/\\\/www.instagram.com\\\/amigosdelcodice\"]}]}<\/script>\n<!-- \/ Yoast SEO plugin. -->","yoast_head_json":{"title":"Works by Moliere. 2 volumes. 1980 Circle of the Bibliophile","description":"Fine edition of Moli\u00e8re's Comedies (1620-1673), by the Publisher of the Friends of the Bibliophile Circle, Barcelona, 1980.","robots":{"index":"index","follow":"follow","max-snippet":"max-snippet:-1","max-image-preview":"max-image-preview:large","max-video-preview":"max-video-preview:-1"},"canonical":"https:\/\/www.comprarmejor.es\/en\/product\/works-by-moliere-2-volumes-1980-circle-of-the-bibliophile\/","og_locale":"en_US","og_type":"article","og_title":"Works by Moliere. 2 volumes. 1980 Circle of the Bibliophile","og_description":"Fine edition of Moli\u00e8re's Comedies (1620-1673), by the Publisher of the Friends of the Bibliophile Circle, Barcelona, 1980.","og_url":"https:\/\/www.comprarmejor.es\/en\/product\/works-by-moliere-2-volumes-1980-circle-of-the-bibliophile\/","og_site_name":"ComprarMejor","article_modified_time":"2023-04-01T14:00:19+00:00","og_image":[{"width":745,"height":498,"url":"https:\/\/www.comprarmejor.es\/wp-content\/uploads\/2023\/04\/CMcdb-1.jpg","type":"image\/jpeg"}],"twitter_card":"summary_large_image","twitter_misc":{"Est. reading time":"1 minute"},"schema":{"@context":"https:\/\/schema.org","@graph":[{"@type":"WebPage","@id":"https:\/\/www.comprarmejor.es\/en\/product\/works-by-moliere-2-volumes-1980-circle-of-the-bibliophile\/","url":"https:\/\/www.comprarmejor.es\/en\/product\/works-by-moliere-2-volumes-1980-circle-of-the-bibliophile\/","name":"Works by Moliere. 2 volumes. 1980 Circle of the Bibliophile","isPartOf":{"@id":"https:\/\/www.comprarmejor.es\/en\/#website"},"primaryImageOfPage":{"@id":"https:\/\/www.comprarmejor.es\/en\/product\/works-by-moliere-2-volumes-1980-circle-of-the-bibliophile\/#primaryimage"},"image":{"@id":"https:\/\/www.comprarmejor.es\/en\/product\/works-by-moliere-2-volumes-1980-circle-of-the-bibliophile\/#primaryimage"},"thumbnailUrl":"https:\/\/www.comprarmejor.es\/wp-content\/uploads\/2023\/04\/CMcdb-1.jpg","datePublished":"2023-04-01T13:51:19+00:00","dateModified":"2023-04-01T14:00:19+00:00","description":"Fine edition of Moli\u00e8re's Comedies (1620-1673), by the Publisher of the Friends of the Bibliophile Circle, Barcelona, 1980.","breadcrumb":{"@id":"https:\/\/www.comprarmejor.es\/en\/product\/works-by-moliere-2-volumes-1980-circle-of-the-bibliophile\/#breadcrumb"},"inLanguage":"en-US","potentialAction":[{"@type":"ReadAction","target":["https:\/\/www.comprarmejor.es\/en\/product\/works-by-moliere-2-volumes-1980-circle-of-the-bibliophile\/"]}]},{"@type":"ImageObject","inLanguage":"en-US","@id":"https:\/\/www.comprarmejor.es\/en\/product\/works-by-moliere-2-volumes-1980-circle-of-the-bibliophile\/#primaryimage","url":"https:\/\/www.comprarmejor.es\/wp-content\/uploads\/2023\/04\/CMcdb-1.jpg","contentUrl":"https:\/\/www.comprarmejor.es\/wp-content\/uploads\/2023\/04\/CMcdb-1.jpg","width":745,"height":498},{"@type":"BreadcrumbList","@id":"https:\/\/www.comprarmejor.es\/en\/product\/works-by-moliere-2-volumes-1980-circle-of-the-bibliophile\/#breadcrumb","itemListElement":[{"@type":"ListItem","position":1,"name":"Portada","item":"https:\/\/www.comprarmejor.es\/en\/"},{"@type":"ListItem","position":2,"name":"Shop","item":"https:\/\/www.comprarmejor.es\/en\/shop\/"},{"@type":"ListItem","position":3,"name":"Works by Moliere. 2 volumes. 1980 Circle of the Bibliophile"}]},{"@type":"WebSite","@id":"https:\/\/www.comprarmejor.es\/en\/#website","url":"https:\/\/www.comprarmejor.es\/en\/","name":"ComprarMejor","description":"ComprarMejor","publisher":{"@id":"https:\/\/www.comprarmejor.es\/en\/#organization"},"potentialAction":[{"@type":"SearchAction","target":{"@type":"EntryPoint","urlTemplate":"https:\/\/www.comprarmejor.es\/en\/?s={search_term_string}"},"query-input":{"@type":"PropertyValueSpecification","valueRequired":true,"valueName":"search_term_string"}}],"inLanguage":"en-US"},{"@type":"Organization","@id":"https:\/\/www.comprarmejor.es\/en\/#organization","name":"COMPRAR MEJOR","url":"https:\/\/www.comprarmejor.es\/en\/","logo":{"@type":"ImageObject","inLanguage":"en-US","@id":"https:\/\/www.comprarmejor.es\/en\/#\/schema\/logo\/image\/","url":"https:\/\/www.comprarmejor.es\/wp-content\/uploads\/2025\/09\/comprarmejortrinidad.jpg","contentUrl":"https:\/\/www.comprarmejor.es\/wp-content\/uploads\/2025\/09\/comprarmejortrinidad.jpg","width":1022,"height":1380,"caption":"COMPRAR MEJOR"},"image":{"@id":"https:\/\/www.comprarmejor.es\/en\/#\/schema\/logo\/image\/"},"sameAs":["https:\/\/www.instagram.com\/amigosdelcodice"]}]}},"_links":{"self":[{"href":"https:\/\/www.comprarmejor.es\/en\/wp-json\/wp\/v2\/product\/87253","targetHints":{"allow":["GET"]}}],"collection":[{"href":"https:\/\/www.comprarmejor.es\/en\/wp-json\/wp\/v2\/product"}],"about":[{"href":"https:\/\/www.comprarmejor.es\/en\/wp-json\/wp\/v2\/types\/product"}],"wp:featuredmedia":[{"embeddable":true,"href":"https:\/\/www.comprarmejor.es\/en\/wp-json\/wp\/v2\/media\/87255"}],"wp:attachment":[{"href":"https:\/\/www.comprarmejor.es\/en\/wp-json\/wp\/v2\/media?parent=87253"}],"wp:term":[{"taxonomy":"product_brand","embeddable":true,"href":"https:\/\/www.comprarmejor.es\/en\/wp-json\/wp\/v2\/product_brand?post=87253"},{"taxonomy":"product_cat","embeddable":true,"href":"https:\/\/www.comprarmejor.es\/en\/wp-json\/wp\/v2\/product_cat?post=87253"},{"taxonomy":"product_tag","embeddable":true,"href":"https:\/\/www.comprarmejor.es\/en\/wp-json\/wp\/v2\/product_tag?post=87253"}],"curies":[{"name":"wp","href":"https:\/\/api.w.org\/{rel}","templated":true}]}}