{"id":87639,"date":"2023-04-25T15:37:25","date_gmt":"2023-04-25T13:37:25","guid":{"rendered":"https:\/\/www.comprarmejor.es\/?post_type=product&#038;p=87639"},"modified":"2023-07-28T17:19:34","modified_gmt":"2023-07-28T15:19:34","slug":"exact-description-of-the-province-of-venezuela-joseph-luis-de-cisneros-1764","status":"publish","type":"product","link":"https:\/\/www.comprarmejor.es\/en\/product\/exact-description-of-the-province-of-venezuela-joseph-luis-de-cisneros-1764\/","title":{"rendered":"Exact description of the province of Venezuela. Joseph Luis de Cisneros, 1764"},"content":{"rendered":"<p style=\"text-align: justify;\">Spectacular high bibliophile edition of the work &#8220;Exact description of the province of Venezuela&#8221;, by Joseph Luis de Cisneros, made by the editor Guillermo Bl\u00e1zquez in 2001 and based on the 1764 Valencia edition.<\/p>\n<p style=\"text-align: justify;\">Hardcover bound volume in blue silk profusely stamped in gold, gilt edges. Format 22.5 x 33 cm. 176 pages adorned with borders and Creole-inspired illustrations, made by \u00c1ngel Roncero. Historical introduction by Valent\u00edn Moreno and adaptation of the texts by Francisco Calero. With an appendix, &#8220;Cultivation and trade of the provinces of Caracas&#8221; by Dr. Francisco de Pons, Madrid 1804.<br \/>\nPresented in a sleeve-type case lined in silk and blue paper, format 22.5 x 33.5 x 3.5 cm.<\/p>\n<p style=\"text-align: justify;\">Limited edition of 750 hand-numbered copies on Torre\u00f3n thread paper and stamped with artisan techniques.<\/p>\n<p style=\"text-align: justify;\">Copy in perfect condition, the cover has a small damp spot in one corner.<\/p>\n<p style=\"text-align: justify;\">Shipping costs according to order and destination.\u00a0<span class=\"HwtZe\" lang=\"en\"><span class=\"jCAhz ChMk0b\"><span class=\"ryNqvb\"><span title=\"Cons\u00faltenos cualquier duda, as\u00ed como por cualquier otro art\u00edculo que est\u00e9 buscando.\"><a class=\"btn btn-default\" href=\"https:\/\/www.comprarmejor.es\/en\/contact\">Ask us<\/a><\/span> any questions, indicating the article reference.<\/span><\/span><\/span><\/p>\n","protected":false},"excerpt":{"rendered":"<p style=\"text-align: justify;\"><span id=\"result_box\" lang=\"en\" xml:lang=\"en\"><span title=\"En 1999 el Diario Sur de M\u00e1laga comenz\u00f3 a editar en fasc\u00edculos la Semana Santa de M\u00e1laga, en una serie que denomin\u00f3 Pasi\u00f3n del Sur y que ha continuado ininterrumpidamente hasta nuestros d\u00edas todos los a\u00f1os durante unas semanas antes de la celebraci\u00f3n de la Semana Santa.\"><span lang=\"en\" xml:lang=\"en\"><span class=\"HwtZe\" lang=\"en\"><span class=\"jCAhz ChMk0b C1N51c\"><span class=\"ryNqvb\"><span class=\"jCAhz ChMk0b\">Spectacular high bibliophile edition of the work &#8220;Exact description of the province of Venezuela&#8221;, by Joseph Luis de Cisneros, made by the editor Guillermo Bl\u00e1zquez in 2001<\/span><br \/>\n<\/span><\/span><\/span><\/span><\/span><\/span><\/p>\n","protected":false},"featured_media":89181,"template":"","meta":[],"product_brand":[],"product_cat":[2210,5118],"product_tag":[5822,4506],"class_list":{"0":"post-87639","1":"product","2":"type-product","3":"status-publish","4":"has-post-thumbnail","6":"product_cat-bibliophilia","7":"product_cat-bindings","8":"product_tag-bibliofilia-en","9":"product_tag-venezuela-en","10":"product_shipping_class-from-2-to-5-kg","11":"description-off","13":"first","14":"instock","15":"sale","16":"taxable","17":"shipping-taxable","18":"purchasable","19":"product-type-simple"},"yoast_head":"<!-- This site is optimized with the Yoast SEO plugin v27.3 - https:\/\/yoast.com\/product\/yoast-seo-wordpress\/ -->\n<title>Exact description of the province of Venezuela. Joseph Cisneros<\/title>\n<meta name=\"description\" content=\"Spectacular high bibliophile edition of the work &quot;Exact description of the province of Venezuela&quot;, by Joseph Luis de Cisneros, made by the editor Guillermo\" \/>\n<meta name=\"robots\" content=\"index, follow, max-snippet:-1, max-image-preview:large, max-video-preview:-1\" \/>\n<link rel=\"canonical\" href=\"https:\/\/www.comprarmejor.es\/en\/product\/exact-description-of-the-province-of-venezuela-joseph-luis-de-cisneros-1764\/\" \/>\n<meta property=\"og:locale\" content=\"en_US\" \/>\n<meta property=\"og:type\" content=\"article\" \/>\n<meta property=\"og:title\" content=\"Exact description of the province of Venezuela. Joseph Cisneros\" \/>\n<meta property=\"og:description\" content=\"Spectacular high bibliophile edition of the work &quot;Exact description of the province of Venezuela&quot;, by Joseph Luis de Cisneros, made by the editor Guillermo\" \/>\n<meta property=\"og:url\" content=\"https:\/\/www.comprarmejor.es\/en\/product\/exact-description-of-the-province-of-venezuela-joseph-luis-de-cisneros-1764\/\" \/>\n<meta property=\"og:site_name\" content=\"ComprarMejor\" \/>\n<meta property=\"article:modified_time\" content=\"2023-07-28T15:19:34+00:00\" \/>\n<meta property=\"og:image\" content=\"https:\/\/www.comprarmejor.es\/wp-content\/uploads\/2023\/04\/DdlPdV-1.jpg\" \/>\n\t<meta property=\"og:image:width\" content=\"611\" \/>\n\t<meta property=\"og:image:height\" content=\"730\" \/>\n\t<meta property=\"og:image:type\" content=\"image\/jpeg\" \/>\n<meta name=\"twitter:card\" content=\"summary_large_image\" \/>\n<meta name=\"twitter:label1\" content=\"Est. reading time\" \/>\n\t<meta name=\"twitter:data1\" content=\"1 minute\" \/>\n<script type=\"application\/ld+json\" class=\"yoast-schema-graph\">{\"@context\":\"https:\\\/\\\/schema.org\",\"@graph\":[{\"@type\":\"WebPage\",\"@id\":\"https:\\\/\\\/www.comprarmejor.es\\\/en\\\/product\\\/exact-description-of-the-province-of-venezuela-joseph-luis-de-cisneros-1764\\\/\",\"url\":\"https:\\\/\\\/www.comprarmejor.es\\\/en\\\/product\\\/exact-description-of-the-province-of-venezuela-joseph-luis-de-cisneros-1764\\\/\",\"name\":\"Exact description of the province of Venezuela. Joseph Cisneros\",\"isPartOf\":{\"@id\":\"https:\\\/\\\/www.comprarmejor.es\\\/en\\\/#website\"},\"primaryImageOfPage\":{\"@id\":\"https:\\\/\\\/www.comprarmejor.es\\\/en\\\/product\\\/exact-description-of-the-province-of-venezuela-joseph-luis-de-cisneros-1764\\\/#primaryimage\"},\"image\":{\"@id\":\"https:\\\/\\\/www.comprarmejor.es\\\/en\\\/product\\\/exact-description-of-the-province-of-venezuela-joseph-luis-de-cisneros-1764\\\/#primaryimage\"},\"thumbnailUrl\":\"https:\\\/\\\/www.comprarmejor.es\\\/wp-content\\\/uploads\\\/2023\\\/04\\\/DdlPdV-1.jpg\",\"datePublished\":\"2023-04-25T13:37:25+00:00\",\"dateModified\":\"2023-07-28T15:19:34+00:00\",\"description\":\"Spectacular high bibliophile edition of the work \\\"Exact description of the province of Venezuela\\\", by Joseph Luis de Cisneros, made by the editor Guillermo\",\"breadcrumb\":{\"@id\":\"https:\\\/\\\/www.comprarmejor.es\\\/en\\\/product\\\/exact-description-of-the-province-of-venezuela-joseph-luis-de-cisneros-1764\\\/#breadcrumb\"},\"inLanguage\":\"en-US\",\"potentialAction\":[{\"@type\":\"ReadAction\",\"target\":[\"https:\\\/\\\/www.comprarmejor.es\\\/en\\\/product\\\/exact-description-of-the-province-of-venezuela-joseph-luis-de-cisneros-1764\\\/\"]}]},{\"@type\":\"ImageObject\",\"inLanguage\":\"en-US\",\"@id\":\"https:\\\/\\\/www.comprarmejor.es\\\/en\\\/product\\\/exact-description-of-the-province-of-venezuela-joseph-luis-de-cisneros-1764\\\/#primaryimage\",\"url\":\"https:\\\/\\\/www.comprarmejor.es\\\/wp-content\\\/uploads\\\/2023\\\/04\\\/DdlPdV-1.jpg\",\"contentUrl\":\"https:\\\/\\\/www.comprarmejor.es\\\/wp-content\\\/uploads\\\/2023\\\/04\\\/DdlPdV-1.jpg\",\"width\":611,\"height\":730},{\"@type\":\"BreadcrumbList\",\"@id\":\"https:\\\/\\\/www.comprarmejor.es\\\/en\\\/product\\\/exact-description-of-the-province-of-venezuela-joseph-luis-de-cisneros-1764\\\/#breadcrumb\",\"itemListElement\":[{\"@type\":\"ListItem\",\"position\":1,\"name\":\"Portada\",\"item\":\"https:\\\/\\\/www.comprarmejor.es\\\/en\\\/\"},{\"@type\":\"ListItem\",\"position\":2,\"name\":\"Shop\",\"item\":\"https:\\\/\\\/www.comprarmejor.es\\\/en\\\/shop\\\/\"},{\"@type\":\"ListItem\",\"position\":3,\"name\":\"Exact description of the province of Venezuela. Joseph Luis de Cisneros, 1764\"}]},{\"@type\":\"WebSite\",\"@id\":\"https:\\\/\\\/www.comprarmejor.es\\\/en\\\/#website\",\"url\":\"https:\\\/\\\/www.comprarmejor.es\\\/en\\\/\",\"name\":\"ComprarMejor\",\"description\":\"ComprarMejor\",\"publisher\":{\"@id\":\"https:\\\/\\\/www.comprarmejor.es\\\/en\\\/#organization\"},\"potentialAction\":[{\"@type\":\"SearchAction\",\"target\":{\"@type\":\"EntryPoint\",\"urlTemplate\":\"https:\\\/\\\/www.comprarmejor.es\\\/en\\\/?s={search_term_string}\"},\"query-input\":{\"@type\":\"PropertyValueSpecification\",\"valueRequired\":true,\"valueName\":\"search_term_string\"}}],\"inLanguage\":\"en-US\"},{\"@type\":\"Organization\",\"@id\":\"https:\\\/\\\/www.comprarmejor.es\\\/en\\\/#organization\",\"name\":\"COMPRAR MEJOR\",\"url\":\"https:\\\/\\\/www.comprarmejor.es\\\/en\\\/\",\"logo\":{\"@type\":\"ImageObject\",\"inLanguage\":\"en-US\",\"@id\":\"https:\\\/\\\/www.comprarmejor.es\\\/en\\\/#\\\/schema\\\/logo\\\/image\\\/\",\"url\":\"https:\\\/\\\/www.comprarmejor.es\\\/wp-content\\\/uploads\\\/2025\\\/09\\\/comprarmejortrinidad.jpg\",\"contentUrl\":\"https:\\\/\\\/www.comprarmejor.es\\\/wp-content\\\/uploads\\\/2025\\\/09\\\/comprarmejortrinidad.jpg\",\"width\":1022,\"height\":1380,\"caption\":\"COMPRAR MEJOR\"},\"image\":{\"@id\":\"https:\\\/\\\/www.comprarmejor.es\\\/en\\\/#\\\/schema\\\/logo\\\/image\\\/\"},\"sameAs\":[\"https:\\\/\\\/www.instagram.com\\\/amigosdelcodice\"]}]}<\/script>\n<!-- \/ Yoast SEO plugin. -->","yoast_head_json":{"title":"Exact description of the province of Venezuela. Joseph Cisneros","description":"Spectacular high bibliophile edition of the work \"Exact description of the province of Venezuela\", by Joseph Luis de Cisneros, made by the editor Guillermo","robots":{"index":"index","follow":"follow","max-snippet":"max-snippet:-1","max-image-preview":"max-image-preview:large","max-video-preview":"max-video-preview:-1"},"canonical":"https:\/\/www.comprarmejor.es\/en\/product\/exact-description-of-the-province-of-venezuela-joseph-luis-de-cisneros-1764\/","og_locale":"en_US","og_type":"article","og_title":"Exact description of the province of Venezuela. Joseph Cisneros","og_description":"Spectacular high bibliophile edition of the work \"Exact description of the province of Venezuela\", by Joseph Luis de Cisneros, made by the editor Guillermo","og_url":"https:\/\/www.comprarmejor.es\/en\/product\/exact-description-of-the-province-of-venezuela-joseph-luis-de-cisneros-1764\/","og_site_name":"ComprarMejor","article_modified_time":"2023-07-28T15:19:34+00:00","og_image":[{"width":611,"height":730,"url":"https:\/\/www.comprarmejor.es\/wp-content\/uploads\/2023\/04\/DdlPdV-1.jpg","type":"image\/jpeg"}],"twitter_card":"summary_large_image","twitter_misc":{"Est. reading time":"1 minute"},"schema":{"@context":"https:\/\/schema.org","@graph":[{"@type":"WebPage","@id":"https:\/\/www.comprarmejor.es\/en\/product\/exact-description-of-the-province-of-venezuela-joseph-luis-de-cisneros-1764\/","url":"https:\/\/www.comprarmejor.es\/en\/product\/exact-description-of-the-province-of-venezuela-joseph-luis-de-cisneros-1764\/","name":"Exact description of the province of Venezuela. Joseph Cisneros","isPartOf":{"@id":"https:\/\/www.comprarmejor.es\/en\/#website"},"primaryImageOfPage":{"@id":"https:\/\/www.comprarmejor.es\/en\/product\/exact-description-of-the-province-of-venezuela-joseph-luis-de-cisneros-1764\/#primaryimage"},"image":{"@id":"https:\/\/www.comprarmejor.es\/en\/product\/exact-description-of-the-province-of-venezuela-joseph-luis-de-cisneros-1764\/#primaryimage"},"thumbnailUrl":"https:\/\/www.comprarmejor.es\/wp-content\/uploads\/2023\/04\/DdlPdV-1.jpg","datePublished":"2023-04-25T13:37:25+00:00","dateModified":"2023-07-28T15:19:34+00:00","description":"Spectacular high bibliophile edition of the work \"Exact description of the province of Venezuela\", by Joseph Luis de Cisneros, made by the editor Guillermo","breadcrumb":{"@id":"https:\/\/www.comprarmejor.es\/en\/product\/exact-description-of-the-province-of-venezuela-joseph-luis-de-cisneros-1764\/#breadcrumb"},"inLanguage":"en-US","potentialAction":[{"@type":"ReadAction","target":["https:\/\/www.comprarmejor.es\/en\/product\/exact-description-of-the-province-of-venezuela-joseph-luis-de-cisneros-1764\/"]}]},{"@type":"ImageObject","inLanguage":"en-US","@id":"https:\/\/www.comprarmejor.es\/en\/product\/exact-description-of-the-province-of-venezuela-joseph-luis-de-cisneros-1764\/#primaryimage","url":"https:\/\/www.comprarmejor.es\/wp-content\/uploads\/2023\/04\/DdlPdV-1.jpg","contentUrl":"https:\/\/www.comprarmejor.es\/wp-content\/uploads\/2023\/04\/DdlPdV-1.jpg","width":611,"height":730},{"@type":"BreadcrumbList","@id":"https:\/\/www.comprarmejor.es\/en\/product\/exact-description-of-the-province-of-venezuela-joseph-luis-de-cisneros-1764\/#breadcrumb","itemListElement":[{"@type":"ListItem","position":1,"name":"Portada","item":"https:\/\/www.comprarmejor.es\/en\/"},{"@type":"ListItem","position":2,"name":"Shop","item":"https:\/\/www.comprarmejor.es\/en\/shop\/"},{"@type":"ListItem","position":3,"name":"Exact description of the province of Venezuela. Joseph Luis de Cisneros, 1764"}]},{"@type":"WebSite","@id":"https:\/\/www.comprarmejor.es\/en\/#website","url":"https:\/\/www.comprarmejor.es\/en\/","name":"ComprarMejor","description":"ComprarMejor","publisher":{"@id":"https:\/\/www.comprarmejor.es\/en\/#organization"},"potentialAction":[{"@type":"SearchAction","target":{"@type":"EntryPoint","urlTemplate":"https:\/\/www.comprarmejor.es\/en\/?s={search_term_string}"},"query-input":{"@type":"PropertyValueSpecification","valueRequired":true,"valueName":"search_term_string"}}],"inLanguage":"en-US"},{"@type":"Organization","@id":"https:\/\/www.comprarmejor.es\/en\/#organization","name":"COMPRAR MEJOR","url":"https:\/\/www.comprarmejor.es\/en\/","logo":{"@type":"ImageObject","inLanguage":"en-US","@id":"https:\/\/www.comprarmejor.es\/en\/#\/schema\/logo\/image\/","url":"https:\/\/www.comprarmejor.es\/wp-content\/uploads\/2025\/09\/comprarmejortrinidad.jpg","contentUrl":"https:\/\/www.comprarmejor.es\/wp-content\/uploads\/2025\/09\/comprarmejortrinidad.jpg","width":1022,"height":1380,"caption":"COMPRAR MEJOR"},"image":{"@id":"https:\/\/www.comprarmejor.es\/en\/#\/schema\/logo\/image\/"},"sameAs":["https:\/\/www.instagram.com\/amigosdelcodice"]}]}},"_links":{"self":[{"href":"https:\/\/www.comprarmejor.es\/en\/wp-json\/wp\/v2\/product\/87639","targetHints":{"allow":["GET"]}}],"collection":[{"href":"https:\/\/www.comprarmejor.es\/en\/wp-json\/wp\/v2\/product"}],"about":[{"href":"https:\/\/www.comprarmejor.es\/en\/wp-json\/wp\/v2\/types\/product"}],"wp:featuredmedia":[{"embeddable":true,"href":"https:\/\/www.comprarmejor.es\/en\/wp-json\/wp\/v2\/media\/89181"}],"wp:attachment":[{"href":"https:\/\/www.comprarmejor.es\/en\/wp-json\/wp\/v2\/media?parent=87639"}],"wp:term":[{"taxonomy":"product_brand","embeddable":true,"href":"https:\/\/www.comprarmejor.es\/en\/wp-json\/wp\/v2\/product_brand?post=87639"},{"taxonomy":"product_cat","embeddable":true,"href":"https:\/\/www.comprarmejor.es\/en\/wp-json\/wp\/v2\/product_cat?post=87639"},{"taxonomy":"product_tag","embeddable":true,"href":"https:\/\/www.comprarmejor.es\/en\/wp-json\/wp\/v2\/product_tag?post=87639"}],"curies":[{"name":"wp","href":"https:\/\/api.w.org\/{rel}","templated":true}]}}