{"id":88820,"date":"2023-07-12T13:21:52","date_gmt":"2023-07-12T11:21:52","guid":{"rendered":"https:\/\/www.comprarmejor.es\/?post_type=product&#038;p=88820"},"modified":"2026-01-02T15:43:34","modified_gmt":"2026-01-02T14:43:34","slug":"order-of-the-templars-secretum-templi-12th-14th-centuries-grail-2005-in-ps-g","status":"publish","type":"product","link":"https:\/\/www.comprarmejor.es\/en\/product\/order-of-the-templars-secretum-templi-12th-14th-centuries-grail-2005-in-ps-g\/","title":{"rendered":"Order of the Templars. Secretum Templi, 12th-14th centuries. Grail, 2005"},"content":{"rendered":"<p style=\"text-align: justify;\">Important and interesting facsimile edition of the Grail publishing house made in 2005 composed of the following documents of the <strong>Order of the Templars<\/strong>: \u201cPrimitive Rule of the Temple and Hierarchical Statutes\u201d, \u201cIntimate Epistolary of Jacques de Molay\u201d and \u201cLetters of the last Templars\u201d .<\/p>\n<p style=\"text-align: justify;\">Numbered edition limited to 999 notarized copies. Presented in an elegant case-folder (format 27 x 35.5 x 13.5 cm) made of imitation leather fabric that contains the facsimile of the manuscript of the Rule, along with the reproduction of a 5 cm Templar medallion\/seal; the study book and another folder-case with the facsimiles of the letters.<\/p>\n<p style=\"text-align: justify;\">Facsimile book of the Rule (San Bernardo, 1090?-1153) bound in aged leather on board, format 15.8 x 22 cm. 124 pages. Ms. H111 Dijon. Facsimile reproduction of the manuscript preserved in the C\u00f4te d\u2019Or Departmental Archives, 1128.<br \/>\nPaperback study book, format 23.5 x 31.7 cm. 168 pages. It includes the translation into Spanish of the texts of the medieval codex of the Rule, and the transcription of the epistolary documents. Authors: Carlos Alvar, Rafael Conde y Delgado de Molina, Ramon Josep Pujades Bataller.<br \/>\nFolder-case with facsimiles of the letters, format 25.5 x 34.5 cm. It contains the facsimile of 19 documents of Jacques de Molay and 35 of different Knights Templar. Archive of the Crown of Aragon.<\/p>\n<p style=\"text-align: justify;\">Copies of this edition are very difficult to find, even on the secondary market. A few years ago another publisher took up this work from the extinct Grail but at a retail price of \u20ac7,500. Essential work for any scholar and collector of the Templar Order.<\/p>\n<p style=\"text-align: justify;\">The copy we offer is complete and in perfect condition, new.<\/p>\n<p style=\"text-align: justify;\">Impressive testimony of the Order of the Templars with a magnificent presentation.<\/p>\n<p style=\"text-align: justify;\">Free shipping for this item<span title=\"Gastos de env\u00edo por cuenta del comprador, seg\u00fan pedido y destino.\">.\u00a0<\/span><span title=\"Cons\u00faltenos cualquier duda.\"><a class=\"btn btn-default\" href=\"https:\/\/www.comprarmejor.es\/en\/contact\/\">Ask us<\/a> <span class=\"HwtZe\" lang=\"en\"><span class=\"jCAhz ChMk0b\"><span class=\"ryNqvb\">any questions, indicating the article reference.<\/span><\/span><\/span><br \/>\n<\/span><\/p>\n","protected":false},"excerpt":{"rendered":"<p style=\"text-align: justify;\"><span id=\"result_box\" lang=\"en\" xml:lang=\"en\"><span title=\"Facs\u00edmile del lujoso y bello c\u00f3dice perteneciente a la poderosa e influyente Mar\u00eda de Borgo\u00f1a, abuela del emperador Carlos V, que incluye al final del propio libro un estudio codicol\u00f3gico en espa\u00f1ol de la obra y del personaje hist\u00f3rico.\"><span class=\"tlid-translation translation\" lang=\"en\"><span class=\"\" title=\"\">Facsimile edition of the Grail publishing house: &#8220;The Primitive Rule of the Order of the Temple&#8221;, &#8220;Letters of the Last Templars&#8221; and &#8220;Entire Epistolary of Jacques de Molay&#8221;.<\/span><\/span><\/span><\/span><\/p>\n","protected":false},"featured_media":88822,"template":"","meta":[],"product_brand":[],"product_cat":[2250,2220],"product_tag":[4014,5120,4201,4200],"class_list":{"0":"post-88820","1":"product","2":"type-product","3":"status-publish","4":"has-post-thumbnail","6":"product_cat-other-facsimiles","7":"product_cat-special-offers","8":"product_tag-grial-en-2","9":"product_tag-history-en","10":"product_tag-molay-en","11":"product_tag-temple-en","12":"description-off","14":"first","15":"instock","16":"sale","17":"featured","18":"taxable","19":"shipping-taxable","20":"purchasable","21":"product-type-simple"},"yoast_head":"<!-- This site is optimized with the Yoast SEO plugin v27.3 - https:\/\/yoast.com\/product\/yoast-seo-wordpress\/ -->\n<title>Order of the Templars. Secretum Templi, 12th-14th centuries. Grail<\/title>\n<meta name=\"description\" content=\"&quot;The Primitive Rule of the Order of the Temple&quot;, &quot;Letters of the Last Templars&quot; and &quot;Entire Epistolary of Jacques de Molay&quot;.\" \/>\n<meta name=\"robots\" content=\"index, follow, max-snippet:-1, max-image-preview:large, max-video-preview:-1\" \/>\n<link rel=\"canonical\" href=\"https:\/\/www.comprarmejor.es\/en\/product\/order-of-the-templars-secretum-templi-12th-14th-centuries-grail-2005-in-ps-g\/\" \/>\n<meta property=\"og:locale\" content=\"en_US\" \/>\n<meta property=\"og:type\" content=\"article\" \/>\n<meta property=\"og:title\" content=\"Order of the Templars. Secretum Templi, 12th-14th centuries. Grail\" \/>\n<meta property=\"og:description\" content=\"&quot;The Primitive Rule of the Order of the Temple&quot;, &quot;Letters of the Last Templars&quot; and &quot;Entire Epistolary of Jacques de Molay&quot;.\" \/>\n<meta property=\"og:url\" content=\"https:\/\/www.comprarmejor.es\/en\/product\/order-of-the-templars-secretum-templi-12th-14th-centuries-grail-2005-in-ps-g\/\" \/>\n<meta property=\"og:site_name\" content=\"ComprarMejor\" \/>\n<meta property=\"article:modified_time\" content=\"2026-01-02T14:43:34+00:00\" \/>\n<meta property=\"og:image\" content=\"https:\/\/www.comprarmejor.es\/wp-content\/uploads\/2023\/07\/STpe-1.jpg\" \/>\n\t<meta property=\"og:image:width\" content=\"720\" \/>\n\t<meta property=\"og:image:height\" content=\"611\" \/>\n\t<meta property=\"og:image:type\" content=\"image\/jpeg\" \/>\n<meta name=\"twitter:card\" content=\"summary_large_image\" \/>\n<meta name=\"twitter:label1\" content=\"Est. reading time\" \/>\n\t<meta name=\"twitter:data1\" content=\"2 minutes\" \/>\n<script type=\"application\/ld+json\" class=\"yoast-schema-graph\">{\"@context\":\"https:\\\/\\\/schema.org\",\"@graph\":[{\"@type\":\"WebPage\",\"@id\":\"https:\\\/\\\/www.comprarmejor.es\\\/en\\\/product\\\/order-of-the-templars-secretum-templi-12th-14th-centuries-grail-2005-in-ps-g\\\/\",\"url\":\"https:\\\/\\\/www.comprarmejor.es\\\/en\\\/product\\\/order-of-the-templars-secretum-templi-12th-14th-centuries-grail-2005-in-ps-g\\\/\",\"name\":\"Order of the Templars. Secretum Templi, 12th-14th centuries. Grail\",\"isPartOf\":{\"@id\":\"https:\\\/\\\/www.comprarmejor.es\\\/en\\\/#website\"},\"primaryImageOfPage\":{\"@id\":\"https:\\\/\\\/www.comprarmejor.es\\\/en\\\/product\\\/order-of-the-templars-secretum-templi-12th-14th-centuries-grail-2005-in-ps-g\\\/#primaryimage\"},\"image\":{\"@id\":\"https:\\\/\\\/www.comprarmejor.es\\\/en\\\/product\\\/order-of-the-templars-secretum-templi-12th-14th-centuries-grail-2005-in-ps-g\\\/#primaryimage\"},\"thumbnailUrl\":\"https:\\\/\\\/www.comprarmejor.es\\\/wp-content\\\/uploads\\\/2023\\\/07\\\/STpe-1.jpg\",\"datePublished\":\"2023-07-12T11:21:52+00:00\",\"dateModified\":\"2026-01-02T14:43:34+00:00\",\"description\":\"\\\"The Primitive Rule of the Order of the Temple\\\", \\\"Letters of the Last Templars\\\" and \\\"Entire Epistolary of Jacques de Molay\\\".\",\"breadcrumb\":{\"@id\":\"https:\\\/\\\/www.comprarmejor.es\\\/en\\\/product\\\/order-of-the-templars-secretum-templi-12th-14th-centuries-grail-2005-in-ps-g\\\/#breadcrumb\"},\"inLanguage\":\"en-US\",\"potentialAction\":[{\"@type\":\"ReadAction\",\"target\":[\"https:\\\/\\\/www.comprarmejor.es\\\/en\\\/product\\\/order-of-the-templars-secretum-templi-12th-14th-centuries-grail-2005-in-ps-g\\\/\"]}]},{\"@type\":\"ImageObject\",\"inLanguage\":\"en-US\",\"@id\":\"https:\\\/\\\/www.comprarmejor.es\\\/en\\\/product\\\/order-of-the-templars-secretum-templi-12th-14th-centuries-grail-2005-in-ps-g\\\/#primaryimage\",\"url\":\"https:\\\/\\\/www.comprarmejor.es\\\/wp-content\\\/uploads\\\/2023\\\/07\\\/STpe-1.jpg\",\"contentUrl\":\"https:\\\/\\\/www.comprarmejor.es\\\/wp-content\\\/uploads\\\/2023\\\/07\\\/STpe-1.jpg\",\"width\":720,\"height\":611},{\"@type\":\"BreadcrumbList\",\"@id\":\"https:\\\/\\\/www.comprarmejor.es\\\/en\\\/product\\\/order-of-the-templars-secretum-templi-12th-14th-centuries-grail-2005-in-ps-g\\\/#breadcrumb\",\"itemListElement\":[{\"@type\":\"ListItem\",\"position\":1,\"name\":\"Portada\",\"item\":\"https:\\\/\\\/www.comprarmejor.es\\\/en\\\/\"},{\"@type\":\"ListItem\",\"position\":2,\"name\":\"Shop\",\"item\":\"https:\\\/\\\/www.comprarmejor.es\\\/en\\\/shop\\\/\"},{\"@type\":\"ListItem\",\"position\":3,\"name\":\"Order of the Templars. Secretum Templi, 12th-14th centuries. Grail, 2005\"}]},{\"@type\":\"WebSite\",\"@id\":\"https:\\\/\\\/www.comprarmejor.es\\\/en\\\/#website\",\"url\":\"https:\\\/\\\/www.comprarmejor.es\\\/en\\\/\",\"name\":\"ComprarMejor\",\"description\":\"ComprarMejor\",\"publisher\":{\"@id\":\"https:\\\/\\\/www.comprarmejor.es\\\/en\\\/#organization\"},\"potentialAction\":[{\"@type\":\"SearchAction\",\"target\":{\"@type\":\"EntryPoint\",\"urlTemplate\":\"https:\\\/\\\/www.comprarmejor.es\\\/en\\\/?s={search_term_string}\"},\"query-input\":{\"@type\":\"PropertyValueSpecification\",\"valueRequired\":true,\"valueName\":\"search_term_string\"}}],\"inLanguage\":\"en-US\"},{\"@type\":\"Organization\",\"@id\":\"https:\\\/\\\/www.comprarmejor.es\\\/en\\\/#organization\",\"name\":\"COMPRAR MEJOR\",\"url\":\"https:\\\/\\\/www.comprarmejor.es\\\/en\\\/\",\"logo\":{\"@type\":\"ImageObject\",\"inLanguage\":\"en-US\",\"@id\":\"https:\\\/\\\/www.comprarmejor.es\\\/en\\\/#\\\/schema\\\/logo\\\/image\\\/\",\"url\":\"https:\\\/\\\/www.comprarmejor.es\\\/wp-content\\\/uploads\\\/2025\\\/09\\\/comprarmejortrinidad.jpg\",\"contentUrl\":\"https:\\\/\\\/www.comprarmejor.es\\\/wp-content\\\/uploads\\\/2025\\\/09\\\/comprarmejortrinidad.jpg\",\"width\":1022,\"height\":1380,\"caption\":\"COMPRAR MEJOR\"},\"image\":{\"@id\":\"https:\\\/\\\/www.comprarmejor.es\\\/en\\\/#\\\/schema\\\/logo\\\/image\\\/\"},\"sameAs\":[\"https:\\\/\\\/www.instagram.com\\\/amigosdelcodice\"]}]}<\/script>\n<!-- \/ Yoast SEO plugin. -->","yoast_head_json":{"title":"Order of the Templars. Secretum Templi, 12th-14th centuries. Grail","description":"\"The Primitive Rule of the Order of the Temple\", \"Letters of the Last Templars\" and \"Entire Epistolary of Jacques de Molay\".","robots":{"index":"index","follow":"follow","max-snippet":"max-snippet:-1","max-image-preview":"max-image-preview:large","max-video-preview":"max-video-preview:-1"},"canonical":"https:\/\/www.comprarmejor.es\/en\/product\/order-of-the-templars-secretum-templi-12th-14th-centuries-grail-2005-in-ps-g\/","og_locale":"en_US","og_type":"article","og_title":"Order of the Templars. Secretum Templi, 12th-14th centuries. Grail","og_description":"\"The Primitive Rule of the Order of the Temple\", \"Letters of the Last Templars\" and \"Entire Epistolary of Jacques de Molay\".","og_url":"https:\/\/www.comprarmejor.es\/en\/product\/order-of-the-templars-secretum-templi-12th-14th-centuries-grail-2005-in-ps-g\/","og_site_name":"ComprarMejor","article_modified_time":"2026-01-02T14:43:34+00:00","og_image":[{"width":720,"height":611,"url":"https:\/\/www.comprarmejor.es\/wp-content\/uploads\/2023\/07\/STpe-1.jpg","type":"image\/jpeg"}],"twitter_card":"summary_large_image","twitter_misc":{"Est. reading time":"2 minutes"},"schema":{"@context":"https:\/\/schema.org","@graph":[{"@type":"WebPage","@id":"https:\/\/www.comprarmejor.es\/en\/product\/order-of-the-templars-secretum-templi-12th-14th-centuries-grail-2005-in-ps-g\/","url":"https:\/\/www.comprarmejor.es\/en\/product\/order-of-the-templars-secretum-templi-12th-14th-centuries-grail-2005-in-ps-g\/","name":"Order of the Templars. Secretum Templi, 12th-14th centuries. Grail","isPartOf":{"@id":"https:\/\/www.comprarmejor.es\/en\/#website"},"primaryImageOfPage":{"@id":"https:\/\/www.comprarmejor.es\/en\/product\/order-of-the-templars-secretum-templi-12th-14th-centuries-grail-2005-in-ps-g\/#primaryimage"},"image":{"@id":"https:\/\/www.comprarmejor.es\/en\/product\/order-of-the-templars-secretum-templi-12th-14th-centuries-grail-2005-in-ps-g\/#primaryimage"},"thumbnailUrl":"https:\/\/www.comprarmejor.es\/wp-content\/uploads\/2023\/07\/STpe-1.jpg","datePublished":"2023-07-12T11:21:52+00:00","dateModified":"2026-01-02T14:43:34+00:00","description":"\"The Primitive Rule of the Order of the Temple\", \"Letters of the Last Templars\" and \"Entire Epistolary of Jacques de Molay\".","breadcrumb":{"@id":"https:\/\/www.comprarmejor.es\/en\/product\/order-of-the-templars-secretum-templi-12th-14th-centuries-grail-2005-in-ps-g\/#breadcrumb"},"inLanguage":"en-US","potentialAction":[{"@type":"ReadAction","target":["https:\/\/www.comprarmejor.es\/en\/product\/order-of-the-templars-secretum-templi-12th-14th-centuries-grail-2005-in-ps-g\/"]}]},{"@type":"ImageObject","inLanguage":"en-US","@id":"https:\/\/www.comprarmejor.es\/en\/product\/order-of-the-templars-secretum-templi-12th-14th-centuries-grail-2005-in-ps-g\/#primaryimage","url":"https:\/\/www.comprarmejor.es\/wp-content\/uploads\/2023\/07\/STpe-1.jpg","contentUrl":"https:\/\/www.comprarmejor.es\/wp-content\/uploads\/2023\/07\/STpe-1.jpg","width":720,"height":611},{"@type":"BreadcrumbList","@id":"https:\/\/www.comprarmejor.es\/en\/product\/order-of-the-templars-secretum-templi-12th-14th-centuries-grail-2005-in-ps-g\/#breadcrumb","itemListElement":[{"@type":"ListItem","position":1,"name":"Portada","item":"https:\/\/www.comprarmejor.es\/en\/"},{"@type":"ListItem","position":2,"name":"Shop","item":"https:\/\/www.comprarmejor.es\/en\/shop\/"},{"@type":"ListItem","position":3,"name":"Order of the Templars. Secretum Templi, 12th-14th centuries. Grail, 2005"}]},{"@type":"WebSite","@id":"https:\/\/www.comprarmejor.es\/en\/#website","url":"https:\/\/www.comprarmejor.es\/en\/","name":"ComprarMejor","description":"ComprarMejor","publisher":{"@id":"https:\/\/www.comprarmejor.es\/en\/#organization"},"potentialAction":[{"@type":"SearchAction","target":{"@type":"EntryPoint","urlTemplate":"https:\/\/www.comprarmejor.es\/en\/?s={search_term_string}"},"query-input":{"@type":"PropertyValueSpecification","valueRequired":true,"valueName":"search_term_string"}}],"inLanguage":"en-US"},{"@type":"Organization","@id":"https:\/\/www.comprarmejor.es\/en\/#organization","name":"COMPRAR MEJOR","url":"https:\/\/www.comprarmejor.es\/en\/","logo":{"@type":"ImageObject","inLanguage":"en-US","@id":"https:\/\/www.comprarmejor.es\/en\/#\/schema\/logo\/image\/","url":"https:\/\/www.comprarmejor.es\/wp-content\/uploads\/2025\/09\/comprarmejortrinidad.jpg","contentUrl":"https:\/\/www.comprarmejor.es\/wp-content\/uploads\/2025\/09\/comprarmejortrinidad.jpg","width":1022,"height":1380,"caption":"COMPRAR MEJOR"},"image":{"@id":"https:\/\/www.comprarmejor.es\/en\/#\/schema\/logo\/image\/"},"sameAs":["https:\/\/www.instagram.com\/amigosdelcodice"]}]}},"_links":{"self":[{"href":"https:\/\/www.comprarmejor.es\/en\/wp-json\/wp\/v2\/product\/88820","targetHints":{"allow":["GET"]}}],"collection":[{"href":"https:\/\/www.comprarmejor.es\/en\/wp-json\/wp\/v2\/product"}],"about":[{"href":"https:\/\/www.comprarmejor.es\/en\/wp-json\/wp\/v2\/types\/product"}],"wp:featuredmedia":[{"embeddable":true,"href":"https:\/\/www.comprarmejor.es\/en\/wp-json\/wp\/v2\/media\/88822"}],"wp:attachment":[{"href":"https:\/\/www.comprarmejor.es\/en\/wp-json\/wp\/v2\/media?parent=88820"}],"wp:term":[{"taxonomy":"product_brand","embeddable":true,"href":"https:\/\/www.comprarmejor.es\/en\/wp-json\/wp\/v2\/product_brand?post=88820"},{"taxonomy":"product_cat","embeddable":true,"href":"https:\/\/www.comprarmejor.es\/en\/wp-json\/wp\/v2\/product_cat?post=88820"},{"taxonomy":"product_tag","embeddable":true,"href":"https:\/\/www.comprarmejor.es\/en\/wp-json\/wp\/v2\/product_tag?post=88820"}],"curies":[{"name":"wp","href":"https:\/\/api.w.org\/{rel}","templated":true}]}}